{"id":3079,"date":"2024-05-30T17:10:43","date_gmt":"2024-05-30T15:10:43","guid":{"rendered":"https:\/\/lampyrisevents.com\/casto-kladene-otazky\/"},"modified":"2024-07-04T16:07:35","modified_gmt":"2024-07-04T14:07:35","slug":"casto-kladene-otazky","status":"publish","type":"page","link":"https:\/\/lampyrisevents.com\/cs\/casto-kladene-otazky\/","title":{"rendered":"\u010casto kladen\u00e9 ot\u00e1zky"},"content":{"rendered":"\t\t<div data-elementor-type=\"wp-page\" data-elementor-id=\"3079\" class=\"elementor elementor-3079 elementor-168\" data-elementor-post-type=\"page\">\n\t\t\t\t<div class=\"elementor-element elementor-element-b019f8f e-flex e-con-boxed e-con e-parent\" data-id=\"b019f8f\" data-element_type=\"container\" data-e-type=\"container\">\n\t\t\t\t\t<div class=\"e-con-inner\">\n\t\t\t\t<div class=\"elementor-element elementor-element-beb91f5 elementor-widget elementor-widget-heading\" data-id=\"beb91f5\" data-element_type=\"widget\" data-e-type=\"widget\" data-widget_type=\"heading.default\">\n\t\t\t\t<div class=\"elementor-widget-container\">\n\t\t\t\t\t<h1 class=\"elementor-heading-title elementor-size-default\">\u010cASTO KLADEN\u00c9 DOTAZY<\/h1>\t\t\t\t<\/div>\n\t\t\t\t<\/div>\n\t\t\t\t<div class=\"elementor-element elementor-element-34f2807 elementor-widget elementor-widget-heading\" data-id=\"34f2807\" data-element_type=\"widget\" data-e-type=\"widget\" data-widget_type=\"heading.default\">\n\t\t\t\t<div class=\"elementor-widget-container\">\n\t\t\t\t\t<h2 class=\"elementor-heading-title elementor-size-default\">\u010casto kladen\u00e9 ot\u00e1zky<\/h2>\t\t\t\t<\/div>\n\t\t\t\t<\/div>\n\t\t\t\t<div class=\"elementor-element elementor-element-8a957a2 elementor-widget elementor-widget-tp-accordion\" data-id=\"8a957a2\" data-element_type=\"widget\" data-e-type=\"widget\" data-widget_type=\"tp-accordion.default\">\n\t\t\t\t<div class=\"elementor-widget-container\">\n\t\t\t\t\t\r\n\t\t<div class=\"theplus-accordion-wrapper elementor-accordion   \" id=\"accordion69d42e95c9ef0\" data-accordion-id=\"accordion69d42e95c9ef0\" data-connection=\"\" data-accordion-type=\"accordion\" data-heightlight-text    role=\"tablist\" > \r\n\t\t\r\n\t\t\t\t\t\t<div class=\"theplus-accordion-item\"  role=\"tab\">\r\n\t\t\t\t\t<div id=\"elementor-tab-title-1451\" class=\"elementor-tab-title plus-accordion-header active-default text-left \" data-tab=\"1\" aria-controls=\"elementor-tab-content-1451\"\t\t\t\t\t>\r\n\t\t\t\t\t\t\t\t\t\t\t<span class=\"elementor-accordion-icon elementor-accordion-icon-left\" aria-hidden=\"true\"><i class=\"elementor-accordion-icon-closed fa fa-plus\"><\/i><i class=\"elementor-accordion-icon-opened fa fa-minus\"><\/i><\/span>\r\n\t\t\t\t\t\t<span style=\"width:100%\">Co je Lampyris<\/span>\t\t\t\t\t\t\t\t\t\t\t<\/div>\r\n\r\n\t\t\t\t\t\t\t\t\t\t\t<div \r\n\t\t\t\t\t\tid=\"elementor-tab-content-1451\" class=\"elementor-tab-content elementor-clearfix plus-accordion-content active-default \" data-tab=\"1\" role=\"tabpanel\" aria-labelledby=\"elementor-tab-title-1451\"\t\t\t\t\t\t> \r\n\t\t\t\t\t\t\t\t\t\t<div class=\"plus-content-editor\" ><p>Po\u0159\u00e1d\u00e1n\u00ed z\u00e1bavn\u00edch a vzd\u011bl\u00e1vac\u00edch akc\u00ed od roku 2011<\/p>\n<\/div>\t\t\t\t\t\r\n\t\t\t\t\t\t<\/div> \r\n\t\t\t\t\t\t\t\t\t\t\r\n\t\t\t\t<\/div> \r\n\t\t\t\t\t\t\t\t<div class=\"theplus-accordion-item\"  role=\"tab\">\r\n\t\t\t\t\t<div id=\"elementor-tab-title-1452\" class=\"elementor-tab-title plus-accordion-header no text-left \" data-tab=\"2\" aria-controls=\"elementor-tab-content-1452\"\t\t\t\t\t>\r\n\t\t\t\t\t\t\t\t\t\t\t<span class=\"elementor-accordion-icon elementor-accordion-icon-left\" aria-hidden=\"true\"><i class=\"elementor-accordion-icon-closed fa fa-plus\"><\/i><i class=\"elementor-accordion-icon-opened fa fa-minus\"><\/i><\/span>\r\n\t\t\t\t\t\t<span style=\"width:100%\">Vstupenky jsem neobdr\u017eel nebo jsem je ztratil.<\/span>\t\t\t\t\t\t\t\t\t\t\t<\/div>\r\n\r\n\t\t\t\t\t\t\t\t\t\t\t<div \r\n\t\t\t\t\t\tid=\"elementor-tab-content-1452\" class=\"elementor-tab-content elementor-clearfix plus-accordion-content no \" data-tab=\"2\" role=\"tabpanel\" aria-labelledby=\"elementor-tab-title-1452\"\t\t\t\t\t\t> \r\n\t\t\t\t\t\t\t\t\t\t<div class=\"plus-content-editor\" ><p>Vstupenky jsou odes\u00edl\u00e1ny automaticky a m\u011bly by se objevit ve va\u0161\u00ed schr\u00e1nce b\u011bhem n\u011bkolika minut po \u00fasp\u011b\u0161n\u00e9 platb\u011b. Pokud je neobdr\u017e\u00edte, zkontrolujte nejprve slo\u017eku se spamem.<\/p>\n<p>P\u0159i n\u00e1kupu jste mo\u017en\u00e1 chybn\u011b zadali e-mailovou adresu.<\/p>\n<p>Pokud jste zaplatili b\u011b\u017en\u00fdm bankovn\u00edm p\u0159evodem, m\u016f\u017ee trvat n\u011bkolik dn\u00ed, ne\u017e platbu obdr\u017e\u00edme a letenku ode\u0161leme.<\/p>\n<p>Pokud m\u00e1te p\u0159\u00edstup ke sv\u00e9mu bankovn\u00edmu \u00fa\u010dtu, pou\u017eijte na\u0161i str\u00e1nku pro obnoven\u00ed tiketu.<\/p>\n<p>M\u016f\u017eete se tak\u00e9 obr\u00e1tit na organiz\u00e1tora akce nebo n\u00e1m poslat e-mail na adresu support@lampyrisevents.com a p\u0159ipojit sv\u00e9 platebn\u00ed \u00fadaje.<\/p>\n<\/div>\t\t\t\t\t\r\n\t\t\t\t\t\t<\/div> \r\n\t\t\t\t\t\t\t\t\t\t\r\n\t\t\t\t<\/div> \r\n\t\t\t\t\t\t\t\t<div class=\"theplus-accordion-item\"  role=\"tab\">\r\n\t\t\t\t\t<div id=\"elementor-tab-title-1453\" class=\"elementor-tab-title plus-accordion-header no text-left \" data-tab=\"3\" aria-controls=\"elementor-tab-content-1453\"\t\t\t\t\t>\r\n\t\t\t\t\t\t\t\t\t\t\t<span class=\"elementor-accordion-icon elementor-accordion-icon-left\" aria-hidden=\"true\"><i class=\"elementor-accordion-icon-closed fa fa-plus\"><\/i><i class=\"elementor-accordion-icon-opened fa fa-minus\"><\/i><\/span>\r\n\t\t\t\t\t\t<span style=\"width:100%\">Moje platba kreditn\u00ed kartou se nezda\u0159ila<\/span>\t\t\t\t\t\t\t\t\t\t\t<\/div>\r\n\r\n\t\t\t\t\t\t\t\t\t\t\t<div \r\n\t\t\t\t\t\tid=\"elementor-tab-content-1453\" class=\"elementor-tab-content elementor-clearfix plus-accordion-content no \" data-tab=\"3\" role=\"tabpanel\" aria-labelledby=\"elementor-tab-title-1453\"\t\t\t\t\t\t> \r\n\t\t\t\t\t\t\t\t\t\t<div class=\"plus-content-editor\" ><p>Pro\u010d platby selh\u00e1vaj\u00ed<\/p>\n<p>K ne\u00fasp\u011b\u0161n\u00fdm platb\u00e1m obvykle doch\u00e1z\u00ed p\u0159i nespr\u00e1vn\u00e9m zad\u00e1n\u00ed \u00fadaj\u016f o kreditn\u00ed kart\u011b nebo p\u0159i odm\u00edtnut\u00ed karty. K zam\u00edtnut\u00ed m\u016f\u017ee doj\u00edt z r\u016fzn\u00fdch d\u016fvod\u016f, krom\u011b nedostatku finan\u010dn\u00edch prost\u0159edk\u016f.<\/p>\n<p>\u0158e\u0161en\u00ed probl\u00e9m\u016f:<\/p>\n<p>&#8211; Zkontrolujte, zda jste spr\u00e1vn\u011b zadali \u010d\u00edslo karty, datum platnosti a CVC.<br \/>&#8211; Zkontrolujte, zda je va\u0161e karta st\u00e1le platn\u00e1 a zda na n\u00ed m\u00e1te dostatek prost\u0159edk\u016f.<\/p>\n<p>Na\u0161e platby kreditn\u00ed kartou pou\u017e\u00edvaj\u00ed metodu 3D Secure, co\u017e znamen\u00e1, \u017ee va\u0161e banka po zad\u00e1n\u00ed \u00fadaj\u016f o kart\u011b po\u017e\u00e1d\u00e1 o dal\u0161\u00ed heslo nebo k\u00f3d. Viz dal\u0161\u00ed \u010d\u00e1st o 3D Secure.<\/p>\n<p>3D Secure<\/p>\n<p>Slu\u017ebu 3D Secure poskytuje va\u0161e banka, nikoli spole\u010dnost Lampyris. Jedn\u00e1 se o dodate\u010dnou \u00farove\u0148 zabezpe\u010den\u00ed online transakc\u00ed, b\u011b\u017en\u011b zn\u00e1mou jako &#8222;Verified by Visa&#8220; nebo &#8222;Mastercard SecureCode&#8220;.<\/p>\n<p>Po zad\u00e1n\u00ed \u00fadaj\u016f o platebn\u00ed kart\u011b na serveru Lampyris se zobraz\u00ed dal\u0161\u00ed obrazovka, obvykle jako vyskakovac\u00ed okno. Zadejte po\u017eadovan\u00e9 informace a kliknut\u00edm na tla\u010d\u00edtko &#8222;odeslat&#8220; ov\u011b\u0159te platbu. V\u0161imn\u011bte si, \u017ee heslo nen\u00ed vy\u017eadov\u00e1no v\u017edy a implementace 3D Secure v jednotliv\u00fdch bank\u00e1ch se m\u016f\u017ee li\u0161it.<\/p>\n<p>\u0158e\u0161en\u00ed probl\u00e9m\u016f:<\/p>\n<p>&#8211; Pokud nezn\u00e1te heslo nebo jste nenastavili 3D Secure, postupujte podle pokyn\u016f ve vyskakovac\u00edm okn\u011b. Pokud pokyny nevid\u00edte nebo m\u00e1te dotazy, obra\u0165te se na svou banku a po\u017e\u00e1dejte o pomoc.<br \/>&#8211; Pokud budete pot\u0159ebovat zm\u011bnit zp\u016fsob ov\u011b\u0159ov\u00e1n\u00ed sv\u00e9 toto\u017enosti, nap\u0159\u00edklad p\u0159ej\u00edt z hesla na k\u00f3d zas\u00edlan\u00fd prost\u0159ednictv\u00edm SMS, budete mo\u017en\u00e1 muset kontaktovat svou banku.<br \/>&#8211; Pokud se krok 3D Secure nebo vyskakovac\u00ed okno nezobrazilo, nastavte prohl\u00ed\u017ee\u010d nebo blok\u00e1tor vyskakovac\u00edch oken tak, aby povoloval vyskakovac\u00ed okna.<br \/>&#8211; Pokud pou\u017e\u00edv\u00e1te Internet Explorer 10, zkuste pou\u017e\u00edt modern\u011bj\u0161\u00ed internetov\u00fd prohl\u00ed\u017ee\u010d.<\/p>\n<p>Poplatky za ne\u00fasp\u011b\u0161n\u00e9 platby<\/p>\n<p>V n\u011bkter\u00fdch p\u0159\u00edpadech m\u016f\u017ee b\u00fdt z va\u0161\u00ed karty str\u017eena \u010d\u00e1stka, kter\u00e1 v\u00e1m bude v p\u0159\u00edpad\u011b zablokov\u00e1n\u00ed transakce okam\u017eit\u011b vr\u00e1cena. Na v\u00fdpisu z kreditn\u00ed karty se zobraz\u00ed jako dv\u011b polo\u017eky &#8211; debetn\u00ed a kreditn\u00ed.<\/p>\n<\/div>\t\t\t\t\t\r\n\t\t\t\t\t\t<\/div> \r\n\t\t\t\t\t\t\t\t\t\t\r\n\t\t\t\t<\/div> \r\n\t\t\t\t\t\t\t\t<div class=\"theplus-accordion-item\"  role=\"tab\">\r\n\t\t\t\t\t<div id=\"elementor-tab-title-1454\" class=\"elementor-tab-title plus-accordion-header no text-left \" data-tab=\"4\" aria-controls=\"elementor-tab-content-1454\"\t\t\t\t\t>\r\n\t\t\t\t\t\t\t\t\t\t\t<span class=\"elementor-accordion-icon elementor-accordion-icon-left\" aria-hidden=\"true\"><i class=\"elementor-accordion-icon-closed fa fa-plus\"><\/i><i class=\"elementor-accordion-icon-opened fa fa-minus\"><\/i><\/span>\r\n\t\t\t\t\t\t<span style=\"width:100%\">M\u00e1m dotaz t\u00fdkaj\u00edc\u00ed se m\u00e9 platby<\/span>\t\t\t\t\t\t\t\t\t\t\t<\/div>\r\n\r\n\t\t\t\t\t\t\t\t\t\t\t<div \r\n\t\t\t\t\t\tid=\"elementor-tab-content-1454\" class=\"elementor-tab-content elementor-clearfix plus-accordion-content no \" data-tab=\"4\" role=\"tabpanel\" aria-labelledby=\"elementor-tab-title-1454\"\t\t\t\t\t\t> \r\n\t\t\t\t\t\t\t\t\t\t<div class=\"plus-content-editor\" ><p>Po\u0161lete n\u00e1m e-mail na adresu support@lampyris.com<\/p>\n<\/div>\t\t\t\t\t\r\n\t\t\t\t\t\t<\/div> \r\n\t\t\t\t\t\t\t\t\t\t\r\n\t\t\t\t<\/div> \r\n\t\t\t\t\t\t\t\t<div class=\"theplus-accordion-item\"  role=\"tab\">\r\n\t\t\t\t\t<div id=\"elementor-tab-title-1455\" class=\"elementor-tab-title plus-accordion-header no text-left \" data-tab=\"5\" aria-controls=\"elementor-tab-content-1455\"\t\t\t\t\t>\r\n\t\t\t\t\t\t\t\t\t\t\t<span class=\"elementor-accordion-icon elementor-accordion-icon-left\" aria-hidden=\"true\"><i class=\"elementor-accordion-icon-closed fa fa-plus\"><\/i><i class=\"elementor-accordion-icon-opened fa fa-minus\"><\/i><\/span>\r\n\t\t\t\t\t\t<span style=\"width:100%\">M\u00e1m n\u00e1rok na vr\u00e1cen\u00ed pen\u011bz, pokud jsem se akce nez\u00fa\u010dastnil?<\/span>\t\t\t\t\t\t\t\t\t\t\t<\/div>\r\n\r\n\t\t\t\t\t\t\t\t\t\t\t<div \r\n\t\t\t\t\t\tid=\"elementor-tab-content-1455\" class=\"elementor-tab-content elementor-clearfix plus-accordion-content no \" data-tab=\"5\" role=\"tabpanel\" aria-labelledby=\"elementor-tab-title-1455\"\t\t\t\t\t\t> \r\n\t\t\t\t\t\t\t\t\t\t<div class=\"plus-content-editor\" ><p>Pokud akce nebyla odlo\u017eena a prob\u011bhla podle pl\u00e1nu, z\u00e1kony v\u011bt\u0161iny zem\u00ed nevy\u017eaduj\u00ed, aby po\u0159adatel akce vracel pen\u00edze za vstupenky.<\/p>\n<p>N\u011bkte\u0159\u00ed organiz\u00e1to\u0159i v\u0161ak mohou m\u00edt flexibiln\u00ed pravidla nebo mohou b\u00fdt ochotni ud\u011blat v\u00fdjimku. Kontaktujte pros\u00edm p\u0159\u00edmo organiz\u00e1tora akce. Jejich kontaktn\u00ed \u00fadaje najdete v z\u00e1pat\u00ed str\u00e1nky s prodejem vstupenek.<\/p>\n<\/div>\t\t\t\t\t\r\n\t\t\t\t\t\t<\/div> \r\n\t\t\t\t\t\t\t\t\t\t\r\n\t\t\t\t<\/div> \r\n\t\t\t\t\r\n\t\t<\/div>  \r\n\t\t\t\t\t\t<\/div>\n\t\t\t\t<\/div>\n\t\t\t\t\t<\/div>\n\t\t\t\t<\/div>\n\t\t\t\t<\/div>\n\t\t","protected":false},"excerpt":{"rendered":"<p>\u010cASTO KLADEN\u00c9 DOTAZY \u010casto kladen\u00e9 ot\u00e1zky Co je Lampyris Po\u0159\u00e1d\u00e1n\u00ed z\u00e1bavn\u00edch a vzd\u011bl\u00e1vac\u00edch akc\u00ed od roku 2011 Vstupenky jsem neobdr\u017eel nebo jsem je ztratil. Vstupenky jsou odes\u00edl\u00e1ny automaticky a m\u011bly by se objevit ve va\u0161\u00ed schr\u00e1nce b\u011bhem n\u011bkolika minut po \u00fasp\u011b\u0161n\u00e9 platb\u011b. Pokud je neobdr\u017e\u00edte, zkontrolujte nejprve slo\u017eku se spamem. P\u0159i n\u00e1kupu jste mo\u017en\u00e1 chybn\u011b [&hellip;]<\/p>\n","protected":false},"author":2,"featured_media":0,"parent":0,"menu_order":0,"comment_status":"closed","ping_status":"closed","template":"","meta":{"_acf_changed":false,"footnotes":""},"class_list":["post-3079","page","type-page","status-publish","hentry"],"acf":[],"yoast_head":"<!-- This site is optimized with the Yoast SEO plugin v27.2 - https:\/\/yoast.com\/product\/yoast-seo-wordpress\/ -->\n<title>\u010casto kladen\u00e9 ot\u00e1zky - Lampyris-Events<\/title>\n<meta name=\"robots\" content=\"noindex, follow, max-snippet:-1, max-image-preview:large, max-video-preview:-1\" \/>\n<meta property=\"og:locale\" content=\"cs_CZ\" \/>\n<meta property=\"og:type\" content=\"article\" \/>\n<meta property=\"og:title\" content=\"\u010casto kladen\u00e9 ot\u00e1zky - Lampyris-Events\" \/>\n<meta property=\"og:description\" content=\"\u010cASTO KLADEN\u00c9 DOTAZY \u010casto kladen\u00e9 ot\u00e1zky Co je Lampyris Po\u0159\u00e1d\u00e1n\u00ed z\u00e1bavn\u00edch a vzd\u011bl\u00e1vac\u00edch akc\u00ed od roku 2011 Vstupenky jsem neobdr\u017eel nebo jsem je ztratil. Vstupenky jsou odes\u00edl\u00e1ny automaticky a m\u011bly by se objevit ve va\u0161\u00ed schr\u00e1nce b\u011bhem n\u011bkolika minut po \u00fasp\u011b\u0161n\u00e9 platb\u011b. Pokud je neobdr\u017e\u00edte, zkontrolujte nejprve slo\u017eku se spamem. P\u0159i n\u00e1kupu jste mo\u017en\u00e1 chybn\u011b [&hellip;]\" \/>\n<meta property=\"og:url\" content=\"https:\/\/lampyrisevents.com\/cs\/casto-kladene-otazky\/\" \/>\n<meta property=\"og:site_name\" content=\"Lampyris-Events\" \/>\n<meta property=\"article:modified_time\" content=\"2024-07-04T14:07:35+00:00\" \/>\n<meta name=\"twitter:card\" content=\"summary_large_image\" \/>\n<meta name=\"twitter:label1\" content=\"Odhadovan\u00e1 doba \u010dten\u00ed\" \/>\n\t<meta name=\"twitter:data1\" content=\"3 minuty\" \/>\n<script type=\"application\/ld+json\" class=\"yoast-schema-graph\">{\"@context\":\"https:\/\/schema.org\",\"@graph\":[{\"@type\":\"WebPage\",\"@id\":\"https:\/\/lampyrisevents.com\/cs\/casto-kladene-otazky\/\",\"url\":\"https:\/\/lampyrisevents.com\/cs\/casto-kladene-otazky\/\",\"name\":\"\u010casto kladen\u00e9 ot\u00e1zky - Lampyris-Events\",\"isPartOf\":{\"@id\":\"https:\/\/lampyrisevents.com\/cs\/#website\"},\"datePublished\":\"2024-05-30T15:10:43+00:00\",\"dateModified\":\"2024-07-04T14:07:35+00:00\",\"breadcrumb\":{\"@id\":\"https:\/\/lampyrisevents.com\/cs\/casto-kladene-otazky\/#breadcrumb\"},\"inLanguage\":\"cs\",\"potentialAction\":[{\"@type\":\"ReadAction\",\"target\":[\"https:\/\/lampyrisevents.com\/cs\/casto-kladene-otazky\/\"]}]},{\"@type\":\"BreadcrumbList\",\"@id\":\"https:\/\/lampyrisevents.com\/cs\/casto-kladene-otazky\/#breadcrumb\",\"itemListElement\":[{\"@type\":\"ListItem\",\"position\":1,\"name\":\"Home\",\"item\":\"https:\/\/lampyrisevents.com\/cs\/\"},{\"@type\":\"ListItem\",\"position\":2,\"name\":\"\u010casto kladen\u00e9 ot\u00e1zky\"}]},{\"@type\":\"WebSite\",\"@id\":\"https:\/\/lampyrisevents.com\/cs\/#website\",\"url\":\"https:\/\/lampyrisevents.com\/cs\/\",\"name\":\"Lampyris-Events\",\"description\":\"Slogan Lampyris-Events\",\"publisher\":{\"@id\":\"https:\/\/lampyrisevents.com\/cs\/#organization\"},\"potentialAction\":[{\"@type\":\"SearchAction\",\"target\":{\"@type\":\"EntryPoint\",\"urlTemplate\":\"https:\/\/lampyrisevents.com\/cs\/?s={search_term_string}\"},\"query-input\":{\"@type\":\"PropertyValueSpecification\",\"valueRequired\":true,\"valueName\":\"search_term_string\"}}],\"inLanguage\":\"cs\"},{\"@type\":\"Organization\",\"@id\":\"https:\/\/lampyrisevents.com\/cs\/#organization\",\"name\":\"Lampyris-Events\",\"url\":\"https:\/\/lampyrisevents.com\/cs\/\",\"logo\":{\"@type\":\"ImageObject\",\"inLanguage\":\"cs\",\"@id\":\"https:\/\/lampyrisevents.com\/cs\/#\/schema\/logo\/image\/\",\"url\":\"https:\/\/lampyrisevents.com\/wp-content\/uploads\/2024\/06\/logo215.png\",\"contentUrl\":\"https:\/\/lampyrisevents.com\/wp-content\/uploads\/2024\/06\/logo215.png\",\"width\":256,\"height\":80,\"caption\":\"Lampyris-Events\"},\"image\":{\"@id\":\"https:\/\/lampyrisevents.com\/cs\/#\/schema\/logo\/image\/\"}}]}<\/script>\n<!-- \/ Yoast SEO plugin. -->","yoast_head_json":{"title":"\u010casto kladen\u00e9 ot\u00e1zky - Lampyris-Events","robots":{"index":"noindex","follow":"follow","max-snippet":"max-snippet:-1","max-image-preview":"max-image-preview:large","max-video-preview":"max-video-preview:-1"},"og_locale":"cs_CZ","og_type":"article","og_title":"\u010casto kladen\u00e9 ot\u00e1zky - Lampyris-Events","og_description":"\u010cASTO KLADEN\u00c9 DOTAZY \u010casto kladen\u00e9 ot\u00e1zky Co je Lampyris Po\u0159\u00e1d\u00e1n\u00ed z\u00e1bavn\u00edch a vzd\u011bl\u00e1vac\u00edch akc\u00ed od roku 2011 Vstupenky jsem neobdr\u017eel nebo jsem je ztratil. Vstupenky jsou odes\u00edl\u00e1ny automaticky a m\u011bly by se objevit ve va\u0161\u00ed schr\u00e1nce b\u011bhem n\u011bkolika minut po \u00fasp\u011b\u0161n\u00e9 platb\u011b. Pokud je neobdr\u017e\u00edte, zkontrolujte nejprve slo\u017eku se spamem. P\u0159i n\u00e1kupu jste mo\u017en\u00e1 chybn\u011b [&hellip;]","og_url":"https:\/\/lampyrisevents.com\/cs\/casto-kladene-otazky\/","og_site_name":"Lampyris-Events","article_modified_time":"2024-07-04T14:07:35+00:00","twitter_card":"summary_large_image","twitter_misc":{"Odhadovan\u00e1 doba \u010dten\u00ed":"3 minuty"},"schema":{"@context":"https:\/\/schema.org","@graph":[{"@type":"WebPage","@id":"https:\/\/lampyrisevents.com\/cs\/casto-kladene-otazky\/","url":"https:\/\/lampyrisevents.com\/cs\/casto-kladene-otazky\/","name":"\u010casto kladen\u00e9 ot\u00e1zky - Lampyris-Events","isPartOf":{"@id":"https:\/\/lampyrisevents.com\/cs\/#website"},"datePublished":"2024-05-30T15:10:43+00:00","dateModified":"2024-07-04T14:07:35+00:00","breadcrumb":{"@id":"https:\/\/lampyrisevents.com\/cs\/casto-kladene-otazky\/#breadcrumb"},"inLanguage":"cs","potentialAction":[{"@type":"ReadAction","target":["https:\/\/lampyrisevents.com\/cs\/casto-kladene-otazky\/"]}]},{"@type":"BreadcrumbList","@id":"https:\/\/lampyrisevents.com\/cs\/casto-kladene-otazky\/#breadcrumb","itemListElement":[{"@type":"ListItem","position":1,"name":"Home","item":"https:\/\/lampyrisevents.com\/cs\/"},{"@type":"ListItem","position":2,"name":"\u010casto kladen\u00e9 ot\u00e1zky"}]},{"@type":"WebSite","@id":"https:\/\/lampyrisevents.com\/cs\/#website","url":"https:\/\/lampyrisevents.com\/cs\/","name":"Lampyris-Events","description":"Slogan Lampyris-Events","publisher":{"@id":"https:\/\/lampyrisevents.com\/cs\/#organization"},"potentialAction":[{"@type":"SearchAction","target":{"@type":"EntryPoint","urlTemplate":"https:\/\/lampyrisevents.com\/cs\/?s={search_term_string}"},"query-input":{"@type":"PropertyValueSpecification","valueRequired":true,"valueName":"search_term_string"}}],"inLanguage":"cs"},{"@type":"Organization","@id":"https:\/\/lampyrisevents.com\/cs\/#organization","name":"Lampyris-Events","url":"https:\/\/lampyrisevents.com\/cs\/","logo":{"@type":"ImageObject","inLanguage":"cs","@id":"https:\/\/lampyrisevents.com\/cs\/#\/schema\/logo\/image\/","url":"https:\/\/lampyrisevents.com\/wp-content\/uploads\/2024\/06\/logo215.png","contentUrl":"https:\/\/lampyrisevents.com\/wp-content\/uploads\/2024\/06\/logo215.png","width":256,"height":80,"caption":"Lampyris-Events"},"image":{"@id":"https:\/\/lampyrisevents.com\/cs\/#\/schema\/logo\/image\/"}}]}},"_links":{"self":[{"href":"https:\/\/lampyrisevents.com\/cs\/wp-json\/wp\/v2\/pages\/3079","targetHints":{"allow":["GET"]}}],"collection":[{"href":"https:\/\/lampyrisevents.com\/cs\/wp-json\/wp\/v2\/pages"}],"about":[{"href":"https:\/\/lampyrisevents.com\/cs\/wp-json\/wp\/v2\/types\/page"}],"author":[{"embeddable":true,"href":"https:\/\/lampyrisevents.com\/cs\/wp-json\/wp\/v2\/users\/2"}],"replies":[{"embeddable":true,"href":"https:\/\/lampyrisevents.com\/cs\/wp-json\/wp\/v2\/comments?post=3079"}],"version-history":[{"count":1,"href":"https:\/\/lampyrisevents.com\/cs\/wp-json\/wp\/v2\/pages\/3079\/revisions"}],"predecessor-version":[{"id":3080,"href":"https:\/\/lampyrisevents.com\/cs\/wp-json\/wp\/v2\/pages\/3079\/revisions\/3080"}],"wp:attachment":[{"href":"https:\/\/lampyrisevents.com\/cs\/wp-json\/wp\/v2\/media?parent=3079"}],"curies":[{"name":"wp","href":"https:\/\/api.w.org\/{rel}","templated":true}]}}