{"id":3081,"date":"2024-06-28T13:01:09","date_gmt":"2024-06-28T11:01:09","guid":{"rendered":"https:\/\/lampyrisevents.com\/pripojeni-ke-sluzbe-stripe\/"},"modified":"2024-07-04T16:09:26","modified_gmt":"2024-07-04T14:09:26","slug":"pripojeni-ke-sluzbe-stripe","status":"publish","type":"page","link":"https:\/\/lampyrisevents.com\/cs\/pripojeni-ke-sluzbe-stripe\/","title":{"rendered":"P\u0159ipojen\u00ed ke slu\u017eb\u011b Stripe"},"content":{"rendered":"\t\t<div data-elementor-type=\"wp-page\" data-elementor-id=\"3081\" class=\"elementor elementor-3081 elementor-2968\" data-elementor-post-type=\"page\">\n\t\t\t\t<div class=\"elementor-element elementor-element-37c6f393 e-flex e-con-boxed e-con e-parent\" data-id=\"37c6f393\" data-element_type=\"container\" data-e-type=\"container\">\n\t\t\t\t\t<div class=\"e-con-inner\">\n\t\t\t\t<div class=\"elementor-element elementor-element-718f8a6b elementor-widget elementor-widget-heading\" data-id=\"718f8a6b\" data-element_type=\"widget\" data-e-type=\"widget\" data-widget_type=\"heading.default\">\n\t\t\t\t<div class=\"elementor-widget-container\">\n\t\t\t\t\t<h2 class=\"elementor-heading-title elementor-size-default\">Jak p\u0159ipojit \u00fa\u010det Stripe k platform\u011b ArenaSoldOut<\/h2>\t\t\t\t<\/div>\n\t\t\t\t<\/div>\n\t\t\t\t<div class=\"elementor-element elementor-element-46013c6 elementor-widget elementor-widget-text-editor\" data-id=\"46013c6\" data-element_type=\"widget\" data-e-type=\"widget\" data-widget_type=\"text-editor.default\">\n\t\t\t\t<div class=\"elementor-widget-container\">\n\t\t\t\t\t\t\t\t\t<p>Chcete-li integrovat Stripe jako platebn\u00ed br\u00e1nu pro Arenasoldout.com, mus\u00edte pozvat technika, kter\u00fd se specializuje na tuto platformu, aby se p\u0159ipojil k va\u0161emu \u00fa\u010dtu Stripe jako v\u00fdvoj\u00e1\u0159. Postupujte podle n\u00e1sleduj\u00edc\u00edch krok\u016f:<\/p>\n\t\t\t\t\t\t\t\t<\/div>\n\t\t\t\t<\/div>\n\t\t\t\t<div class=\"elementor-element elementor-element-9b3da01 elementor-widget elementor-widget-heading\" data-id=\"9b3da01\" data-element_type=\"widget\" data-e-type=\"widget\" data-widget_type=\"heading.default\">\n\t\t\t\t<div class=\"elementor-widget-container\">\n\t\t\t\t\t<h3 class=\"elementor-heading-title elementor-size-default\">Pokyny krok za krokem<\/h3>\t\t\t\t<\/div>\n\t\t\t\t<\/div>\n\t\t\t\t<div class=\"elementor-element elementor-element-5a1fe966 elementor-widget elementor-widget-text-editor\" data-id=\"5a1fe966\" data-element_type=\"widget\" data-e-type=\"widget\" data-widget_type=\"text-editor.default\">\n\t\t\t\t<div class=\"elementor-widget-container\">\n\t\t\t\t\t\t\t\t\t<p><strong>P\u0159ihl\u00e1\u0161en\u00ed do nastaven\u00ed slu\u017eby Stripe<\/strong><\/p>\n<ul>\n<li>P\u0159istupte ke sv\u00e9mu \u00fa\u010dtu Stripe a p\u0159ejd\u011bte na ovl\u00e1dac\u00ed panel.<\/li>\n<li>Klikn\u011bte na ikonu ozuben\u00e9ho kola nebo na mo\u017enost &#8222;Nastaven\u00ed&#8220; v lev\u00e9m doln\u00edm rohu ovl\u00e1dac\u00edho panelu.<\/li>\n<\/ul>\n\t\t\t\t\t\t\t\t<\/div>\n\t\t\t\t<\/div>\n\t\t\t\t<div class=\"elementor-element elementor-element-4da45dcd elementor-widget elementor-widget-image\" data-id=\"4da45dcd\" data-element_type=\"widget\" data-e-type=\"widget\" data-widget_type=\"image.default\">\n\t\t\t\t<div class=\"elementor-widget-container\">\n\t\t\t\t\t\t\t\t\t\t\t\t\t\t\t<img fetchpriority=\"high\" decoding=\"async\" width=\"800\" height=\"354\" src=\"https:\/\/lampyrisevents.com\/wp-content\/uploads\/2024\/06\/settings-\u2013-arenasoldout-\u2013-stripe-google-chrome-1024x453.jpg\" class=\"attachment-large size-large wp-image-2971\" alt=\"\" srcset=\"https:\/\/lampyrisevents.com\/wp-content\/uploads\/2024\/06\/settings-\u2013-arenasoldout-\u2013-stripe-google-chrome-1024x453.jpg 1024w, https:\/\/lampyrisevents.com\/wp-content\/uploads\/2024\/06\/settings-\u2013-arenasoldout-\u2013-stripe-google-chrome-300x133.jpg 300w, https:\/\/lampyrisevents.com\/wp-content\/uploads\/2024\/06\/settings-\u2013-arenasoldout-\u2013-stripe-google-chrome-768x339.jpg 768w, https:\/\/lampyrisevents.com\/wp-content\/uploads\/2024\/06\/settings-\u2013-arenasoldout-\u2013-stripe-google-chrome-1536x679.jpg 1536w, https:\/\/lampyrisevents.com\/wp-content\/uploads\/2024\/06\/settings-\u2013-arenasoldout-\u2013-stripe-google-chrome-600x265.jpg 600w, https:\/\/lampyrisevents.com\/wp-content\/uploads\/2024\/06\/settings-\u2013-arenasoldout-\u2013-stripe-google-chrome.jpg 1604w\" sizes=\"(max-width: 800px) 100vw, 800px\" \/>\t\t\t\t\t\t\t\t\t\t\t\t\t\t\t<\/div>\n\t\t\t\t<\/div>\n\t\t\t\t<div class=\"elementor-element elementor-element-227c7546 elementor-widget elementor-widget-text-editor\" data-id=\"227c7546\" data-element_type=\"widget\" data-e-type=\"widget\" data-widget_type=\"text-editor.default\">\n\t\t\t\t<div class=\"elementor-widget-container\">\n\t\t\t\t\t\t\t\t\t<p><strong>Vyberte nab\u00eddku &#8222;T\u00fdm&#8220;.<\/strong><\/p>\n<ul>\n<li>V nab\u00eddce nastaven\u00ed najd\u011bte mo\u017enost &#8222;T\u00fdm&#8220; a vyberte ji.<\/li>\n<li>T\u00edm se dostanete na str\u00e1nku spr\u00e1vy t\u00fdmu, kde m\u016f\u017eete spravovat u\u017eivatele a jejich role.<\/li>\n<\/ul>\n\t\t\t\t\t\t\t\t<\/div>\n\t\t\t\t<\/div>\n\t\t\t\t<div class=\"elementor-element elementor-element-6c2723e elementor-widget elementor-widget-image\" data-id=\"6c2723e\" data-element_type=\"widget\" data-e-type=\"widget\" data-widget_type=\"image.default\">\n\t\t\t\t<div class=\"elementor-widget-container\">\n\t\t\t\t\t\t\t\t\t\t\t\t\t\t\t<img decoding=\"async\" width=\"800\" height=\"352\" src=\"https:\/\/lampyrisevents.com\/wp-content\/uploads\/2024\/06\/team-\u2013-arenasoldout-\u2013-stripe-google-chrome-1024x450.jpg\" class=\"attachment-large size-large wp-image-2997\" alt=\"\" srcset=\"https:\/\/lampyrisevents.com\/wp-content\/uploads\/2024\/06\/team-\u2013-arenasoldout-\u2013-stripe-google-chrome-1024x450.jpg 1024w, https:\/\/lampyrisevents.com\/wp-content\/uploads\/2024\/06\/team-\u2013-arenasoldout-\u2013-stripe-google-chrome-300x132.jpg 300w, https:\/\/lampyrisevents.com\/wp-content\/uploads\/2024\/06\/team-\u2013-arenasoldout-\u2013-stripe-google-chrome-768x338.jpg 768w, https:\/\/lampyrisevents.com\/wp-content\/uploads\/2024\/06\/team-\u2013-arenasoldout-\u2013-stripe-google-chrome-1536x676.jpg 1536w, https:\/\/lampyrisevents.com\/wp-content\/uploads\/2024\/06\/team-\u2013-arenasoldout-\u2013-stripe-google-chrome-600x264.jpg 600w, https:\/\/lampyrisevents.com\/wp-content\/uploads\/2024\/06\/team-\u2013-arenasoldout-\u2013-stripe-google-chrome.jpg 1623w\" sizes=\"(max-width: 800px) 100vw, 800px\" \/>\t\t\t\t\t\t\t\t\t\t\t\t\t\t\t<\/div>\n\t\t\t\t<\/div>\n\t\t\t\t<div class=\"elementor-element elementor-element-77011b1c elementor-widget elementor-widget-text-editor\" data-id=\"77011b1c\" data-element_type=\"widget\" data-e-type=\"widget\" data-widget_type=\"text-editor.default\">\n\t\t\t\t<div class=\"elementor-widget-container\">\n\t\t\t\t\t\t\t\t\t<p><strong>P\u0159id\u00e1n\u00ed \u010dlena t\u00fdmu jako v\u00fdvoj\u00e1\u0159e<\/strong><\/p>\n<ul>\n<li>\n<p>Na str\u00e1nce spr\u00e1vy t\u00fdmu klikn\u011bte na tla\u010d\u00edtko &#8222;P\u0159idat \u010dlena&#8220;.<\/p>\n<\/li>\n<li>\n<p>Zadejte n\u00e1sleduj\u00edc\u00ed \u00fadaje:<\/p>\n<ul>\n<li><strong>E-mail:<\/strong> <a rel=\"noreferrer\">ava@abhteam.com<\/a><\/li>\n<li><strong>Role:<\/strong> V\u00fdvoj\u00e1\u0159<\/li>\n<\/ul>\n<\/li>\n<li>\n<p>Role V\u00fdvoj\u00e1\u0159 umo\u017e\u0148uje pozvan\u00e9 osob\u011b spravovat kl\u00ed\u010de API a nastaven\u00ed integrace, co\u017e je nezbytn\u00e9 pro nastaven\u00ed slu\u017eby Stripe jako platebn\u00ed br\u00e1ny.<\/p>\n<\/li>\n<\/ul>\n\t\t\t\t\t\t\t\t<\/div>\n\t\t\t\t<\/div>\n\t\t\t\t<div class=\"elementor-element elementor-element-aac9022 elementor-widget elementor-widget-image\" data-id=\"aac9022\" data-element_type=\"widget\" data-e-type=\"widget\" data-widget_type=\"image.default\">\n\t\t\t\t<div class=\"elementor-widget-container\">\n\t\t\t\t\t\t\t\t\t\t\t\t\t\t\t<img decoding=\"async\" width=\"800\" height=\"434\" src=\"https:\/\/lampyrisevents.com\/wp-content\/uploads\/2024\/06\/team-\u2013-arenasoldout-\u2013-stripe-invite-google-chrome-1024x556.jpg\" class=\"attachment-large size-large wp-image-3023\" alt=\"\" srcset=\"https:\/\/lampyrisevents.com\/wp-content\/uploads\/2024\/06\/team-\u2013-arenasoldout-\u2013-stripe-invite-google-chrome-1024x556.jpg 1024w, https:\/\/lampyrisevents.com\/wp-content\/uploads\/2024\/06\/team-\u2013-arenasoldout-\u2013-stripe-invite-google-chrome-300x163.jpg 300w, https:\/\/lampyrisevents.com\/wp-content\/uploads\/2024\/06\/team-\u2013-arenasoldout-\u2013-stripe-invite-google-chrome-768x417.jpg 768w, https:\/\/lampyrisevents.com\/wp-content\/uploads\/2024\/06\/team-\u2013-arenasoldout-\u2013-stripe-invite-google-chrome-1536x833.jpg 1536w, https:\/\/lampyrisevents.com\/wp-content\/uploads\/2024\/06\/team-\u2013-arenasoldout-\u2013-stripe-invite-google-chrome-600x326.jpg 600w, https:\/\/lampyrisevents.com\/wp-content\/uploads\/2024\/06\/team-\u2013-arenasoldout-\u2013-stripe-invite-google-chrome.jpg 1561w\" sizes=\"(max-width: 800px) 100vw, 800px\" \/>\t\t\t\t\t\t\t\t\t\t\t\t\t\t\t<\/div>\n\t\t\t\t<\/div>\n\t\t\t\t<div class=\"elementor-element elementor-element-34515f19 elementor-widget elementor-widget-text-editor\" data-id=\"34515f19\" data-element_type=\"widget\" data-e-type=\"widget\" data-widget_type=\"text-editor.default\">\n\t\t\t\t<div class=\"elementor-widget-container\">\n\t\t\t\t\t\t\t\t\t<p><strong>Odesl\u00e1n\u00ed pozv\u00e1nky<\/strong><\/p>\n<ul>\n<li>Po vypln\u011bn\u00ed po\u017eadovan\u00fdch \u00fadaj\u016f ode\u0161lete pozv\u00e1nku.<\/li>\n<li>Andrei Andreev obdr\u017e\u00ed e-mail s pokyny pro p\u0159ipojen\u00ed k \u00fa\u010dtu Stripe.<\/li>\n<\/ul>\n\t\t\t\t\t\t\t\t<\/div>\n\t\t\t\t<\/div>\n\t\t\t\t<div class=\"elementor-element elementor-element-fa3e200 elementor-widget elementor-widget-text-editor\" data-id=\"fa3e200\" data-element_type=\"widget\" data-e-type=\"widget\" data-widget_type=\"text-editor.default\">\n\t\t\t\t<div class=\"elementor-widget-container\">\n\t\t\t\t\t\t\t\t\t<p><strong>Odesl\u00e1n\u00ed pozv\u00e1nky<\/strong><\/p>\n<ul>\n<li>Po vypln\u011bn\u00ed po\u017eadovan\u00fdch \u00fadaj\u016f ode\u0161lete pozv\u00e1nku.<\/li>\n<li>Andrei Andreev obdr\u017e\u00ed e-mail s pokyny pro p\u0159ipojen\u00ed k \u00fa\u010dtu Stripe.<\/li>\n<\/ul>\n\t\t\t\t\t\t\t\t<\/div>\n\t\t\t\t<\/div>\n\t\t\t\t<div class=\"elementor-element elementor-element-5715ada9 elementor-widget elementor-widget-text-editor\" data-id=\"5715ada9\" data-element_type=\"widget\" data-e-type=\"widget\" data-widget_type=\"text-editor.default\">\n\t\t\t\t<div class=\"elementor-widget-container\">\n\t\t\t\t\t\t\t\t\t<h3>Vysv\u011btlen\u00ed role v\u00fdvoj\u00e1\u0159e<\/h3>\n<p>Role v\u00fdvoj\u00e1\u0159e ve spole\u010dnosti Stripe je kl\u00ed\u010dov\u00e1 pro spr\u00e1vu technick\u00fdch aspekt\u016f integrace, v\u010detn\u011b kl\u00ed\u010d\u016f API a webov\u00fdch h\u00e1\u010dk\u016f. Pozv\u00e1n\u00edm Andreje Andrejeva jako v\u00fdvoj\u00e1\u0159e zajist\u00edte, \u017ee m\u00e1 pot\u0159ebn\u00e1 opr\u00e1vn\u011bn\u00ed k nastaven\u00ed a konfiguraci slu\u017eby Stripe pro bezprobl\u00e9mov\u00e9 zpracov\u00e1n\u00ed plateb na va\u0161em \u00fa\u010dtu Stripe. Tato pozice nem\u00e1 p\u0159\u00edstup k citliv\u00fdm finan\u010dn\u00edm informac\u00edm, ale zvl\u00e1dne v\u0161echny technick\u00e9 po\u017eadavky pot\u0159ebn\u00e9 pro integraci.<\/p>\n\t\t\t\t\t\t\t\t<\/div>\n\t\t\t\t<\/div>\n\t\t\t\t\t<\/div>\n\t\t\t\t<\/div>\n\t\t\t\t<\/div>\n\t\t","protected":false},"excerpt":{"rendered":"<p>Jak p\u0159ipojit \u00fa\u010det Stripe k platform\u011b ArenaSoldOut Chcete-li integrovat Stripe jako platebn\u00ed br\u00e1nu pro Arenasoldout.com, mus\u00edte pozvat technika, kter\u00fd se specializuje na tuto platformu, aby se p\u0159ipojil k va\u0161emu \u00fa\u010dtu Stripe jako v\u00fdvoj\u00e1\u0159. Postupujte podle n\u00e1sleduj\u00edc\u00edch krok\u016f: Pokyny krok za krokem P\u0159ihl\u00e1\u0161en\u00ed do nastaven\u00ed slu\u017eby Stripe P\u0159istupte ke sv\u00e9mu \u00fa\u010dtu Stripe a p\u0159ejd\u011bte na ovl\u00e1dac\u00ed [&hellip;]<\/p>\n","protected":false},"author":2,"featured_media":0,"parent":0,"menu_order":0,"comment_status":"closed","ping_status":"closed","template":"","meta":{"_acf_changed":false,"footnotes":""},"class_list":["post-3081","page","type-page","status-publish","hentry"],"acf":[],"yoast_head":"<!-- This site is optimized with the Yoast SEO plugin v27.2 - https:\/\/yoast.com\/product\/yoast-seo-wordpress\/ -->\n<title>P\u0159ipojen\u00ed ke slu\u017eb\u011b Stripe - Lampyris-Events<\/title>\n<meta name=\"robots\" content=\"noindex, follow, max-snippet:-1, max-image-preview:large, max-video-preview:-1\" \/>\n<meta property=\"og:locale\" content=\"cs_CZ\" \/>\n<meta property=\"og:type\" content=\"article\" \/>\n<meta property=\"og:title\" content=\"P\u0159ipojen\u00ed ke slu\u017eb\u011b Stripe - Lampyris-Events\" \/>\n<meta property=\"og:description\" content=\"Jak p\u0159ipojit \u00fa\u010det Stripe k platform\u011b ArenaSoldOut Chcete-li integrovat Stripe jako platebn\u00ed br\u00e1nu pro Arenasoldout.com, mus\u00edte pozvat technika, kter\u00fd se specializuje na tuto platformu, aby se p\u0159ipojil k va\u0161emu \u00fa\u010dtu Stripe jako v\u00fdvoj\u00e1\u0159. Postupujte podle n\u00e1sleduj\u00edc\u00edch krok\u016f: Pokyny krok za krokem P\u0159ihl\u00e1\u0161en\u00ed do nastaven\u00ed slu\u017eby Stripe P\u0159istupte ke sv\u00e9mu \u00fa\u010dtu Stripe a p\u0159ejd\u011bte na ovl\u00e1dac\u00ed [&hellip;]\" \/>\n<meta property=\"og:url\" content=\"https:\/\/lampyrisevents.com\/cs\/pripojeni-ke-sluzbe-stripe\/\" \/>\n<meta property=\"og:site_name\" content=\"Lampyris-Events\" \/>\n<meta property=\"article:modified_time\" content=\"2024-07-04T14:09:26+00:00\" \/>\n<meta name=\"twitter:card\" content=\"summary_large_image\" \/>\n<meta name=\"twitter:label1\" content=\"Odhadovan\u00e1 doba \u010dten\u00ed\" \/>\n\t<meta name=\"twitter:data1\" content=\"2 minuty\" \/>\n<script type=\"application\/ld+json\" class=\"yoast-schema-graph\">{\"@context\":\"https:\/\/schema.org\",\"@graph\":[{\"@type\":\"WebPage\",\"@id\":\"https:\/\/lampyrisevents.com\/cs\/pripojeni-ke-sluzbe-stripe\/\",\"url\":\"https:\/\/lampyrisevents.com\/cs\/pripojeni-ke-sluzbe-stripe\/\",\"name\":\"P\u0159ipojen\u00ed ke slu\u017eb\u011b Stripe - Lampyris-Events\",\"isPartOf\":{\"@id\":\"https:\/\/lampyrisevents.com\/cs\/#website\"},\"datePublished\":\"2024-06-28T11:01:09+00:00\",\"dateModified\":\"2024-07-04T14:09:26+00:00\",\"breadcrumb\":{\"@id\":\"https:\/\/lampyrisevents.com\/cs\/pripojeni-ke-sluzbe-stripe\/#breadcrumb\"},\"inLanguage\":\"cs\",\"potentialAction\":[{\"@type\":\"ReadAction\",\"target\":[\"https:\/\/lampyrisevents.com\/cs\/pripojeni-ke-sluzbe-stripe\/\"]}]},{\"@type\":\"BreadcrumbList\",\"@id\":\"https:\/\/lampyrisevents.com\/cs\/pripojeni-ke-sluzbe-stripe\/#breadcrumb\",\"itemListElement\":[{\"@type\":\"ListItem\",\"position\":1,\"name\":\"Home\",\"item\":\"https:\/\/lampyrisevents.com\/cs\/\"},{\"@type\":\"ListItem\",\"position\":2,\"name\":\"P\u0159ipojen\u00ed ke slu\u017eb\u011b Stripe\"}]},{\"@type\":\"WebSite\",\"@id\":\"https:\/\/lampyrisevents.com\/cs\/#website\",\"url\":\"https:\/\/lampyrisevents.com\/cs\/\",\"name\":\"Lampyris-Events\",\"description\":\"Slogan Lampyris-Events\",\"publisher\":{\"@id\":\"https:\/\/lampyrisevents.com\/cs\/#organization\"},\"potentialAction\":[{\"@type\":\"SearchAction\",\"target\":{\"@type\":\"EntryPoint\",\"urlTemplate\":\"https:\/\/lampyrisevents.com\/cs\/?s={search_term_string}\"},\"query-input\":{\"@type\":\"PropertyValueSpecification\",\"valueRequired\":true,\"valueName\":\"search_term_string\"}}],\"inLanguage\":\"cs\"},{\"@type\":\"Organization\",\"@id\":\"https:\/\/lampyrisevents.com\/cs\/#organization\",\"name\":\"Lampyris-Events\",\"url\":\"https:\/\/lampyrisevents.com\/cs\/\",\"logo\":{\"@type\":\"ImageObject\",\"inLanguage\":\"cs\",\"@id\":\"https:\/\/lampyrisevents.com\/cs\/#\/schema\/logo\/image\/\",\"url\":\"https:\/\/lampyrisevents.com\/wp-content\/uploads\/2024\/06\/logo215.png\",\"contentUrl\":\"https:\/\/lampyrisevents.com\/wp-content\/uploads\/2024\/06\/logo215.png\",\"width\":256,\"height\":80,\"caption\":\"Lampyris-Events\"},\"image\":{\"@id\":\"https:\/\/lampyrisevents.com\/cs\/#\/schema\/logo\/image\/\"}}]}<\/script>\n<!-- \/ Yoast SEO plugin. -->","yoast_head_json":{"title":"P\u0159ipojen\u00ed ke slu\u017eb\u011b Stripe - Lampyris-Events","robots":{"index":"noindex","follow":"follow","max-snippet":"max-snippet:-1","max-image-preview":"max-image-preview:large","max-video-preview":"max-video-preview:-1"},"og_locale":"cs_CZ","og_type":"article","og_title":"P\u0159ipojen\u00ed ke slu\u017eb\u011b Stripe - Lampyris-Events","og_description":"Jak p\u0159ipojit \u00fa\u010det Stripe k platform\u011b ArenaSoldOut Chcete-li integrovat Stripe jako platebn\u00ed br\u00e1nu pro Arenasoldout.com, mus\u00edte pozvat technika, kter\u00fd se specializuje na tuto platformu, aby se p\u0159ipojil k va\u0161emu \u00fa\u010dtu Stripe jako v\u00fdvoj\u00e1\u0159. Postupujte podle n\u00e1sleduj\u00edc\u00edch krok\u016f: Pokyny krok za krokem P\u0159ihl\u00e1\u0161en\u00ed do nastaven\u00ed slu\u017eby Stripe P\u0159istupte ke sv\u00e9mu \u00fa\u010dtu Stripe a p\u0159ejd\u011bte na ovl\u00e1dac\u00ed [&hellip;]","og_url":"https:\/\/lampyrisevents.com\/cs\/pripojeni-ke-sluzbe-stripe\/","og_site_name":"Lampyris-Events","article_modified_time":"2024-07-04T14:09:26+00:00","twitter_card":"summary_large_image","twitter_misc":{"Odhadovan\u00e1 doba \u010dten\u00ed":"2 minuty"},"schema":{"@context":"https:\/\/schema.org","@graph":[{"@type":"WebPage","@id":"https:\/\/lampyrisevents.com\/cs\/pripojeni-ke-sluzbe-stripe\/","url":"https:\/\/lampyrisevents.com\/cs\/pripojeni-ke-sluzbe-stripe\/","name":"P\u0159ipojen\u00ed ke slu\u017eb\u011b Stripe - Lampyris-Events","isPartOf":{"@id":"https:\/\/lampyrisevents.com\/cs\/#website"},"datePublished":"2024-06-28T11:01:09+00:00","dateModified":"2024-07-04T14:09:26+00:00","breadcrumb":{"@id":"https:\/\/lampyrisevents.com\/cs\/pripojeni-ke-sluzbe-stripe\/#breadcrumb"},"inLanguage":"cs","potentialAction":[{"@type":"ReadAction","target":["https:\/\/lampyrisevents.com\/cs\/pripojeni-ke-sluzbe-stripe\/"]}]},{"@type":"BreadcrumbList","@id":"https:\/\/lampyrisevents.com\/cs\/pripojeni-ke-sluzbe-stripe\/#breadcrumb","itemListElement":[{"@type":"ListItem","position":1,"name":"Home","item":"https:\/\/lampyrisevents.com\/cs\/"},{"@type":"ListItem","position":2,"name":"P\u0159ipojen\u00ed ke slu\u017eb\u011b Stripe"}]},{"@type":"WebSite","@id":"https:\/\/lampyrisevents.com\/cs\/#website","url":"https:\/\/lampyrisevents.com\/cs\/","name":"Lampyris-Events","description":"Slogan Lampyris-Events","publisher":{"@id":"https:\/\/lampyrisevents.com\/cs\/#organization"},"potentialAction":[{"@type":"SearchAction","target":{"@type":"EntryPoint","urlTemplate":"https:\/\/lampyrisevents.com\/cs\/?s={search_term_string}"},"query-input":{"@type":"PropertyValueSpecification","valueRequired":true,"valueName":"search_term_string"}}],"inLanguage":"cs"},{"@type":"Organization","@id":"https:\/\/lampyrisevents.com\/cs\/#organization","name":"Lampyris-Events","url":"https:\/\/lampyrisevents.com\/cs\/","logo":{"@type":"ImageObject","inLanguage":"cs","@id":"https:\/\/lampyrisevents.com\/cs\/#\/schema\/logo\/image\/","url":"https:\/\/lampyrisevents.com\/wp-content\/uploads\/2024\/06\/logo215.png","contentUrl":"https:\/\/lampyrisevents.com\/wp-content\/uploads\/2024\/06\/logo215.png","width":256,"height":80,"caption":"Lampyris-Events"},"image":{"@id":"https:\/\/lampyrisevents.com\/cs\/#\/schema\/logo\/image\/"}}]}},"_links":{"self":[{"href":"https:\/\/lampyrisevents.com\/cs\/wp-json\/wp\/v2\/pages\/3081","targetHints":{"allow":["GET"]}}],"collection":[{"href":"https:\/\/lampyrisevents.com\/cs\/wp-json\/wp\/v2\/pages"}],"about":[{"href":"https:\/\/lampyrisevents.com\/cs\/wp-json\/wp\/v2\/types\/page"}],"author":[{"embeddable":true,"href":"https:\/\/lampyrisevents.com\/cs\/wp-json\/wp\/v2\/users\/2"}],"replies":[{"embeddable":true,"href":"https:\/\/lampyrisevents.com\/cs\/wp-json\/wp\/v2\/comments?post=3081"}],"version-history":[{"count":1,"href":"https:\/\/lampyrisevents.com\/cs\/wp-json\/wp\/v2\/pages\/3081\/revisions"}],"predecessor-version":[{"id":3082,"href":"https:\/\/lampyrisevents.com\/cs\/wp-json\/wp\/v2\/pages\/3081\/revisions\/3082"}],"wp:attachment":[{"href":"https:\/\/lampyrisevents.com\/cs\/wp-json\/wp\/v2\/media?parent=3081"}],"curies":[{"name":"wp","href":"https:\/\/api.w.org\/{rel}","templated":true}]}}