{"id":3083,"date":"2024-06-21T19:56:26","date_gmt":"2024-06-21T17:56:26","guid":{"rendered":"https:\/\/lampyrisevents.com\/ke-stazeni-na\/"},"modified":"2024-07-04T16:10:30","modified_gmt":"2024-07-04T14:10:30","slug":"ke-stazeni-na","status":"publish","type":"page","link":"https:\/\/lampyrisevents.com\/cs\/ke-stazeni-na\/","title":{"rendered":"Ke sta\u017een\u00ed na"},"content":{"rendered":"\t\t<div data-elementor-type=\"wp-page\" data-elementor-id=\"3083\" class=\"elementor elementor-3083 elementor-2768\" data-elementor-post-type=\"page\">\n\t\t\t\t<div class=\"elementor-element elementor-element-4de68930 e-flex e-con-boxed e-con e-parent\" data-id=\"4de68930\" data-element_type=\"container\" data-e-type=\"container\">\n\t\t\t\t\t<div class=\"e-con-inner\">\n\t\t<div class=\"elementor-element elementor-element-5a71030d e-con-full e-flex e-con e-child\" data-id=\"5a71030d\" data-element_type=\"container\" data-e-type=\"container\">\n\t\t\t\t<div class=\"elementor-element elementor-element-eddce3d elementor-widget elementor-widget-heading\" data-id=\"eddce3d\" data-element_type=\"widget\" data-e-type=\"widget\" data-widget_type=\"heading.default\">\n\t\t\t\t<div class=\"elementor-widget-container\">\n\t\t\t\t\t<h1 class=\"elementor-heading-title elementor-size-default\">OBLAST KE STA\u017dEN\u00cd<\/h1>\t\t\t\t<\/div>\n\t\t\t\t<\/div>\n\t\t\t\t<div class=\"elementor-element elementor-element-2ae59489 elementor-widget elementor-widget-text-editor\" data-id=\"2ae59489\" data-element_type=\"widget\" data-e-type=\"widget\" data-widget_type=\"text-editor.default\">\n\t\t\t\t<div class=\"elementor-widget-container\">\n\t\t\t\t\t\t\t\t\t<p>Na\u0161e platforma je spravov\u00e1na prost\u0159ednictv\u00edm desktopov\u00fdch aplikac\u00ed. To znamen\u00e1, \u017ee m\u00edsto p\u0159\u00edstupu p\u0159es webov\u00fd prohl\u00ed\u017ee\u010d si st\u00e1hnete a nainstalujete program p\u0159\u00edmo do po\u010d\u00edta\u010de. Tyto desktopov\u00e9 aplikace poskytuj\u00ed speci\u00e1ln\u00ed rozhran\u00ed pro spr\u00e1vu ud\u00e1lost\u00ed, prodeje vstupenek a dal\u0161\u00edch aktivit platformy. Ve srovn\u00e1n\u00ed s webov\u00fdmi platformami nab\u00edzej\u00ed funkce, jako je offline p\u0159\u00edstup, vy\u0161\u0161\u00ed v\u00fdkon a lep\u0161\u00ed zabezpe\u010den\u00ed. Tento p\u0159\u00edstup umo\u017e\u0148uje plynulej\u0161\u00ed a efektivn\u011bj\u0161\u00ed u\u017eivatelsk\u00e9 prost\u0159ed\u00ed s p\u0159\u00edm\u00fdm p\u0159\u00edstupem k funkc\u00edm platformy. Abyste mohli efektivn\u011b spravovat platformu ArenaSoldOut-TixGear, mus\u00edte m\u00edt nainstalovanou Javu.<\/p>\n\t\t\t\t\t\t\t\t<\/div>\n\t\t\t\t<\/div>\n\t\t<div class=\"elementor-element elementor-element-d9d6ec0 e-con-full e-flex e-con e-child\" data-id=\"d9d6ec0\" data-element_type=\"container\" data-e-type=\"container\">\n\t\t<div class=\"elementor-element elementor-element-e6f44e8 e-con-full e-flex e-con e-child\" data-id=\"e6f44e8\" data-element_type=\"container\" data-e-type=\"container\">\n\t\t\t\t<div class=\"elementor-element elementor-element-4acff093 elementor-widget elementor-widget-heading\" data-id=\"4acff093\" data-element_type=\"widget\" data-e-type=\"widget\" data-widget_type=\"heading.default\">\n\t\t\t\t<div class=\"elementor-widget-container\">\n\t\t\t\t\t<h4 class=\"elementor-heading-title elementor-size-default\">B\u011aHOV\u00c9 PROST\u0158ED\u00cd JAVA (JRE)<\/h4>\t\t\t\t<\/div>\n\t\t\t\t<\/div>\n\t\t\t\t<\/div>\n\t\t<div class=\"elementor-element elementor-element-4cf45ff e-con-full e-flex e-con e-child\" data-id=\"4cf45ff\" data-element_type=\"container\" data-e-type=\"container\">\n\t\t\t\t<div class=\"elementor-element elementor-element-2c5e7f84 elementor-widget elementor-widget-text-editor\" data-id=\"2c5e7f84\" data-element_type=\"widget\" data-e-type=\"widget\" data-widget_type=\"text-editor.default\">\n\t\t\t\t<div class=\"elementor-widget-container\">\n\t\t\t\t\t\t\t\t\t<p>Javu si m\u016f\u017eete st\u00e1hnout pomoc\u00ed t\u011bchto odkaz\u016f:<\/p>\n\t\t\t\t\t\t\t\t<\/div>\n\t\t\t\t<\/div>\n\t\t\t\t<\/div>\n\t\t<div class=\"elementor-element elementor-element-4d5502f e-con-full e-flex e-con e-child\" data-id=\"4d5502f\" data-element_type=\"container\" data-e-type=\"container\">\n\t\t\t\t<div class=\"elementor-element elementor-element-69e4164 elementor-align-right elementor-mobile-align-center elementor-widget__width-initial elementor-widget elementor-widget-button\" data-id=\"69e4164\" data-element_type=\"widget\" data-e-type=\"widget\" data-widget_type=\"button.default\">\n\t\t\t\t<div class=\"elementor-widget-container\">\n\t\t\t\t\t\t\t\t\t<div class=\"elementor-button-wrapper\">\n\t\t\t\t\t<a class=\"elementor-button elementor-button-link elementor-size-sm\" href=\"https:\/\/tixgear.com\/DA\/jre-8u371-windows-x64.exe\" target=\"_blank\" rel=\"nofollow\">\n\t\t\t\t\t\t<span class=\"elementor-button-content-wrapper\">\n\t\t\t\t\t\t\t\t\t<span class=\"elementor-button-text\">St\u00e1hnout JRE pro Windows x64<\/span>\n\t\t\t\t\t<\/span>\n\t\t\t\t\t<\/a>\n\t\t\t\t<\/div>\n\t\t\t\t\t\t\t\t<\/div>\n\t\t\t\t<\/div>\n\t\t\t\t<div class=\"elementor-element elementor-element-7f30af6a elementor-align-right elementor-mobile-align-center elementor-widget__width-initial elementor-widget elementor-widget-button\" data-id=\"7f30af6a\" data-element_type=\"widget\" data-e-type=\"widget\" data-widget_type=\"button.default\">\n\t\t\t\t<div class=\"elementor-widget-container\">\n\t\t\t\t\t\t\t\t\t<div class=\"elementor-button-wrapper\">\n\t\t\t\t\t<a class=\"elementor-button elementor-button-link elementor-size-sm\" href=\"https:\/\/tixgear.com\/DA\/jre-8u371-macosx-x64.dmg\" target=\"_blank\" rel=\"nofollow\">\n\t\t\t\t\t\t<span class=\"elementor-button-content-wrapper\">\n\t\t\t\t\t\t\t\t\t<span class=\"elementor-button-text\">St\u00e1hnout JRE pro MacOS x64<\/span>\n\t\t\t\t\t<\/span>\n\t\t\t\t\t<\/a>\n\t\t\t\t<\/div>\n\t\t\t\t\t\t\t\t<\/div>\n\t\t\t\t<\/div>\n\t\t\t\t<\/div>\n\t\t\t\t<\/div>\n\t\t<div class=\"elementor-element elementor-element-5d27703 e-con-full e-flex e-con e-child\" data-id=\"5d27703\" data-element_type=\"container\" data-e-type=\"container\">\n\t\t<div class=\"elementor-element elementor-element-10c38ee e-con-full e-flex e-con e-child\" data-id=\"10c38ee\" data-element_type=\"container\" data-e-type=\"container\">\n\t\t\t\t<div class=\"elementor-element elementor-element-672ba92e elementor-widget elementor-widget-heading\" data-id=\"672ba92e\" data-element_type=\"widget\" data-e-type=\"widget\" data-widget_type=\"heading.default\">\n\t\t\t\t<div class=\"elementor-widget-container\">\n\t\t\t\t\t<h4 class=\"elementor-heading-title elementor-size-default\">EDITOR<\/h4>\t\t\t\t<\/div>\n\t\t\t\t<\/div>\n\t\t\t\t<\/div>\n\t\t<div class=\"elementor-element elementor-element-d9b74b2 e-con-full e-flex e-con e-child\" data-id=\"d9b74b2\" data-element_type=\"container\" data-e-type=\"container\">\n\t\t\t\t<div class=\"elementor-element elementor-element-24873eec elementor-widget__width-initial elementor-widget elementor-widget-text-editor\" data-id=\"24873eec\" data-element_type=\"widget\" data-e-type=\"widget\" data-widget_type=\"text-editor.default\">\n\t\t\t\t<div class=\"elementor-widget-container\">\n\t\t\t\t\t\t\t\t\t<p>Editor je ur\u010den k vytv\u00e1\u0159en\u00ed ud\u00e1lost\u00ed a p\u0159id\u00e1v\u00e1n\u00ed v\u0161ech informac\u00ed pot\u0159ebn\u00fdch pro prodej vstupenek do centr\u00e1ln\u00ed datab\u00e1ze platformy TixGear.<\/p>\n\t\t\t\t\t\t\t\t<\/div>\n\t\t\t\t<\/div>\n\t\t\t\t<\/div>\n\t\t<div class=\"elementor-element elementor-element-22f585d e-con-full e-flex e-con e-child\" data-id=\"22f585d\" data-element_type=\"container\" data-e-type=\"container\">\n\t\t\t\t<div class=\"elementor-element elementor-element-6dae4907 elementor-align-right elementor-mobile-align-center elementor-widget__width-initial elementor-widget elementor-widget-button\" data-id=\"6dae4907\" data-element_type=\"widget\" data-e-type=\"widget\" data-widget_type=\"button.default\">\n\t\t\t\t<div class=\"elementor-widget-container\">\n\t\t\t\t\t\t\t\t\t<div class=\"elementor-button-wrapper\">\n\t\t\t\t\t<a class=\"elementor-button elementor-button-link elementor-size-sm\" href=\"https:\/\/tixgear.com\/DA\/TixEditor.jar?build=7111\" target=\"_blank\" rel=\"nofollow\">\n\t\t\t\t\t\t<span class=\"elementor-button-content-wrapper\">\n\t\t\t\t\t\t\t\t\t<span class=\"elementor-button-text\">St\u00e1hnout Editor<\/span>\n\t\t\t\t\t<\/span>\n\t\t\t\t\t<\/a>\n\t\t\t\t<\/div>\n\t\t\t\t\t\t\t\t<\/div>\n\t\t\t\t<\/div>\n\t\t\t\t<\/div>\n\t\t\t\t<\/div>\n\t\t<div class=\"elementor-element elementor-element-920b323 e-con-full e-flex e-con e-child\" data-id=\"920b323\" data-element_type=\"container\" data-e-type=\"container\">\n\t\t<div class=\"elementor-element elementor-element-8f7b838 e-con-full e-flex e-con e-child\" data-id=\"8f7b838\" data-element_type=\"container\" data-e-type=\"container\">\n\t\t\t\t<div class=\"elementor-element elementor-element-2b60e8e8 elementor-widget elementor-widget-heading\" data-id=\"2b60e8e8\" data-element_type=\"widget\" data-e-type=\"widget\" data-widget_type=\"heading.default\">\n\t\t\t\t<div class=\"elementor-widget-container\">\n\t\t\t\t\t<h4 class=\"elementor-heading-title elementor-size-default\">REPORT\u00c9R<\/h4>\t\t\t\t<\/div>\n\t\t\t\t<\/div>\n\t\t\t\t<\/div>\n\t\t<div class=\"elementor-element elementor-element-15f9da1 e-con-full e-flex e-con e-child\" data-id=\"15f9da1\" data-element_type=\"container\" data-e-type=\"container\">\n\t\t\t\t<div class=\"elementor-element elementor-element-4bc59b05 elementor-widget__width-initial elementor-widget elementor-widget-text-editor\" data-id=\"4bc59b05\" data-element_type=\"widget\" data-e-type=\"widget\" data-widget_type=\"text-editor.default\">\n\t\t\t\t<div class=\"elementor-widget-container\">\n\t\t\t\t\t\t\t\t\t<p>Report\u00e9r je ur\u010den pro p\u0159\u00edjem a anal\u00fdzu dat o prodeji vstupenek, p\u0159\u00edjem zpr\u00e1v r\u016fzn\u00fdch formul\u00e1\u0159\u016f, vracen\u00ed vstupenek. Aplikace zobrazuje data v re\u00e1ln\u00e9m \u010dase.<\/p>\n\t\t\t\t\t\t\t\t<\/div>\n\t\t\t\t<\/div>\n\t\t\t\t<\/div>\n\t\t<div class=\"elementor-element elementor-element-be49c24 e-con-full e-flex e-con e-child\" data-id=\"be49c24\" data-element_type=\"container\" data-e-type=\"container\">\n\t\t\t\t<div class=\"elementor-element elementor-element-13c320e4 elementor-align-right elementor-mobile-align-center elementor-widget elementor-widget-button\" data-id=\"13c320e4\" data-element_type=\"widget\" data-e-type=\"widget\" data-widget_type=\"button.default\">\n\t\t\t\t<div class=\"elementor-widget-container\">\n\t\t\t\t\t\t\t\t\t<div class=\"elementor-button-wrapper\">\n\t\t\t\t\t<a class=\"elementor-button elementor-button-link elementor-size-sm\" href=\"https:\/\/tixgear.com\/DA\/TixReporter.jar?build=7111\" target=\"_blank\" rel=\"nofollow\">\n\t\t\t\t\t\t<span class=\"elementor-button-content-wrapper\">\n\t\t\t\t\t\t\t\t\t<span class=\"elementor-button-text\">St\u00e1hnout Report\u00e9r<\/span>\n\t\t\t\t\t<\/span>\n\t\t\t\t\t<\/a>\n\t\t\t\t<\/div>\n\t\t\t\t\t\t\t\t<\/div>\n\t\t\t\t<\/div>\n\t\t\t\t<\/div>\n\t\t\t\t<\/div>\n\t\t<div class=\"elementor-element elementor-element-428de05 e-con-full e-flex e-con e-child\" data-id=\"428de05\" data-element_type=\"container\" data-e-type=\"container\">\n\t\t<div class=\"elementor-element elementor-element-e8a8919 e-con-full e-flex e-con e-child\" data-id=\"e8a8919\" data-element_type=\"container\" data-e-type=\"container\">\n\t\t\t\t<div class=\"elementor-element elementor-element-24a3d363 elementor-widget elementor-widget-heading\" data-id=\"24a3d363\" data-element_type=\"widget\" data-e-type=\"widget\" data-widget_type=\"heading.default\">\n\t\t\t\t<div class=\"elementor-widget-container\">\n\t\t\t\t\t<h4 class=\"elementor-heading-title elementor-size-default\">MANAGER<\/h4>\t\t\t\t<\/div>\n\t\t\t\t<\/div>\n\t\t\t\t<\/div>\n\t\t<div class=\"elementor-element elementor-element-e0fb089 e-con-full e-flex e-con e-child\" data-id=\"e0fb089\" data-element_type=\"container\" data-e-type=\"container\">\n\t\t\t\t<div class=\"elementor-element elementor-element-65a4f473 elementor-widget elementor-widget-text-editor\" data-id=\"65a4f473\" data-element_type=\"widget\" data-e-type=\"widget\" data-widget_type=\"text-editor.default\">\n\t\t\t\t<div class=\"elementor-widget-container\">\n\t\t\t\t\t\t\t\t\t<p>Spr\u00e1vce je ur\u010den ke spr\u00e1v\u011b pov\u011b\u0159en\u00ed spole\u010dnost\u00ed a jejich zam\u011bstnanc\u016f (u\u017eivatel\u016f), k vytv\u00e1\u0159en\u00ed rozhran\u00ed a jejich spr\u00e1v\u011b, ke kontrole odb\u011br\u016f ud\u00e1lost\u00ed, konfiguraci webov\u00e9ho widgetu, spr\u00e1v\u011b push ozn\u00e1men\u00ed a dal\u0161\u00edm \u00fakol\u016fm, k nastaven\u00ed a spr\u00e1v\u011b zdroj\u016f platformy.<\/p>\n\t\t\t\t\t\t\t\t<\/div>\n\t\t\t\t<\/div>\n\t\t\t\t<\/div>\n\t\t<div class=\"elementor-element elementor-element-60ad1ed e-con-full e-flex e-con e-child\" data-id=\"60ad1ed\" data-element_type=\"container\" data-e-type=\"container\">\n\t\t\t\t<div class=\"elementor-element elementor-element-196d1a11 elementor-align-right elementor-mobile-align-center elementor-widget elementor-widget-button\" data-id=\"196d1a11\" data-element_type=\"widget\" data-e-type=\"widget\" data-widget_type=\"button.default\">\n\t\t\t\t<div class=\"elementor-widget-container\">\n\t\t\t\t\t\t\t\t\t<div class=\"elementor-button-wrapper\">\n\t\t\t\t\t<a class=\"elementor-button elementor-button-link elementor-size-sm\" href=\"https:\/\/tixgear.com\/DA\/TixManager.jar?build=7111\" target=\"_blank\" rel=\"nofollow\">\n\t\t\t\t\t\t<span class=\"elementor-button-content-wrapper\">\n\t\t\t\t\t\t\t\t\t<span class=\"elementor-button-text\">Spr\u00e1vce stahov\u00e1n\u00ed<\/span>\n\t\t\t\t\t<\/span>\n\t\t\t\t\t<\/a>\n\t\t\t\t<\/div>\n\t\t\t\t\t\t\t\t<\/div>\n\t\t\t\t<\/div>\n\t\t\t\t<\/div>\n\t\t\t\t<\/div>\n\t\t<div class=\"elementor-element elementor-element-cf36384 e-con-full e-flex e-con e-child\" data-id=\"cf36384\" data-element_type=\"container\" data-e-type=\"container\">\n\t\t<div class=\"elementor-element elementor-element-6002aeb e-con-full e-flex e-con e-child\" data-id=\"6002aeb\" data-element_type=\"container\" data-e-type=\"container\">\n\t\t\t\t<div class=\"elementor-element elementor-element-2e94a40d elementor-widget elementor-widget-heading\" data-id=\"2e94a40d\" data-element_type=\"widget\" data-e-type=\"widget\" data-widget_type=\"heading.default\">\n\t\t\t\t<div class=\"elementor-widget-container\">\n\t\t\t\t\t<h4 class=\"elementor-heading-title elementor-size-default\">Mobiln\u00ed syst\u00e9m kontroly p\u0159\u00edstupu<\/h4>\t\t\t\t<\/div>\n\t\t\t\t<\/div>\n\t\t\t\t<\/div>\n\t\t<div class=\"elementor-element elementor-element-6bacdd8 e-con-full e-flex e-con e-child\" data-id=\"6bacdd8\" data-element_type=\"container\" data-e-type=\"container\">\n\t\t\t\t<div class=\"elementor-element elementor-element-3c370ded elementor-widget elementor-widget-text-editor\" data-id=\"3c370ded\" data-element_type=\"widget\" data-e-type=\"widget\" data-widget_type=\"text-editor.default\">\n\t\t\t\t<div class=\"elementor-widget-container\">\n\t\t\t\t\t\t\t\t\t<p>&#8222;Mobile Access Control System&#8220; (MACS, instalace z Google Play) je ur\u010den k ov\u011b\u0159ov\u00e1n\u00ed vstupenek prost\u0159ednictv\u00edm platformy ArenaSoldOut. MACS zahrnuje klientskou stranu (mobiln\u00ed aplikaci), kterou pou\u017e\u00edvaj\u00ed vstupn\u00ed kontrolo\u0159i. MACS funguje pro kontrolu vstupn\u00edch i v\u00fdstupn\u00edch l\u00edstk\u016f a vy\u017eaduje za\u0159\u00edzen\u00ed se syst\u00e9mem Android (verze 4.0 a vy\u0161\u0161\u00ed) s kamerou s automatick\u00fdm zaost\u0159ov\u00e1n\u00edm a p\u0159\u00edstupem k internetu pro komunikaci s centr\u00e1ln\u00edm serverem ArenaSoldOut. MACS \u010dte \u0161ifrovan\u011b chr\u00e1n\u011bn\u00e9 QR k\u00f3dy mobiln\u00edch elektronick\u00fdch vstupenek (MET) p\u0159\u00edmo z obrazovky za\u0159\u00edzen\u00ed n\u00e1v\u0161t\u011bvn\u00edka.<\/p>\n\t\t\t\t\t\t\t\t<\/div>\n\t\t\t\t<\/div>\n\t\t\t\t<\/div>\n\t\t<div class=\"elementor-element elementor-element-da5ff1a e-con-full e-flex e-con e-child\" data-id=\"da5ff1a\" data-element_type=\"container\" data-e-type=\"container\">\n\t\t\t\t<div class=\"elementor-element elementor-element-952f3ae elementor-align-right elementor-mobile-align-center elementor-widget elementor-widget-button\" data-id=\"952f3ae\" data-element_type=\"widget\" data-e-type=\"widget\" data-widget_type=\"button.default\">\n\t\t\t\t<div class=\"elementor-widget-container\">\n\t\t\t\t\t\t\t\t\t<div class=\"elementor-button-wrapper\">\n\t\t\t\t\t<a class=\"elementor-button elementor-button-link elementor-size-sm\" href=\"https:\/\/play.google.com\/store\/apps\/details?id=com.arena.mskd=web_share\" target=\"_blank\" rel=\"nofollow\">\n\t\t\t\t\t\t<span class=\"elementor-button-content-wrapper\">\n\t\t\t\t\t\t\t\t\t<span class=\"elementor-button-text\">St\u00e1hnout MACS<\/span>\n\t\t\t\t\t<\/span>\n\t\t\t\t\t<\/a>\n\t\t\t\t<\/div>\n\t\t\t\t\t\t\t\t<\/div>\n\t\t\t\t<\/div>\n\t\t\t\t<\/div>\n\t\t\t\t<\/div>\n\t\t<div class=\"elementor-element elementor-element-133c507 e-con-full e-flex e-con e-child\" data-id=\"133c507\" data-element_type=\"container\" data-e-type=\"container\">\n\t\t\t\t<div class=\"elementor-element elementor-element-6d9f4221 elementor-align-right elementor-mobile-align-center elementor-widget elementor-widget-button\" data-id=\"6d9f4221\" data-element_type=\"widget\" data-e-type=\"widget\" data-widget_type=\"button.default\">\n\t\t\t\t<div class=\"elementor-widget-container\">\n\t\t\t\t\t\t\t\t\t<div class=\"elementor-button-wrapper\">\n\t\t\t\t\t<a class=\"elementor-button elementor-button-link elementor-size-sm\" href=\"https:\/\/lampyrisevents.com\/cs\/vytvorit-udalost\/\">\n\t\t\t\t\t\t<span class=\"elementor-button-content-wrapper\">\n\t\t\t\t\t\t\t\t\t<span class=\"elementor-button-text\">N\u00e1vrat k vytv\u00e1\u0159en\u00ed ud\u00e1lost\u00ed<\/span>\n\t\t\t\t\t<\/span>\n\t\t\t\t\t<\/a>\n\t\t\t\t<\/div>\n\t\t\t\t\t\t\t\t<\/div>\n\t\t\t\t<\/div>\n\t\t\t\t<\/div>\n\t\t\t\t<\/div>\n\t\t\t\t\t<\/div>\n\t\t\t\t<\/div>\n\t\t<div class=\"elementor-element elementor-element-6a5aeb5e e-con-full e-flex e-con e-parent\" data-id=\"6a5aeb5e\" data-element_type=\"container\" data-e-type=\"container\">\n\t\t\t\t<\/div>\n\t\t\t\t<\/div>\n\t\t","protected":false},"excerpt":{"rendered":"<p>OBLAST KE STA\u017dEN\u00cd Na\u0161e platforma je spravov\u00e1na prost\u0159ednictv\u00edm desktopov\u00fdch aplikac\u00ed. To znamen\u00e1, \u017ee m\u00edsto p\u0159\u00edstupu p\u0159es webov\u00fd prohl\u00ed\u017ee\u010d si st\u00e1hnete a nainstalujete program p\u0159\u00edmo do po\u010d\u00edta\u010de. Tyto desktopov\u00e9 aplikace poskytuj\u00ed speci\u00e1ln\u00ed rozhran\u00ed pro spr\u00e1vu ud\u00e1lost\u00ed, prodeje vstupenek a dal\u0161\u00edch aktivit platformy. Ve srovn\u00e1n\u00ed s webov\u00fdmi platformami nab\u00edzej\u00ed funkce, jako je offline p\u0159\u00edstup, vy\u0161\u0161\u00ed v\u00fdkon a [&hellip;]<\/p>\n","protected":false},"author":2,"featured_media":0,"parent":0,"menu_order":0,"comment_status":"closed","ping_status":"closed","template":"","meta":{"_acf_changed":false,"footnotes":""},"class_list":["post-3083","page","type-page","status-publish","hentry"],"acf":[],"yoast_head":"<!-- This site is optimized with the Yoast SEO plugin v27.2 - https:\/\/yoast.com\/product\/yoast-seo-wordpress\/ -->\n<title>Ke sta\u017een\u00ed na - Lampyris-Events<\/title>\n<meta name=\"robots\" content=\"noindex, follow, max-snippet:-1, max-image-preview:large, max-video-preview:-1\" \/>\n<meta property=\"og:locale\" content=\"cs_CZ\" \/>\n<meta property=\"og:type\" content=\"article\" \/>\n<meta property=\"og:title\" content=\"Ke sta\u017een\u00ed na - Lampyris-Events\" \/>\n<meta property=\"og:description\" content=\"OBLAST KE STA\u017dEN\u00cd Na\u0161e platforma je spravov\u00e1na prost\u0159ednictv\u00edm desktopov\u00fdch aplikac\u00ed. To znamen\u00e1, \u017ee m\u00edsto p\u0159\u00edstupu p\u0159es webov\u00fd prohl\u00ed\u017ee\u010d si st\u00e1hnete a nainstalujete program p\u0159\u00edmo do po\u010d\u00edta\u010de. Tyto desktopov\u00e9 aplikace poskytuj\u00ed speci\u00e1ln\u00ed rozhran\u00ed pro spr\u00e1vu ud\u00e1lost\u00ed, prodeje vstupenek a dal\u0161\u00edch aktivit platformy. Ve srovn\u00e1n\u00ed s webov\u00fdmi platformami nab\u00edzej\u00ed funkce, jako je offline p\u0159\u00edstup, vy\u0161\u0161\u00ed v\u00fdkon a [&hellip;]\" \/>\n<meta property=\"og:url\" content=\"https:\/\/lampyrisevents.com\/cs\/ke-stazeni-na\/\" \/>\n<meta property=\"og:site_name\" content=\"Lampyris-Events\" \/>\n<meta property=\"article:modified_time\" content=\"2024-07-04T14:10:30+00:00\" \/>\n<meta name=\"twitter:card\" content=\"summary_large_image\" \/>\n<meta name=\"twitter:label1\" content=\"Odhadovan\u00e1 doba \u010dten\u00ed\" \/>\n\t<meta name=\"twitter:data1\" content=\"2 minuty\" \/>\n<script type=\"application\/ld+json\" class=\"yoast-schema-graph\">{\"@context\":\"https:\/\/schema.org\",\"@graph\":[{\"@type\":\"WebPage\",\"@id\":\"https:\/\/lampyrisevents.com\/cs\/ke-stazeni-na\/\",\"url\":\"https:\/\/lampyrisevents.com\/cs\/ke-stazeni-na\/\",\"name\":\"Ke sta\u017een\u00ed na - Lampyris-Events\",\"isPartOf\":{\"@id\":\"https:\/\/lampyrisevents.com\/cs\/#website\"},\"datePublished\":\"2024-06-21T17:56:26+00:00\",\"dateModified\":\"2024-07-04T14:10:30+00:00\",\"breadcrumb\":{\"@id\":\"https:\/\/lampyrisevents.com\/cs\/ke-stazeni-na\/#breadcrumb\"},\"inLanguage\":\"cs\",\"potentialAction\":[{\"@type\":\"ReadAction\",\"target\":[\"https:\/\/lampyrisevents.com\/cs\/ke-stazeni-na\/\"]}]},{\"@type\":\"BreadcrumbList\",\"@id\":\"https:\/\/lampyrisevents.com\/cs\/ke-stazeni-na\/#breadcrumb\",\"itemListElement\":[{\"@type\":\"ListItem\",\"position\":1,\"name\":\"Home\",\"item\":\"https:\/\/lampyrisevents.com\/cs\/\"},{\"@type\":\"ListItem\",\"position\":2,\"name\":\"Ke sta\u017een\u00ed na\"}]},{\"@type\":\"WebSite\",\"@id\":\"https:\/\/lampyrisevents.com\/cs\/#website\",\"url\":\"https:\/\/lampyrisevents.com\/cs\/\",\"name\":\"Lampyris-Events\",\"description\":\"Slogan Lampyris-Events\",\"publisher\":{\"@id\":\"https:\/\/lampyrisevents.com\/cs\/#organization\"},\"potentialAction\":[{\"@type\":\"SearchAction\",\"target\":{\"@type\":\"EntryPoint\",\"urlTemplate\":\"https:\/\/lampyrisevents.com\/cs\/?s={search_term_string}\"},\"query-input\":{\"@type\":\"PropertyValueSpecification\",\"valueRequired\":true,\"valueName\":\"search_term_string\"}}],\"inLanguage\":\"cs\"},{\"@type\":\"Organization\",\"@id\":\"https:\/\/lampyrisevents.com\/cs\/#organization\",\"name\":\"Lampyris-Events\",\"url\":\"https:\/\/lampyrisevents.com\/cs\/\",\"logo\":{\"@type\":\"ImageObject\",\"inLanguage\":\"cs\",\"@id\":\"https:\/\/lampyrisevents.com\/cs\/#\/schema\/logo\/image\/\",\"url\":\"https:\/\/lampyrisevents.com\/wp-content\/uploads\/2024\/06\/logo215.png\",\"contentUrl\":\"https:\/\/lampyrisevents.com\/wp-content\/uploads\/2024\/06\/logo215.png\",\"width\":256,\"height\":80,\"caption\":\"Lampyris-Events\"},\"image\":{\"@id\":\"https:\/\/lampyrisevents.com\/cs\/#\/schema\/logo\/image\/\"}}]}<\/script>\n<!-- \/ Yoast SEO plugin. -->","yoast_head_json":{"title":"Ke sta\u017een\u00ed na - Lampyris-Events","robots":{"index":"noindex","follow":"follow","max-snippet":"max-snippet:-1","max-image-preview":"max-image-preview:large","max-video-preview":"max-video-preview:-1"},"og_locale":"cs_CZ","og_type":"article","og_title":"Ke sta\u017een\u00ed na - Lampyris-Events","og_description":"OBLAST KE STA\u017dEN\u00cd Na\u0161e platforma je spravov\u00e1na prost\u0159ednictv\u00edm desktopov\u00fdch aplikac\u00ed. To znamen\u00e1, \u017ee m\u00edsto p\u0159\u00edstupu p\u0159es webov\u00fd prohl\u00ed\u017ee\u010d si st\u00e1hnete a nainstalujete program p\u0159\u00edmo do po\u010d\u00edta\u010de. Tyto desktopov\u00e9 aplikace poskytuj\u00ed speci\u00e1ln\u00ed rozhran\u00ed pro spr\u00e1vu ud\u00e1lost\u00ed, prodeje vstupenek a dal\u0161\u00edch aktivit platformy. Ve srovn\u00e1n\u00ed s webov\u00fdmi platformami nab\u00edzej\u00ed funkce, jako je offline p\u0159\u00edstup, vy\u0161\u0161\u00ed v\u00fdkon a [&hellip;]","og_url":"https:\/\/lampyrisevents.com\/cs\/ke-stazeni-na\/","og_site_name":"Lampyris-Events","article_modified_time":"2024-07-04T14:10:30+00:00","twitter_card":"summary_large_image","twitter_misc":{"Odhadovan\u00e1 doba \u010dten\u00ed":"2 minuty"},"schema":{"@context":"https:\/\/schema.org","@graph":[{"@type":"WebPage","@id":"https:\/\/lampyrisevents.com\/cs\/ke-stazeni-na\/","url":"https:\/\/lampyrisevents.com\/cs\/ke-stazeni-na\/","name":"Ke sta\u017een\u00ed na - Lampyris-Events","isPartOf":{"@id":"https:\/\/lampyrisevents.com\/cs\/#website"},"datePublished":"2024-06-21T17:56:26+00:00","dateModified":"2024-07-04T14:10:30+00:00","breadcrumb":{"@id":"https:\/\/lampyrisevents.com\/cs\/ke-stazeni-na\/#breadcrumb"},"inLanguage":"cs","potentialAction":[{"@type":"ReadAction","target":["https:\/\/lampyrisevents.com\/cs\/ke-stazeni-na\/"]}]},{"@type":"BreadcrumbList","@id":"https:\/\/lampyrisevents.com\/cs\/ke-stazeni-na\/#breadcrumb","itemListElement":[{"@type":"ListItem","position":1,"name":"Home","item":"https:\/\/lampyrisevents.com\/cs\/"},{"@type":"ListItem","position":2,"name":"Ke sta\u017een\u00ed na"}]},{"@type":"WebSite","@id":"https:\/\/lampyrisevents.com\/cs\/#website","url":"https:\/\/lampyrisevents.com\/cs\/","name":"Lampyris-Events","description":"Slogan Lampyris-Events","publisher":{"@id":"https:\/\/lampyrisevents.com\/cs\/#organization"},"potentialAction":[{"@type":"SearchAction","target":{"@type":"EntryPoint","urlTemplate":"https:\/\/lampyrisevents.com\/cs\/?s={search_term_string}"},"query-input":{"@type":"PropertyValueSpecification","valueRequired":true,"valueName":"search_term_string"}}],"inLanguage":"cs"},{"@type":"Organization","@id":"https:\/\/lampyrisevents.com\/cs\/#organization","name":"Lampyris-Events","url":"https:\/\/lampyrisevents.com\/cs\/","logo":{"@type":"ImageObject","inLanguage":"cs","@id":"https:\/\/lampyrisevents.com\/cs\/#\/schema\/logo\/image\/","url":"https:\/\/lampyrisevents.com\/wp-content\/uploads\/2024\/06\/logo215.png","contentUrl":"https:\/\/lampyrisevents.com\/wp-content\/uploads\/2024\/06\/logo215.png","width":256,"height":80,"caption":"Lampyris-Events"},"image":{"@id":"https:\/\/lampyrisevents.com\/cs\/#\/schema\/logo\/image\/"}}]}},"_links":{"self":[{"href":"https:\/\/lampyrisevents.com\/cs\/wp-json\/wp\/v2\/pages\/3083","targetHints":{"allow":["GET"]}}],"collection":[{"href":"https:\/\/lampyrisevents.com\/cs\/wp-json\/wp\/v2\/pages"}],"about":[{"href":"https:\/\/lampyrisevents.com\/cs\/wp-json\/wp\/v2\/types\/page"}],"author":[{"embeddable":true,"href":"https:\/\/lampyrisevents.com\/cs\/wp-json\/wp\/v2\/users\/2"}],"replies":[{"embeddable":true,"href":"https:\/\/lampyrisevents.com\/cs\/wp-json\/wp\/v2\/comments?post=3083"}],"version-history":[{"count":1,"href":"https:\/\/lampyrisevents.com\/cs\/wp-json\/wp\/v2\/pages\/3083\/revisions"}],"predecessor-version":[{"id":3084,"href":"https:\/\/lampyrisevents.com\/cs\/wp-json\/wp\/v2\/pages\/3083\/revisions\/3084"}],"wp:attachment":[{"href":"https:\/\/lampyrisevents.com\/cs\/wp-json\/wp\/v2\/media?parent=3083"}],"curies":[{"name":"wp","href":"https:\/\/api.w.org\/{rel}","templated":true}]}}