{"id":3087,"date":"2024-05-30T18:33:13","date_gmt":"2024-05-30T16:33:13","guid":{"rendered":"https:\/\/lampyrisevents.com\/partnerstvi\/"},"modified":"2024-07-04T16:13:13","modified_gmt":"2024-07-04T14:13:13","slug":"partnerstvi","status":"publish","type":"page","link":"https:\/\/lampyrisevents.com\/cs\/partnerstvi\/","title":{"rendered":"Partnerstv\u00ed"},"content":{"rendered":"\t\t<div data-elementor-type=\"wp-page\" data-elementor-id=\"3087\" class=\"elementor elementor-3087 elementor-184\" data-elementor-post-type=\"page\">\n\t\t\t\t<div class=\"elementor-element elementor-element-e36716b e-flex e-con-boxed e-con e-parent\" data-id=\"e36716b\" data-element_type=\"container\" data-e-type=\"container\">\n\t\t\t\t\t<div class=\"e-con-inner\">\n\t\t\t\t<div class=\"elementor-element elementor-element-05e3d5a elementor-widget elementor-widget-heading\" data-id=\"05e3d5a\" data-element_type=\"widget\" data-e-type=\"widget\" data-widget_type=\"heading.default\">\n\t\t\t\t<div class=\"elementor-widget-container\">\n\t\t\t\t\t<h2 class=\"elementor-heading-title elementor-size-default\">Spojte s\u00edly s Lampyris-Events<\/h2>\t\t\t\t<\/div>\n\t\t\t\t<\/div>\n\t\t\t\t<div class=\"elementor-element elementor-element-000a2c2 elementor-widget elementor-widget-text-editor\" data-id=\"000a2c2\" data-element_type=\"widget\" data-e-type=\"widget\" data-widget_type=\"text-editor.default\">\n\t\t\t\t<div class=\"elementor-widget-container\">\n\t\t\t\t\t\t\t\t\t<p>Ve spole\u010dnosti Lampyris-Events v\u011b\u0159\u00edme v s\u00edlu spolupr\u00e1ce p\u0159i vytv\u00e1\u0159en\u00ed nezapomenuteln\u00fdch z\u00e1\u017eitk\u016f. Spoluprac\u00ed s n\u00e1mi z\u00edsk\u00e1te p\u0159\u00edstup k sad\u011b inovativn\u00edch n\u00e1stroj\u016f a zdroj\u016f ur\u010den\u00fdch k vylep\u0161en\u00ed procesu \u0159\u00edzen\u00ed ud\u00e1lost\u00ed. A\u0165 u\u017e jste organiz\u00e1torem akce, majitelem m\u00edsta kon\u00e1n\u00ed nebo poskytovatelem slu\u017eeb, na\u0161e platforma nab\u00edz\u00ed bezprobl\u00e9mov\u00e9 \u0159e\u0161en\u00ed pro zlep\u0161en\u00ed va\u0161ich operac\u00ed a osloven\u00ed \u0161ir\u0161\u00edho publika.<\/p>\n\t\t\t\t\t\t\t\t<\/div>\n\t\t\t\t<\/div>\n\t\t\t\t<div class=\"elementor-element elementor-element-a2698d5 elementor-widget elementor-widget-heading\" data-id=\"a2698d5\" data-element_type=\"widget\" data-e-type=\"widget\" data-widget_type=\"heading.default\">\n\t\t\t\t<div class=\"elementor-widget-container\">\n\t\t\t\t\t<h2 class=\"elementor-heading-title elementor-size-default\">Pro\u010d s n\u00e1mi spolupracovat?<\/h2>\t\t\t\t<\/div>\n\t\t\t\t<\/div>\n\t\t\t\t<div class=\"elementor-element elementor-element-3797397 elementor-widget elementor-widget-text-editor\" data-id=\"3797397\" data-element_type=\"widget\" data-e-type=\"widget\" data-widget_type=\"text-editor.default\">\n\t\t\t\t<div class=\"elementor-widget-container\">\n\t\t\t\t\t\t\t\t\t<p><strong>Inovativn\u00ed technologie:<\/strong> Na\u0161e nejmodern\u011bj\u0161\u00ed platforma zaji\u0161\u0165uje hladk\u00fd a efektivn\u00ed management akce, od prodeje vstupenek a\u017e po zapojen\u00ed \u00fa\u010dastn\u00edk\u016f.<\/p>\n<p><strong>Komplexn\u00ed podpora:<\/strong> Poskytujeme specializovanou podporu a zdroje, kter\u00e9 v\u00e1m pomohou na ka\u017ed\u00e9m kroku a zajist\u00ed, \u017ee va\u0161e akce budou \u00fasp\u011b\u0161n\u00e9 a bezprobl\u00e9mov\u00e9.<\/p>\n<p><strong>Rozs\u00e1hl\u00fd dosah:<\/strong> Vyu\u017eijte na\u0161i rozs\u00e1hlou s\u00ed\u0165 n\u00e1v\u0161t\u011bvn\u00edk\u016f akc\u00ed a zvy\u0161te svou viditelnost a prodej vstupenek.<\/p>\n<p><strong>P\u0159izp\u016fsobiteln\u00e1 \u0159e\u0161en\u00ed:<\/strong> P\u0159izp\u016fsobte na\u0161e slu\u017eby va\u0161im konkr\u00e9tn\u00edm pot\u0159eb\u00e1m, a\u0165 u\u017e po\u0159\u00e1d\u00e1te mal\u00e9 setk\u00e1n\u00ed, nebo velkou akci.<\/p>\n\t\t\t\t\t\t\t\t<\/div>\n\t\t\t\t<\/div>\n\t\t\t\t<div class=\"elementor-element elementor-element-b9239ac elementor-widget elementor-widget-heading\" data-id=\"b9239ac\" data-element_type=\"widget\" data-e-type=\"widget\" data-widget_type=\"heading.default\">\n\t\t\t\t<div class=\"elementor-widget-container\">\n\t\t\t\t\t<h2 class=\"elementor-heading-title elementor-size-default\">V\u00fdhody pro partnery<\/h2>\t\t\t\t<\/div>\n\t\t\t\t<\/div>\n\t\t\t\t<div class=\"elementor-element elementor-element-22d9e41 elementor-widget elementor-widget-text-editor\" data-id=\"22d9e41\" data-element_type=\"widget\" data-e-type=\"widget\" data-widget_type=\"text-editor.default\">\n\t\t\t\t<div class=\"elementor-widget-container\">\n\t\t\t\t\t\t\t\t\t<ul>\n<li><strong>Anal\u00fdza v re\u00e1ln\u00e9m \u010dase:<\/strong> Sledujte v\u00fdkonnost sv\u00e9 akce pomoc\u00ed na\u0161ich pokro\u010dil\u00fdch analytick\u00fdch a reportovac\u00edch n\u00e1stroj\u016f.<\/li>\n<li><strong>Marketingov\u00e1 asistence:<\/strong> Zlep\u0161ete propagaci sv\u00e9 akce pomoc\u00ed na\u0161ich c\u00edlen\u00fdch marketingov\u00fdch strategi\u00ed a n\u00e1stroj\u016f.<\/li>\n<li><strong>Zabezpe\u010den\u00e9 transakce:<\/strong> Zajist\u011bte \u00fa\u010dastn\u00edk\u016fm bezpe\u010dn\u00e9 a spolehliv\u00e9 zpracov\u00e1n\u00ed plateb.<\/li>\n<li><strong>P\u0159\u00edle\u017eitosti ke spolupr\u00e1ci:<\/strong> Spojte se s dal\u0161\u00edmi profesion\u00e1ly v oboru a roz\u0161i\u0159te svou obchodn\u00ed s\u00ed\u0165.<\/li>\n<\/ul>\n\t\t\t\t\t\t\t\t<\/div>\n\t\t\t\t<\/div>\n\t\t\t\t<div class=\"elementor-element elementor-element-e229cc4 elementor-widget elementor-widget-heading\" data-id=\"e229cc4\" data-element_type=\"widget\" data-e-type=\"widget\" data-widget_type=\"heading.default\">\n\t\t\t\t<div class=\"elementor-widget-container\">\n\t\t\t\t\t<h3 class=\"elementor-heading-title elementor-size-default\"><a href=\"#elementor-action%3Aaction%3Dpopup%3Aopen%26settings%3DeyJpZCI6MzA5NywidG9nZ2xlIjpmYWxzZX0%3D\">Za\u010dn\u011bte<\/a><\/h3>\t\t\t\t<\/div>\n\t\t\t\t<\/div>\n\t\t\t\t<div class=\"elementor-element elementor-element-ecb16d0 elementor-widget elementor-widget-text-editor\" data-id=\"ecb16d0\" data-element_type=\"widget\" data-e-type=\"widget\" data-widget_type=\"text-editor.default\">\n\t\t\t\t<div class=\"elementor-widget-container\">\n\t\t\t\t\t\t\t\t\t<p>Jste p\u0159ipraveni posunout sv\u00e9 akce na vy\u0161\u0161\u00ed \u00farove\u0148? Kontaktujte n\u00e1s je\u0161t\u011b dnes a dozv\u00edte se v\u00edce o mo\u017enostech partnerstv\u00ed se spole\u010dnost\u00ed Lampyris-Events. Spole\u010dn\u011b m\u016f\u017eeme vytvo\u0159it v\u00fdjime\u010dn\u00e9 z\u00e1\u017eitky, kter\u00e9 zanechaj\u00ed trval\u00fd dojem.<\/p>\n<p>Dal\u0161\u00ed informace z\u00edsk\u00e1te od na\u0161eho partnersk\u00e9ho t\u00fdmu na adrese info@lampyrisevents.com. T\u011b\u0161\u00edme se na spolupr\u00e1ci s v\u00e1mi!<\/p>\n\t\t\t\t\t\t\t\t<\/div>\n\t\t\t\t<\/div>\n\t\t\t\t\t<\/div>\n\t\t\t\t<\/div>\n\t\t\t\t<\/div>\n\t\t","protected":false},"excerpt":{"rendered":"<p>Spojte s\u00edly s Lampyris-Events Ve spole\u010dnosti Lampyris-Events v\u011b\u0159\u00edme v s\u00edlu spolupr\u00e1ce p\u0159i vytv\u00e1\u0159en\u00ed nezapomenuteln\u00fdch z\u00e1\u017eitk\u016f. Spoluprac\u00ed s n\u00e1mi z\u00edsk\u00e1te p\u0159\u00edstup k sad\u011b inovativn\u00edch n\u00e1stroj\u016f a zdroj\u016f ur\u010den\u00fdch k vylep\u0161en\u00ed procesu \u0159\u00edzen\u00ed ud\u00e1lost\u00ed. A\u0165 u\u017e jste organiz\u00e1torem akce, majitelem m\u00edsta kon\u00e1n\u00ed nebo poskytovatelem slu\u017eeb, na\u0161e platforma nab\u00edz\u00ed bezprobl\u00e9mov\u00e9 \u0159e\u0161en\u00ed pro zlep\u0161en\u00ed va\u0161ich operac\u00ed a osloven\u00ed \u0161ir\u0161\u00edho [&hellip;]<\/p>\n","protected":false},"author":2,"featured_media":0,"parent":0,"menu_order":0,"comment_status":"closed","ping_status":"closed","template":"","meta":{"_acf_changed":false,"footnotes":""},"class_list":["post-3087","page","type-page","status-publish","hentry"],"acf":[],"yoast_head":"<!-- This site is optimized with the Yoast SEO plugin v27.2 - https:\/\/yoast.com\/product\/yoast-seo-wordpress\/ -->\n<title>Partnerstv\u00ed - Lampyris-Events<\/title>\n<meta name=\"robots\" content=\"noindex, follow, max-snippet:-1, max-image-preview:large, max-video-preview:-1\" \/>\n<meta property=\"og:locale\" content=\"cs_CZ\" \/>\n<meta property=\"og:type\" content=\"article\" \/>\n<meta property=\"og:title\" content=\"Partnerstv\u00ed - Lampyris-Events\" \/>\n<meta property=\"og:description\" content=\"Spojte s\u00edly s Lampyris-Events Ve spole\u010dnosti Lampyris-Events v\u011b\u0159\u00edme v s\u00edlu spolupr\u00e1ce p\u0159i vytv\u00e1\u0159en\u00ed nezapomenuteln\u00fdch z\u00e1\u017eitk\u016f. Spoluprac\u00ed s n\u00e1mi z\u00edsk\u00e1te p\u0159\u00edstup k sad\u011b inovativn\u00edch n\u00e1stroj\u016f a zdroj\u016f ur\u010den\u00fdch k vylep\u0161en\u00ed procesu \u0159\u00edzen\u00ed ud\u00e1lost\u00ed. A\u0165 u\u017e jste organiz\u00e1torem akce, majitelem m\u00edsta kon\u00e1n\u00ed nebo poskytovatelem slu\u017eeb, na\u0161e platforma nab\u00edz\u00ed bezprobl\u00e9mov\u00e9 \u0159e\u0161en\u00ed pro zlep\u0161en\u00ed va\u0161ich operac\u00ed a osloven\u00ed \u0161ir\u0161\u00edho [&hellip;]\" \/>\n<meta property=\"og:url\" content=\"https:\/\/lampyrisevents.com\/cs\/partnerstvi\/\" \/>\n<meta property=\"og:site_name\" content=\"Lampyris-Events\" \/>\n<meta property=\"article:modified_time\" content=\"2024-07-04T14:13:13+00:00\" \/>\n<meta name=\"twitter:card\" content=\"summary_large_image\" \/>\n<meta name=\"twitter:label1\" content=\"Odhadovan\u00e1 doba \u010dten\u00ed\" \/>\n\t<meta name=\"twitter:data1\" content=\"2 minuty\" \/>\n<script type=\"application\/ld+json\" class=\"yoast-schema-graph\">{\"@context\":\"https:\/\/schema.org\",\"@graph\":[{\"@type\":\"WebPage\",\"@id\":\"https:\/\/lampyrisevents.com\/cs\/partnerstvi\/\",\"url\":\"https:\/\/lampyrisevents.com\/cs\/partnerstvi\/\",\"name\":\"Partnerstv\u00ed - Lampyris-Events\",\"isPartOf\":{\"@id\":\"https:\/\/lampyrisevents.com\/cs\/#website\"},\"datePublished\":\"2024-05-30T16:33:13+00:00\",\"dateModified\":\"2024-07-04T14:13:13+00:00\",\"breadcrumb\":{\"@id\":\"https:\/\/lampyrisevents.com\/cs\/partnerstvi\/#breadcrumb\"},\"inLanguage\":\"cs\",\"potentialAction\":[{\"@type\":\"ReadAction\",\"target\":[\"https:\/\/lampyrisevents.com\/cs\/partnerstvi\/\"]}]},{\"@type\":\"BreadcrumbList\",\"@id\":\"https:\/\/lampyrisevents.com\/cs\/partnerstvi\/#breadcrumb\",\"itemListElement\":[{\"@type\":\"ListItem\",\"position\":1,\"name\":\"Home\",\"item\":\"https:\/\/lampyrisevents.com\/cs\/\"},{\"@type\":\"ListItem\",\"position\":2,\"name\":\"Partnerstv\u00ed\"}]},{\"@type\":\"WebSite\",\"@id\":\"https:\/\/lampyrisevents.com\/cs\/#website\",\"url\":\"https:\/\/lampyrisevents.com\/cs\/\",\"name\":\"Lampyris-Events\",\"description\":\"Slogan Lampyris-Events\",\"publisher\":{\"@id\":\"https:\/\/lampyrisevents.com\/cs\/#organization\"},\"potentialAction\":[{\"@type\":\"SearchAction\",\"target\":{\"@type\":\"EntryPoint\",\"urlTemplate\":\"https:\/\/lampyrisevents.com\/cs\/?s={search_term_string}\"},\"query-input\":{\"@type\":\"PropertyValueSpecification\",\"valueRequired\":true,\"valueName\":\"search_term_string\"}}],\"inLanguage\":\"cs\"},{\"@type\":\"Organization\",\"@id\":\"https:\/\/lampyrisevents.com\/cs\/#organization\",\"name\":\"Lampyris-Events\",\"url\":\"https:\/\/lampyrisevents.com\/cs\/\",\"logo\":{\"@type\":\"ImageObject\",\"inLanguage\":\"cs\",\"@id\":\"https:\/\/lampyrisevents.com\/cs\/#\/schema\/logo\/image\/\",\"url\":\"https:\/\/lampyrisevents.com\/wp-content\/uploads\/2024\/06\/logo215.png\",\"contentUrl\":\"https:\/\/lampyrisevents.com\/wp-content\/uploads\/2024\/06\/logo215.png\",\"width\":256,\"height\":80,\"caption\":\"Lampyris-Events\"},\"image\":{\"@id\":\"https:\/\/lampyrisevents.com\/cs\/#\/schema\/logo\/image\/\"}}]}<\/script>\n<!-- \/ Yoast SEO plugin. -->","yoast_head_json":{"title":"Partnerstv\u00ed - Lampyris-Events","robots":{"index":"noindex","follow":"follow","max-snippet":"max-snippet:-1","max-image-preview":"max-image-preview:large","max-video-preview":"max-video-preview:-1"},"og_locale":"cs_CZ","og_type":"article","og_title":"Partnerstv\u00ed - Lampyris-Events","og_description":"Spojte s\u00edly s Lampyris-Events Ve spole\u010dnosti Lampyris-Events v\u011b\u0159\u00edme v s\u00edlu spolupr\u00e1ce p\u0159i vytv\u00e1\u0159en\u00ed nezapomenuteln\u00fdch z\u00e1\u017eitk\u016f. Spoluprac\u00ed s n\u00e1mi z\u00edsk\u00e1te p\u0159\u00edstup k sad\u011b inovativn\u00edch n\u00e1stroj\u016f a zdroj\u016f ur\u010den\u00fdch k vylep\u0161en\u00ed procesu \u0159\u00edzen\u00ed ud\u00e1lost\u00ed. A\u0165 u\u017e jste organiz\u00e1torem akce, majitelem m\u00edsta kon\u00e1n\u00ed nebo poskytovatelem slu\u017eeb, na\u0161e platforma nab\u00edz\u00ed bezprobl\u00e9mov\u00e9 \u0159e\u0161en\u00ed pro zlep\u0161en\u00ed va\u0161ich operac\u00ed a osloven\u00ed \u0161ir\u0161\u00edho [&hellip;]","og_url":"https:\/\/lampyrisevents.com\/cs\/partnerstvi\/","og_site_name":"Lampyris-Events","article_modified_time":"2024-07-04T14:13:13+00:00","twitter_card":"summary_large_image","twitter_misc":{"Odhadovan\u00e1 doba \u010dten\u00ed":"2 minuty"},"schema":{"@context":"https:\/\/schema.org","@graph":[{"@type":"WebPage","@id":"https:\/\/lampyrisevents.com\/cs\/partnerstvi\/","url":"https:\/\/lampyrisevents.com\/cs\/partnerstvi\/","name":"Partnerstv\u00ed - Lampyris-Events","isPartOf":{"@id":"https:\/\/lampyrisevents.com\/cs\/#website"},"datePublished":"2024-05-30T16:33:13+00:00","dateModified":"2024-07-04T14:13:13+00:00","breadcrumb":{"@id":"https:\/\/lampyrisevents.com\/cs\/partnerstvi\/#breadcrumb"},"inLanguage":"cs","potentialAction":[{"@type":"ReadAction","target":["https:\/\/lampyrisevents.com\/cs\/partnerstvi\/"]}]},{"@type":"BreadcrumbList","@id":"https:\/\/lampyrisevents.com\/cs\/partnerstvi\/#breadcrumb","itemListElement":[{"@type":"ListItem","position":1,"name":"Home","item":"https:\/\/lampyrisevents.com\/cs\/"},{"@type":"ListItem","position":2,"name":"Partnerstv\u00ed"}]},{"@type":"WebSite","@id":"https:\/\/lampyrisevents.com\/cs\/#website","url":"https:\/\/lampyrisevents.com\/cs\/","name":"Lampyris-Events","description":"Slogan Lampyris-Events","publisher":{"@id":"https:\/\/lampyrisevents.com\/cs\/#organization"},"potentialAction":[{"@type":"SearchAction","target":{"@type":"EntryPoint","urlTemplate":"https:\/\/lampyrisevents.com\/cs\/?s={search_term_string}"},"query-input":{"@type":"PropertyValueSpecification","valueRequired":true,"valueName":"search_term_string"}}],"inLanguage":"cs"},{"@type":"Organization","@id":"https:\/\/lampyrisevents.com\/cs\/#organization","name":"Lampyris-Events","url":"https:\/\/lampyrisevents.com\/cs\/","logo":{"@type":"ImageObject","inLanguage":"cs","@id":"https:\/\/lampyrisevents.com\/cs\/#\/schema\/logo\/image\/","url":"https:\/\/lampyrisevents.com\/wp-content\/uploads\/2024\/06\/logo215.png","contentUrl":"https:\/\/lampyrisevents.com\/wp-content\/uploads\/2024\/06\/logo215.png","width":256,"height":80,"caption":"Lampyris-Events"},"image":{"@id":"https:\/\/lampyrisevents.com\/cs\/#\/schema\/logo\/image\/"}}]}},"_links":{"self":[{"href":"https:\/\/lampyrisevents.com\/cs\/wp-json\/wp\/v2\/pages\/3087","targetHints":{"allow":["GET"]}}],"collection":[{"href":"https:\/\/lampyrisevents.com\/cs\/wp-json\/wp\/v2\/pages"}],"about":[{"href":"https:\/\/lampyrisevents.com\/cs\/wp-json\/wp\/v2\/types\/page"}],"author":[{"embeddable":true,"href":"https:\/\/lampyrisevents.com\/cs\/wp-json\/wp\/v2\/users\/2"}],"replies":[{"embeddable":true,"href":"https:\/\/lampyrisevents.com\/cs\/wp-json\/wp\/v2\/comments?post=3087"}],"version-history":[{"count":1,"href":"https:\/\/lampyrisevents.com\/cs\/wp-json\/wp\/v2\/pages\/3087\/revisions"}],"predecessor-version":[{"id":3088,"href":"https:\/\/lampyrisevents.com\/cs\/wp-json\/wp\/v2\/pages\/3087\/revisions\/3088"}],"wp:attachment":[{"href":"https:\/\/lampyrisevents.com\/cs\/wp-json\/wp\/v2\/media?parent=3087"}],"curies":[{"name":"wp","href":"https:\/\/api.w.org\/{rel}","templated":true}]}}