{"id":5908,"date":"2024-06-28T13:01:09","date_gmt":"2024-06-28T11:01:09","guid":{"rendered":"https:\/\/lampyrisevents.com\/mit-stripe-verbinden\/"},"modified":"2024-07-15T11:24:01","modified_gmt":"2024-07-15T09:24:01","slug":"mit-stripe-verbinden","status":"publish","type":"page","link":"https:\/\/lampyrisevents.com\/de\/mit-stripe-verbinden\/","title":{"rendered":"Mit Stripe verbinden"},"content":{"rendered":"\t\t<div data-elementor-type=\"wp-page\" data-elementor-id=\"5908\" class=\"elementor elementor-5908 elementor-2968\" data-elementor-post-type=\"page\">\n\t\t\t\t<div class=\"elementor-element elementor-element-37c6f393 e-flex e-con-boxed e-con e-parent\" data-id=\"37c6f393\" data-element_type=\"container\" data-e-type=\"container\">\n\t\t\t\t\t<div class=\"e-con-inner\">\n\t\t\t\t<div class=\"elementor-element elementor-element-718f8a6b elementor-widget elementor-widget-heading\" data-id=\"718f8a6b\" data-element_type=\"widget\" data-e-type=\"widget\" data-widget_type=\"heading.default\">\n\t\t\t\t<div class=\"elementor-widget-container\">\n\t\t\t\t\t<h2 class=\"elementor-heading-title elementor-size-default\">Wie Sie Ihr Stripe-Konto mit der ArenaSoldOut-Plattform verbinden<\/h2>\t\t\t\t<\/div>\n\t\t\t\t<\/div>\n\t\t\t\t<div class=\"elementor-element elementor-element-46013c6 elementor-widget elementor-widget-text-editor\" data-id=\"46013c6\" data-element_type=\"widget\" data-e-type=\"widget\" data-widget_type=\"text-editor.default\">\n\t\t\t\t<div class=\"elementor-widget-container\">\n\t\t\t\t\t\t\t\t\t<p>Um Stripe als Zahlungsgateway f\u00fcr Arenasoldout.com zu integrieren, m\u00fcssen Sie einen Techniker der Plattform einladen, Ihrem Stripe-Konto als Entwickler beizutreten. Folgen Sie diesen Schritten:<\/p>\n\t\t\t\t\t\t\t\t<\/div>\n\t\t\t\t<\/div>\n\t\t\t\t<div class=\"elementor-element elementor-element-9b3da01 elementor-widget elementor-widget-heading\" data-id=\"9b3da01\" data-element_type=\"widget\" data-e-type=\"widget\" data-widget_type=\"heading.default\">\n\t\t\t\t<div class=\"elementor-widget-container\">\n\t\t\t\t\t<h3 class=\"elementor-heading-title elementor-size-default\">Schritt-f\u00fcr-Schritt-Anleitung<\/h3>\t\t\t\t<\/div>\n\t\t\t\t<\/div>\n\t\t\t\t<div class=\"elementor-element elementor-element-5a1fe966 elementor-widget elementor-widget-text-editor\" data-id=\"5a1fe966\" data-element_type=\"widget\" data-e-type=\"widget\" data-widget_type=\"text-editor.default\">\n\t\t\t\t<div class=\"elementor-widget-container\">\n\t\t\t\t\t\t\t\t\t<p><strong>Bei den Stripe-Einstellungen anmelden<\/strong><\/p>\n<ul>\n<li>Greifen Sie auf Ihr Stripe-Konto zu und navigieren Sie zum Dashboard.<\/li>\n<li>Klicken Sie auf das Zahnradsymbol oder die Option &#8222;Einstellungen&#8220; in der unteren linken Ecke des Dashboards.<\/li>\n<\/ul>\n\t\t\t\t\t\t\t\t<\/div>\n\t\t\t\t<\/div>\n\t\t\t\t<div class=\"elementor-element elementor-element-4da45dcd elementor-widget elementor-widget-image\" data-id=\"4da45dcd\" data-element_type=\"widget\" data-e-type=\"widget\" data-widget_type=\"image.default\">\n\t\t\t\t<div class=\"elementor-widget-container\">\n\t\t\t\t\t\t\t\t\t\t\t\t\t\t\t<img fetchpriority=\"high\" decoding=\"async\" width=\"800\" height=\"354\" src=\"https:\/\/lampyrisevents.com\/wp-content\/uploads\/2024\/06\/settings-\u2013-arenasoldout-\u2013-stripe-google-chrome-1024x453.jpg\" class=\"attachment-large size-large wp-image-2977\" alt=\"\" srcset=\"https:\/\/lampyrisevents.com\/wp-content\/uploads\/2024\/06\/settings-\u2013-arenasoldout-\u2013-stripe-google-chrome-1024x453.jpg 1024w, https:\/\/lampyrisevents.com\/wp-content\/uploads\/2024\/06\/settings-\u2013-arenasoldout-\u2013-stripe-google-chrome-300x133.jpg 300w, https:\/\/lampyrisevents.com\/wp-content\/uploads\/2024\/06\/settings-\u2013-arenasoldout-\u2013-stripe-google-chrome-768x339.jpg 768w, https:\/\/lampyrisevents.com\/wp-content\/uploads\/2024\/06\/settings-\u2013-arenasoldout-\u2013-stripe-google-chrome-1536x679.jpg 1536w, https:\/\/lampyrisevents.com\/wp-content\/uploads\/2024\/06\/settings-\u2013-arenasoldout-\u2013-stripe-google-chrome-600x265.jpg 600w, https:\/\/lampyrisevents.com\/wp-content\/uploads\/2024\/06\/settings-\u2013-arenasoldout-\u2013-stripe-google-chrome.jpg 1604w\" sizes=\"(max-width: 800px) 100vw, 800px\" \/>\t\t\t\t\t\t\t\t\t\t\t\t\t\t\t<\/div>\n\t\t\t\t<\/div>\n\t\t\t\t<div class=\"elementor-element elementor-element-227c7546 elementor-widget elementor-widget-text-editor\" data-id=\"227c7546\" data-element_type=\"widget\" data-e-type=\"widget\" data-widget_type=\"text-editor.default\">\n\t\t\t\t<div class=\"elementor-widget-container\">\n\t\t\t\t\t\t\t\t\t<p><strong>W\u00e4hlen Sie das Men\u00fc &#8218;Team&#8216;.<\/strong><\/p>\n<ul>\n<li>Suchen Sie im Einstellungsmen\u00fc die Option &#8222;Team&#8220; und w\u00e4hlen Sie sie aus.<\/li>\n<li>Dies f\u00fchrt Sie zur Teamverwaltungsseite, auf der Sie Benutzer und deren Rollen verwalten k\u00f6nnen.<\/li>\n<\/ul>\n\t\t\t\t\t\t\t\t<\/div>\n\t\t\t\t<\/div>\n\t\t\t\t<div class=\"elementor-element elementor-element-6c2723e elementor-widget elementor-widget-image\" data-id=\"6c2723e\" data-element_type=\"widget\" data-e-type=\"widget\" data-widget_type=\"image.default\">\n\t\t\t\t<div class=\"elementor-widget-container\">\n\t\t\t\t\t\t\t\t\t\t\t\t\t\t\t<img decoding=\"async\" width=\"800\" height=\"352\" src=\"https:\/\/lampyrisevents.com\/wp-content\/uploads\/2024\/06\/team-\u2013-arenasoldout-\u2013-stripe-google-chrome-1024x450.jpg\" class=\"attachment-large size-large wp-image-3003\" alt=\"\" srcset=\"https:\/\/lampyrisevents.com\/wp-content\/uploads\/2024\/06\/team-\u2013-arenasoldout-\u2013-stripe-google-chrome-1024x450.jpg 1024w, https:\/\/lampyrisevents.com\/wp-content\/uploads\/2024\/06\/team-\u2013-arenasoldout-\u2013-stripe-google-chrome-300x132.jpg 300w, https:\/\/lampyrisevents.com\/wp-content\/uploads\/2024\/06\/team-\u2013-arenasoldout-\u2013-stripe-google-chrome-768x338.jpg 768w, https:\/\/lampyrisevents.com\/wp-content\/uploads\/2024\/06\/team-\u2013-arenasoldout-\u2013-stripe-google-chrome-1536x676.jpg 1536w, https:\/\/lampyrisevents.com\/wp-content\/uploads\/2024\/06\/team-\u2013-arenasoldout-\u2013-stripe-google-chrome-600x264.jpg 600w, https:\/\/lampyrisevents.com\/wp-content\/uploads\/2024\/06\/team-\u2013-arenasoldout-\u2013-stripe-google-chrome.jpg 1623w\" sizes=\"(max-width: 800px) 100vw, 800px\" \/>\t\t\t\t\t\t\t\t\t\t\t\t\t\t\t<\/div>\n\t\t\t\t<\/div>\n\t\t\t\t<div class=\"elementor-element elementor-element-77011b1c elementor-widget elementor-widget-text-editor\" data-id=\"77011b1c\" data-element_type=\"widget\" data-e-type=\"widget\" data-widget_type=\"text-editor.default\">\n\t\t\t\t<div class=\"elementor-widget-container\">\n\t\t\t\t\t\t\t\t\t<p><strong>Ein Teammitglied als Entwickler hinzuf\u00fcgen<\/strong><\/p>\n<ul>\n<li>\n<p>Klicken Sie auf der Teamverwaltungsseite auf die Schaltfl\u00e4che &#8222;Mitglied hinzuf\u00fcgen&#8220;.<\/p>\n<\/li>\n<li>\n<p>Geben Sie die folgenden Details ein:<\/p>\n<ul>\n<li><strong>E-Mail:<\/strong> <a rel=\"noreferrer\">ava@abhteam.com<\/a><\/li>\n<li><strong>Rolle:<\/strong> Entwickler<\/li>\n<\/ul>\n<\/li>\n<li>\n<p>Die Rolle Entwickler erm\u00f6glicht es der eingeladenen Person, API-Schl\u00fcssel und Integrationseinstellungen zu verwalten, was f\u00fcr die Einrichtung von Stripe als Zahlungs-Gateway unerl\u00e4sslich ist.<\/p>\n<\/li>\n<\/ul>\n\t\t\t\t\t\t\t\t<\/div>\n\t\t\t\t<\/div>\n\t\t\t\t<div class=\"elementor-element elementor-element-aac9022 elementor-widget elementor-widget-image\" data-id=\"aac9022\" data-element_type=\"widget\" data-e-type=\"widget\" data-widget_type=\"image.default\">\n\t\t\t\t<div class=\"elementor-widget-container\">\n\t\t\t\t\t\t\t\t\t\t\t\t\t\t\t<img decoding=\"async\" width=\"800\" height=\"434\" src=\"https:\/\/lampyrisevents.com\/wp-content\/uploads\/2024\/06\/team-\u2013-arenasoldout-\u2013-stripe-invite-google-chrome-1024x556.jpg\" class=\"attachment-large size-large wp-image-3029\" alt=\"\" srcset=\"https:\/\/lampyrisevents.com\/wp-content\/uploads\/2024\/06\/team-\u2013-arenasoldout-\u2013-stripe-invite-google-chrome-1024x556.jpg 1024w, https:\/\/lampyrisevents.com\/wp-content\/uploads\/2024\/06\/team-\u2013-arenasoldout-\u2013-stripe-invite-google-chrome-300x163.jpg 300w, https:\/\/lampyrisevents.com\/wp-content\/uploads\/2024\/06\/team-\u2013-arenasoldout-\u2013-stripe-invite-google-chrome-768x417.jpg 768w, https:\/\/lampyrisevents.com\/wp-content\/uploads\/2024\/06\/team-\u2013-arenasoldout-\u2013-stripe-invite-google-chrome-1536x833.jpg 1536w, https:\/\/lampyrisevents.com\/wp-content\/uploads\/2024\/06\/team-\u2013-arenasoldout-\u2013-stripe-invite-google-chrome-600x326.jpg 600w, https:\/\/lampyrisevents.com\/wp-content\/uploads\/2024\/06\/team-\u2013-arenasoldout-\u2013-stripe-invite-google-chrome.jpg 1561w\" sizes=\"(max-width: 800px) 100vw, 800px\" \/>\t\t\t\t\t\t\t\t\t\t\t\t\t\t\t<\/div>\n\t\t\t\t<\/div>\n\t\t\t\t<div class=\"elementor-element elementor-element-34515f19 elementor-widget elementor-widget-text-editor\" data-id=\"34515f19\" data-element_type=\"widget\" data-e-type=\"widget\" data-widget_type=\"text-editor.default\">\n\t\t\t\t<div class=\"elementor-widget-container\">\n\t\t\t\t\t\t\t\t\t<p><strong>Senden Sie die Einladung<\/strong><\/p>\n<ul>\n<li>Nachdem Sie die erforderlichen Daten eingegeben haben, senden Sie die Einladung ab.<\/li>\n<li>Andrei Andreev erh\u00e4lt eine E-Mail mit Anweisungen, um Ihrem Stripe-Konto beizutreten.<\/li>\n<\/ul>\n\t\t\t\t\t\t\t\t<\/div>\n\t\t\t\t<\/div>\n\t\t\t\t<div class=\"elementor-element elementor-element-fa3e200 elementor-widget elementor-widget-text-editor\" data-id=\"fa3e200\" data-element_type=\"widget\" data-e-type=\"widget\" data-widget_type=\"text-editor.default\">\n\t\t\t\t<div class=\"elementor-widget-container\">\n\t\t\t\t\t\t\t\t\t<p><strong>Senden Sie die Einladung<\/strong><\/p>\n<ul>\n<li>Nachdem Sie die erforderlichen Daten eingegeben haben, senden Sie die Einladung ab.<\/li>\n<li>Andrei Andreev wird eine E-Mail mit Anweisungen erhalten, um Ihrem Stripe-Konto beizutreten.<\/li>\n<\/ul>\n\t\t\t\t\t\t\t\t<\/div>\n\t\t\t\t<\/div>\n\t\t\t\t<div class=\"elementor-element elementor-element-5715ada9 elementor-widget elementor-widget-text-editor\" data-id=\"5715ada9\" data-element_type=\"widget\" data-e-type=\"widget\" data-widget_type=\"text-editor.default\">\n\t\t\t\t<div class=\"elementor-widget-container\">\n\t\t\t\t\t\t\t\t\t<h3>Erl\u00e4uterung der Rolle des Entwicklers<\/h3>\n<p>Die Rolle des Entwicklers bei Stripe ist entscheidend f\u00fcr die Verwaltung der technischen Aspekte der Integration, einschlie\u00dflich API-Schl\u00fcssel und Webhooks. Indem Sie Andrei Andreev als Entwickler einladen, stellen Sie sicher, dass er die notwendigen Berechtigungen hat, um Stripe f\u00fcr eine reibungslose Zahlungsabwicklung auf Ihrem Stripe-Konto einzurichten und zu konfigurieren. Diese Rolle hat keinen Zugang zu sensiblen Finanzdaten, kann aber alle technischen Anforderungen erf\u00fcllen, die f\u00fcr die Integration erforderlich sind.<\/p>\n\t\t\t\t\t\t\t\t<\/div>\n\t\t\t\t<\/div>\n\t\t\t\t\t<\/div>\n\t\t\t\t<\/div>\n\t\t\t\t<\/div>\n\t\t","protected":false},"excerpt":{"rendered":"<p>Wie Sie Ihr Stripe-Konto mit der ArenaSoldOut-Plattform verbinden Um Stripe als Zahlungsgateway f\u00fcr Arenasoldout.com zu integrieren, m\u00fcssen Sie einen Techniker der Plattform einladen, Ihrem Stripe-Konto als Entwickler beizutreten. Folgen Sie diesen Schritten: Schritt-f\u00fcr-Schritt-Anleitung Bei den Stripe-Einstellungen anmelden Greifen Sie auf Ihr Stripe-Konto zu und navigieren Sie zum Dashboard. Klicken Sie auf das Zahnradsymbol oder die [&hellip;]<\/p>\n","protected":false},"author":2,"featured_media":0,"parent":0,"menu_order":0,"comment_status":"closed","ping_status":"closed","template":"","meta":{"_acf_changed":false,"footnotes":""},"class_list":["post-5908","page","type-page","status-publish","hentry"],"acf":[],"yoast_head":"<!-- This site is optimized with the Yoast SEO plugin v27.2 - https:\/\/yoast.com\/product\/yoast-seo-wordpress\/ -->\n<title>Mit Stripe verbinden - Lampyris-Events<\/title>\n<meta name=\"robots\" content=\"noindex, follow, max-snippet:-1, max-image-preview:large, max-video-preview:-1\" \/>\n<meta property=\"og:locale\" content=\"de_DE\" \/>\n<meta property=\"og:type\" content=\"article\" \/>\n<meta property=\"og:title\" content=\"Mit Stripe verbinden - Lampyris-Events\" \/>\n<meta property=\"og:description\" content=\"Wie Sie Ihr Stripe-Konto mit der ArenaSoldOut-Plattform verbinden Um Stripe als Zahlungsgateway f\u00fcr Arenasoldout.com zu integrieren, m\u00fcssen Sie einen Techniker der Plattform einladen, Ihrem Stripe-Konto als Entwickler beizutreten. Folgen Sie diesen Schritten: Schritt-f\u00fcr-Schritt-Anleitung Bei den Stripe-Einstellungen anmelden Greifen Sie auf Ihr Stripe-Konto zu und navigieren Sie zum Dashboard. Klicken Sie auf das Zahnradsymbol oder die [&hellip;]\" \/>\n<meta property=\"og:url\" content=\"https:\/\/lampyrisevents.com\/de\/mit-stripe-verbinden\/\" \/>\n<meta property=\"og:site_name\" content=\"Lampyris-Events\" \/>\n<meta property=\"article:modified_time\" content=\"2024-07-15T09:24:01+00:00\" \/>\n<meta name=\"twitter:card\" content=\"summary_large_image\" \/>\n<meta name=\"twitter:label1\" content=\"Gesch\u00e4tzte Lesezeit\" \/>\n\t<meta name=\"twitter:data1\" content=\"1\u00a0Minute\" \/>\n<script type=\"application\/ld+json\" class=\"yoast-schema-graph\">{\"@context\":\"https:\/\/schema.org\",\"@graph\":[{\"@type\":\"WebPage\",\"@id\":\"https:\/\/lampyrisevents.com\/de\/mit-stripe-verbinden\/\",\"url\":\"https:\/\/lampyrisevents.com\/de\/mit-stripe-verbinden\/\",\"name\":\"Mit Stripe verbinden - Lampyris-Events\",\"isPartOf\":{\"@id\":\"https:\/\/lampyrisevents.com\/de\/#website\"},\"datePublished\":\"2024-06-28T11:01:09+00:00\",\"dateModified\":\"2024-07-15T09:24:01+00:00\",\"breadcrumb\":{\"@id\":\"https:\/\/lampyrisevents.com\/de\/mit-stripe-verbinden\/#breadcrumb\"},\"inLanguage\":\"de\",\"potentialAction\":[{\"@type\":\"ReadAction\",\"target\":[\"https:\/\/lampyrisevents.com\/de\/mit-stripe-verbinden\/\"]}]},{\"@type\":\"BreadcrumbList\",\"@id\":\"https:\/\/lampyrisevents.com\/de\/mit-stripe-verbinden\/#breadcrumb\",\"itemListElement\":[{\"@type\":\"ListItem\",\"position\":1,\"name\":\"Home\",\"item\":\"https:\/\/lampyrisevents.com\/de\/\"},{\"@type\":\"ListItem\",\"position\":2,\"name\":\"Mit Stripe verbinden\"}]},{\"@type\":\"WebSite\",\"@id\":\"https:\/\/lampyrisevents.com\/de\/#website\",\"url\":\"https:\/\/lampyrisevents.com\/de\/\",\"name\":\"Lampyris-Events\",\"description\":\"Slogan Lampyris-Events\",\"publisher\":{\"@id\":\"https:\/\/lampyrisevents.com\/de\/#organization\"},\"potentialAction\":[{\"@type\":\"SearchAction\",\"target\":{\"@type\":\"EntryPoint\",\"urlTemplate\":\"https:\/\/lampyrisevents.com\/de\/?s={search_term_string}\"},\"query-input\":{\"@type\":\"PropertyValueSpecification\",\"valueRequired\":true,\"valueName\":\"search_term_string\"}}],\"inLanguage\":\"de\"},{\"@type\":\"Organization\",\"@id\":\"https:\/\/lampyrisevents.com\/de\/#organization\",\"name\":\"Lampyris-Events\",\"url\":\"https:\/\/lampyrisevents.com\/de\/\",\"logo\":{\"@type\":\"ImageObject\",\"inLanguage\":\"de\",\"@id\":\"https:\/\/lampyrisevents.com\/de\/#\/schema\/logo\/image\/\",\"url\":\"https:\/\/lampyrisevents.com\/wp-content\/uploads\/2024\/06\/logo215.png\",\"contentUrl\":\"https:\/\/lampyrisevents.com\/wp-content\/uploads\/2024\/06\/logo215.png\",\"width\":256,\"height\":80,\"caption\":\"Lampyris-Events\"},\"image\":{\"@id\":\"https:\/\/lampyrisevents.com\/de\/#\/schema\/logo\/image\/\"}}]}<\/script>\n<!-- \/ Yoast SEO plugin. -->","yoast_head_json":{"title":"Mit Stripe verbinden - Lampyris-Events","robots":{"index":"noindex","follow":"follow","max-snippet":"max-snippet:-1","max-image-preview":"max-image-preview:large","max-video-preview":"max-video-preview:-1"},"og_locale":"de_DE","og_type":"article","og_title":"Mit Stripe verbinden - Lampyris-Events","og_description":"Wie Sie Ihr Stripe-Konto mit der ArenaSoldOut-Plattform verbinden Um Stripe als Zahlungsgateway f\u00fcr Arenasoldout.com zu integrieren, m\u00fcssen Sie einen Techniker der Plattform einladen, Ihrem Stripe-Konto als Entwickler beizutreten. Folgen Sie diesen Schritten: Schritt-f\u00fcr-Schritt-Anleitung Bei den Stripe-Einstellungen anmelden Greifen Sie auf Ihr Stripe-Konto zu und navigieren Sie zum Dashboard. Klicken Sie auf das Zahnradsymbol oder die [&hellip;]","og_url":"https:\/\/lampyrisevents.com\/de\/mit-stripe-verbinden\/","og_site_name":"Lampyris-Events","article_modified_time":"2024-07-15T09:24:01+00:00","twitter_card":"summary_large_image","twitter_misc":{"Gesch\u00e4tzte Lesezeit":"1\u00a0Minute"},"schema":{"@context":"https:\/\/schema.org","@graph":[{"@type":"WebPage","@id":"https:\/\/lampyrisevents.com\/de\/mit-stripe-verbinden\/","url":"https:\/\/lampyrisevents.com\/de\/mit-stripe-verbinden\/","name":"Mit Stripe verbinden - Lampyris-Events","isPartOf":{"@id":"https:\/\/lampyrisevents.com\/de\/#website"},"datePublished":"2024-06-28T11:01:09+00:00","dateModified":"2024-07-15T09:24:01+00:00","breadcrumb":{"@id":"https:\/\/lampyrisevents.com\/de\/mit-stripe-verbinden\/#breadcrumb"},"inLanguage":"de","potentialAction":[{"@type":"ReadAction","target":["https:\/\/lampyrisevents.com\/de\/mit-stripe-verbinden\/"]}]},{"@type":"BreadcrumbList","@id":"https:\/\/lampyrisevents.com\/de\/mit-stripe-verbinden\/#breadcrumb","itemListElement":[{"@type":"ListItem","position":1,"name":"Home","item":"https:\/\/lampyrisevents.com\/de\/"},{"@type":"ListItem","position":2,"name":"Mit Stripe verbinden"}]},{"@type":"WebSite","@id":"https:\/\/lampyrisevents.com\/de\/#website","url":"https:\/\/lampyrisevents.com\/de\/","name":"Lampyris-Events","description":"Slogan Lampyris-Events","publisher":{"@id":"https:\/\/lampyrisevents.com\/de\/#organization"},"potentialAction":[{"@type":"SearchAction","target":{"@type":"EntryPoint","urlTemplate":"https:\/\/lampyrisevents.com\/de\/?s={search_term_string}"},"query-input":{"@type":"PropertyValueSpecification","valueRequired":true,"valueName":"search_term_string"}}],"inLanguage":"de"},{"@type":"Organization","@id":"https:\/\/lampyrisevents.com\/de\/#organization","name":"Lampyris-Events","url":"https:\/\/lampyrisevents.com\/de\/","logo":{"@type":"ImageObject","inLanguage":"de","@id":"https:\/\/lampyrisevents.com\/de\/#\/schema\/logo\/image\/","url":"https:\/\/lampyrisevents.com\/wp-content\/uploads\/2024\/06\/logo215.png","contentUrl":"https:\/\/lampyrisevents.com\/wp-content\/uploads\/2024\/06\/logo215.png","width":256,"height":80,"caption":"Lampyris-Events"},"image":{"@id":"https:\/\/lampyrisevents.com\/de\/#\/schema\/logo\/image\/"}}]}},"_links":{"self":[{"href":"https:\/\/lampyrisevents.com\/de\/wp-json\/wp\/v2\/pages\/5908","targetHints":{"allow":["GET"]}}],"collection":[{"href":"https:\/\/lampyrisevents.com\/de\/wp-json\/wp\/v2\/pages"}],"about":[{"href":"https:\/\/lampyrisevents.com\/de\/wp-json\/wp\/v2\/types\/page"}],"author":[{"embeddable":true,"href":"https:\/\/lampyrisevents.com\/de\/wp-json\/wp\/v2\/users\/2"}],"replies":[{"embeddable":true,"href":"https:\/\/lampyrisevents.com\/de\/wp-json\/wp\/v2\/comments?post=5908"}],"version-history":[{"count":1,"href":"https:\/\/lampyrisevents.com\/de\/wp-json\/wp\/v2\/pages\/5908\/revisions"}],"predecessor-version":[{"id":5909,"href":"https:\/\/lampyrisevents.com\/de\/wp-json\/wp\/v2\/pages\/5908\/revisions\/5909"}],"wp:attachment":[{"href":"https:\/\/lampyrisevents.com\/de\/wp-json\/wp\/v2\/media?parent=5908"}],"curies":[{"name":"wp","href":"https:\/\/api.w.org\/{rel}","templated":true}]}}