{"id":5922,"date":"2024-06-21T19:56:26","date_gmt":"2024-06-21T17:56:26","guid":{"rendered":"https:\/\/lampyrisevents.com\/downloads\/"},"modified":"2024-07-15T11:30:21","modified_gmt":"2024-07-15T09:30:21","slug":"downloads","status":"publish","type":"page","link":"https:\/\/lampyrisevents.com\/de\/downloads\/","title":{"rendered":"Downloads"},"content":{"rendered":"\t\t<div data-elementor-type=\"wp-page\" data-elementor-id=\"5922\" class=\"elementor elementor-5922 elementor-2768\" data-elementor-post-type=\"page\">\n\t\t\t\t<div class=\"elementor-element elementor-element-4de68930 e-flex e-con-boxed e-con e-parent\" data-id=\"4de68930\" data-element_type=\"container\" data-e-type=\"container\">\n\t\t\t\t\t<div class=\"e-con-inner\">\n\t\t<div class=\"elementor-element elementor-element-5a71030d e-con-full e-flex e-con e-child\" data-id=\"5a71030d\" data-element_type=\"container\" data-e-type=\"container\">\n\t\t\t\t<div class=\"elementor-element elementor-element-eddce3d elementor-widget elementor-widget-heading\" data-id=\"eddce3d\" data-element_type=\"widget\" data-e-type=\"widget\" data-widget_type=\"heading.default\">\n\t\t\t\t<div class=\"elementor-widget-container\">\n\t\t\t\t\t<h1 class=\"elementor-heading-title elementor-size-default\">DOWNLOAD BEREICH<\/h1>\t\t\t\t<\/div>\n\t\t\t\t<\/div>\n\t\t\t\t<div class=\"elementor-element elementor-element-2ae59489 elementor-widget elementor-widget-text-editor\" data-id=\"2ae59489\" data-element_type=\"widget\" data-e-type=\"widget\" data-widget_type=\"text-editor.default\">\n\t\t\t\t<div class=\"elementor-widget-container\">\n\t\t\t\t\t\t\t\t\t<p>Unsere Plattform wird \u00fcber Desktop-Anwendungen verwaltet. Das bedeutet, dass Sie nicht \u00fcber einen Webbrowser darauf zugreifen, sondern ein Programm direkt auf Ihren Computer herunterladen und installieren. Diese Desktop-Anwendungen bieten eine spezielle Schnittstelle f\u00fcr die Verwaltung Ihrer Veranstaltungen, Ticketverk\u00e4ufe und anderer Plattformaktivit\u00e4ten. Sie bieten Funktionen wie Offline-Zugriff, schnellere Leistung und verbesserte Sicherheit im Vergleich zu webbasierten Plattformen. Dieser Ansatz erm\u00f6glicht eine nahtlose und effiziente Benutzererfahrung mit direktem Zugriff auf die Plattformfunktionen. Um die ArenaSoldOut-TixGear Ticket-Plattform effektiv zu verwalten, m\u00fcssen Sie Java installiert haben.<\/p>\n\t\t\t\t\t\t\t\t<\/div>\n\t\t\t\t<\/div>\n\t\t<div class=\"elementor-element elementor-element-d9d6ec0 e-con-full e-flex e-con e-child\" data-id=\"d9d6ec0\" data-element_type=\"container\" data-e-type=\"container\">\n\t\t<div class=\"elementor-element elementor-element-e6f44e8 e-con-full e-flex e-con e-child\" data-id=\"e6f44e8\" data-element_type=\"container\" data-e-type=\"container\">\n\t\t\t\t<div class=\"elementor-element elementor-element-4acff093 elementor-widget elementor-widget-heading\" data-id=\"4acff093\" data-element_type=\"widget\" data-e-type=\"widget\" data-widget_type=\"heading.default\">\n\t\t\t\t<div class=\"elementor-widget-container\">\n\t\t\t\t\t<h4 class=\"elementor-heading-title elementor-size-default\">JAVA-LAUFZEITUMGEBUNG (JRE)<\/h4>\t\t\t\t<\/div>\n\t\t\t\t<\/div>\n\t\t\t\t<\/div>\n\t\t<div class=\"elementor-element elementor-element-4cf45ff e-con-full e-flex e-con e-child\" data-id=\"4cf45ff\" data-element_type=\"container\" data-e-type=\"container\">\n\t\t\t\t<div class=\"elementor-element elementor-element-2c5e7f84 elementor-widget elementor-widget-text-editor\" data-id=\"2c5e7f84\" data-element_type=\"widget\" data-e-type=\"widget\" data-widget_type=\"text-editor.default\">\n\t\t\t\t<div class=\"elementor-widget-container\">\n\t\t\t\t\t\t\t\t\t<p>Sie k\u00f6nnen Java \u00fcber diese Links herunterladen:<\/p>\n\t\t\t\t\t\t\t\t<\/div>\n\t\t\t\t<\/div>\n\t\t\t\t<\/div>\n\t\t<div class=\"elementor-element elementor-element-4d5502f e-con-full e-flex e-con e-child\" data-id=\"4d5502f\" data-element_type=\"container\" data-e-type=\"container\">\n\t\t\t\t<div class=\"elementor-element elementor-element-69e4164 elementor-align-right elementor-mobile-align-center elementor-widget__width-initial elementor-widget elementor-widget-button\" data-id=\"69e4164\" data-element_type=\"widget\" data-e-type=\"widget\" data-widget_type=\"button.default\">\n\t\t\t\t<div class=\"elementor-widget-container\">\n\t\t\t\t\t\t\t\t\t<div class=\"elementor-button-wrapper\">\n\t\t\t\t\t<a class=\"elementor-button elementor-button-link elementor-size-sm\" href=\"https:\/\/tixgear.com\/DA\/jre-8u371-windows-x64.exe\" target=\"_blank\" rel=\"nofollow\">\n\t\t\t\t\t\t<span class=\"elementor-button-content-wrapper\">\n\t\t\t\t\t\t\t\t\t<span class=\"elementor-button-text\">JRE f\u00fcr Windows x64 herunterladen<\/span>\n\t\t\t\t\t<\/span>\n\t\t\t\t\t<\/a>\n\t\t\t\t<\/div>\n\t\t\t\t\t\t\t\t<\/div>\n\t\t\t\t<\/div>\n\t\t\t\t<div class=\"elementor-element elementor-element-7f30af6a elementor-align-right elementor-mobile-align-center elementor-widget__width-initial elementor-widget elementor-widget-button\" data-id=\"7f30af6a\" data-element_type=\"widget\" data-e-type=\"widget\" data-widget_type=\"button.default\">\n\t\t\t\t<div class=\"elementor-widget-container\">\n\t\t\t\t\t\t\t\t\t<div class=\"elementor-button-wrapper\">\n\t\t\t\t\t<a class=\"elementor-button elementor-button-link elementor-size-sm\" href=\"https:\/\/tixgear.com\/DA\/jre-8u371-macosx-x64.dmg\" target=\"_blank\" rel=\"nofollow\">\n\t\t\t\t\t\t<span class=\"elementor-button-content-wrapper\">\n\t\t\t\t\t\t\t\t\t<span class=\"elementor-button-text\">JRE f\u00fcr MacOS x64 herunterladen<\/span>\n\t\t\t\t\t<\/span>\n\t\t\t\t\t<\/a>\n\t\t\t\t<\/div>\n\t\t\t\t\t\t\t\t<\/div>\n\t\t\t\t<\/div>\n\t\t\t\t<\/div>\n\t\t\t\t<\/div>\n\t\t<div class=\"elementor-element elementor-element-5d27703 e-con-full e-flex e-con e-child\" data-id=\"5d27703\" data-element_type=\"container\" data-e-type=\"container\">\n\t\t<div class=\"elementor-element elementor-element-10c38ee e-con-full e-flex e-con e-child\" data-id=\"10c38ee\" data-element_type=\"container\" data-e-type=\"container\">\n\t\t\t\t<div class=\"elementor-element elementor-element-672ba92e elementor-widget elementor-widget-heading\" data-id=\"672ba92e\" data-element_type=\"widget\" data-e-type=\"widget\" data-widget_type=\"heading.default\">\n\t\t\t\t<div class=\"elementor-widget-container\">\n\t\t\t\t\t<h4 class=\"elementor-heading-title elementor-size-default\">REDAKTION<\/h4>\t\t\t\t<\/div>\n\t\t\t\t<\/div>\n\t\t\t\t<\/div>\n\t\t<div class=\"elementor-element elementor-element-d9b74b2 e-con-full e-flex e-con e-child\" data-id=\"d9b74b2\" data-element_type=\"container\" data-e-type=\"container\">\n\t\t\t\t<div class=\"elementor-element elementor-element-24873eec elementor-widget__width-initial elementor-widget elementor-widget-text-editor\" data-id=\"24873eec\" data-element_type=\"widget\" data-e-type=\"widget\" data-widget_type=\"text-editor.default\">\n\t\t\t\t<div class=\"elementor-widget-container\">\n\t\t\t\t\t\t\t\t\t<p>Der Editor dient dazu, Veranstaltungen zu erstellen und alle f\u00fcr den Ticketverkauf erforderlichen Informationen in die zentrale Datenbank der TixGear-Plattform einzugeben.<\/p>\n\t\t\t\t\t\t\t\t<\/div>\n\t\t\t\t<\/div>\n\t\t\t\t<\/div>\n\t\t<div class=\"elementor-element elementor-element-22f585d e-con-full e-flex e-con e-child\" data-id=\"22f585d\" data-element_type=\"container\" data-e-type=\"container\">\n\t\t\t\t<div class=\"elementor-element elementor-element-6dae4907 elementor-align-right elementor-mobile-align-center elementor-widget__width-initial elementor-widget elementor-widget-button\" data-id=\"6dae4907\" data-element_type=\"widget\" data-e-type=\"widget\" data-widget_type=\"button.default\">\n\t\t\t\t<div class=\"elementor-widget-container\">\n\t\t\t\t\t\t\t\t\t<div class=\"elementor-button-wrapper\">\n\t\t\t\t\t<a class=\"elementor-button elementor-button-link elementor-size-sm\" href=\"https:\/\/tixgear.com\/DA\/TixEditor.jar?build=7111\" target=\"_blank\" rel=\"nofollow\">\n\t\t\t\t\t\t<span class=\"elementor-button-content-wrapper\">\n\t\t\t\t\t\t\t\t\t<span class=\"elementor-button-text\">Editor herunterladen<\/span>\n\t\t\t\t\t<\/span>\n\t\t\t\t\t<\/a>\n\t\t\t\t<\/div>\n\t\t\t\t\t\t\t\t<\/div>\n\t\t\t\t<\/div>\n\t\t\t\t<\/div>\n\t\t\t\t<\/div>\n\t\t<div class=\"elementor-element elementor-element-920b323 e-con-full e-flex e-con e-child\" data-id=\"920b323\" data-element_type=\"container\" data-e-type=\"container\">\n\t\t<div class=\"elementor-element elementor-element-8f7b838 e-con-full e-flex e-con e-child\" data-id=\"8f7b838\" data-element_type=\"container\" data-e-type=\"container\">\n\t\t\t\t<div class=\"elementor-element elementor-element-2b60e8e8 elementor-widget elementor-widget-heading\" data-id=\"2b60e8e8\" data-element_type=\"widget\" data-e-type=\"widget\" data-widget_type=\"heading.default\">\n\t\t\t\t<div class=\"elementor-widget-container\">\n\t\t\t\t\t<h4 class=\"elementor-heading-title elementor-size-default\">REPORTER<\/h4>\t\t\t\t<\/div>\n\t\t\t\t<\/div>\n\t\t\t\t<\/div>\n\t\t<div class=\"elementor-element elementor-element-15f9da1 e-con-full e-flex e-con e-child\" data-id=\"15f9da1\" data-element_type=\"container\" data-e-type=\"container\">\n\t\t\t\t<div class=\"elementor-element elementor-element-4bc59b05 elementor-widget__width-initial elementor-widget elementor-widget-text-editor\" data-id=\"4bc59b05\" data-element_type=\"widget\" data-e-type=\"widget\" data-widget_type=\"text-editor.default\">\n\t\t\t\t<div class=\"elementor-widget-container\">\n\t\t\t\t\t\t\t\t\t<p>Reporter ist f\u00fcr den Empfang und die Analyse von Daten \u00fcber Ticketverk\u00e4ufe, den Empfang von Berichten in verschiedenen Formen und die R\u00fcckerstattung von Tickets bestimmt. Die Anwendung zeigt Daten in Echtzeit an.<\/p>\n\t\t\t\t\t\t\t\t<\/div>\n\t\t\t\t<\/div>\n\t\t\t\t<\/div>\n\t\t<div class=\"elementor-element elementor-element-be49c24 e-con-full e-flex e-con e-child\" data-id=\"be49c24\" data-element_type=\"container\" data-e-type=\"container\">\n\t\t\t\t<div class=\"elementor-element elementor-element-13c320e4 elementor-align-right elementor-mobile-align-center elementor-widget elementor-widget-button\" data-id=\"13c320e4\" data-element_type=\"widget\" data-e-type=\"widget\" data-widget_type=\"button.default\">\n\t\t\t\t<div class=\"elementor-widget-container\">\n\t\t\t\t\t\t\t\t\t<div class=\"elementor-button-wrapper\">\n\t\t\t\t\t<a class=\"elementor-button elementor-button-link elementor-size-sm\" href=\"https:\/\/tixgear.com\/DA\/TixReporter.jar?build=7111\" target=\"_blank\" rel=\"nofollow\">\n\t\t\t\t\t\t<span class=\"elementor-button-content-wrapper\">\n\t\t\t\t\t\t\t\t\t<span class=\"elementor-button-text\">Reporter herunterladen<\/span>\n\t\t\t\t\t<\/span>\n\t\t\t\t\t<\/a>\n\t\t\t\t<\/div>\n\t\t\t\t\t\t\t\t<\/div>\n\t\t\t\t<\/div>\n\t\t\t\t<\/div>\n\t\t\t\t<\/div>\n\t\t<div class=\"elementor-element elementor-element-428de05 e-con-full e-flex e-con e-child\" data-id=\"428de05\" data-element_type=\"container\" data-e-type=\"container\">\n\t\t<div class=\"elementor-element elementor-element-e8a8919 e-con-full e-flex e-con e-child\" data-id=\"e8a8919\" data-element_type=\"container\" data-e-type=\"container\">\n\t\t\t\t<div class=\"elementor-element elementor-element-24a3d363 elementor-widget elementor-widget-heading\" data-id=\"24a3d363\" data-element_type=\"widget\" data-e-type=\"widget\" data-widget_type=\"heading.default\">\n\t\t\t\t<div class=\"elementor-widget-container\">\n\t\t\t\t\t<h4 class=\"elementor-heading-title elementor-size-default\">MANAGER<\/h4>\t\t\t\t<\/div>\n\t\t\t\t<\/div>\n\t\t\t\t<\/div>\n\t\t<div class=\"elementor-element elementor-element-e0fb089 e-con-full e-flex e-con e-child\" data-id=\"e0fb089\" data-element_type=\"container\" data-e-type=\"container\">\n\t\t\t\t<div class=\"elementor-element elementor-element-65a4f473 elementor-widget elementor-widget-text-editor\" data-id=\"65a4f473\" data-element_type=\"widget\" data-e-type=\"widget\" data-widget_type=\"text-editor.default\">\n\t\t\t\t<div class=\"elementor-widget-container\">\n\t\t\t\t\t\t\t\t\t<p>Manager wurde entwickelt, um die Anmeldedaten von Unternehmen und ihren Mitarbeitern (Benutzern) zu verwalten, Schnittstellen zu erstellen und zu verwalten, Abonnements f\u00fcr Ereignisse zu steuern, Web-Widgets zu konfigurieren, Push-Benachrichtigungen zu verwalten und andere Aufgaben zu \u00fcbernehmen, um die Ressourcen der Plattform einzurichten und zu verwalten.<\/p>\n\t\t\t\t\t\t\t\t<\/div>\n\t\t\t\t<\/div>\n\t\t\t\t<\/div>\n\t\t<div class=\"elementor-element elementor-element-60ad1ed e-con-full e-flex e-con e-child\" data-id=\"60ad1ed\" data-element_type=\"container\" data-e-type=\"container\">\n\t\t\t\t<div class=\"elementor-element elementor-element-196d1a11 elementor-align-right elementor-mobile-align-center elementor-widget elementor-widget-button\" data-id=\"196d1a11\" data-element_type=\"widget\" data-e-type=\"widget\" data-widget_type=\"button.default\">\n\t\t\t\t<div class=\"elementor-widget-container\">\n\t\t\t\t\t\t\t\t\t<div class=\"elementor-button-wrapper\">\n\t\t\t\t\t<a class=\"elementor-button elementor-button-link elementor-size-sm\" href=\"https:\/\/tixgear.com\/DA\/TixManager.jar?build=7111\" target=\"_blank\" rel=\"nofollow\">\n\t\t\t\t\t\t<span class=\"elementor-button-content-wrapper\">\n\t\t\t\t\t\t\t\t\t<span class=\"elementor-button-text\">Manager herunterladen<\/span>\n\t\t\t\t\t<\/span>\n\t\t\t\t\t<\/a>\n\t\t\t\t<\/div>\n\t\t\t\t\t\t\t\t<\/div>\n\t\t\t\t<\/div>\n\t\t\t\t<\/div>\n\t\t\t\t<\/div>\n\t\t<div class=\"elementor-element elementor-element-cf36384 e-con-full e-flex e-con e-child\" data-id=\"cf36384\" data-element_type=\"container\" data-e-type=\"container\">\n\t\t<div class=\"elementor-element elementor-element-6002aeb e-con-full e-flex e-con e-child\" data-id=\"6002aeb\" data-element_type=\"container\" data-e-type=\"container\">\n\t\t\t\t<div class=\"elementor-element elementor-element-2e94a40d elementor-widget elementor-widget-heading\" data-id=\"2e94a40d\" data-element_type=\"widget\" data-e-type=\"widget\" data-widget_type=\"heading.default\">\n\t\t\t\t<div class=\"elementor-widget-container\">\n\t\t\t\t\t<h4 class=\"elementor-heading-title elementor-size-default\">Mobiles Zugangskontrollsystem<\/h4>\t\t\t\t<\/div>\n\t\t\t\t<\/div>\n\t\t\t\t<\/div>\n\t\t<div class=\"elementor-element elementor-element-6bacdd8 e-con-full e-flex e-con e-child\" data-id=\"6bacdd8\" data-element_type=\"container\" data-e-type=\"container\">\n\t\t\t\t<div class=\"elementor-element elementor-element-3c370ded elementor-widget elementor-widget-text-editor\" data-id=\"3c370ded\" data-element_type=\"widget\" data-e-type=\"widget\" data-widget_type=\"text-editor.default\">\n\t\t\t\t<div class=\"elementor-widget-container\">\n\t\t\t\t\t\t\t\t\t<p>Das &#8222;Mobile Access Control System&#8220; (MACS, \u00fcber Google Play installieren) wurde f\u00fcr die Ticketvalidierung \u00fcber die ArenaSoldOut-Ticketplattform entwickelt. MACS besteht aus einer clientseitigen (mobilen) App, die von Zutrittskontrolleuren verwendet wird. MACS funktioniert sowohl f\u00fcr Eintritts- als auch f\u00fcr Ausgangskontrollen. Sie ben\u00f6tigen ein Android-Ger\u00e4t (Version 4.0 und h\u00f6her) mit Autofokuskamera und Internetzugang f\u00fcr die Kommunikation mit dem ArenaSoldOut-Zentralserver. MACS liest krypto-gesch\u00fctzte QR-Codes von mobilen elektronischen Tickets (MET) direkt vom Bildschirm des Besuchers.<\/p>\n\t\t\t\t\t\t\t\t<\/div>\n\t\t\t\t<\/div>\n\t\t\t\t<\/div>\n\t\t<div class=\"elementor-element elementor-element-da5ff1a e-con-full e-flex e-con e-child\" data-id=\"da5ff1a\" data-element_type=\"container\" data-e-type=\"container\">\n\t\t\t\t<div class=\"elementor-element elementor-element-952f3ae elementor-align-right elementor-mobile-align-center elementor-widget elementor-widget-button\" data-id=\"952f3ae\" data-element_type=\"widget\" data-e-type=\"widget\" data-widget_type=\"button.default\">\n\t\t\t\t<div class=\"elementor-widget-container\">\n\t\t\t\t\t\t\t\t\t<div class=\"elementor-button-wrapper\">\n\t\t\t\t\t<a class=\"elementor-button elementor-button-link elementor-size-sm\" href=\"https:\/\/play.google.com\/store\/apps\/details?id=com.arena.mskd=web_share\" target=\"_blank\" rel=\"nofollow\">\n\t\t\t\t\t\t<span class=\"elementor-button-content-wrapper\">\n\t\t\t\t\t\t\t\t\t<span class=\"elementor-button-text\">MACS herunterladen<\/span>\n\t\t\t\t\t<\/span>\n\t\t\t\t\t<\/a>\n\t\t\t\t<\/div>\n\t\t\t\t\t\t\t\t<\/div>\n\t\t\t\t<\/div>\n\t\t\t\t<\/div>\n\t\t\t\t<\/div>\n\t\t<div class=\"elementor-element elementor-element-133c507 e-con-full e-flex e-con e-child\" data-id=\"133c507\" data-element_type=\"container\" data-e-type=\"container\">\n\t\t\t\t<div class=\"elementor-element elementor-element-6d9f4221 elementor-align-right elementor-mobile-align-center elementor-widget elementor-widget-button\" data-id=\"6d9f4221\" data-element_type=\"widget\" data-e-type=\"widget\" data-widget_type=\"button.default\">\n\t\t\t\t<div class=\"elementor-widget-container\">\n\t\t\t\t\t\t\t\t\t<div class=\"elementor-button-wrapper\">\n\t\t\t\t\t<a class=\"elementor-button elementor-button-link elementor-size-sm\" href=\"https:\/\/lampyrisevents.com\/de\/ereignis-erstellen\/\">\n\t\t\t\t\t\t<span class=\"elementor-button-content-wrapper\">\n\t\t\t\t\t\t\t\t\t<span class=\"elementor-button-text\">Zur\u00fcck zu Ereigniserstellung<\/span>\n\t\t\t\t\t<\/span>\n\t\t\t\t\t<\/a>\n\t\t\t\t<\/div>\n\t\t\t\t\t\t\t\t<\/div>\n\t\t\t\t<\/div>\n\t\t\t\t<\/div>\n\t\t\t\t<\/div>\n\t\t\t\t\t<\/div>\n\t\t\t\t<\/div>\n\t\t<div class=\"elementor-element elementor-element-6a5aeb5e e-con-full e-flex e-con e-parent\" data-id=\"6a5aeb5e\" data-element_type=\"container\" data-e-type=\"container\">\n\t\t\t\t<\/div>\n\t\t\t\t<\/div>\n\t\t","protected":false},"excerpt":{"rendered":"<p>DOWNLOAD BEREICH Unsere Plattform wird \u00fcber Desktop-Anwendungen verwaltet. Das bedeutet, dass Sie nicht \u00fcber einen Webbrowser darauf zugreifen, sondern ein Programm direkt auf Ihren Computer herunterladen und installieren. Diese Desktop-Anwendungen bieten eine spezielle Schnittstelle f\u00fcr die Verwaltung Ihrer Veranstaltungen, Ticketverk\u00e4ufe und anderer Plattformaktivit\u00e4ten. Sie bieten Funktionen wie Offline-Zugriff, schnellere Leistung und verbesserte Sicherheit im Vergleich [&hellip;]<\/p>\n","protected":false},"author":2,"featured_media":0,"parent":0,"menu_order":0,"comment_status":"closed","ping_status":"closed","template":"","meta":{"_acf_changed":false,"footnotes":""},"class_list":["post-5922","page","type-page","status-publish","hentry"],"acf":[],"yoast_head":"<!-- This site is optimized with the Yoast SEO plugin v27.2 - https:\/\/yoast.com\/product\/yoast-seo-wordpress\/ -->\n<title>Downloads - Lampyris-Events<\/title>\n<meta name=\"robots\" content=\"noindex, follow, max-snippet:-1, max-image-preview:large, max-video-preview:-1\" \/>\n<meta property=\"og:locale\" content=\"de_DE\" \/>\n<meta property=\"og:type\" content=\"article\" \/>\n<meta property=\"og:title\" content=\"Downloads - Lampyris-Events\" \/>\n<meta property=\"og:description\" content=\"DOWNLOAD BEREICH Unsere Plattform wird \u00fcber Desktop-Anwendungen verwaltet. Das bedeutet, dass Sie nicht \u00fcber einen Webbrowser darauf zugreifen, sondern ein Programm direkt auf Ihren Computer herunterladen und installieren. Diese Desktop-Anwendungen bieten eine spezielle Schnittstelle f\u00fcr die Verwaltung Ihrer Veranstaltungen, Ticketverk\u00e4ufe und anderer Plattformaktivit\u00e4ten. Sie bieten Funktionen wie Offline-Zugriff, schnellere Leistung und verbesserte Sicherheit im Vergleich [&hellip;]\" \/>\n<meta property=\"og:url\" content=\"https:\/\/lampyrisevents.com\/de\/downloads\/\" \/>\n<meta property=\"og:site_name\" content=\"Lampyris-Events\" \/>\n<meta property=\"article:modified_time\" content=\"2024-07-15T09:30:21+00:00\" \/>\n<meta name=\"twitter:card\" content=\"summary_large_image\" \/>\n<meta name=\"twitter:label1\" content=\"Gesch\u00e4tzte Lesezeit\" \/>\n\t<meta name=\"twitter:data1\" content=\"2\u00a0Minuten\" \/>\n<script type=\"application\/ld+json\" class=\"yoast-schema-graph\">{\"@context\":\"https:\/\/schema.org\",\"@graph\":[{\"@type\":\"WebPage\",\"@id\":\"https:\/\/lampyrisevents.com\/de\/downloads\/\",\"url\":\"https:\/\/lampyrisevents.com\/de\/downloads\/\",\"name\":\"Downloads - Lampyris-Events\",\"isPartOf\":{\"@id\":\"https:\/\/lampyrisevents.com\/de\/#website\"},\"datePublished\":\"2024-06-21T17:56:26+00:00\",\"dateModified\":\"2024-07-15T09:30:21+00:00\",\"breadcrumb\":{\"@id\":\"https:\/\/lampyrisevents.com\/de\/downloads\/#breadcrumb\"},\"inLanguage\":\"de\",\"potentialAction\":[{\"@type\":\"ReadAction\",\"target\":[\"https:\/\/lampyrisevents.com\/de\/downloads\/\"]}]},{\"@type\":\"BreadcrumbList\",\"@id\":\"https:\/\/lampyrisevents.com\/de\/downloads\/#breadcrumb\",\"itemListElement\":[{\"@type\":\"ListItem\",\"position\":1,\"name\":\"Home\",\"item\":\"https:\/\/lampyrisevents.com\/de\/\"},{\"@type\":\"ListItem\",\"position\":2,\"name\":\"Downloads\"}]},{\"@type\":\"WebSite\",\"@id\":\"https:\/\/lampyrisevents.com\/de\/#website\",\"url\":\"https:\/\/lampyrisevents.com\/de\/\",\"name\":\"Lampyris-Events\",\"description\":\"Slogan Lampyris-Events\",\"publisher\":{\"@id\":\"https:\/\/lampyrisevents.com\/de\/#organization\"},\"potentialAction\":[{\"@type\":\"SearchAction\",\"target\":{\"@type\":\"EntryPoint\",\"urlTemplate\":\"https:\/\/lampyrisevents.com\/de\/?s={search_term_string}\"},\"query-input\":{\"@type\":\"PropertyValueSpecification\",\"valueRequired\":true,\"valueName\":\"search_term_string\"}}],\"inLanguage\":\"de\"},{\"@type\":\"Organization\",\"@id\":\"https:\/\/lampyrisevents.com\/de\/#organization\",\"name\":\"Lampyris-Events\",\"url\":\"https:\/\/lampyrisevents.com\/de\/\",\"logo\":{\"@type\":\"ImageObject\",\"inLanguage\":\"de\",\"@id\":\"https:\/\/lampyrisevents.com\/de\/#\/schema\/logo\/image\/\",\"url\":\"https:\/\/lampyrisevents.com\/wp-content\/uploads\/2024\/06\/logo215.png\",\"contentUrl\":\"https:\/\/lampyrisevents.com\/wp-content\/uploads\/2024\/06\/logo215.png\",\"width\":256,\"height\":80,\"caption\":\"Lampyris-Events\"},\"image\":{\"@id\":\"https:\/\/lampyrisevents.com\/de\/#\/schema\/logo\/image\/\"}}]}<\/script>\n<!-- \/ Yoast SEO plugin. -->","yoast_head_json":{"title":"Downloads - Lampyris-Events","robots":{"index":"noindex","follow":"follow","max-snippet":"max-snippet:-1","max-image-preview":"max-image-preview:large","max-video-preview":"max-video-preview:-1"},"og_locale":"de_DE","og_type":"article","og_title":"Downloads - Lampyris-Events","og_description":"DOWNLOAD BEREICH Unsere Plattform wird \u00fcber Desktop-Anwendungen verwaltet. Das bedeutet, dass Sie nicht \u00fcber einen Webbrowser darauf zugreifen, sondern ein Programm direkt auf Ihren Computer herunterladen und installieren. Diese Desktop-Anwendungen bieten eine spezielle Schnittstelle f\u00fcr die Verwaltung Ihrer Veranstaltungen, Ticketverk\u00e4ufe und anderer Plattformaktivit\u00e4ten. Sie bieten Funktionen wie Offline-Zugriff, schnellere Leistung und verbesserte Sicherheit im Vergleich [&hellip;]","og_url":"https:\/\/lampyrisevents.com\/de\/downloads\/","og_site_name":"Lampyris-Events","article_modified_time":"2024-07-15T09:30:21+00:00","twitter_card":"summary_large_image","twitter_misc":{"Gesch\u00e4tzte Lesezeit":"2\u00a0Minuten"},"schema":{"@context":"https:\/\/schema.org","@graph":[{"@type":"WebPage","@id":"https:\/\/lampyrisevents.com\/de\/downloads\/","url":"https:\/\/lampyrisevents.com\/de\/downloads\/","name":"Downloads - Lampyris-Events","isPartOf":{"@id":"https:\/\/lampyrisevents.com\/de\/#website"},"datePublished":"2024-06-21T17:56:26+00:00","dateModified":"2024-07-15T09:30:21+00:00","breadcrumb":{"@id":"https:\/\/lampyrisevents.com\/de\/downloads\/#breadcrumb"},"inLanguage":"de","potentialAction":[{"@type":"ReadAction","target":["https:\/\/lampyrisevents.com\/de\/downloads\/"]}]},{"@type":"BreadcrumbList","@id":"https:\/\/lampyrisevents.com\/de\/downloads\/#breadcrumb","itemListElement":[{"@type":"ListItem","position":1,"name":"Home","item":"https:\/\/lampyrisevents.com\/de\/"},{"@type":"ListItem","position":2,"name":"Downloads"}]},{"@type":"WebSite","@id":"https:\/\/lampyrisevents.com\/de\/#website","url":"https:\/\/lampyrisevents.com\/de\/","name":"Lampyris-Events","description":"Slogan Lampyris-Events","publisher":{"@id":"https:\/\/lampyrisevents.com\/de\/#organization"},"potentialAction":[{"@type":"SearchAction","target":{"@type":"EntryPoint","urlTemplate":"https:\/\/lampyrisevents.com\/de\/?s={search_term_string}"},"query-input":{"@type":"PropertyValueSpecification","valueRequired":true,"valueName":"search_term_string"}}],"inLanguage":"de"},{"@type":"Organization","@id":"https:\/\/lampyrisevents.com\/de\/#organization","name":"Lampyris-Events","url":"https:\/\/lampyrisevents.com\/de\/","logo":{"@type":"ImageObject","inLanguage":"de","@id":"https:\/\/lampyrisevents.com\/de\/#\/schema\/logo\/image\/","url":"https:\/\/lampyrisevents.com\/wp-content\/uploads\/2024\/06\/logo215.png","contentUrl":"https:\/\/lampyrisevents.com\/wp-content\/uploads\/2024\/06\/logo215.png","width":256,"height":80,"caption":"Lampyris-Events"},"image":{"@id":"https:\/\/lampyrisevents.com\/de\/#\/schema\/logo\/image\/"}}]}},"_links":{"self":[{"href":"https:\/\/lampyrisevents.com\/de\/wp-json\/wp\/v2\/pages\/5922","targetHints":{"allow":["GET"]}}],"collection":[{"href":"https:\/\/lampyrisevents.com\/de\/wp-json\/wp\/v2\/pages"}],"about":[{"href":"https:\/\/lampyrisevents.com\/de\/wp-json\/wp\/v2\/types\/page"}],"author":[{"embeddable":true,"href":"https:\/\/lampyrisevents.com\/de\/wp-json\/wp\/v2\/users\/2"}],"replies":[{"embeddable":true,"href":"https:\/\/lampyrisevents.com\/de\/wp-json\/wp\/v2\/comments?post=5922"}],"version-history":[{"count":1,"href":"https:\/\/lampyrisevents.com\/de\/wp-json\/wp\/v2\/pages\/5922\/revisions"}],"predecessor-version":[{"id":5923,"href":"https:\/\/lampyrisevents.com\/de\/wp-json\/wp\/v2\/pages\/5922\/revisions\/5923"}],"wp:attachment":[{"href":"https:\/\/lampyrisevents.com\/de\/wp-json\/wp\/v2\/media?parent=5922"}],"curies":[{"name":"wp","href":"https:\/\/api.w.org\/{rel}","templated":true}]}}