{"id":5950,"date":"2024-05-30T18:33:13","date_gmt":"2024-05-30T16:33:13","guid":{"rendered":"https:\/\/lampyrisevents.com\/partnerschaften\/"},"modified":"2024-07-15T11:41:17","modified_gmt":"2024-07-15T09:41:17","slug":"partnerschaften","status":"publish","type":"page","link":"https:\/\/lampyrisevents.com\/de\/partnerschaften\/","title":{"rendered":"Partnerschaften"},"content":{"rendered":"\t\t<div data-elementor-type=\"wp-page\" data-elementor-id=\"5950\" class=\"elementor elementor-5950 elementor-184\" data-elementor-post-type=\"page\">\n\t\t\t\t<div class=\"elementor-element elementor-element-e36716b e-flex e-con-boxed e-con e-parent\" data-id=\"e36716b\" data-element_type=\"container\" data-e-type=\"container\">\n\t\t\t\t\t<div class=\"e-con-inner\">\n\t\t\t\t<div class=\"elementor-element elementor-element-05e3d5a elementor-widget elementor-widget-heading\" data-id=\"05e3d5a\" data-element_type=\"widget\" data-e-type=\"widget\" data-widget_type=\"heading.default\">\n\t\t\t\t<div class=\"elementor-widget-container\">\n\t\t\t\t\t<h2 class=\"elementor-heading-title elementor-size-default\">Schlie\u00dfen Sie sich mit Lampyris-Events zusammen<\/h2>\t\t\t\t<\/div>\n\t\t\t\t<\/div>\n\t\t\t\t<div class=\"elementor-element elementor-element-000a2c2 elementor-widget elementor-widget-text-editor\" data-id=\"000a2c2\" data-element_type=\"widget\" data-e-type=\"widget\" data-widget_type=\"text-editor.default\">\n\t\t\t\t<div class=\"elementor-widget-container\">\n\t\t\t\t\t\t\t\t\t<p>Wir bei Lampyris-Events glauben an die Macht der Zusammenarbeit, um unvergessliche Erlebnisse zu schaffen. Wenn Sie eine Partnerschaft mit uns eingehen, erhalten Sie Zugang zu einer Reihe innovativer Tools und Ressourcen, die Ihren Eventmanagementprozess verbessern. Ganz gleich, ob Sie Veranstalter, Eigent\u00fcmer eines Veranstaltungsortes oder Dienstleister sind, unsere Plattform bietet eine nahtlose L\u00f6sung, mit der Sie Ihre Abl\u00e4ufe verbessern und ein gr\u00f6\u00dferes Publikum erreichen k\u00f6nnen.<\/p>\n\t\t\t\t\t\t\t\t<\/div>\n\t\t\t\t<\/div>\n\t\t\t\t<div class=\"elementor-element elementor-element-a2698d5 elementor-widget elementor-widget-heading\" data-id=\"a2698d5\" data-element_type=\"widget\" data-e-type=\"widget\" data-widget_type=\"heading.default\">\n\t\t\t\t<div class=\"elementor-widget-container\">\n\t\t\t\t\t<h2 class=\"elementor-heading-title elementor-size-default\">Warum eine Partnerschaft mit uns?<\/h2>\t\t\t\t<\/div>\n\t\t\t\t<\/div>\n\t\t\t\t<div class=\"elementor-element elementor-element-3797397 elementor-widget elementor-widget-text-editor\" data-id=\"3797397\" data-element_type=\"widget\" data-e-type=\"widget\" data-widget_type=\"text-editor.default\">\n\t\t\t\t<div class=\"elementor-widget-container\">\n\t\t\t\t\t\t\t\t\t<p><strong>Innovative Technologie:<\/strong> Unsere hochmoderne Plattform sorgt f\u00fcr ein reibungsloses und effizientes Veranstaltungsmanagement, vom Ticketverkauf bis zur Einbindung der Teilnehmer.<\/p>\n<p><strong>Umfassende Unterst\u00fctzung:<\/strong> Wir bieten Ihnen engagierte Unterst\u00fctzung und Ressourcen, um Ihnen bei jedem Schritt zu helfen und sicherzustellen, dass Ihre Veranstaltungen erfolgreich und reibungslos verlaufen.<\/p>\n<p><strong>Ausgedehnte Reichweite:<\/strong> Nutzen Sie unser umfangreiches Netzwerk von Veranstaltungsbesuchern und steigern Sie Ihre Sichtbarkeit und den Ticketverkauf.<\/p>\n<p><strong>Anpassbare L\u00f6sungen:<\/strong> Passen Sie unsere Dienstleistungen an Ihre speziellen Bed\u00fcrfnisse an, egal ob Sie ein kleines Treffen oder eine gro\u00dfe Veranstaltung ausrichten.<\/p>\n\t\t\t\t\t\t\t\t<\/div>\n\t\t\t\t<\/div>\n\t\t\t\t<div class=\"elementor-element elementor-element-b9239ac elementor-widget elementor-widget-heading\" data-id=\"b9239ac\" data-element_type=\"widget\" data-e-type=\"widget\" data-widget_type=\"heading.default\">\n\t\t\t\t<div class=\"elementor-widget-container\">\n\t\t\t\t\t<h2 class=\"elementor-heading-title elementor-size-default\">Partner-Vorteile<\/h2>\t\t\t\t<\/div>\n\t\t\t\t<\/div>\n\t\t\t\t<div class=\"elementor-element elementor-element-22d9e41 elementor-widget elementor-widget-text-editor\" data-id=\"22d9e41\" data-element_type=\"widget\" data-e-type=\"widget\" data-widget_type=\"text-editor.default\">\n\t\t\t\t<div class=\"elementor-widget-container\">\n\t\t\t\t\t\t\t\t\t<ul>\n<li><strong>Analyse in Echtzeit:<\/strong> \u00dcberwachen Sie die Leistung Ihrer Veranstaltung mit unseren fortschrittlichen Analyse- und Berichtstools.<\/li>\n<li><strong>Marketing-Unterst\u00fctzung:<\/strong> Verst\u00e4rken Sie die Werbung f\u00fcr Ihre Veranstaltung mit unseren gezielten Marketingstrategien und -tools.<\/li>\n<li><strong>Sichere Transaktionen:<\/strong> Sorgen Sie f\u00fcr eine sichere und zuverl\u00e4ssige Zahlungsabwicklung f\u00fcr Ihre Teilnehmer.<\/li>\n<li><strong>Gelegenheiten zur Zusammenarbeit:<\/strong> Kn\u00fcpfen Sie Kontakte zu anderen Branchenexperten und erweitern Sie Ihr Gesch\u00e4ftsnetzwerk.<\/li>\n<\/ul>\n\t\t\t\t\t\t\t\t<\/div>\n\t\t\t\t<\/div>\n\t\t\t\t<div class=\"elementor-element elementor-element-e229cc4 elementor-widget elementor-widget-heading\" data-id=\"e229cc4\" data-element_type=\"widget\" data-e-type=\"widget\" data-widget_type=\"heading.default\">\n\t\t\t\t<div class=\"elementor-widget-container\">\n\t\t\t\t\t<h3 class=\"elementor-heading-title elementor-size-default\"><a href=\"#elementor-action%3Aaction%3Dpopup%3Aopen%26settings%3DeyJpZCI6MjIzMiwidG9nZ2xlIjpmYWxzZX0%3D\">Beginnen Sie<\/a><\/h3>\t\t\t\t<\/div>\n\t\t\t\t<\/div>\n\t\t\t\t<div class=\"elementor-element elementor-element-ecb16d0 elementor-widget elementor-widget-text-editor\" data-id=\"ecb16d0\" data-element_type=\"widget\" data-e-type=\"widget\" data-widget_type=\"text-editor.default\">\n\t\t\t\t<div class=\"elementor-widget-container\">\n\t\t\t\t\t\t\t\t\t<p>Sind Sie bereit, Ihre Veranstaltungen auf die n\u00e4chste Stufe zu heben? Kontaktieren Sie uns noch heute, um mehr \u00fcber die M\u00f6glichkeiten einer Partnerschaft mit Lampyris-Events zu erfahren. Gemeinsam k\u00f6nnen wir au\u00dfergew\u00f6hnliche Erlebnisse schaffen, die einen bleibenden Eindruck hinterlassen.<\/p>\n<p>F\u00fcr weitere Informationen wenden Sie sich bitte an unser Partnerschafts-Team unter info@lampyrisevents.com. Wir freuen uns auf die Zusammenarbeit mit Ihnen!<\/p>\n\t\t\t\t\t\t\t\t<\/div>\n\t\t\t\t<\/div>\n\t\t\t\t\t<\/div>\n\t\t\t\t<\/div>\n\t\t\t\t<\/div>\n\t\t","protected":false},"excerpt":{"rendered":"<p>Schlie\u00dfen Sie sich mit Lampyris-Events zusammen Wir bei Lampyris-Events glauben an die Macht der Zusammenarbeit, um unvergessliche Erlebnisse zu schaffen. Wenn Sie eine Partnerschaft mit uns eingehen, erhalten Sie Zugang zu einer Reihe innovativer Tools und Ressourcen, die Ihren Eventmanagementprozess verbessern. Ganz gleich, ob Sie Veranstalter, Eigent\u00fcmer eines Veranstaltungsortes oder Dienstleister sind, unsere Plattform bietet [&hellip;]<\/p>\n","protected":false},"author":2,"featured_media":0,"parent":0,"menu_order":0,"comment_status":"closed","ping_status":"closed","template":"","meta":{"_acf_changed":false,"footnotes":""},"class_list":["post-5950","page","type-page","status-publish","hentry"],"acf":[],"yoast_head":"<!-- This site is optimized with the Yoast SEO plugin v27.2 - https:\/\/yoast.com\/product\/yoast-seo-wordpress\/ -->\n<title>Partnerschaften - Lampyris-Events<\/title>\n<meta name=\"robots\" content=\"noindex, follow, max-snippet:-1, max-image-preview:large, max-video-preview:-1\" \/>\n<meta property=\"og:locale\" content=\"de_DE\" \/>\n<meta property=\"og:type\" content=\"article\" \/>\n<meta property=\"og:title\" content=\"Partnerschaften - Lampyris-Events\" \/>\n<meta property=\"og:description\" content=\"Schlie\u00dfen Sie sich mit Lampyris-Events zusammen Wir bei Lampyris-Events glauben an die Macht der Zusammenarbeit, um unvergessliche Erlebnisse zu schaffen. Wenn Sie eine Partnerschaft mit uns eingehen, erhalten Sie Zugang zu einer Reihe innovativer Tools und Ressourcen, die Ihren Eventmanagementprozess verbessern. Ganz gleich, ob Sie Veranstalter, Eigent\u00fcmer eines Veranstaltungsortes oder Dienstleister sind, unsere Plattform bietet [&hellip;]\" \/>\n<meta property=\"og:url\" content=\"https:\/\/lampyrisevents.com\/de\/partnerschaften\/\" \/>\n<meta property=\"og:site_name\" content=\"Lampyris-Events\" \/>\n<meta property=\"article:modified_time\" content=\"2024-07-15T09:41:17+00:00\" \/>\n<meta name=\"twitter:card\" content=\"summary_large_image\" \/>\n<meta name=\"twitter:label1\" content=\"Gesch\u00e4tzte Lesezeit\" \/>\n\t<meta name=\"twitter:data1\" content=\"2\u00a0Minuten\" \/>\n<script type=\"application\/ld+json\" class=\"yoast-schema-graph\">{\"@context\":\"https:\/\/schema.org\",\"@graph\":[{\"@type\":\"WebPage\",\"@id\":\"https:\/\/lampyrisevents.com\/de\/partnerschaften\/\",\"url\":\"https:\/\/lampyrisevents.com\/de\/partnerschaften\/\",\"name\":\"Partnerschaften - Lampyris-Events\",\"isPartOf\":{\"@id\":\"https:\/\/lampyrisevents.com\/de\/#website\"},\"datePublished\":\"2024-05-30T16:33:13+00:00\",\"dateModified\":\"2024-07-15T09:41:17+00:00\",\"breadcrumb\":{\"@id\":\"https:\/\/lampyrisevents.com\/de\/partnerschaften\/#breadcrumb\"},\"inLanguage\":\"de\",\"potentialAction\":[{\"@type\":\"ReadAction\",\"target\":[\"https:\/\/lampyrisevents.com\/de\/partnerschaften\/\"]}]},{\"@type\":\"BreadcrumbList\",\"@id\":\"https:\/\/lampyrisevents.com\/de\/partnerschaften\/#breadcrumb\",\"itemListElement\":[{\"@type\":\"ListItem\",\"position\":1,\"name\":\"Home\",\"item\":\"https:\/\/lampyrisevents.com\/de\/\"},{\"@type\":\"ListItem\",\"position\":2,\"name\":\"Partnerschaften\"}]},{\"@type\":\"WebSite\",\"@id\":\"https:\/\/lampyrisevents.com\/de\/#website\",\"url\":\"https:\/\/lampyrisevents.com\/de\/\",\"name\":\"Lampyris-Events\",\"description\":\"Slogan Lampyris-Events\",\"publisher\":{\"@id\":\"https:\/\/lampyrisevents.com\/de\/#organization\"},\"potentialAction\":[{\"@type\":\"SearchAction\",\"target\":{\"@type\":\"EntryPoint\",\"urlTemplate\":\"https:\/\/lampyrisevents.com\/de\/?s={search_term_string}\"},\"query-input\":{\"@type\":\"PropertyValueSpecification\",\"valueRequired\":true,\"valueName\":\"search_term_string\"}}],\"inLanguage\":\"de\"},{\"@type\":\"Organization\",\"@id\":\"https:\/\/lampyrisevents.com\/de\/#organization\",\"name\":\"Lampyris-Events\",\"url\":\"https:\/\/lampyrisevents.com\/de\/\",\"logo\":{\"@type\":\"ImageObject\",\"inLanguage\":\"de\",\"@id\":\"https:\/\/lampyrisevents.com\/de\/#\/schema\/logo\/image\/\",\"url\":\"https:\/\/lampyrisevents.com\/wp-content\/uploads\/2024\/06\/logo215.png\",\"contentUrl\":\"https:\/\/lampyrisevents.com\/wp-content\/uploads\/2024\/06\/logo215.png\",\"width\":256,\"height\":80,\"caption\":\"Lampyris-Events\"},\"image\":{\"@id\":\"https:\/\/lampyrisevents.com\/de\/#\/schema\/logo\/image\/\"}}]}<\/script>\n<!-- \/ Yoast SEO plugin. -->","yoast_head_json":{"title":"Partnerschaften - Lampyris-Events","robots":{"index":"noindex","follow":"follow","max-snippet":"max-snippet:-1","max-image-preview":"max-image-preview:large","max-video-preview":"max-video-preview:-1"},"og_locale":"de_DE","og_type":"article","og_title":"Partnerschaften - Lampyris-Events","og_description":"Schlie\u00dfen Sie sich mit Lampyris-Events zusammen Wir bei Lampyris-Events glauben an die Macht der Zusammenarbeit, um unvergessliche Erlebnisse zu schaffen. Wenn Sie eine Partnerschaft mit uns eingehen, erhalten Sie Zugang zu einer Reihe innovativer Tools und Ressourcen, die Ihren Eventmanagementprozess verbessern. Ganz gleich, ob Sie Veranstalter, Eigent\u00fcmer eines Veranstaltungsortes oder Dienstleister sind, unsere Plattform bietet [&hellip;]","og_url":"https:\/\/lampyrisevents.com\/de\/partnerschaften\/","og_site_name":"Lampyris-Events","article_modified_time":"2024-07-15T09:41:17+00:00","twitter_card":"summary_large_image","twitter_misc":{"Gesch\u00e4tzte Lesezeit":"2\u00a0Minuten"},"schema":{"@context":"https:\/\/schema.org","@graph":[{"@type":"WebPage","@id":"https:\/\/lampyrisevents.com\/de\/partnerschaften\/","url":"https:\/\/lampyrisevents.com\/de\/partnerschaften\/","name":"Partnerschaften - Lampyris-Events","isPartOf":{"@id":"https:\/\/lampyrisevents.com\/de\/#website"},"datePublished":"2024-05-30T16:33:13+00:00","dateModified":"2024-07-15T09:41:17+00:00","breadcrumb":{"@id":"https:\/\/lampyrisevents.com\/de\/partnerschaften\/#breadcrumb"},"inLanguage":"de","potentialAction":[{"@type":"ReadAction","target":["https:\/\/lampyrisevents.com\/de\/partnerschaften\/"]}]},{"@type":"BreadcrumbList","@id":"https:\/\/lampyrisevents.com\/de\/partnerschaften\/#breadcrumb","itemListElement":[{"@type":"ListItem","position":1,"name":"Home","item":"https:\/\/lampyrisevents.com\/de\/"},{"@type":"ListItem","position":2,"name":"Partnerschaften"}]},{"@type":"WebSite","@id":"https:\/\/lampyrisevents.com\/de\/#website","url":"https:\/\/lampyrisevents.com\/de\/","name":"Lampyris-Events","description":"Slogan Lampyris-Events","publisher":{"@id":"https:\/\/lampyrisevents.com\/de\/#organization"},"potentialAction":[{"@type":"SearchAction","target":{"@type":"EntryPoint","urlTemplate":"https:\/\/lampyrisevents.com\/de\/?s={search_term_string}"},"query-input":{"@type":"PropertyValueSpecification","valueRequired":true,"valueName":"search_term_string"}}],"inLanguage":"de"},{"@type":"Organization","@id":"https:\/\/lampyrisevents.com\/de\/#organization","name":"Lampyris-Events","url":"https:\/\/lampyrisevents.com\/de\/","logo":{"@type":"ImageObject","inLanguage":"de","@id":"https:\/\/lampyrisevents.com\/de\/#\/schema\/logo\/image\/","url":"https:\/\/lampyrisevents.com\/wp-content\/uploads\/2024\/06\/logo215.png","contentUrl":"https:\/\/lampyrisevents.com\/wp-content\/uploads\/2024\/06\/logo215.png","width":256,"height":80,"caption":"Lampyris-Events"},"image":{"@id":"https:\/\/lampyrisevents.com\/de\/#\/schema\/logo\/image\/"}}]}},"_links":{"self":[{"href":"https:\/\/lampyrisevents.com\/de\/wp-json\/wp\/v2\/pages\/5950","targetHints":{"allow":["GET"]}}],"collection":[{"href":"https:\/\/lampyrisevents.com\/de\/wp-json\/wp\/v2\/pages"}],"about":[{"href":"https:\/\/lampyrisevents.com\/de\/wp-json\/wp\/v2\/types\/page"}],"author":[{"embeddable":true,"href":"https:\/\/lampyrisevents.com\/de\/wp-json\/wp\/v2\/users\/2"}],"replies":[{"embeddable":true,"href":"https:\/\/lampyrisevents.com\/de\/wp-json\/wp\/v2\/comments?post=5950"}],"version-history":[{"count":1,"href":"https:\/\/lampyrisevents.com\/de\/wp-json\/wp\/v2\/pages\/5950\/revisions"}],"predecessor-version":[{"id":5951,"href":"https:\/\/lampyrisevents.com\/de\/wp-json\/wp\/v2\/pages\/5950\/revisions\/5951"}],"wp:attachment":[{"href":"https:\/\/lampyrisevents.com\/de\/wp-json\/wp\/v2\/media?parent=5950"}],"curies":[{"name":"wp","href":"https:\/\/api.w.org\/{rel}","templated":true}]}}