{"id":6009,"date":"2024-05-30T17:10:43","date_gmt":"2024-05-30T15:10:43","guid":{"rendered":"https:\/\/lampyrisevents.com\/haeufig-gestellte-fragen\/"},"modified":"2024-07-15T13:29:05","modified_gmt":"2024-07-15T11:29:05","slug":"haeufig-gestellte-fragen","status":"publish","type":"page","link":"https:\/\/lampyrisevents.com\/de\/haeufig-gestellte-fragen\/","title":{"rendered":"H\u00e4ufig gestellte Fragen"},"content":{"rendered":"\t\t<div data-elementor-type=\"wp-page\" data-elementor-id=\"6009\" class=\"elementor elementor-6009 elementor-168\" data-elementor-post-type=\"page\">\n\t\t\t\t<div class=\"elementor-element elementor-element-b019f8f e-flex e-con-boxed e-con e-parent\" data-id=\"b019f8f\" data-element_type=\"container\" data-e-type=\"container\">\n\t\t\t\t\t<div class=\"e-con-inner\">\n\t\t\t\t<div class=\"elementor-element elementor-element-beb91f5 elementor-widget elementor-widget-heading\" data-id=\"beb91f5\" data-element_type=\"widget\" data-e-type=\"widget\" data-widget_type=\"heading.default\">\n\t\t\t\t<div class=\"elementor-widget-container\">\n\t\t\t\t\t<h1 class=\"elementor-heading-title elementor-size-default\">FAQ<\/h1>\t\t\t\t<\/div>\n\t\t\t\t<\/div>\n\t\t\t\t<div class=\"elementor-element elementor-element-34f2807 elementor-widget elementor-widget-heading\" data-id=\"34f2807\" data-element_type=\"widget\" data-e-type=\"widget\" data-widget_type=\"heading.default\">\n\t\t\t\t<div class=\"elementor-widget-container\">\n\t\t\t\t\t<h2 class=\"elementor-heading-title elementor-size-default\">H\u00e4ufig gestellte Fragen<\/h2>\t\t\t\t<\/div>\n\t\t\t\t<\/div>\n\t\t\t\t<div class=\"elementor-element elementor-element-8a957a2 elementor-widget elementor-widget-tp-accordion\" data-id=\"8a957a2\" data-element_type=\"widget\" data-e-type=\"widget\" data-widget_type=\"tp-accordion.default\">\n\t\t\t\t<div class=\"elementor-widget-container\">\n\t\t\t\t\t\r\n\t\t<div class=\"theplus-accordion-wrapper elementor-accordion   \" id=\"accordion69d4143601a0d\" data-accordion-id=\"accordion69d4143601a0d\" data-connection=\"\" data-accordion-type=\"accordion\" data-heightlight-text    role=\"tablist\" > \r\n\t\t\r\n\t\t\t\t\t\t<div class=\"theplus-accordion-item\"  role=\"tab\">\r\n\t\t\t\t\t<div id=\"elementor-tab-title-1451\" class=\"elementor-tab-title plus-accordion-header active-default text-left \" data-tab=\"1\" aria-controls=\"elementor-tab-content-1451\"\t\t\t\t\t>\r\n\t\t\t\t\t\t\t\t\t\t\t<span class=\"elementor-accordion-icon elementor-accordion-icon-left\" aria-hidden=\"true\"><i class=\"elementor-accordion-icon-closed fa fa-plus\"><\/i><i class=\"elementor-accordion-icon-opened fa fa-minus\"><\/i><\/span>\r\n\t\t\t\t\t\t<span style=\"width:100%\">Was ist Lampyris<\/span>\t\t\t\t\t\t\t\t\t\t\t<\/div>\r\n\r\n\t\t\t\t\t\t\t\t\t\t\t<div \r\n\t\t\t\t\t\tid=\"elementor-tab-content-1451\" class=\"elementor-tab-content elementor-clearfix plus-accordion-content active-default \" data-tab=\"1\" role=\"tabpanel\" aria-labelledby=\"elementor-tab-title-1451\"\t\t\t\t\t\t> \r\n\t\t\t\t\t\t\t\t\t\t<div class=\"plus-content-editor\" ><p>Unternehmen f\u00fcr Unterhaltung und Bildungsveranstaltungen seit 2011<\/p>\n<\/div>\t\t\t\t\t\r\n\t\t\t\t\t\t<\/div> \r\n\t\t\t\t\t\t\t\t\t\t\r\n\t\t\t\t<\/div> \r\n\t\t\t\t\t\t\t\t<div class=\"theplus-accordion-item\"  role=\"tab\">\r\n\t\t\t\t\t<div id=\"elementor-tab-title-1452\" class=\"elementor-tab-title plus-accordion-header no text-left \" data-tab=\"2\" aria-controls=\"elementor-tab-content-1452\"\t\t\t\t\t>\r\n\t\t\t\t\t\t\t\t\t\t\t<span class=\"elementor-accordion-icon elementor-accordion-icon-left\" aria-hidden=\"true\"><i class=\"elementor-accordion-icon-closed fa fa-plus\"><\/i><i class=\"elementor-accordion-icon-opened fa fa-minus\"><\/i><\/span>\r\n\t\t\t\t\t\t<span style=\"width:100%\">Ich habe meine Tickets nicht erhalten oder verloren<\/span>\t\t\t\t\t\t\t\t\t\t\t<\/div>\r\n\r\n\t\t\t\t\t\t\t\t\t\t\t<div \r\n\t\t\t\t\t\tid=\"elementor-tab-content-1452\" class=\"elementor-tab-content elementor-clearfix plus-accordion-content no \" data-tab=\"2\" role=\"tabpanel\" aria-labelledby=\"elementor-tab-title-1452\"\t\t\t\t\t\t> \r\n\t\t\t\t\t\t\t\t\t\t<div class=\"plus-content-editor\" ><p>Die Tickets werden automatisch verschickt und sollten innerhalb weniger Minuten nach erfolgreicher Zahlung in Ihrem Posteingang eintreffen. Wenn Sie sie nicht erhalten, \u00fcberpr\u00fcfen Sie bitte zuerst Ihren Spam-Ordner.<\/p>\n<p>M\u00f6glicherweise haben Sie sich beim Kauf Ihrer E-Mail Adresse vertippt.<\/p>\n<p>Wenn Sie per Bank\u00fcberweisung bezahlt haben, kann es ein paar Tage dauern, bis wir Ihre Zahlung erhalten und das Ticket versenden.<\/p>\n<p>Wenn Sie Zugang zu Ihrem Bankkonto haben, nutzen Sie unsere Seite zur Ticketwiederherstellung.<\/p>\n<p>Sie k\u00f6nnen sich auch an den Veranstalter wenden oder uns eine E-Mail an support@lampyrisevents.com schicken und Ihre Zahlungsangaben beif\u00fcgen.<\/p>\n<\/div>\t\t\t\t\t\r\n\t\t\t\t\t\t<\/div> \r\n\t\t\t\t\t\t\t\t\t\t\r\n\t\t\t\t<\/div> \r\n\t\t\t\t\t\t\t\t<div class=\"theplus-accordion-item\"  role=\"tab\">\r\n\t\t\t\t\t<div id=\"elementor-tab-title-1453\" class=\"elementor-tab-title plus-accordion-header no text-left \" data-tab=\"3\" aria-controls=\"elementor-tab-content-1453\"\t\t\t\t\t>\r\n\t\t\t\t\t\t\t\t\t\t\t<span class=\"elementor-accordion-icon elementor-accordion-icon-left\" aria-hidden=\"true\"><i class=\"elementor-accordion-icon-closed fa fa-plus\"><\/i><i class=\"elementor-accordion-icon-opened fa fa-minus\"><\/i><\/span>\r\n\t\t\t\t\t\t<span style=\"width:100%\">Meine Kreditkartenzahlung ist fehlgeschlagen<\/span>\t\t\t\t\t\t\t\t\t\t\t<\/div>\r\n\r\n\t\t\t\t\t\t\t\t\t\t\t<div \r\n\t\t\t\t\t\tid=\"elementor-tab-content-1453\" class=\"elementor-tab-content elementor-clearfix plus-accordion-content no \" data-tab=\"3\" role=\"tabpanel\" aria-labelledby=\"elementor-tab-title-1453\"\t\t\t\t\t\t> \r\n\t\t\t\t\t\t\t\t\t\t<div class=\"plus-content-editor\" ><p>Warum Zahlungen scheitern<\/p>\n<p>Fehlgeschlagene Zahlungen treten in der Regel auf, wenn die Kreditkarteninformationen falsch eingegeben werden oder die Karte abgelehnt wird. Ablehnungen k\u00f6nnen auch aus anderen Gr\u00fcnden als unzureichender Deckung erfolgen.<\/p>\n<p>Fehlersuche:<\/p>\n<p>&#8211; Vergewissern Sie sich, dass Sie die Kartennummer, das Ablaufdatum und den CVC korrekt eingegeben haben.<br \/>&#8211; Vergewissern Sie sich, dass Ihre Karte noch g\u00fcltig ist und \u00fcber ausreichend Guthaben verf\u00fcgt.<\/p>\n<p>Unsere Kreditkartenzahlungen verwenden die 3D-Secure-Methode, d.h. Ihre Bank fragt nach der Eingabe Ihrer Kartendaten nach einem zus\u00e4tzlichen Passwort oder Code. Siehe den n\u00e4chsten Abschnitt \u00fcber 3D Secure.<\/p>\n<p>3D sicher<\/p>\n<p>3D Secure wird von Ihrer Bank bereitgestellt, nicht von Lampyris. Es handelt sich um eine zus\u00e4tzliche Sicherheitsebene f\u00fcr Online-Transaktionen, die allgemein als &#8222;Verified by Visa&#8220; oder &#8222;Mastercard SecureCode&#8220; bekannt ist.<\/p>\n<p>Nach der Eingabe Ihrer Kreditkartendaten auf Lampyris l\u00e4dt Ihre Bank einen weiteren Bildschirm, in der Regel in Form eines Popup-Fensters. Geben Sie die erforderlichen Informationen ein und klicken Sie auf &#8222;Absenden&#8220;, um die Zahlung zu best\u00e4tigen. Beachten Sie, dass nicht immer ein Kennwort verlangt wird und dass 3D Secure von den Banken unterschiedlich implementiert werden kann.<\/p>\n<p>Fehlersuche:<\/p>\n<p>&#8211; Wenn Sie Ihr Passwort nicht kennen oder 3D Secure noch nicht eingerichtet haben, folgen Sie den Anweisungen auf dem Popup-Fenster. Wenn Sie die Anweisungen nicht sehen k\u00f6nnen oder Fragen haben, wenden Sie sich an Ihre Bank, um Hilfe zu erhalten.<br \/>&#8211; M\u00f6glicherweise m\u00fcssen Sie sich mit Ihrer Bank in Verbindung setzen, wenn Sie die Art und Weise, wie Ihre Identit\u00e4t \u00fcberpr\u00fcft wird, \u00e4ndern m\u00f6chten, z. B. wenn Sie von einem Passwort zu einem per SMS gesendeten Code wechseln.<br \/>&#8211; Wenn der 3D Secure-Schritt oder das Popup-Fenster nicht angezeigt wird, stellen Sie Ihren Browser oder Popup-Blocker so ein, dass Popups zugelassen werden.<br \/>&#8211; Wenn Sie den Internet Explorer 10 verwenden, versuchen Sie es mit einem moderneren Internet-Browser.<\/p>\n<p>Geb\u00fchren f\u00fcr fehlgeschlagene Zahlungen<\/p>\n<p>In einigen F\u00e4llen kann Ihre Karte belastet und anschlie\u00dfend sofort zur\u00fcckerstattet werden, wenn Ihre Transaktion gesperrt wird. Dies wird auf Ihrer Kreditkartenabrechnung als zwei Positionen angezeigt &#8211; eine Belastung gefolgt von einer Gutschrift.<\/p>\n<\/div>\t\t\t\t\t\r\n\t\t\t\t\t\t<\/div> \r\n\t\t\t\t\t\t\t\t\t\t\r\n\t\t\t\t<\/div> \r\n\t\t\t\t\t\t\t\t<div class=\"theplus-accordion-item\"  role=\"tab\">\r\n\t\t\t\t\t<div id=\"elementor-tab-title-1454\" class=\"elementor-tab-title plus-accordion-header no text-left \" data-tab=\"4\" aria-controls=\"elementor-tab-content-1454\"\t\t\t\t\t>\r\n\t\t\t\t\t\t\t\t\t\t\t<span class=\"elementor-accordion-icon elementor-accordion-icon-left\" aria-hidden=\"true\"><i class=\"elementor-accordion-icon-closed fa fa-plus\"><\/i><i class=\"elementor-accordion-icon-opened fa fa-minus\"><\/i><\/span>\r\n\t\t\t\t\t\t<span style=\"width:100%\">Ich habe eine Frage zu meiner Zahlung<\/span>\t\t\t\t\t\t\t\t\t\t\t<\/div>\r\n\r\n\t\t\t\t\t\t\t\t\t\t\t<div \r\n\t\t\t\t\t\tid=\"elementor-tab-content-1454\" class=\"elementor-tab-content elementor-clearfix plus-accordion-content no \" data-tab=\"4\" role=\"tabpanel\" aria-labelledby=\"elementor-tab-title-1454\"\t\t\t\t\t\t> \r\n\t\t\t\t\t\t\t\t\t\t<div class=\"plus-content-editor\" ><p>Senden Sie uns eine E-Mail an support@lampyris.com<\/p>\n<\/div>\t\t\t\t\t\r\n\t\t\t\t\t\t<\/div> \r\n\t\t\t\t\t\t\t\t\t\t\r\n\t\t\t\t<\/div> \r\n\t\t\t\t\t\t\t\t<div class=\"theplus-accordion-item\"  role=\"tab\">\r\n\t\t\t\t\t<div id=\"elementor-tab-title-1455\" class=\"elementor-tab-title plus-accordion-header no text-left \" data-tab=\"5\" aria-controls=\"elementor-tab-content-1455\"\t\t\t\t\t>\r\n\t\t\t\t\t\t\t\t\t\t\t<span class=\"elementor-accordion-icon elementor-accordion-icon-left\" aria-hidden=\"true\"><i class=\"elementor-accordion-icon-closed fa fa-plus\"><\/i><i class=\"elementor-accordion-icon-opened fa fa-minus\"><\/i><\/span>\r\n\t\t\t\t\t\t<span style=\"width:100%\">Habe ich Anspruch auf eine R\u00fcckerstattung, wenn ich nicht an der Veranstaltung teilgenommen habe?<\/span>\t\t\t\t\t\t\t\t\t\t\t<\/div>\r\n\r\n\t\t\t\t\t\t\t\t\t\t\t<div \r\n\t\t\t\t\t\tid=\"elementor-tab-content-1455\" class=\"elementor-tab-content elementor-clearfix plus-accordion-content no \" data-tab=\"5\" role=\"tabpanel\" aria-labelledby=\"elementor-tab-title-1455\"\t\t\t\t\t\t> \r\n\t\t\t\t\t\t\t\t\t\t<div class=\"plus-content-editor\" ><p>Wenn die Veranstaltung nicht verschoben wurde und wie geplant stattgefunden hat, ist der Veranstalter nach den Gesetzen der meisten L\u00e4nder nicht verpflichtet, die Tickets zu erstatten.<\/p>\n<p>Einige Veranstalter haben jedoch flexible Richtlinien oder sind bereit, Ausnahmen zu machen. Bitte wenden Sie sich direkt an den Organisator der Veranstaltung. Die Kontaktinformationen finden Sie in der Fu\u00dfzeile der Ticketverkaufsseite.<\/p>\n<\/div>\t\t\t\t\t\r\n\t\t\t\t\t\t<\/div> \r\n\t\t\t\t\t\t\t\t\t\t\r\n\t\t\t\t<\/div> \r\n\t\t\t\t\r\n\t\t<\/div>  \r\n\t\t\t\t\t\t<\/div>\n\t\t\t\t<\/div>\n\t\t\t\t\t<\/div>\n\t\t\t\t<\/div>\n\t\t\t\t<\/div>\n\t\t","protected":false},"excerpt":{"rendered":"<p>FAQ H\u00e4ufig gestellte Fragen Was ist Lampyris Unternehmen f\u00fcr Unterhaltung und Bildungsveranstaltungen seit 2011 Ich habe meine Tickets nicht erhalten oder verloren Die Tickets werden automatisch verschickt und sollten innerhalb weniger Minuten nach erfolgreicher Zahlung in Ihrem Posteingang eintreffen. Wenn Sie sie nicht erhalten, \u00fcberpr\u00fcfen Sie bitte zuerst Ihren Spam-Ordner. M\u00f6glicherweise haben Sie sich beim [&hellip;]<\/p>\n","protected":false},"author":2,"featured_media":0,"parent":0,"menu_order":0,"comment_status":"closed","ping_status":"closed","template":"","meta":{"_acf_changed":false,"footnotes":""},"class_list":["post-6009","page","type-page","status-publish","hentry"],"acf":[],"yoast_head":"<!-- This site is optimized with the Yoast SEO plugin v27.2 - https:\/\/yoast.com\/product\/yoast-seo-wordpress\/ -->\n<title>H\u00e4ufig gestellte Fragen - Lampyris-Events<\/title>\n<meta name=\"robots\" content=\"noindex, follow, max-snippet:-1, max-image-preview:large, max-video-preview:-1\" \/>\n<meta property=\"og:locale\" content=\"de_DE\" \/>\n<meta property=\"og:type\" content=\"article\" \/>\n<meta property=\"og:title\" content=\"H\u00e4ufig gestellte Fragen - Lampyris-Events\" \/>\n<meta property=\"og:description\" content=\"FAQ H\u00e4ufig gestellte Fragen Was ist Lampyris Unternehmen f\u00fcr Unterhaltung und Bildungsveranstaltungen seit 2011 Ich habe meine Tickets nicht erhalten oder verloren Die Tickets werden automatisch verschickt und sollten innerhalb weniger Minuten nach erfolgreicher Zahlung in Ihrem Posteingang eintreffen. Wenn Sie sie nicht erhalten, \u00fcberpr\u00fcfen Sie bitte zuerst Ihren Spam-Ordner. M\u00f6glicherweise haben Sie sich beim [&hellip;]\" \/>\n<meta property=\"og:url\" content=\"https:\/\/lampyrisevents.com\/de\/haeufig-gestellte-fragen\/\" \/>\n<meta property=\"og:site_name\" content=\"Lampyris-Events\" \/>\n<meta property=\"article:modified_time\" content=\"2024-07-15T11:29:05+00:00\" \/>\n<meta name=\"twitter:card\" content=\"summary_large_image\" \/>\n<meta name=\"twitter:label1\" content=\"Gesch\u00e4tzte Lesezeit\" \/>\n\t<meta name=\"twitter:data1\" content=\"3\u00a0Minuten\" \/>\n<script type=\"application\/ld+json\" class=\"yoast-schema-graph\">{\"@context\":\"https:\/\/schema.org\",\"@graph\":[{\"@type\":\"WebPage\",\"@id\":\"https:\/\/lampyrisevents.com\/de\/haeufig-gestellte-fragen\/\",\"url\":\"https:\/\/lampyrisevents.com\/de\/haeufig-gestellte-fragen\/\",\"name\":\"H\u00e4ufig gestellte Fragen - Lampyris-Events\",\"isPartOf\":{\"@id\":\"https:\/\/lampyrisevents.com\/de\/#website\"},\"datePublished\":\"2024-05-30T15:10:43+00:00\",\"dateModified\":\"2024-07-15T11:29:05+00:00\",\"breadcrumb\":{\"@id\":\"https:\/\/lampyrisevents.com\/de\/haeufig-gestellte-fragen\/#breadcrumb\"},\"inLanguage\":\"de\",\"potentialAction\":[{\"@type\":\"ReadAction\",\"target\":[\"https:\/\/lampyrisevents.com\/de\/haeufig-gestellte-fragen\/\"]}]},{\"@type\":\"BreadcrumbList\",\"@id\":\"https:\/\/lampyrisevents.com\/de\/haeufig-gestellte-fragen\/#breadcrumb\",\"itemListElement\":[{\"@type\":\"ListItem\",\"position\":1,\"name\":\"Home\",\"item\":\"https:\/\/lampyrisevents.com\/de\/\"},{\"@type\":\"ListItem\",\"position\":2,\"name\":\"H\u00e4ufig gestellte Fragen\"}]},{\"@type\":\"WebSite\",\"@id\":\"https:\/\/lampyrisevents.com\/de\/#website\",\"url\":\"https:\/\/lampyrisevents.com\/de\/\",\"name\":\"Lampyris-Events\",\"description\":\"Slogan Lampyris-Events\",\"publisher\":{\"@id\":\"https:\/\/lampyrisevents.com\/de\/#organization\"},\"potentialAction\":[{\"@type\":\"SearchAction\",\"target\":{\"@type\":\"EntryPoint\",\"urlTemplate\":\"https:\/\/lampyrisevents.com\/de\/?s={search_term_string}\"},\"query-input\":{\"@type\":\"PropertyValueSpecification\",\"valueRequired\":true,\"valueName\":\"search_term_string\"}}],\"inLanguage\":\"de\"},{\"@type\":\"Organization\",\"@id\":\"https:\/\/lampyrisevents.com\/de\/#organization\",\"name\":\"Lampyris-Events\",\"url\":\"https:\/\/lampyrisevents.com\/de\/\",\"logo\":{\"@type\":\"ImageObject\",\"inLanguage\":\"de\",\"@id\":\"https:\/\/lampyrisevents.com\/de\/#\/schema\/logo\/image\/\",\"url\":\"https:\/\/lampyrisevents.com\/wp-content\/uploads\/2024\/06\/logo215.png\",\"contentUrl\":\"https:\/\/lampyrisevents.com\/wp-content\/uploads\/2024\/06\/logo215.png\",\"width\":256,\"height\":80,\"caption\":\"Lampyris-Events\"},\"image\":{\"@id\":\"https:\/\/lampyrisevents.com\/de\/#\/schema\/logo\/image\/\"}}]}<\/script>\n<!-- \/ Yoast SEO plugin. -->","yoast_head_json":{"title":"H\u00e4ufig gestellte Fragen - Lampyris-Events","robots":{"index":"noindex","follow":"follow","max-snippet":"max-snippet:-1","max-image-preview":"max-image-preview:large","max-video-preview":"max-video-preview:-1"},"og_locale":"de_DE","og_type":"article","og_title":"H\u00e4ufig gestellte Fragen - Lampyris-Events","og_description":"FAQ H\u00e4ufig gestellte Fragen Was ist Lampyris Unternehmen f\u00fcr Unterhaltung und Bildungsveranstaltungen seit 2011 Ich habe meine Tickets nicht erhalten oder verloren Die Tickets werden automatisch verschickt und sollten innerhalb weniger Minuten nach erfolgreicher Zahlung in Ihrem Posteingang eintreffen. Wenn Sie sie nicht erhalten, \u00fcberpr\u00fcfen Sie bitte zuerst Ihren Spam-Ordner. M\u00f6glicherweise haben Sie sich beim [&hellip;]","og_url":"https:\/\/lampyrisevents.com\/de\/haeufig-gestellte-fragen\/","og_site_name":"Lampyris-Events","article_modified_time":"2024-07-15T11:29:05+00:00","twitter_card":"summary_large_image","twitter_misc":{"Gesch\u00e4tzte Lesezeit":"3\u00a0Minuten"},"schema":{"@context":"https:\/\/schema.org","@graph":[{"@type":"WebPage","@id":"https:\/\/lampyrisevents.com\/de\/haeufig-gestellte-fragen\/","url":"https:\/\/lampyrisevents.com\/de\/haeufig-gestellte-fragen\/","name":"H\u00e4ufig gestellte Fragen - Lampyris-Events","isPartOf":{"@id":"https:\/\/lampyrisevents.com\/de\/#website"},"datePublished":"2024-05-30T15:10:43+00:00","dateModified":"2024-07-15T11:29:05+00:00","breadcrumb":{"@id":"https:\/\/lampyrisevents.com\/de\/haeufig-gestellte-fragen\/#breadcrumb"},"inLanguage":"de","potentialAction":[{"@type":"ReadAction","target":["https:\/\/lampyrisevents.com\/de\/haeufig-gestellte-fragen\/"]}]},{"@type":"BreadcrumbList","@id":"https:\/\/lampyrisevents.com\/de\/haeufig-gestellte-fragen\/#breadcrumb","itemListElement":[{"@type":"ListItem","position":1,"name":"Home","item":"https:\/\/lampyrisevents.com\/de\/"},{"@type":"ListItem","position":2,"name":"H\u00e4ufig gestellte Fragen"}]},{"@type":"WebSite","@id":"https:\/\/lampyrisevents.com\/de\/#website","url":"https:\/\/lampyrisevents.com\/de\/","name":"Lampyris-Events","description":"Slogan Lampyris-Events","publisher":{"@id":"https:\/\/lampyrisevents.com\/de\/#organization"},"potentialAction":[{"@type":"SearchAction","target":{"@type":"EntryPoint","urlTemplate":"https:\/\/lampyrisevents.com\/de\/?s={search_term_string}"},"query-input":{"@type":"PropertyValueSpecification","valueRequired":true,"valueName":"search_term_string"}}],"inLanguage":"de"},{"@type":"Organization","@id":"https:\/\/lampyrisevents.com\/de\/#organization","name":"Lampyris-Events","url":"https:\/\/lampyrisevents.com\/de\/","logo":{"@type":"ImageObject","inLanguage":"de","@id":"https:\/\/lampyrisevents.com\/de\/#\/schema\/logo\/image\/","url":"https:\/\/lampyrisevents.com\/wp-content\/uploads\/2024\/06\/logo215.png","contentUrl":"https:\/\/lampyrisevents.com\/wp-content\/uploads\/2024\/06\/logo215.png","width":256,"height":80,"caption":"Lampyris-Events"},"image":{"@id":"https:\/\/lampyrisevents.com\/de\/#\/schema\/logo\/image\/"}}]}},"_links":{"self":[{"href":"https:\/\/lampyrisevents.com\/de\/wp-json\/wp\/v2\/pages\/6009","targetHints":{"allow":["GET"]}}],"collection":[{"href":"https:\/\/lampyrisevents.com\/de\/wp-json\/wp\/v2\/pages"}],"about":[{"href":"https:\/\/lampyrisevents.com\/de\/wp-json\/wp\/v2\/types\/page"}],"author":[{"embeddable":true,"href":"https:\/\/lampyrisevents.com\/de\/wp-json\/wp\/v2\/users\/2"}],"replies":[{"embeddable":true,"href":"https:\/\/lampyrisevents.com\/de\/wp-json\/wp\/v2\/comments?post=6009"}],"version-history":[{"count":1,"href":"https:\/\/lampyrisevents.com\/de\/wp-json\/wp\/v2\/pages\/6009\/revisions"}],"predecessor-version":[{"id":6010,"href":"https:\/\/lampyrisevents.com\/de\/wp-json\/wp\/v2\/pages\/6009\/revisions\/6010"}],"wp:attachment":[{"href":"https:\/\/lampyrisevents.com\/de\/wp-json\/wp\/v2\/media?parent=6009"}],"curies":[{"name":"wp","href":"https:\/\/api.w.org\/{rel}","templated":true}]}}