{"id":5916,"date":"2024-06-28T13:01:09","date_gmt":"2024-06-28T11:01:09","guid":{"rendered":"https:\/\/lampyrisevents.com\/conectar-con-stripe\/"},"modified":"2024-07-15T11:28:19","modified_gmt":"2024-07-15T09:28:19","slug":"conectar-con-stripe","status":"publish","type":"page","link":"https:\/\/lampyrisevents.com\/es\/conectar-con-stripe\/","title":{"rendered":"Conectar con Stripe"},"content":{"rendered":"\t\t<div data-elementor-type=\"wp-page\" data-elementor-id=\"5916\" class=\"elementor elementor-5916 elementor-2968\" data-elementor-post-type=\"page\">\n\t\t\t\t<div class=\"elementor-element elementor-element-37c6f393 e-flex e-con-boxed e-con e-parent\" data-id=\"37c6f393\" data-element_type=\"container\" data-e-type=\"container\">\n\t\t\t\t\t<div class=\"e-con-inner\">\n\t\t\t\t<div class=\"elementor-element elementor-element-718f8a6b elementor-widget elementor-widget-heading\" data-id=\"718f8a6b\" data-element_type=\"widget\" data-e-type=\"widget\" data-widget_type=\"heading.default\">\n\t\t\t\t<div class=\"elementor-widget-container\">\n\t\t\t\t\t<h2 class=\"elementor-heading-title elementor-size-default\">C\u00f3mo conectar tu cuenta Stripe a la plataforma ArenaSoldOut<\/h2>\t\t\t\t<\/div>\n\t\t\t\t<\/div>\n\t\t\t\t<div class=\"elementor-element elementor-element-46013c6 elementor-widget elementor-widget-text-editor\" data-id=\"46013c6\" data-element_type=\"widget\" data-e-type=\"widget\" data-widget_type=\"text-editor.default\">\n\t\t\t\t<div class=\"elementor-widget-container\">\n\t\t\t\t\t\t\t\t\t<p>Para integrar Stripe como pasarela de pago de Arenasoldout.com, necesitas invitar a un t\u00e9cnico especialista de la plataforma, para que se una a tu cuenta de Stripe como desarrollador. Sigue estos pasos:<\/p>\n\t\t\t\t\t\t\t\t<\/div>\n\t\t\t\t<\/div>\n\t\t\t\t<div class=\"elementor-element elementor-element-9b3da01 elementor-widget elementor-widget-heading\" data-id=\"9b3da01\" data-element_type=\"widget\" data-e-type=\"widget\" data-widget_type=\"heading.default\">\n\t\t\t\t<div class=\"elementor-widget-container\">\n\t\t\t\t\t<h3 class=\"elementor-heading-title elementor-size-default\">Instrucciones paso a paso<\/h3>\t\t\t\t<\/div>\n\t\t\t\t<\/div>\n\t\t\t\t<div class=\"elementor-element elementor-element-5a1fe966 elementor-widget elementor-widget-text-editor\" data-id=\"5a1fe966\" data-element_type=\"widget\" data-e-type=\"widget\" data-widget_type=\"text-editor.default\">\n\t\t\t\t<div class=\"elementor-widget-container\">\n\t\t\t\t\t\t\t\t\t<p><strong>Accede a la Configuraci\u00f3n de Stripe<\/strong><\/p>\n<ul>\n<li>Accede a tu cuenta de Stripe y navega hasta el panel de control.<\/li>\n<li>Haz clic en el icono de engranaje o en la opci\u00f3n \u00abConfiguraci\u00f3n\u00bb de la esquina inferior izquierda del panel de control.<\/li>\n<\/ul>\n\t\t\t\t\t\t\t\t<\/div>\n\t\t\t\t<\/div>\n\t\t\t\t<div class=\"elementor-element elementor-element-4da45dcd elementor-widget elementor-widget-image\" data-id=\"4da45dcd\" data-element_type=\"widget\" data-e-type=\"widget\" data-widget_type=\"image.default\">\n\t\t\t\t<div class=\"elementor-widget-container\">\n\t\t\t\t\t\t\t\t\t\t\t\t\t\t\t<img fetchpriority=\"high\" decoding=\"async\" width=\"800\" height=\"354\" src=\"https:\/\/lampyrisevents.com\/wp-content\/uploads\/2024\/06\/settings-\u2013-arenasoldout-\u2013-stripe-google-chrome-1024x453.jpg\" class=\"attachment-large size-large wp-image-2992\" alt=\"\" srcset=\"https:\/\/lampyrisevents.com\/wp-content\/uploads\/2024\/06\/settings-\u2013-arenasoldout-\u2013-stripe-google-chrome-1024x453.jpg 1024w, https:\/\/lampyrisevents.com\/wp-content\/uploads\/2024\/06\/settings-\u2013-arenasoldout-\u2013-stripe-google-chrome-300x133.jpg 300w, https:\/\/lampyrisevents.com\/wp-content\/uploads\/2024\/06\/settings-\u2013-arenasoldout-\u2013-stripe-google-chrome-768x339.jpg 768w, https:\/\/lampyrisevents.com\/wp-content\/uploads\/2024\/06\/settings-\u2013-arenasoldout-\u2013-stripe-google-chrome-1536x679.jpg 1536w, https:\/\/lampyrisevents.com\/wp-content\/uploads\/2024\/06\/settings-\u2013-arenasoldout-\u2013-stripe-google-chrome-600x265.jpg 600w, https:\/\/lampyrisevents.com\/wp-content\/uploads\/2024\/06\/settings-\u2013-arenasoldout-\u2013-stripe-google-chrome.jpg 1604w\" sizes=\"(max-width: 800px) 100vw, 800px\" \/>\t\t\t\t\t\t\t\t\t\t\t\t\t\t\t<\/div>\n\t\t\t\t<\/div>\n\t\t\t\t<div class=\"elementor-element elementor-element-227c7546 elementor-widget elementor-widget-text-editor\" data-id=\"227c7546\" data-element_type=\"widget\" data-e-type=\"widget\" data-widget_type=\"text-editor.default\">\n\t\t\t\t<div class=\"elementor-widget-container\">\n\t\t\t\t\t\t\t\t\t<p><strong>Selecciona el men\u00fa \u00abEquipo<\/strong><\/p>\n<ul>\n<li>En el men\u00fa de ajustes, busca y selecciona la opci\u00f3n \u00abEquipo\u00bb.<\/li>\n<li>Esto te llevar\u00e1 a la p\u00e1gina de gesti\u00f3n del equipo, donde podr\u00e1s gestionar los usuarios y sus funciones.<\/li>\n<\/ul>\n\t\t\t\t\t\t\t\t<\/div>\n\t\t\t\t<\/div>\n\t\t\t\t<div class=\"elementor-element elementor-element-6c2723e elementor-widget elementor-widget-image\" data-id=\"6c2723e\" data-element_type=\"widget\" data-e-type=\"widget\" data-widget_type=\"image.default\">\n\t\t\t\t<div class=\"elementor-widget-container\">\n\t\t\t\t\t\t\t\t\t\t\t\t\t\t\t<img decoding=\"async\" width=\"800\" height=\"352\" src=\"https:\/\/lampyrisevents.com\/wp-content\/uploads\/2024\/06\/team-\u2013-arenasoldout-\u2013-stripe-google-chrome-1024x450.jpg\" class=\"attachment-large size-large wp-image-3018\" alt=\"\" srcset=\"https:\/\/lampyrisevents.com\/wp-content\/uploads\/2024\/06\/team-\u2013-arenasoldout-\u2013-stripe-google-chrome-1024x450.jpg 1024w, https:\/\/lampyrisevents.com\/wp-content\/uploads\/2024\/06\/team-\u2013-arenasoldout-\u2013-stripe-google-chrome-300x132.jpg 300w, https:\/\/lampyrisevents.com\/wp-content\/uploads\/2024\/06\/team-\u2013-arenasoldout-\u2013-stripe-google-chrome-768x338.jpg 768w, https:\/\/lampyrisevents.com\/wp-content\/uploads\/2024\/06\/team-\u2013-arenasoldout-\u2013-stripe-google-chrome-1536x676.jpg 1536w, https:\/\/lampyrisevents.com\/wp-content\/uploads\/2024\/06\/team-\u2013-arenasoldout-\u2013-stripe-google-chrome-600x264.jpg 600w, https:\/\/lampyrisevents.com\/wp-content\/uploads\/2024\/06\/team-\u2013-arenasoldout-\u2013-stripe-google-chrome.jpg 1623w\" sizes=\"(max-width: 800px) 100vw, 800px\" \/>\t\t\t\t\t\t\t\t\t\t\t\t\t\t\t<\/div>\n\t\t\t\t<\/div>\n\t\t\t\t<div class=\"elementor-element elementor-element-77011b1c elementor-widget elementor-widget-text-editor\" data-id=\"77011b1c\" data-element_type=\"widget\" data-e-type=\"widget\" data-widget_type=\"text-editor.default\">\n\t\t\t\t<div class=\"elementor-widget-container\">\n\t\t\t\t\t\t\t\t\t<p><strong>A\u00f1adir un miembro del equipo como desarrollador<\/strong><\/p>\n<ul>\n<li>\n<p>En la p\u00e1gina de gesti\u00f3n del equipo, haz clic en el bot\u00f3n \u00abA\u00f1adir miembro\u00bb.<\/p>\n<\/li>\n<li>\n<p>Introduce los siguientes datos:<\/p>\n<ul>\n<li><strong>Correo electr\u00f3nico:<\/strong> <a rel=\"noreferrer\">ava@abhteam.com<\/a><\/li>\n<li><strong>Funci\u00f3n:<\/strong> Desarrollador<\/li>\n<\/ul>\n<\/li>\n<li>\n<p>El rol de Desarrollador permite a la persona invitada gestionar las claves API y los ajustes de integraci\u00f3n, lo que es esencial para configurar Stripe como pasarela de pago.<\/p>\n<\/li>\n<\/ul>\n\t\t\t\t\t\t\t\t<\/div>\n\t\t\t\t<\/div>\n\t\t\t\t<div class=\"elementor-element elementor-element-aac9022 elementor-widget elementor-widget-image\" data-id=\"aac9022\" data-element_type=\"widget\" data-e-type=\"widget\" data-widget_type=\"image.default\">\n\t\t\t\t<div class=\"elementor-widget-container\">\n\t\t\t\t\t\t\t\t\t\t\t\t\t\t\t<img decoding=\"async\" width=\"800\" height=\"434\" src=\"https:\/\/lampyrisevents.com\/wp-content\/uploads\/2024\/06\/team-\u2013-arenasoldout-\u2013-stripe-invite-google-chrome-1024x556.jpg\" class=\"attachment-large size-large wp-image-3044\" alt=\"\" srcset=\"https:\/\/lampyrisevents.com\/wp-content\/uploads\/2024\/06\/team-\u2013-arenasoldout-\u2013-stripe-invite-google-chrome-1024x556.jpg 1024w, https:\/\/lampyrisevents.com\/wp-content\/uploads\/2024\/06\/team-\u2013-arenasoldout-\u2013-stripe-invite-google-chrome-300x163.jpg 300w, https:\/\/lampyrisevents.com\/wp-content\/uploads\/2024\/06\/team-\u2013-arenasoldout-\u2013-stripe-invite-google-chrome-768x417.jpg 768w, https:\/\/lampyrisevents.com\/wp-content\/uploads\/2024\/06\/team-\u2013-arenasoldout-\u2013-stripe-invite-google-chrome-1536x833.jpg 1536w, https:\/\/lampyrisevents.com\/wp-content\/uploads\/2024\/06\/team-\u2013-arenasoldout-\u2013-stripe-invite-google-chrome-600x326.jpg 600w, https:\/\/lampyrisevents.com\/wp-content\/uploads\/2024\/06\/team-\u2013-arenasoldout-\u2013-stripe-invite-google-chrome.jpg 1561w\" sizes=\"(max-width: 800px) 100vw, 800px\" \/>\t\t\t\t\t\t\t\t\t\t\t\t\t\t\t<\/div>\n\t\t\t\t<\/div>\n\t\t\t\t<div class=\"elementor-element elementor-element-34515f19 elementor-widget elementor-widget-text-editor\" data-id=\"34515f19\" data-element_type=\"widget\" data-e-type=\"widget\" data-widget_type=\"text-editor.default\">\n\t\t\t\t<div class=\"elementor-widget-container\">\n\t\t\t\t\t\t\t\t\t<p><strong>Env\u00eda la invitaci\u00f3n<\/strong><\/p>\n<ul>\n<li>Despu\u00e9s de rellenar los datos requeridos, env\u00eda la invitaci\u00f3n.<\/li>\n<li>Andrei Andreev recibir\u00e1 un correo electr\u00f3nico con instrucciones para unirse a su cuenta de Stripe.<\/li>\n<\/ul>\n\t\t\t\t\t\t\t\t<\/div>\n\t\t\t\t<\/div>\n\t\t\t\t<div class=\"elementor-element elementor-element-fa3e200 elementor-widget elementor-widget-text-editor\" data-id=\"fa3e200\" data-element_type=\"widget\" data-e-type=\"widget\" data-widget_type=\"text-editor.default\">\n\t\t\t\t<div class=\"elementor-widget-container\">\n\t\t\t\t\t\t\t\t\t<p><strong>Env\u00eda la invitaci\u00f3n<\/strong><\/p>\n<ul>\n<li>Despu\u00e9s de rellenar los datos requeridos, env\u00eda la invitaci\u00f3n.<\/li>\n<li>Andrei Andreev recibir\u00e1 un correo electr\u00f3nico con instrucciones para unirse a su cuenta de Stripe.<\/li>\n<\/ul>\n\t\t\t\t\t\t\t\t<\/div>\n\t\t\t\t<\/div>\n\t\t\t\t<div class=\"elementor-element elementor-element-5715ada9 elementor-widget elementor-widget-text-editor\" data-id=\"5715ada9\" data-element_type=\"widget\" data-e-type=\"widget\" data-widget_type=\"text-editor.default\">\n\t\t\t\t<div class=\"elementor-widget-container\">\n\t\t\t\t\t\t\t\t\t<h3>Explicaci\u00f3n del papel del desarrollador<\/h3>\n<p>El papel de desarrollador en Stripe es crucial para gestionar los aspectos t\u00e9cnicos de la integraci\u00f3n, incluidas las claves API y los webhooks. Al invitar a Andrei Andreev como desarrollador, te aseguras de que tiene los permisos necesarios para instalar y configurar Stripe para un procesamiento de pagos sin problemas en tu cuenta de Stripe. Esta funci\u00f3n no tiene acceso a informaci\u00f3n financiera sensible, pero puede gestionar todos los requisitos t\u00e9cnicos necesarios para la integraci\u00f3n.<\/p>\n\t\t\t\t\t\t\t\t<\/div>\n\t\t\t\t<\/div>\n\t\t\t\t\t<\/div>\n\t\t\t\t<\/div>\n\t\t\t\t<\/div>\n\t\t","protected":false},"excerpt":{"rendered":"<p>C\u00f3mo conectar tu cuenta Stripe a la plataforma ArenaSoldOut Para integrar Stripe como pasarela de pago de Arenasoldout.com, necesitas invitar a un t\u00e9cnico especialista de la plataforma, para que se una a tu cuenta de Stripe como desarrollador. Sigue estos pasos: Instrucciones paso a paso Accede a la Configuraci\u00f3n de Stripe Accede a tu cuenta [&hellip;]<\/p>\n","protected":false},"author":2,"featured_media":0,"parent":0,"menu_order":0,"comment_status":"closed","ping_status":"closed","template":"","meta":{"_acf_changed":false,"footnotes":""},"class_list":["post-5916","page","type-page","status-publish","hentry"],"acf":[],"yoast_head":"<!-- This site is optimized with the Yoast SEO plugin v27.2 - https:\/\/yoast.com\/product\/yoast-seo-wordpress\/ -->\n<title>Conectar con Stripe - Lampyris-Events<\/title>\n<meta name=\"robots\" content=\"noindex, follow, max-snippet:-1, max-image-preview:large, max-video-preview:-1\" \/>\n<meta property=\"og:locale\" content=\"es_ES\" \/>\n<meta property=\"og:type\" content=\"article\" \/>\n<meta property=\"og:title\" content=\"Conectar con Stripe - Lampyris-Events\" \/>\n<meta property=\"og:description\" content=\"C\u00f3mo conectar tu cuenta Stripe a la plataforma ArenaSoldOut Para integrar Stripe como pasarela de pago de Arenasoldout.com, necesitas invitar a un t\u00e9cnico especialista de la plataforma, para que se una a tu cuenta de Stripe como desarrollador. Sigue estos pasos: Instrucciones paso a paso Accede a la Configuraci\u00f3n de Stripe Accede a tu cuenta [&hellip;]\" \/>\n<meta property=\"og:url\" content=\"https:\/\/lampyrisevents.com\/es\/conectar-con-stripe\/\" \/>\n<meta property=\"og:site_name\" content=\"Lampyris-Events\" \/>\n<meta property=\"article:modified_time\" content=\"2024-07-15T09:28:19+00:00\" \/>\n<meta name=\"twitter:card\" content=\"summary_large_image\" \/>\n<meta name=\"twitter:label1\" content=\"Tiempo de lectura\" \/>\n\t<meta name=\"twitter:data1\" content=\"2 minutos\" \/>\n<script type=\"application\/ld+json\" class=\"yoast-schema-graph\">{\"@context\":\"https:\/\/schema.org\",\"@graph\":[{\"@type\":\"WebPage\",\"@id\":\"https:\/\/lampyrisevents.com\/es\/conectar-con-stripe\/\",\"url\":\"https:\/\/lampyrisevents.com\/es\/conectar-con-stripe\/\",\"name\":\"Conectar con Stripe - Lampyris-Events\",\"isPartOf\":{\"@id\":\"https:\/\/lampyrisevents.com\/es\/#website\"},\"datePublished\":\"2024-06-28T11:01:09+00:00\",\"dateModified\":\"2024-07-15T09:28:19+00:00\",\"breadcrumb\":{\"@id\":\"https:\/\/lampyrisevents.com\/es\/conectar-con-stripe\/#breadcrumb\"},\"inLanguage\":\"es\",\"potentialAction\":[{\"@type\":\"ReadAction\",\"target\":[\"https:\/\/lampyrisevents.com\/es\/conectar-con-stripe\/\"]}]},{\"@type\":\"BreadcrumbList\",\"@id\":\"https:\/\/lampyrisevents.com\/es\/conectar-con-stripe\/#breadcrumb\",\"itemListElement\":[{\"@type\":\"ListItem\",\"position\":1,\"name\":\"Home\",\"item\":\"https:\/\/lampyrisevents.com\/es\/\"},{\"@type\":\"ListItem\",\"position\":2,\"name\":\"Conectar con Stripe\"}]},{\"@type\":\"WebSite\",\"@id\":\"https:\/\/lampyrisevents.com\/es\/#website\",\"url\":\"https:\/\/lampyrisevents.com\/es\/\",\"name\":\"Lampyris-Events\",\"description\":\"Slogan Lampyris-Events\",\"publisher\":{\"@id\":\"https:\/\/lampyrisevents.com\/es\/#organization\"},\"potentialAction\":[{\"@type\":\"SearchAction\",\"target\":{\"@type\":\"EntryPoint\",\"urlTemplate\":\"https:\/\/lampyrisevents.com\/es\/?s={search_term_string}\"},\"query-input\":{\"@type\":\"PropertyValueSpecification\",\"valueRequired\":true,\"valueName\":\"search_term_string\"}}],\"inLanguage\":\"es\"},{\"@type\":\"Organization\",\"@id\":\"https:\/\/lampyrisevents.com\/es\/#organization\",\"name\":\"Lampyris-Events\",\"url\":\"https:\/\/lampyrisevents.com\/es\/\",\"logo\":{\"@type\":\"ImageObject\",\"inLanguage\":\"es\",\"@id\":\"https:\/\/lampyrisevents.com\/es\/#\/schema\/logo\/image\/\",\"url\":\"https:\/\/lampyrisevents.com\/wp-content\/uploads\/2024\/06\/logo215.png\",\"contentUrl\":\"https:\/\/lampyrisevents.com\/wp-content\/uploads\/2024\/06\/logo215.png\",\"width\":256,\"height\":80,\"caption\":\"Lampyris-Events\"},\"image\":{\"@id\":\"https:\/\/lampyrisevents.com\/es\/#\/schema\/logo\/image\/\"}}]}<\/script>\n<!-- \/ Yoast SEO plugin. -->","yoast_head_json":{"title":"Conectar con Stripe - Lampyris-Events","robots":{"index":"noindex","follow":"follow","max-snippet":"max-snippet:-1","max-image-preview":"max-image-preview:large","max-video-preview":"max-video-preview:-1"},"og_locale":"es_ES","og_type":"article","og_title":"Conectar con Stripe - Lampyris-Events","og_description":"C\u00f3mo conectar tu cuenta Stripe a la plataforma ArenaSoldOut Para integrar Stripe como pasarela de pago de Arenasoldout.com, necesitas invitar a un t\u00e9cnico especialista de la plataforma, para que se una a tu cuenta de Stripe como desarrollador. Sigue estos pasos: Instrucciones paso a paso Accede a la Configuraci\u00f3n de Stripe Accede a tu cuenta [&hellip;]","og_url":"https:\/\/lampyrisevents.com\/es\/conectar-con-stripe\/","og_site_name":"Lampyris-Events","article_modified_time":"2024-07-15T09:28:19+00:00","twitter_card":"summary_large_image","twitter_misc":{"Tiempo de lectura":"2 minutos"},"schema":{"@context":"https:\/\/schema.org","@graph":[{"@type":"WebPage","@id":"https:\/\/lampyrisevents.com\/es\/conectar-con-stripe\/","url":"https:\/\/lampyrisevents.com\/es\/conectar-con-stripe\/","name":"Conectar con Stripe - Lampyris-Events","isPartOf":{"@id":"https:\/\/lampyrisevents.com\/es\/#website"},"datePublished":"2024-06-28T11:01:09+00:00","dateModified":"2024-07-15T09:28:19+00:00","breadcrumb":{"@id":"https:\/\/lampyrisevents.com\/es\/conectar-con-stripe\/#breadcrumb"},"inLanguage":"es","potentialAction":[{"@type":"ReadAction","target":["https:\/\/lampyrisevents.com\/es\/conectar-con-stripe\/"]}]},{"@type":"BreadcrumbList","@id":"https:\/\/lampyrisevents.com\/es\/conectar-con-stripe\/#breadcrumb","itemListElement":[{"@type":"ListItem","position":1,"name":"Home","item":"https:\/\/lampyrisevents.com\/es\/"},{"@type":"ListItem","position":2,"name":"Conectar con Stripe"}]},{"@type":"WebSite","@id":"https:\/\/lampyrisevents.com\/es\/#website","url":"https:\/\/lampyrisevents.com\/es\/","name":"Lampyris-Events","description":"Slogan Lampyris-Events","publisher":{"@id":"https:\/\/lampyrisevents.com\/es\/#organization"},"potentialAction":[{"@type":"SearchAction","target":{"@type":"EntryPoint","urlTemplate":"https:\/\/lampyrisevents.com\/es\/?s={search_term_string}"},"query-input":{"@type":"PropertyValueSpecification","valueRequired":true,"valueName":"search_term_string"}}],"inLanguage":"es"},{"@type":"Organization","@id":"https:\/\/lampyrisevents.com\/es\/#organization","name":"Lampyris-Events","url":"https:\/\/lampyrisevents.com\/es\/","logo":{"@type":"ImageObject","inLanguage":"es","@id":"https:\/\/lampyrisevents.com\/es\/#\/schema\/logo\/image\/","url":"https:\/\/lampyrisevents.com\/wp-content\/uploads\/2024\/06\/logo215.png","contentUrl":"https:\/\/lampyrisevents.com\/wp-content\/uploads\/2024\/06\/logo215.png","width":256,"height":80,"caption":"Lampyris-Events"},"image":{"@id":"https:\/\/lampyrisevents.com\/es\/#\/schema\/logo\/image\/"}}]}},"_links":{"self":[{"href":"https:\/\/lampyrisevents.com\/es\/wp-json\/wp\/v2\/pages\/5916","targetHints":{"allow":["GET"]}}],"collection":[{"href":"https:\/\/lampyrisevents.com\/es\/wp-json\/wp\/v2\/pages"}],"about":[{"href":"https:\/\/lampyrisevents.com\/es\/wp-json\/wp\/v2\/types\/page"}],"author":[{"embeddable":true,"href":"https:\/\/lampyrisevents.com\/es\/wp-json\/wp\/v2\/users\/2"}],"replies":[{"embeddable":true,"href":"https:\/\/lampyrisevents.com\/es\/wp-json\/wp\/v2\/comments?post=5916"}],"version-history":[{"count":1,"href":"https:\/\/lampyrisevents.com\/es\/wp-json\/wp\/v2\/pages\/5916\/revisions"}],"predecessor-version":[{"id":5917,"href":"https:\/\/lampyrisevents.com\/es\/wp-json\/wp\/v2\/pages\/5916\/revisions\/5917"}],"wp:attachment":[{"href":"https:\/\/lampyrisevents.com\/es\/wp-json\/wp\/v2\/media?parent=5916"}],"curies":[{"name":"wp","href":"https:\/\/api.w.org\/{rel}","templated":true}]}}