{"id":5958,"date":"2024-05-30T18:33:13","date_gmt":"2024-05-30T16:33:13","guid":{"rendered":"https:\/\/lampyrisevents.com\/asociaciones\/"},"modified":"2024-07-15T11:47:31","modified_gmt":"2024-07-15T09:47:31","slug":"asociaciones","status":"publish","type":"page","link":"https:\/\/lampyrisevents.com\/es\/asociaciones\/","title":{"rendered":"Asociaciones"},"content":{"rendered":"\t\t<div data-elementor-type=\"wp-page\" data-elementor-id=\"5958\" class=\"elementor elementor-5958 elementor-184\" data-elementor-post-type=\"page\">\n\t\t\t\t<div class=\"elementor-element elementor-element-e36716b e-flex e-con-boxed e-con e-parent\" data-id=\"e36716b\" data-element_type=\"container\" data-e-type=\"container\">\n\t\t\t\t\t<div class=\"e-con-inner\">\n\t\t\t\t<div class=\"elementor-element elementor-element-05e3d5a elementor-widget elementor-widget-heading\" data-id=\"05e3d5a\" data-element_type=\"widget\" data-e-type=\"widget\" data-widget_type=\"heading.default\">\n\t\t\t\t<div class=\"elementor-widget-container\">\n\t\t\t\t\t<h2 class=\"elementor-heading-title elementor-size-default\">Une fuerzas con Lampyris-Eventos<\/h2>\t\t\t\t<\/div>\n\t\t\t\t<\/div>\n\t\t\t\t<div class=\"elementor-element elementor-element-000a2c2 elementor-widget elementor-widget-text-editor\" data-id=\"000a2c2\" data-element_type=\"widget\" data-e-type=\"widget\" data-widget_type=\"text-editor.default\">\n\t\t\t\t<div class=\"elementor-widget-container\">\n\t\t\t\t\t\t\t\t\t<p>En Lampyris-Events, creemos en el poder de la colaboraci\u00f3n para crear experiencias inolvidables. Al asociarte con nosotros, obtienes acceso a un conjunto de herramientas y recursos innovadores dise\u00f1ados para elevar tu proceso de gesti\u00f3n de eventos. Tanto si eres organizador de eventos, propietario de un local o proveedor de servicios, nuestra plataforma te ofrece una soluci\u00f3n perfecta para mejorar tus operaciones y llegar a un p\u00fablico m\u00e1s amplio.<\/p>\n\t\t\t\t\t\t\t\t<\/div>\n\t\t\t\t<\/div>\n\t\t\t\t<div class=\"elementor-element elementor-element-a2698d5 elementor-widget elementor-widget-heading\" data-id=\"a2698d5\" data-element_type=\"widget\" data-e-type=\"widget\" data-widget_type=\"heading.default\">\n\t\t\t\t<div class=\"elementor-widget-container\">\n\t\t\t\t\t<h2 class=\"elementor-heading-title elementor-size-default\">\u00bfPor qu\u00e9 asociarse con nosotros?<\/h2>\t\t\t\t<\/div>\n\t\t\t\t<\/div>\n\t\t\t\t<div class=\"elementor-element elementor-element-3797397 elementor-widget elementor-widget-text-editor\" data-id=\"3797397\" data-element_type=\"widget\" data-e-type=\"widget\" data-widget_type=\"text-editor.default\">\n\t\t\t\t<div class=\"elementor-widget-container\">\n\t\t\t\t\t\t\t\t\t<p><strong>Tecnolog\u00eda innovadora:<\/strong> Nuestra plataforma de vanguardia garantiza una gesti\u00f3n fluida y eficaz del evento, desde la venta de entradas hasta la participaci\u00f3n de los asistentes.<\/p>\n<p><strong>Asistencia integral:<\/strong> Proporcionamos apoyo y recursos dedicados para ayudarte en cada paso del camino, garantizando que tus eventos tengan \u00e9xito y se desarrollen sin problemas.<\/p>\n<p><strong>Alcance expansivo:<\/strong> Aprovecha nuestra amplia red de asistentes a eventos y aumenta tu visibilidad y la venta de entradas.<\/p>\n<p><strong>Soluciones personalizables:<\/strong> Adapta nuestros servicios a tus necesidades espec\u00edficas, tanto si organizas una peque\u00f1a reuni\u00f3n como un evento a gran escala.<\/p>\n\t\t\t\t\t\t\t\t<\/div>\n\t\t\t\t<\/div>\n\t\t\t\t<div class=\"elementor-element elementor-element-b9239ac elementor-widget elementor-widget-heading\" data-id=\"b9239ac\" data-element_type=\"widget\" data-e-type=\"widget\" data-widget_type=\"heading.default\">\n\t\t\t\t<div class=\"elementor-widget-container\">\n\t\t\t\t\t<h2 class=\"elementor-heading-title elementor-size-default\">Beneficios para los socios<\/h2>\t\t\t\t<\/div>\n\t\t\t\t<\/div>\n\t\t\t\t<div class=\"elementor-element elementor-element-22d9e41 elementor-widget elementor-widget-text-editor\" data-id=\"22d9e41\" data-element_type=\"widget\" data-e-type=\"widget\" data-widget_type=\"text-editor.default\">\n\t\t\t\t<div class=\"elementor-widget-container\">\n\t\t\t\t\t\t\t\t\t<ul>\n<li><strong>An\u00e1lisis en tiempo real:<\/strong> Controla el rendimiento de tu evento con nuestras herramientas avanzadas de an\u00e1lisis e informes.<\/li>\n<li><strong>Asistencia de marketing:<\/strong> Impulsa la promoci\u00f3n de tu evento con nuestras estrategias y herramientas de marketing espec\u00edficas.<\/li>\n<li><strong>Transacciones seguras:<\/strong> Garantiza un procesamiento de pagos seguro y fiable para tus asistentes.<\/li>\n<li><strong>Oportunidades de colaboraci\u00f3n:<\/strong> Conecta con otros profesionales del sector y ampl\u00eda tu red empresarial.<\/li>\n<\/ul>\n\t\t\t\t\t\t\t\t<\/div>\n\t\t\t\t<\/div>\n\t\t\t\t<div class=\"elementor-element elementor-element-e229cc4 elementor-widget elementor-widget-heading\" data-id=\"e229cc4\" data-element_type=\"widget\" data-e-type=\"widget\" data-widget_type=\"heading.default\">\n\t\t\t\t<div class=\"elementor-widget-container\">\n\t\t\t\t\t<h3 class=\"elementor-heading-title elementor-size-default\"><a href=\"#elementor-action%3Aaction%3Dpopup%3Aopen%26settings%3DeyJpZCI6MjIzMiwidG9nZ2xlIjpmYWxzZX0%3D\">Empieza<\/a><\/h3>\t\t\t\t<\/div>\n\t\t\t\t<\/div>\n\t\t\t\t<div class=\"elementor-element elementor-element-ecb16d0 elementor-widget elementor-widget-text-editor\" data-id=\"ecb16d0\" data-element_type=\"widget\" data-e-type=\"widget\" data-widget_type=\"text-editor.default\">\n\t\t\t\t<div class=\"elementor-widget-container\">\n\t\t\t\t\t\t\t\t\t<p>\u00bfListo para llevar tus eventos al siguiente nivel? Ponte en contacto con nosotros hoy mismo para saber m\u00e1s sobre las oportunidades de asociaci\u00f3n con Lampyris-Events. Juntos, podemos crear experiencias excepcionales que dejen un impacto duradero.<\/p>\n<p>Para m\u00e1s informaci\u00f3n, ponte en contacto con nuestro equipo de asociaci\u00f3n en info@lampyrisevents.com. \u00a1Estamos deseando trabajar contigo!<\/p>\n\t\t\t\t\t\t\t\t<\/div>\n\t\t\t\t<\/div>\n\t\t\t\t\t<\/div>\n\t\t\t\t<\/div>\n\t\t\t\t<\/div>\n\t\t","protected":false},"excerpt":{"rendered":"<p>Une fuerzas con Lampyris-Eventos En Lampyris-Events, creemos en el poder de la colaboraci\u00f3n para crear experiencias inolvidables. Al asociarte con nosotros, obtienes acceso a un conjunto de herramientas y recursos innovadores dise\u00f1ados para elevar tu proceso de gesti\u00f3n de eventos. Tanto si eres organizador de eventos, propietario de un local o proveedor de servicios, nuestra [&hellip;]<\/p>\n","protected":false},"author":2,"featured_media":0,"parent":0,"menu_order":0,"comment_status":"closed","ping_status":"closed","template":"","meta":{"_acf_changed":false,"footnotes":""},"class_list":["post-5958","page","type-page","status-publish","hentry"],"acf":[],"yoast_head":"<!-- This site is optimized with the Yoast SEO plugin v27.2 - https:\/\/yoast.com\/product\/yoast-seo-wordpress\/ -->\n<title>Asociaciones - Lampyris-Events<\/title>\n<meta name=\"robots\" content=\"noindex, follow, max-snippet:-1, max-image-preview:large, max-video-preview:-1\" \/>\n<meta property=\"og:locale\" content=\"es_ES\" \/>\n<meta property=\"og:type\" content=\"article\" \/>\n<meta property=\"og:title\" content=\"Asociaciones - Lampyris-Events\" \/>\n<meta property=\"og:description\" content=\"Une fuerzas con Lampyris-Eventos En Lampyris-Events, creemos en el poder de la colaboraci\u00f3n para crear experiencias inolvidables. Al asociarte con nosotros, obtienes acceso a un conjunto de herramientas y recursos innovadores dise\u00f1ados para elevar tu proceso de gesti\u00f3n de eventos. Tanto si eres organizador de eventos, propietario de un local o proveedor de servicios, nuestra [&hellip;]\" \/>\n<meta property=\"og:url\" content=\"https:\/\/lampyrisevents.com\/es\/asociaciones\/\" \/>\n<meta property=\"og:site_name\" content=\"Lampyris-Events\" \/>\n<meta property=\"article:modified_time\" content=\"2024-07-15T09:47:31+00:00\" \/>\n<meta name=\"twitter:card\" content=\"summary_large_image\" \/>\n<meta name=\"twitter:label1\" content=\"Tiempo de lectura\" \/>\n\t<meta name=\"twitter:data1\" content=\"2 minutos\" \/>\n<script type=\"application\/ld+json\" class=\"yoast-schema-graph\">{\"@context\":\"https:\/\/schema.org\",\"@graph\":[{\"@type\":\"WebPage\",\"@id\":\"https:\/\/lampyrisevents.com\/es\/asociaciones\/\",\"url\":\"https:\/\/lampyrisevents.com\/es\/asociaciones\/\",\"name\":\"Asociaciones - Lampyris-Events\",\"isPartOf\":{\"@id\":\"https:\/\/lampyrisevents.com\/es\/#website\"},\"datePublished\":\"2024-05-30T16:33:13+00:00\",\"dateModified\":\"2024-07-15T09:47:31+00:00\",\"breadcrumb\":{\"@id\":\"https:\/\/lampyrisevents.com\/es\/asociaciones\/#breadcrumb\"},\"inLanguage\":\"es\",\"potentialAction\":[{\"@type\":\"ReadAction\",\"target\":[\"https:\/\/lampyrisevents.com\/es\/asociaciones\/\"]}]},{\"@type\":\"BreadcrumbList\",\"@id\":\"https:\/\/lampyrisevents.com\/es\/asociaciones\/#breadcrumb\",\"itemListElement\":[{\"@type\":\"ListItem\",\"position\":1,\"name\":\"Home\",\"item\":\"https:\/\/lampyrisevents.com\/es\/\"},{\"@type\":\"ListItem\",\"position\":2,\"name\":\"Asociaciones\"}]},{\"@type\":\"WebSite\",\"@id\":\"https:\/\/lampyrisevents.com\/es\/#website\",\"url\":\"https:\/\/lampyrisevents.com\/es\/\",\"name\":\"Lampyris-Events\",\"description\":\"Slogan Lampyris-Events\",\"publisher\":{\"@id\":\"https:\/\/lampyrisevents.com\/es\/#organization\"},\"potentialAction\":[{\"@type\":\"SearchAction\",\"target\":{\"@type\":\"EntryPoint\",\"urlTemplate\":\"https:\/\/lampyrisevents.com\/es\/?s={search_term_string}\"},\"query-input\":{\"@type\":\"PropertyValueSpecification\",\"valueRequired\":true,\"valueName\":\"search_term_string\"}}],\"inLanguage\":\"es\"},{\"@type\":\"Organization\",\"@id\":\"https:\/\/lampyrisevents.com\/es\/#organization\",\"name\":\"Lampyris-Events\",\"url\":\"https:\/\/lampyrisevents.com\/es\/\",\"logo\":{\"@type\":\"ImageObject\",\"inLanguage\":\"es\",\"@id\":\"https:\/\/lampyrisevents.com\/es\/#\/schema\/logo\/image\/\",\"url\":\"https:\/\/lampyrisevents.com\/wp-content\/uploads\/2024\/06\/logo215.png\",\"contentUrl\":\"https:\/\/lampyrisevents.com\/wp-content\/uploads\/2024\/06\/logo215.png\",\"width\":256,\"height\":80,\"caption\":\"Lampyris-Events\"},\"image\":{\"@id\":\"https:\/\/lampyrisevents.com\/es\/#\/schema\/logo\/image\/\"}}]}<\/script>\n<!-- \/ Yoast SEO plugin. -->","yoast_head_json":{"title":"Asociaciones - Lampyris-Events","robots":{"index":"noindex","follow":"follow","max-snippet":"max-snippet:-1","max-image-preview":"max-image-preview:large","max-video-preview":"max-video-preview:-1"},"og_locale":"es_ES","og_type":"article","og_title":"Asociaciones - Lampyris-Events","og_description":"Une fuerzas con Lampyris-Eventos En Lampyris-Events, creemos en el poder de la colaboraci\u00f3n para crear experiencias inolvidables. Al asociarte con nosotros, obtienes acceso a un conjunto de herramientas y recursos innovadores dise\u00f1ados para elevar tu proceso de gesti\u00f3n de eventos. Tanto si eres organizador de eventos, propietario de un local o proveedor de servicios, nuestra [&hellip;]","og_url":"https:\/\/lampyrisevents.com\/es\/asociaciones\/","og_site_name":"Lampyris-Events","article_modified_time":"2024-07-15T09:47:31+00:00","twitter_card":"summary_large_image","twitter_misc":{"Tiempo de lectura":"2 minutos"},"schema":{"@context":"https:\/\/schema.org","@graph":[{"@type":"WebPage","@id":"https:\/\/lampyrisevents.com\/es\/asociaciones\/","url":"https:\/\/lampyrisevents.com\/es\/asociaciones\/","name":"Asociaciones - Lampyris-Events","isPartOf":{"@id":"https:\/\/lampyrisevents.com\/es\/#website"},"datePublished":"2024-05-30T16:33:13+00:00","dateModified":"2024-07-15T09:47:31+00:00","breadcrumb":{"@id":"https:\/\/lampyrisevents.com\/es\/asociaciones\/#breadcrumb"},"inLanguage":"es","potentialAction":[{"@type":"ReadAction","target":["https:\/\/lampyrisevents.com\/es\/asociaciones\/"]}]},{"@type":"BreadcrumbList","@id":"https:\/\/lampyrisevents.com\/es\/asociaciones\/#breadcrumb","itemListElement":[{"@type":"ListItem","position":1,"name":"Home","item":"https:\/\/lampyrisevents.com\/es\/"},{"@type":"ListItem","position":2,"name":"Asociaciones"}]},{"@type":"WebSite","@id":"https:\/\/lampyrisevents.com\/es\/#website","url":"https:\/\/lampyrisevents.com\/es\/","name":"Lampyris-Events","description":"Slogan Lampyris-Events","publisher":{"@id":"https:\/\/lampyrisevents.com\/es\/#organization"},"potentialAction":[{"@type":"SearchAction","target":{"@type":"EntryPoint","urlTemplate":"https:\/\/lampyrisevents.com\/es\/?s={search_term_string}"},"query-input":{"@type":"PropertyValueSpecification","valueRequired":true,"valueName":"search_term_string"}}],"inLanguage":"es"},{"@type":"Organization","@id":"https:\/\/lampyrisevents.com\/es\/#organization","name":"Lampyris-Events","url":"https:\/\/lampyrisevents.com\/es\/","logo":{"@type":"ImageObject","inLanguage":"es","@id":"https:\/\/lampyrisevents.com\/es\/#\/schema\/logo\/image\/","url":"https:\/\/lampyrisevents.com\/wp-content\/uploads\/2024\/06\/logo215.png","contentUrl":"https:\/\/lampyrisevents.com\/wp-content\/uploads\/2024\/06\/logo215.png","width":256,"height":80,"caption":"Lampyris-Events"},"image":{"@id":"https:\/\/lampyrisevents.com\/es\/#\/schema\/logo\/image\/"}}]}},"_links":{"self":[{"href":"https:\/\/lampyrisevents.com\/es\/wp-json\/wp\/v2\/pages\/5958","targetHints":{"allow":["GET"]}}],"collection":[{"href":"https:\/\/lampyrisevents.com\/es\/wp-json\/wp\/v2\/pages"}],"about":[{"href":"https:\/\/lampyrisevents.com\/es\/wp-json\/wp\/v2\/types\/page"}],"author":[{"embeddable":true,"href":"https:\/\/lampyrisevents.com\/es\/wp-json\/wp\/v2\/users\/2"}],"replies":[{"embeddable":true,"href":"https:\/\/lampyrisevents.com\/es\/wp-json\/wp\/v2\/comments?post=5958"}],"version-history":[{"count":1,"href":"https:\/\/lampyrisevents.com\/es\/wp-json\/wp\/v2\/pages\/5958\/revisions"}],"predecessor-version":[{"id":5959,"href":"https:\/\/lampyrisevents.com\/es\/wp-json\/wp\/v2\/pages\/5958\/revisions\/5959"}],"wp:attachment":[{"href":"https:\/\/lampyrisevents.com\/es\/wp-json\/wp\/v2\/media?parent=5958"}],"curies":[{"name":"wp","href":"https:\/\/api.w.org\/{rel}","templated":true}]}}