{"id":5986,"date":"2024-05-30T16:44:10","date_gmt":"2024-05-30T14:44:10","guid":{"rendered":"https:\/\/lampyrisevents.com\/sobre-nosotros\/"},"modified":"2024-07-15T12:29:13","modified_gmt":"2024-07-15T10:29:13","slug":"sobre-nosotros","status":"publish","type":"page","link":"https:\/\/lampyrisevents.com\/es\/sobre-nosotros\/","title":{"rendered":"Sobre nosotros"},"content":{"rendered":"\t\t<div data-elementor-type=\"wp-page\" data-elementor-id=\"5986\" class=\"elementor elementor-5986 elementor-160\" data-elementor-post-type=\"page\">\n\t\t\t\t<div class=\"elementor-element elementor-element-59aa74c7 e-flex e-con-boxed e-con e-parent\" data-id=\"59aa74c7\" data-element_type=\"container\" data-e-type=\"container\">\n\t\t\t\t\t<div class=\"e-con-inner\">\n\t\t<div class=\"elementor-element elementor-element-4d8e14c7 e-con-full elementor-hidden-mobile e-flex e-con e-child\" data-id=\"4d8e14c7\" data-element_type=\"container\" data-e-type=\"container\" data-settings=\"{&quot;background_background&quot;:&quot;classic&quot;}\">\n\t\t\t\t<div class=\"elementor-element elementor-element-2c6d7d41 elementor-widget elementor-widget-heading\" data-id=\"2c6d7d41\" data-element_type=\"widget\" data-e-type=\"widget\" data-widget_type=\"heading.default\">\n\t\t\t\t<div class=\"elementor-widget-container\">\n\t\t\t\t\t<h3 class=\"elementor-heading-title elementor-size-default\">Para los compradores de entradas<\/h3>\t\t\t\t<\/div>\n\t\t\t\t<\/div>\n\t\t\t\t<div class=\"elementor-element elementor-element-3fbdecb elementor-nav-menu--dropdown-tablet elementor-nav-menu__text-align-aside elementor-nav-menu--toggle elementor-nav-menu--burger elementor-widget elementor-widget-nav-menu\" data-id=\"3fbdecb\" data-element_type=\"widget\" data-e-type=\"widget\" data-settings=\"{&quot;layout&quot;:&quot;vertical&quot;,&quot;submenu_icon&quot;:{&quot;value&quot;:&quot;&lt;svg aria-hidden=\\&quot;true\\&quot; class=\\&quot;e-font-icon-svg e-fas-caret-down\\&quot; viewBox=\\&quot;0 0 320 512\\&quot; xmlns=\\&quot;http:\\\/\\\/www.w3.org\\\/2000\\\/svg\\&quot;&gt;&lt;path d=\\&quot;M31.3 192h257.3c17.8 0 26.7 21.5 14.1 34.1L174.1 354.8c-7.8 7.8-20.5 7.8-28.3 0L17.2 226.1C4.6 213.5 13.5 192 31.3 192z\\&quot;&gt;&lt;\\\/path&gt;&lt;\\\/svg&gt;&quot;,&quot;library&quot;:&quot;fa-solid&quot;},&quot;toggle&quot;:&quot;burger&quot;}\" data-widget_type=\"nav-menu.default\">\n\t\t\t\t<div class=\"elementor-widget-container\">\n\t\t\t\t\t\t\t\t<nav aria-label=\"Men\u00fa\" class=\"elementor-nav-menu--main elementor-nav-menu__container elementor-nav-menu--layout-vertical e--pointer-none\">\n\t\t\t\t<ul id=\"menu-1-3fbdecb\" class=\"elementor-nav-menu sm-vertical\"><li class=\"menu-item menu-item-type-post_type menu-item-object-page menu-item-6087\"><a href=\"https:\/\/lampyrisevents.com\/es\/como-comprar\/\" class=\"elementor-item\">C\u00f3mo comprar<\/a><\/li>\n<li class=\"menu-item menu-item-type-post_type menu-item-object-page menu-item-6088\"><a href=\"https:\/\/lampyrisevents.com\/es\/preguntas-mas-frecuentes\/\" class=\"elementor-item\">Preguntas m\u00e1s frecuentes<\/a><\/li>\n<\/ul>\t\t\t<\/nav>\n\t\t\t\t\t<div class=\"elementor-menu-toggle\" role=\"button\" tabindex=\"0\" aria-label=\"Alternar men\u00fa\" aria-expanded=\"false\">\n\t\t\t<svg aria-hidden=\"true\" role=\"presentation\" class=\"elementor-menu-toggle__icon--open e-font-icon-svg e-eicon-menu-bar\" viewBox=\"0 0 1000 1000\" xmlns=\"http:\/\/www.w3.org\/2000\/svg\"><path d=\"M104 333H896C929 333 958 304 958 271S929 208 896 208H104C71 208 42 237 42 271S71 333 104 333ZM104 583H896C929 583 958 554 958 521S929 458 896 458H104C71 458 42 487 42 521S71 583 104 583ZM104 833H896C929 833 958 804 958 771S929 708 896 708H104C71 708 42 737 42 771S71 833 104 833Z\"><\/path><\/svg><svg aria-hidden=\"true\" role=\"presentation\" class=\"elementor-menu-toggle__icon--close e-font-icon-svg e-eicon-close\" viewBox=\"0 0 1000 1000\" xmlns=\"http:\/\/www.w3.org\/2000\/svg\"><path d=\"M742 167L500 408 258 167C246 154 233 150 217 150 196 150 179 158 167 167 154 179 150 196 150 212 150 229 154 242 171 254L408 500 167 742C138 771 138 800 167 829 196 858 225 858 254 829L496 587 738 829C750 842 767 846 783 846 800 846 817 842 829 829 842 817 846 804 846 783 846 767 842 750 829 737L588 500 833 258C863 229 863 200 833 171 804 137 775 137 742 167Z\"><\/path><\/svg>\t\t<\/div>\n\t\t\t\t\t<nav class=\"elementor-nav-menu--dropdown elementor-nav-menu__container\" aria-hidden=\"true\">\n\t\t\t\t<ul id=\"menu-2-3fbdecb\" class=\"elementor-nav-menu sm-vertical\"><li class=\"menu-item menu-item-type-post_type menu-item-object-page menu-item-6087\"><a href=\"https:\/\/lampyrisevents.com\/es\/como-comprar\/\" class=\"elementor-item\" tabindex=\"-1\">C\u00f3mo comprar<\/a><\/li>\n<li class=\"menu-item menu-item-type-post_type menu-item-object-page menu-item-6088\"><a href=\"https:\/\/lampyrisevents.com\/es\/preguntas-mas-frecuentes\/\" class=\"elementor-item\" tabindex=\"-1\">Preguntas m\u00e1s frecuentes<\/a><\/li>\n<\/ul>\t\t\t<\/nav>\n\t\t\t\t\t\t<\/div>\n\t\t\t\t<\/div>\n\t\t\t\t<div class=\"elementor-element elementor-element-5ef86088 elementor-widget elementor-widget-heading\" data-id=\"5ef86088\" data-element_type=\"widget\" data-e-type=\"widget\" data-widget_type=\"heading.default\">\n\t\t\t\t<div class=\"elementor-widget-container\">\n\t\t\t\t\t<h3 class=\"elementor-heading-title elementor-size-default\">Para organzadores<\/h3>\t\t\t\t<\/div>\n\t\t\t\t<\/div>\n\t\t\t\t<div class=\"elementor-element elementor-element-78d25f0e elementor-nav-menu--dropdown-tablet elementor-nav-menu__text-align-aside elementor-nav-menu--toggle elementor-nav-menu--burger elementor-widget elementor-widget-nav-menu\" data-id=\"78d25f0e\" data-element_type=\"widget\" data-e-type=\"widget\" data-settings=\"{&quot;layout&quot;:&quot;vertical&quot;,&quot;submenu_icon&quot;:{&quot;value&quot;:&quot;&lt;svg aria-hidden=\\&quot;true\\&quot; class=\\&quot;e-font-icon-svg e-fas-caret-down\\&quot; viewBox=\\&quot;0 0 320 512\\&quot; xmlns=\\&quot;http:\\\/\\\/www.w3.org\\\/2000\\\/svg\\&quot;&gt;&lt;path d=\\&quot;M31.3 192h257.3c17.8 0 26.7 21.5 14.1 34.1L174.1 354.8c-7.8 7.8-20.5 7.8-28.3 0L17.2 226.1C4.6 213.5 13.5 192 31.3 192z\\&quot;&gt;&lt;\\\/path&gt;&lt;\\\/svg&gt;&quot;,&quot;library&quot;:&quot;fa-solid&quot;},&quot;toggle&quot;:&quot;burger&quot;}\" data-widget_type=\"nav-menu.default\">\n\t\t\t\t<div class=\"elementor-widget-container\">\n\t\t\t\t\t\t\t\t<nav aria-label=\"Men\u00fa\" class=\"elementor-nav-menu--main elementor-nav-menu__container elementor-nav-menu--layout-vertical e--pointer-none\">\n\t\t\t\t<ul id=\"menu-1-78d25f0e\" class=\"elementor-nav-menu sm-vertical\"><li class=\"menu-item menu-item-type-post_type menu-item-object-page menu-item-4987\"><a href=\"https:\/\/lampyrisevents.com\/es\/vende-entradas-con-nosotros\/\" class=\"elementor-item\">Vende entradas con nosotros<\/a><\/li>\n<li class=\"menu-item menu-item-type-post_type menu-item-object-page menu-item-4988\"><a href=\"https:\/\/lampyrisevents.com\/es\/crear-evento\/\" class=\"elementor-item\">Crear evento<\/a><\/li>\n<li class=\"menu-item menu-item-type-post_type menu-item-object-page menu-item-6097\"><a href=\"https:\/\/lampyrisevents.com\/es\/asociaciones\/\" class=\"elementor-item\">Asociaciones<\/a><\/li>\n<\/ul>\t\t\t<\/nav>\n\t\t\t\t\t<div class=\"elementor-menu-toggle\" role=\"button\" tabindex=\"0\" aria-label=\"Alternar men\u00fa\" aria-expanded=\"false\">\n\t\t\t<svg aria-hidden=\"true\" role=\"presentation\" class=\"elementor-menu-toggle__icon--open e-font-icon-svg e-eicon-menu-bar\" viewBox=\"0 0 1000 1000\" xmlns=\"http:\/\/www.w3.org\/2000\/svg\"><path d=\"M104 333H896C929 333 958 304 958 271S929 208 896 208H104C71 208 42 237 42 271S71 333 104 333ZM104 583H896C929 583 958 554 958 521S929 458 896 458H104C71 458 42 487 42 521S71 583 104 583ZM104 833H896C929 833 958 804 958 771S929 708 896 708H104C71 708 42 737 42 771S71 833 104 833Z\"><\/path><\/svg><svg aria-hidden=\"true\" role=\"presentation\" class=\"elementor-menu-toggle__icon--close e-font-icon-svg e-eicon-close\" viewBox=\"0 0 1000 1000\" xmlns=\"http:\/\/www.w3.org\/2000\/svg\"><path d=\"M742 167L500 408 258 167C246 154 233 150 217 150 196 150 179 158 167 167 154 179 150 196 150 212 150 229 154 242 171 254L408 500 167 742C138 771 138 800 167 829 196 858 225 858 254 829L496 587 738 829C750 842 767 846 783 846 800 846 817 842 829 829 842 817 846 804 846 783 846 767 842 750 829 737L588 500 833 258C863 229 863 200 833 171 804 137 775 137 742 167Z\"><\/path><\/svg>\t\t<\/div>\n\t\t\t\t\t<nav class=\"elementor-nav-menu--dropdown elementor-nav-menu__container\" aria-hidden=\"true\">\n\t\t\t\t<ul id=\"menu-2-78d25f0e\" class=\"elementor-nav-menu sm-vertical\"><li class=\"menu-item menu-item-type-post_type menu-item-object-page menu-item-4987\"><a href=\"https:\/\/lampyrisevents.com\/es\/vende-entradas-con-nosotros\/\" class=\"elementor-item\" tabindex=\"-1\">Vende entradas con nosotros<\/a><\/li>\n<li class=\"menu-item menu-item-type-post_type menu-item-object-page menu-item-4988\"><a href=\"https:\/\/lampyrisevents.com\/es\/crear-evento\/\" class=\"elementor-item\" tabindex=\"-1\">Crear evento<\/a><\/li>\n<li class=\"menu-item menu-item-type-post_type menu-item-object-page menu-item-6097\"><a href=\"https:\/\/lampyrisevents.com\/es\/asociaciones\/\" class=\"elementor-item\" tabindex=\"-1\">Asociaciones<\/a><\/li>\n<\/ul>\t\t\t<\/nav>\n\t\t\t\t\t\t<\/div>\n\t\t\t\t<\/div>\n\t\t\t\t<div class=\"elementor-element elementor-element-3a7b3ebd elementor-widget elementor-widget-heading\" data-id=\"3a7b3ebd\" data-element_type=\"widget\" data-e-type=\"widget\" data-widget_type=\"heading.default\">\n\t\t\t\t<div class=\"elementor-widget-container\">\n\t\t\t\t\t<h3 class=\"elementor-heading-title elementor-size-default\">Lampyris-Events<\/h3>\t\t\t\t<\/div>\n\t\t\t\t<\/div>\n\t\t\t\t<div class=\"elementor-element elementor-element-55911383 elementor-nav-menu--dropdown-tablet elementor-nav-menu__text-align-aside elementor-nav-menu--toggle elementor-nav-menu--burger elementor-widget elementor-widget-nav-menu\" data-id=\"55911383\" data-element_type=\"widget\" data-e-type=\"widget\" data-settings=\"{&quot;layout&quot;:&quot;vertical&quot;,&quot;submenu_icon&quot;:{&quot;value&quot;:&quot;&lt;svg aria-hidden=\\&quot;true\\&quot; class=\\&quot;e-font-icon-svg e-fas-caret-down\\&quot; viewBox=\\&quot;0 0 320 512\\&quot; xmlns=\\&quot;http:\\\/\\\/www.w3.org\\\/2000\\\/svg\\&quot;&gt;&lt;path d=\\&quot;M31.3 192h257.3c17.8 0 26.7 21.5 14.1 34.1L174.1 354.8c-7.8 7.8-20.5 7.8-28.3 0L17.2 226.1C4.6 213.5 13.5 192 31.3 192z\\&quot;&gt;&lt;\\\/path&gt;&lt;\\\/svg&gt;&quot;,&quot;library&quot;:&quot;fa-solid&quot;},&quot;toggle&quot;:&quot;burger&quot;}\" data-widget_type=\"nav-menu.default\">\n\t\t\t\t<div class=\"elementor-widget-container\">\n\t\t\t\t\t\t\t\t<nav aria-label=\"Men\u00fa\" class=\"elementor-nav-menu--main elementor-nav-menu__container elementor-nav-menu--layout-vertical e--pointer-none\">\n\t\t\t\t<ul id=\"menu-1-55911383\" class=\"elementor-nav-menu sm-vertical\"><li class=\"menu-item menu-item-type-post_type menu-item-object-page menu-item-6109\"><a href=\"https:\/\/lampyrisevents.com\/es\/sobre-nosotros\/\" class=\"elementor-item\">Sobre nosotros<\/a><\/li>\n<li class=\"menu-item menu-item-type-post_type menu-item-object-page menu-item-6110\"><a href=\"https:\/\/lampyrisevents.com\/es\/contactos\/\" class=\"elementor-item\">Contactos<\/a><\/li>\n<\/ul>\t\t\t<\/nav>\n\t\t\t\t\t<div class=\"elementor-menu-toggle\" role=\"button\" tabindex=\"0\" aria-label=\"Alternar men\u00fa\" aria-expanded=\"false\">\n\t\t\t<svg aria-hidden=\"true\" role=\"presentation\" class=\"elementor-menu-toggle__icon--open e-font-icon-svg e-eicon-menu-bar\" viewBox=\"0 0 1000 1000\" xmlns=\"http:\/\/www.w3.org\/2000\/svg\"><path d=\"M104 333H896C929 333 958 304 958 271S929 208 896 208H104C71 208 42 237 42 271S71 333 104 333ZM104 583H896C929 583 958 554 958 521S929 458 896 458H104C71 458 42 487 42 521S71 583 104 583ZM104 833H896C929 833 958 804 958 771S929 708 896 708H104C71 708 42 737 42 771S71 833 104 833Z\"><\/path><\/svg><svg aria-hidden=\"true\" role=\"presentation\" class=\"elementor-menu-toggle__icon--close e-font-icon-svg e-eicon-close\" viewBox=\"0 0 1000 1000\" xmlns=\"http:\/\/www.w3.org\/2000\/svg\"><path d=\"M742 167L500 408 258 167C246 154 233 150 217 150 196 150 179 158 167 167 154 179 150 196 150 212 150 229 154 242 171 254L408 500 167 742C138 771 138 800 167 829 196 858 225 858 254 829L496 587 738 829C750 842 767 846 783 846 800 846 817 842 829 829 842 817 846 804 846 783 846 767 842 750 829 737L588 500 833 258C863 229 863 200 833 171 804 137 775 137 742 167Z\"><\/path><\/svg>\t\t<\/div>\n\t\t\t\t\t<nav class=\"elementor-nav-menu--dropdown elementor-nav-menu__container\" aria-hidden=\"true\">\n\t\t\t\t<ul id=\"menu-2-55911383\" class=\"elementor-nav-menu sm-vertical\"><li class=\"menu-item menu-item-type-post_type menu-item-object-page menu-item-6109\"><a href=\"https:\/\/lampyrisevents.com\/es\/sobre-nosotros\/\" class=\"elementor-item\" tabindex=\"-1\">Sobre nosotros<\/a><\/li>\n<li class=\"menu-item menu-item-type-post_type menu-item-object-page menu-item-6110\"><a href=\"https:\/\/lampyrisevents.com\/es\/contactos\/\" class=\"elementor-item\" tabindex=\"-1\">Contactos<\/a><\/li>\n<\/ul>\t\t\t<\/nav>\n\t\t\t\t\t\t<\/div>\n\t\t\t\t<\/div>\n\t\t\t\t<\/div>\n\t\t<div class=\"elementor-element elementor-element-6b3cf3d5 e-con-full e-flex e-con e-child\" data-id=\"6b3cf3d5\" data-element_type=\"container\" data-e-type=\"container\">\n\t\t\t\t<div class=\"elementor-element elementor-element-5a1604d2 elementor-widget elementor-widget-heading\" data-id=\"5a1604d2\" data-element_type=\"widget\" data-e-type=\"widget\" data-widget_type=\"heading.default\">\n\t\t\t\t<div class=\"elementor-widget-container\">\n\t\t\t\t\t<h2 class=\"elementor-heading-title elementor-size-default\">Lampyris-Events<\/h2>\t\t\t\t<\/div>\n\t\t\t\t<\/div>\n\t\t\t\t<div class=\"elementor-element elementor-element-12dcdf76 elementor-widget elementor-widget-text-editor\" data-id=\"12dcdf76\" data-element_type=\"widget\" data-e-type=\"widget\" data-widget_type=\"text-editor.default\">\n\t\t\t\t<div class=\"elementor-widget-container\">\n\t\t\t\t\t\t\t\t\t<p>Organizando Eventos Educativos y de Entretenimiento Desde 2011<\/p>\n\t\t\t\t\t\t\t\t<\/div>\n\t\t\t\t<\/div>\n\t\t\t\t<div class=\"elementor-element elementor-element-62874334 elementor-widget elementor-widget-heading\" data-id=\"62874334\" data-element_type=\"widget\" data-e-type=\"widget\" data-widget_type=\"heading.default\">\n\t\t\t\t<div class=\"elementor-widget-container\">\n\t\t\t\t\t<h2 class=\"elementor-heading-title elementor-size-default\">Eventos<\/h2>\t\t\t\t<\/div>\n\t\t\t\t<\/div>\n\t\t\t\t<div class=\"elementor-element elementor-element-97f6a18 elementor-widget elementor-widget-text-editor\" data-id=\"97f6a18\" data-element_type=\"widget\" data-e-type=\"widget\" data-widget_type=\"text-editor.default\">\n\t\t\t\t<div class=\"elementor-widget-container\">\n\t\t\t\t\t\t\t\t\t<p>Estamos orgullosos de nuestra cartera, que incluye:<\/p>\n<p>Conciertos de Boris Grebenshchikov: Actuaciones en Praga en 2021, 2022 y 2024.<br \/>Conciertos de Anton Batagov: Actuaciones del pianista y compositor en Praga.<br \/>Encuentros con Anton Dolin: Conferencias y debates con el cr\u00edtico de cine en la Rep\u00fablica Checa y Espa\u00f1a.<br \/>Conciertos TequilaJazzz: Actuaciones de bandas populares en Praga.<br \/>Eventos infantiles: Programas como \u00abEspect\u00e1culo de Globos Divertidos\u00bb y \u00abSecretos de las Burbujas de la Felicidad\u00bb en seis ciudades de la Rep\u00fablica Checa.<br \/>Asistencia en la organizaci\u00f3n de eventos para contratistas: Apoyo a socios y clientes.<\/p>\n\t\t\t\t\t\t\t\t<\/div>\n\t\t\t\t<\/div>\n\t\t\t\t<div class=\"elementor-element elementor-element-bf569f1 elementor-widget elementor-widget-heading\" data-id=\"bf569f1\" data-element_type=\"widget\" data-e-type=\"widget\" data-widget_type=\"heading.default\">\n\t\t\t\t<div class=\"elementor-widget-container\">\n\t\t\t\t\t<h2 class=\"elementor-heading-title elementor-size-default\">Servicios<\/h2>\t\t\t\t<\/div>\n\t\t\t\t<\/div>\n\t\t\t\t<div class=\"elementor-element elementor-element-d855752 elementor-widget elementor-widget-text-editor\" data-id=\"d855752\" data-element_type=\"widget\" data-e-type=\"widget\" data-widget_type=\"text-editor.default\">\n\t\t\t\t<div class=\"elementor-widget-container\">\n\t\t\t\t\t\t\t\t\t<p>Ofrecemos entretenimiento y eventos educativos, excluyendo celebraciones privadas y eventos corporativos. Nuestros servicios incluyen:<\/p>\n<ul>\n<li>Eventos de entretenimiento: Conciertos, espect\u00e1culos, festivales.<\/li>\n<li>Eventos educativos: Seminarios, talleres, clases magistrales.<\/li>\n<li>Programas infantiles: Eventos adaptados a los ni\u00f1os.<\/li>\n<li>Asistencia en la organizaci\u00f3n de eventos: Apoyo a los contratistas.<\/li>\n<li>Sistema moderno de venta de entradas<\/li>\n<\/ul>\n<p>Proporcionamos a los socios un moderno sistema de venta de entradas en l\u00ednea, que garantiza la comodidad y la eficacia.<\/p>\n\t\t\t\t\t\t\t\t<\/div>\n\t\t\t\t<\/div>\n\t\t\t\t<\/div>\n\t\t\t\t\t<\/div>\n\t\t\t\t<\/div>\n\t\t\t\t<\/div>\n\t\t","protected":false},"excerpt":{"rendered":"<p>Para los compradores de entradas Para organzadores Lampyris-Events Organizando Eventos Educativos y de Entretenimiento Desde 2011 Eventos Estamos orgullosos de nuestra cartera, que incluye: Conciertos de Boris Grebenshchikov: Actuaciones en Praga en 2021, 2022 y 2024.Conciertos de Anton Batagov: Actuaciones del pianista y compositor en Praga.Encuentros con Anton Dolin: Conferencias y debates con el cr\u00edtico [&hellip;]<\/p>\n","protected":false},"author":2,"featured_media":0,"parent":0,"menu_order":0,"comment_status":"closed","ping_status":"closed","template":"","meta":{"_acf_changed":false,"footnotes":""},"class_list":["post-5986","page","type-page","status-publish","hentry"],"acf":[],"yoast_head":"<!-- This site is optimized with the Yoast SEO plugin v27.2 - https:\/\/yoast.com\/product\/yoast-seo-wordpress\/ -->\n<title>Sobre nosotros - Lampyris-Events<\/title>\n<meta name=\"robots\" content=\"noindex, follow, max-snippet:-1, max-image-preview:large, max-video-preview:-1\" \/>\n<meta property=\"og:locale\" content=\"es_ES\" \/>\n<meta property=\"og:type\" content=\"article\" \/>\n<meta property=\"og:title\" content=\"Sobre nosotros - Lampyris-Events\" \/>\n<meta property=\"og:description\" content=\"Para los compradores de entradas Para organzadores Lampyris-Events Organizando Eventos Educativos y de Entretenimiento Desde 2011 Eventos Estamos orgullosos de nuestra cartera, que incluye: Conciertos de Boris Grebenshchikov: Actuaciones en Praga en 2021, 2022 y 2024.Conciertos de Anton Batagov: Actuaciones del pianista y compositor en Praga.Encuentros con Anton Dolin: Conferencias y debates con el cr\u00edtico [&hellip;]\" \/>\n<meta property=\"og:url\" content=\"https:\/\/lampyrisevents.com\/es\/sobre-nosotros\/\" \/>\n<meta property=\"og:site_name\" content=\"Lampyris-Events\" \/>\n<meta property=\"article:modified_time\" content=\"2024-07-15T10:29:13+00:00\" \/>\n<meta name=\"twitter:card\" content=\"summary_large_image\" \/>\n<meta name=\"twitter:label1\" content=\"Tiempo de lectura\" \/>\n\t<meta name=\"twitter:data1\" content=\"1 minuto\" \/>\n<script type=\"application\/ld+json\" class=\"yoast-schema-graph\">{\"@context\":\"https:\/\/schema.org\",\"@graph\":[{\"@type\":\"WebPage\",\"@id\":\"https:\/\/lampyrisevents.com\/es\/sobre-nosotros\/\",\"url\":\"https:\/\/lampyrisevents.com\/es\/sobre-nosotros\/\",\"name\":\"Sobre nosotros - Lampyris-Events\",\"isPartOf\":{\"@id\":\"https:\/\/lampyrisevents.com\/es\/#website\"},\"datePublished\":\"2024-05-30T14:44:10+00:00\",\"dateModified\":\"2024-07-15T10:29:13+00:00\",\"breadcrumb\":{\"@id\":\"https:\/\/lampyrisevents.com\/es\/sobre-nosotros\/#breadcrumb\"},\"inLanguage\":\"es\",\"potentialAction\":[{\"@type\":\"ReadAction\",\"target\":[\"https:\/\/lampyrisevents.com\/es\/sobre-nosotros\/\"]}]},{\"@type\":\"BreadcrumbList\",\"@id\":\"https:\/\/lampyrisevents.com\/es\/sobre-nosotros\/#breadcrumb\",\"itemListElement\":[{\"@type\":\"ListItem\",\"position\":1,\"name\":\"Home\",\"item\":\"https:\/\/lampyrisevents.com\/es\/\"},{\"@type\":\"ListItem\",\"position\":2,\"name\":\"Sobre nosotros\"}]},{\"@type\":\"WebSite\",\"@id\":\"https:\/\/lampyrisevents.com\/es\/#website\",\"url\":\"https:\/\/lampyrisevents.com\/es\/\",\"name\":\"Lampyris-Events\",\"description\":\"Slogan Lampyris-Events\",\"publisher\":{\"@id\":\"https:\/\/lampyrisevents.com\/es\/#organization\"},\"potentialAction\":[{\"@type\":\"SearchAction\",\"target\":{\"@type\":\"EntryPoint\",\"urlTemplate\":\"https:\/\/lampyrisevents.com\/es\/?s={search_term_string}\"},\"query-input\":{\"@type\":\"PropertyValueSpecification\",\"valueRequired\":true,\"valueName\":\"search_term_string\"}}],\"inLanguage\":\"es\"},{\"@type\":\"Organization\",\"@id\":\"https:\/\/lampyrisevents.com\/es\/#organization\",\"name\":\"Lampyris-Events\",\"url\":\"https:\/\/lampyrisevents.com\/es\/\",\"logo\":{\"@type\":\"ImageObject\",\"inLanguage\":\"es\",\"@id\":\"https:\/\/lampyrisevents.com\/es\/#\/schema\/logo\/image\/\",\"url\":\"https:\/\/lampyrisevents.com\/wp-content\/uploads\/2024\/06\/logo215.png\",\"contentUrl\":\"https:\/\/lampyrisevents.com\/wp-content\/uploads\/2024\/06\/logo215.png\",\"width\":256,\"height\":80,\"caption\":\"Lampyris-Events\"},\"image\":{\"@id\":\"https:\/\/lampyrisevents.com\/es\/#\/schema\/logo\/image\/\"}}]}<\/script>\n<!-- \/ Yoast SEO plugin. -->","yoast_head_json":{"title":"Sobre nosotros - Lampyris-Events","robots":{"index":"noindex","follow":"follow","max-snippet":"max-snippet:-1","max-image-preview":"max-image-preview:large","max-video-preview":"max-video-preview:-1"},"og_locale":"es_ES","og_type":"article","og_title":"Sobre nosotros - Lampyris-Events","og_description":"Para los compradores de entradas Para organzadores Lampyris-Events Organizando Eventos Educativos y de Entretenimiento Desde 2011 Eventos Estamos orgullosos de nuestra cartera, que incluye: Conciertos de Boris Grebenshchikov: Actuaciones en Praga en 2021, 2022 y 2024.Conciertos de Anton Batagov: Actuaciones del pianista y compositor en Praga.Encuentros con Anton Dolin: Conferencias y debates con el cr\u00edtico [&hellip;]","og_url":"https:\/\/lampyrisevents.com\/es\/sobre-nosotros\/","og_site_name":"Lampyris-Events","article_modified_time":"2024-07-15T10:29:13+00:00","twitter_card":"summary_large_image","twitter_misc":{"Tiempo de lectura":"1 minuto"},"schema":{"@context":"https:\/\/schema.org","@graph":[{"@type":"WebPage","@id":"https:\/\/lampyrisevents.com\/es\/sobre-nosotros\/","url":"https:\/\/lampyrisevents.com\/es\/sobre-nosotros\/","name":"Sobre nosotros - Lampyris-Events","isPartOf":{"@id":"https:\/\/lampyrisevents.com\/es\/#website"},"datePublished":"2024-05-30T14:44:10+00:00","dateModified":"2024-07-15T10:29:13+00:00","breadcrumb":{"@id":"https:\/\/lampyrisevents.com\/es\/sobre-nosotros\/#breadcrumb"},"inLanguage":"es","potentialAction":[{"@type":"ReadAction","target":["https:\/\/lampyrisevents.com\/es\/sobre-nosotros\/"]}]},{"@type":"BreadcrumbList","@id":"https:\/\/lampyrisevents.com\/es\/sobre-nosotros\/#breadcrumb","itemListElement":[{"@type":"ListItem","position":1,"name":"Home","item":"https:\/\/lampyrisevents.com\/es\/"},{"@type":"ListItem","position":2,"name":"Sobre nosotros"}]},{"@type":"WebSite","@id":"https:\/\/lampyrisevents.com\/es\/#website","url":"https:\/\/lampyrisevents.com\/es\/","name":"Lampyris-Events","description":"Slogan Lampyris-Events","publisher":{"@id":"https:\/\/lampyrisevents.com\/es\/#organization"},"potentialAction":[{"@type":"SearchAction","target":{"@type":"EntryPoint","urlTemplate":"https:\/\/lampyrisevents.com\/es\/?s={search_term_string}"},"query-input":{"@type":"PropertyValueSpecification","valueRequired":true,"valueName":"search_term_string"}}],"inLanguage":"es"},{"@type":"Organization","@id":"https:\/\/lampyrisevents.com\/es\/#organization","name":"Lampyris-Events","url":"https:\/\/lampyrisevents.com\/es\/","logo":{"@type":"ImageObject","inLanguage":"es","@id":"https:\/\/lampyrisevents.com\/es\/#\/schema\/logo\/image\/","url":"https:\/\/lampyrisevents.com\/wp-content\/uploads\/2024\/06\/logo215.png","contentUrl":"https:\/\/lampyrisevents.com\/wp-content\/uploads\/2024\/06\/logo215.png","width":256,"height":80,"caption":"Lampyris-Events"},"image":{"@id":"https:\/\/lampyrisevents.com\/es\/#\/schema\/logo\/image\/"}}]}},"_links":{"self":[{"href":"https:\/\/lampyrisevents.com\/es\/wp-json\/wp\/v2\/pages\/5986","targetHints":{"allow":["GET"]}}],"collection":[{"href":"https:\/\/lampyrisevents.com\/es\/wp-json\/wp\/v2\/pages"}],"about":[{"href":"https:\/\/lampyrisevents.com\/es\/wp-json\/wp\/v2\/types\/page"}],"author":[{"embeddable":true,"href":"https:\/\/lampyrisevents.com\/es\/wp-json\/wp\/v2\/users\/2"}],"replies":[{"embeddable":true,"href":"https:\/\/lampyrisevents.com\/es\/wp-json\/wp\/v2\/comments?post=5986"}],"version-history":[{"count":3,"href":"https:\/\/lampyrisevents.com\/es\/wp-json\/wp\/v2\/pages\/5986\/revisions"}],"predecessor-version":[{"id":6006,"href":"https:\/\/lampyrisevents.com\/es\/wp-json\/wp\/v2\/pages\/5986\/revisions\/6006"}],"wp:attachment":[{"href":"https:\/\/lampyrisevents.com\/es\/wp-json\/wp\/v2\/media?parent=5986"}],"curies":[{"name":"wp","href":"https:\/\/api.w.org\/{rel}","templated":true}]}}