{"id":6017,"date":"2024-05-30T17:10:43","date_gmt":"2024-05-30T15:10:43","guid":{"rendered":"https:\/\/lampyrisevents.com\/preguntas-mas-frecuentes\/"},"modified":"2024-07-15T13:32:38","modified_gmt":"2024-07-15T11:32:38","slug":"preguntas-mas-frecuentes","status":"publish","type":"page","link":"https:\/\/lampyrisevents.com\/es\/preguntas-mas-frecuentes\/","title":{"rendered":"Preguntas m\u00e1s frecuentes"},"content":{"rendered":"\t\t<div data-elementor-type=\"wp-page\" data-elementor-id=\"6017\" class=\"elementor elementor-6017 elementor-168\" data-elementor-post-type=\"page\">\n\t\t\t\t<div class=\"elementor-element elementor-element-b019f8f e-flex e-con-boxed e-con e-parent\" data-id=\"b019f8f\" data-element_type=\"container\" data-e-type=\"container\">\n\t\t\t\t\t<div class=\"e-con-inner\">\n\t\t\t\t<div class=\"elementor-element elementor-element-beb91f5 elementor-widget elementor-widget-heading\" data-id=\"beb91f5\" data-element_type=\"widget\" data-e-type=\"widget\" data-widget_type=\"heading.default\">\n\t\t\t\t<div class=\"elementor-widget-container\">\n\t\t\t\t\t<h1 class=\"elementor-heading-title elementor-size-default\">PREGUNTAS FRECUENTES<\/h1>\t\t\t\t<\/div>\n\t\t\t\t<\/div>\n\t\t\t\t<div class=\"elementor-element elementor-element-34f2807 elementor-widget elementor-widget-heading\" data-id=\"34f2807\" data-element_type=\"widget\" data-e-type=\"widget\" data-widget_type=\"heading.default\">\n\t\t\t\t<div class=\"elementor-widget-container\">\n\t\t\t\t\t<h2 class=\"elementor-heading-title elementor-size-default\">Preguntas m\u00e1s frecuentes<\/h2>\t\t\t\t<\/div>\n\t\t\t\t<\/div>\n\t\t\t\t<div class=\"elementor-element elementor-element-8a957a2 elementor-widget elementor-widget-tp-accordion\" data-id=\"8a957a2\" data-element_type=\"widget\" data-e-type=\"widget\" data-widget_type=\"tp-accordion.default\">\n\t\t\t\t<div class=\"elementor-widget-container\">\n\t\t\t\t\t\r\n\t\t<div class=\"theplus-accordion-wrapper elementor-accordion   \" id=\"accordion69d42d05285ed\" data-accordion-id=\"accordion69d42d05285ed\" data-connection=\"\" data-accordion-type=\"accordion\" data-heightlight-text    role=\"tablist\" > \r\n\t\t\r\n\t\t\t\t\t\t<div class=\"theplus-accordion-item\"  role=\"tab\">\r\n\t\t\t\t\t<div id=\"elementor-tab-title-1451\" class=\"elementor-tab-title plus-accordion-header active-default text-left \" data-tab=\"1\" aria-controls=\"elementor-tab-content-1451\"\t\t\t\t\t>\r\n\t\t\t\t\t\t\t\t\t\t\t<span class=\"elementor-accordion-icon elementor-accordion-icon-left\" aria-hidden=\"true\"><i class=\"elementor-accordion-icon-closed fa fa-plus\"><\/i><i class=\"elementor-accordion-icon-opened fa fa-minus\"><\/i><\/span>\r\n\t\t\t\t\t\t<span style=\"width:100%\">Qu\u00e9 es Lampyris<\/span>\t\t\t\t\t\t\t\t\t\t\t<\/div>\r\n\r\n\t\t\t\t\t\t\t\t\t\t\t<div \r\n\t\t\t\t\t\tid=\"elementor-tab-content-1451\" class=\"elementor-tab-content elementor-clearfix plus-accordion-content active-default \" data-tab=\"1\" role=\"tabpanel\" aria-labelledby=\"elementor-tab-title-1451\"\t\t\t\t\t\t> \r\n\t\t\t\t\t\t\t\t\t\t<div class=\"plus-content-editor\" ><p>Empresa Organizadora de Entretenimiento y Eventos Educativos Desde 2011<\/p>\n<\/div>\t\t\t\t\t\r\n\t\t\t\t\t\t<\/div> \r\n\t\t\t\t\t\t\t\t\t\t\r\n\t\t\t\t<\/div> \r\n\t\t\t\t\t\t\t\t<div class=\"theplus-accordion-item\"  role=\"tab\">\r\n\t\t\t\t\t<div id=\"elementor-tab-title-1452\" class=\"elementor-tab-title plus-accordion-header no text-left \" data-tab=\"2\" aria-controls=\"elementor-tab-content-1452\"\t\t\t\t\t>\r\n\t\t\t\t\t\t\t\t\t\t\t<span class=\"elementor-accordion-icon elementor-accordion-icon-left\" aria-hidden=\"true\"><i class=\"elementor-accordion-icon-closed fa fa-plus\"><\/i><i class=\"elementor-accordion-icon-opened fa fa-minus\"><\/i><\/span>\r\n\t\t\t\t\t\t<span style=\"width:100%\">No he recibido o he perdido mis entradas<\/span>\t\t\t\t\t\t\t\t\t\t\t<\/div>\r\n\r\n\t\t\t\t\t\t\t\t\t\t\t<div \r\n\t\t\t\t\t\tid=\"elementor-tab-content-1452\" class=\"elementor-tab-content elementor-clearfix plus-accordion-content no \" data-tab=\"2\" role=\"tabpanel\" aria-labelledby=\"elementor-tab-title-1452\"\t\t\t\t\t\t> \r\n\t\t\t\t\t\t\t\t\t\t<div class=\"plus-content-editor\" ><p>Los billetes se env\u00edan autom\u00e1ticamente y deber\u00edan llegar a tu bandeja de entrada en unos minutos tras un pago correcto. Si no los recibes, comprueba primero tu carpeta de correo no deseado.<\/p>\n<p>Puede que hayas escrito mal tu direcci\u00f3n de correo electr\u00f3nico al realizar la compra.<\/p>\n<p>Si pagaste mediante transferencia bancaria ordinaria, puede que tardemos unos d\u00edas en recibir tu pago y enviar el billete.<\/p>\n<p>Si tienes acceso a tu cuenta bancaria, utiliza nuestra p\u00e1gina de recuperaci\u00f3n de billetes.<\/p>\n<p>Tambi\u00e9n puedes ponerte en contacto con el organizador del acto o enviarnos un correo electr\u00f3nico a support@lampyrisevents.com, adjuntando tus datos de pago.<\/p>\n<\/div>\t\t\t\t\t\r\n\t\t\t\t\t\t<\/div> \r\n\t\t\t\t\t\t\t\t\t\t\r\n\t\t\t\t<\/div> \r\n\t\t\t\t\t\t\t\t<div class=\"theplus-accordion-item\"  role=\"tab\">\r\n\t\t\t\t\t<div id=\"elementor-tab-title-1453\" class=\"elementor-tab-title plus-accordion-header no text-left \" data-tab=\"3\" aria-controls=\"elementor-tab-content-1453\"\t\t\t\t\t>\r\n\t\t\t\t\t\t\t\t\t\t\t<span class=\"elementor-accordion-icon elementor-accordion-icon-left\" aria-hidden=\"true\"><i class=\"elementor-accordion-icon-closed fa fa-plus\"><\/i><i class=\"elementor-accordion-icon-opened fa fa-minus\"><\/i><\/span>\r\n\t\t\t\t\t\t<span style=\"width:100%\">Mi pago con tarjeta de cr\u00e9dito ha fallado<\/span>\t\t\t\t\t\t\t\t\t\t\t<\/div>\r\n\r\n\t\t\t\t\t\t\t\t\t\t\t<div \r\n\t\t\t\t\t\tid=\"elementor-tab-content-1453\" class=\"elementor-tab-content elementor-clearfix plus-accordion-content no \" data-tab=\"3\" role=\"tabpanel\" aria-labelledby=\"elementor-tab-title-1453\"\t\t\t\t\t\t> \r\n\t\t\t\t\t\t\t\t\t\t<div class=\"plus-content-editor\" ><p>Por qu\u00e9 fracasan los pagos<\/p>\n<p>Los pagos fallidos suelen producirse cuando la informaci\u00f3n de la tarjeta de cr\u00e9dito se introduce incorrectamente o la tarjeta es rechazada. Las denegaciones pueden producirse por varias razones, aparte de la insuficiencia de fondos.<\/p>\n<p>Soluci\u00f3n de problemas:<\/p>\n<p>&#8211; Aseg\u00farate de que has introducido correctamente el n\u00famero de tarjeta, la fecha de caducidad y el CVC.<br \/>&#8211; Comprueba que tu tarjeta sigue siendo v\u00e1lida y tiene fondos suficientes.<\/p>\n<p>Nuestros pagos con tarjeta de cr\u00e9dito utilizan el m\u00e9todo 3D Secure, lo que significa que tu banco te pedir\u00e1 una contrase\u00f1a o c\u00f3digo adicional despu\u00e9s de que introduzcas los datos de tu tarjeta. Consulta la siguiente secci\u00f3n sobre 3D Secure.<\/p>\n<p>3D Secure<\/p>\n<p>3D Secure lo proporciona tu banco, no Lampyris. Es una capa adicional de seguridad para las transacciones en l\u00ednea, com\u00fanmente conocida como \u00abVerified by Visa\u00bb o \u00abMastercard SecureCode\u00bb.<\/p>\n<p>Despu\u00e9s de introducir los datos de tu tarjeta de pago en Lampyris, tu banco cargar\u00e1 otra pantalla, normalmente como una ventana emergente. Introduce la informaci\u00f3n solicitada y pulsa \u00abenviar\u00bb para autentificar el pago. Ten en cuenta que no siempre se solicita una contrase\u00f1a, y que las implementaciones de 3D Secure por parte de los bancos pueden variar.<\/p>\n<p>Soluci\u00f3n de problemas:<\/p>\n<p>&#8211; Si no conoces tu contrase\u00f1a o no has configurado 3D Secure, sigue las instrucciones de la ventana emergente. Si no puedes ver las instrucciones o tienes preguntas, ponte en contacto con tu banco para que te ayude.<br \/>&#8211; Puede que tengas que ponerte en contacto con tu banco si necesitas cambiar la forma en que verifican tu identidad, como cambiar de una contrase\u00f1a a un c\u00f3digo enviado por SMS.<br \/>&#8211; Si no aparece el paso o la ventana emergente de 3D Secure, configura tu navegador o bloqueador de ventanas emergentes para que permita las ventanas emergentes.<br \/>&#8211; Si utilizas Internet Explorer 10, intenta utilizar un navegador de Internet m\u00e1s moderno.<\/p>\n<p>Cargos por pagos fallidos<\/p>\n<p>En algunos casos, puede que se cargue el importe en tu tarjeta y luego se reembolse inmediatamente si se bloquea tu transacci\u00f3n. Esto se mostrar\u00e1 como dos partidas en el extracto de tu tarjeta de cr\u00e9dito: un cargo seguido de un abono.<\/p>\n<\/div>\t\t\t\t\t\r\n\t\t\t\t\t\t<\/div> \r\n\t\t\t\t\t\t\t\t\t\t\r\n\t\t\t\t<\/div> \r\n\t\t\t\t\t\t\t\t<div class=\"theplus-accordion-item\"  role=\"tab\">\r\n\t\t\t\t\t<div id=\"elementor-tab-title-1454\" class=\"elementor-tab-title plus-accordion-header no text-left \" data-tab=\"4\" aria-controls=\"elementor-tab-content-1454\"\t\t\t\t\t>\r\n\t\t\t\t\t\t\t\t\t\t\t<span class=\"elementor-accordion-icon elementor-accordion-icon-left\" aria-hidden=\"true\"><i class=\"elementor-accordion-icon-closed fa fa-plus\"><\/i><i class=\"elementor-accordion-icon-opened fa fa-minus\"><\/i><\/span>\r\n\t\t\t\t\t\t<span style=\"width:100%\">Tengo una pregunta sobre mi pago<\/span>\t\t\t\t\t\t\t\t\t\t\t<\/div>\r\n\r\n\t\t\t\t\t\t\t\t\t\t\t<div \r\n\t\t\t\t\t\tid=\"elementor-tab-content-1454\" class=\"elementor-tab-content elementor-clearfix plus-accordion-content no \" data-tab=\"4\" role=\"tabpanel\" aria-labelledby=\"elementor-tab-title-1454\"\t\t\t\t\t\t> \r\n\t\t\t\t\t\t\t\t\t\t<div class=\"plus-content-editor\" ><p>Env\u00edanos un correo electr\u00f3nico a support@lampyris.com<\/p>\n<\/div>\t\t\t\t\t\r\n\t\t\t\t\t\t<\/div> \r\n\t\t\t\t\t\t\t\t\t\t\r\n\t\t\t\t<\/div> \r\n\t\t\t\t\t\t\t\t<div class=\"theplus-accordion-item\"  role=\"tab\">\r\n\t\t\t\t\t<div id=\"elementor-tab-title-1455\" class=\"elementor-tab-title plus-accordion-header no text-left \" data-tab=\"5\" aria-controls=\"elementor-tab-content-1455\"\t\t\t\t\t>\r\n\t\t\t\t\t\t\t\t\t\t\t<span class=\"elementor-accordion-icon elementor-accordion-icon-left\" aria-hidden=\"true\"><i class=\"elementor-accordion-icon-closed fa fa-plus\"><\/i><i class=\"elementor-accordion-icon-opened fa fa-minus\"><\/i><\/span>\r\n\t\t\t\t\t\t<span style=\"width:100%\">\u00bfTengo derecho a un reembolso si no asist\u00ed al acto?<\/span>\t\t\t\t\t\t\t\t\t\t\t<\/div>\r\n\r\n\t\t\t\t\t\t\t\t\t\t\t<div \r\n\t\t\t\t\t\tid=\"elementor-tab-content-1455\" class=\"elementor-tab-content elementor-clearfix plus-accordion-content no \" data-tab=\"5\" role=\"tabpanel\" aria-labelledby=\"elementor-tab-title-1455\"\t\t\t\t\t\t> \r\n\t\t\t\t\t\t\t\t\t\t<div class=\"plus-content-editor\" ><p>Si el acto no se aplaz\u00f3 y se celebr\u00f3 seg\u00fan lo previsto, la legislaci\u00f3n de la mayor\u00eda de los pa\u00edses no exige al organizador del acto que reembolse las entradas.<\/p>\n<p>Sin embargo, algunos organizadores pueden tener pol\u00edticas flexibles o estar dispuestos a hacer excepciones. Ponte en contacto directamente con el organizador del acto. Puedes encontrar su informaci\u00f3n de contacto en el pie de p\u00e1gina de la p\u00e1gina de venta de entradas.<\/p>\n<\/div>\t\t\t\t\t\r\n\t\t\t\t\t\t<\/div> \r\n\t\t\t\t\t\t\t\t\t\t\r\n\t\t\t\t<\/div> \r\n\t\t\t\t\r\n\t\t<\/div>  \r\n\t\t\t\t\t\t<\/div>\n\t\t\t\t<\/div>\n\t\t\t\t\t<\/div>\n\t\t\t\t<\/div>\n\t\t\t\t<\/div>\n\t\t","protected":false},"excerpt":{"rendered":"<p>PREGUNTAS FRECUENTES Preguntas m\u00e1s frecuentes Qu\u00e9 es Lampyris Empresa Organizadora de Entretenimiento y Eventos Educativos Desde 2011 No he recibido o he perdido mis entradas Los billetes se env\u00edan autom\u00e1ticamente y deber\u00edan llegar a tu bandeja de entrada en unos minutos tras un pago correcto. Si no los recibes, comprueba primero tu carpeta de correo [&hellip;]<\/p>\n","protected":false},"author":2,"featured_media":0,"parent":0,"menu_order":0,"comment_status":"closed","ping_status":"closed","template":"","meta":{"_acf_changed":false,"footnotes":""},"class_list":["post-6017","page","type-page","status-publish","hentry"],"acf":[],"yoast_head":"<!-- This site is optimized with the Yoast SEO plugin v27.2 - https:\/\/yoast.com\/product\/yoast-seo-wordpress\/ -->\n<title>Preguntas m\u00e1s frecuentes - Lampyris-Events<\/title>\n<meta name=\"robots\" content=\"noindex, follow, max-snippet:-1, max-image-preview:large, max-video-preview:-1\" \/>\n<meta property=\"og:locale\" content=\"es_ES\" \/>\n<meta property=\"og:type\" content=\"article\" \/>\n<meta property=\"og:title\" content=\"Preguntas m\u00e1s frecuentes - Lampyris-Events\" \/>\n<meta property=\"og:description\" content=\"PREGUNTAS FRECUENTES Preguntas m\u00e1s frecuentes Qu\u00e9 es Lampyris Empresa Organizadora de Entretenimiento y Eventos Educativos Desde 2011 No he recibido o he perdido mis entradas Los billetes se env\u00edan autom\u00e1ticamente y deber\u00edan llegar a tu bandeja de entrada en unos minutos tras un pago correcto. Si no los recibes, comprueba primero tu carpeta de correo [&hellip;]\" \/>\n<meta property=\"og:url\" content=\"https:\/\/lampyrisevents.com\/es\/preguntas-mas-frecuentes\/\" \/>\n<meta property=\"og:site_name\" content=\"Lampyris-Events\" \/>\n<meta property=\"article:modified_time\" content=\"2024-07-15T11:32:38+00:00\" \/>\n<meta name=\"twitter:card\" content=\"summary_large_image\" \/>\n<meta name=\"twitter:label1\" content=\"Tiempo de lectura\" \/>\n\t<meta name=\"twitter:data1\" content=\"3 minutos\" \/>\n<script type=\"application\/ld+json\" class=\"yoast-schema-graph\">{\"@context\":\"https:\/\/schema.org\",\"@graph\":[{\"@type\":\"WebPage\",\"@id\":\"https:\/\/lampyrisevents.com\/es\/preguntas-mas-frecuentes\/\",\"url\":\"https:\/\/lampyrisevents.com\/es\/preguntas-mas-frecuentes\/\",\"name\":\"Preguntas m\u00e1s frecuentes - Lampyris-Events\",\"isPartOf\":{\"@id\":\"https:\/\/lampyrisevents.com\/es\/#website\"},\"datePublished\":\"2024-05-30T15:10:43+00:00\",\"dateModified\":\"2024-07-15T11:32:38+00:00\",\"breadcrumb\":{\"@id\":\"https:\/\/lampyrisevents.com\/es\/preguntas-mas-frecuentes\/#breadcrumb\"},\"inLanguage\":\"es\",\"potentialAction\":[{\"@type\":\"ReadAction\",\"target\":[\"https:\/\/lampyrisevents.com\/es\/preguntas-mas-frecuentes\/\"]}]},{\"@type\":\"BreadcrumbList\",\"@id\":\"https:\/\/lampyrisevents.com\/es\/preguntas-mas-frecuentes\/#breadcrumb\",\"itemListElement\":[{\"@type\":\"ListItem\",\"position\":1,\"name\":\"Home\",\"item\":\"https:\/\/lampyrisevents.com\/es\/\"},{\"@type\":\"ListItem\",\"position\":2,\"name\":\"Preguntas m\u00e1s frecuentes\"}]},{\"@type\":\"WebSite\",\"@id\":\"https:\/\/lampyrisevents.com\/es\/#website\",\"url\":\"https:\/\/lampyrisevents.com\/es\/\",\"name\":\"Lampyris-Events\",\"description\":\"Slogan Lampyris-Events\",\"publisher\":{\"@id\":\"https:\/\/lampyrisevents.com\/es\/#organization\"},\"potentialAction\":[{\"@type\":\"SearchAction\",\"target\":{\"@type\":\"EntryPoint\",\"urlTemplate\":\"https:\/\/lampyrisevents.com\/es\/?s={search_term_string}\"},\"query-input\":{\"@type\":\"PropertyValueSpecification\",\"valueRequired\":true,\"valueName\":\"search_term_string\"}}],\"inLanguage\":\"es\"},{\"@type\":\"Organization\",\"@id\":\"https:\/\/lampyrisevents.com\/es\/#organization\",\"name\":\"Lampyris-Events\",\"url\":\"https:\/\/lampyrisevents.com\/es\/\",\"logo\":{\"@type\":\"ImageObject\",\"inLanguage\":\"es\",\"@id\":\"https:\/\/lampyrisevents.com\/es\/#\/schema\/logo\/image\/\",\"url\":\"https:\/\/lampyrisevents.com\/wp-content\/uploads\/2024\/06\/logo215.png\",\"contentUrl\":\"https:\/\/lampyrisevents.com\/wp-content\/uploads\/2024\/06\/logo215.png\",\"width\":256,\"height\":80,\"caption\":\"Lampyris-Events\"},\"image\":{\"@id\":\"https:\/\/lampyrisevents.com\/es\/#\/schema\/logo\/image\/\"}}]}<\/script>\n<!-- \/ Yoast SEO plugin. -->","yoast_head_json":{"title":"Preguntas m\u00e1s frecuentes - Lampyris-Events","robots":{"index":"noindex","follow":"follow","max-snippet":"max-snippet:-1","max-image-preview":"max-image-preview:large","max-video-preview":"max-video-preview:-1"},"og_locale":"es_ES","og_type":"article","og_title":"Preguntas m\u00e1s frecuentes - Lampyris-Events","og_description":"PREGUNTAS FRECUENTES Preguntas m\u00e1s frecuentes Qu\u00e9 es Lampyris Empresa Organizadora de Entretenimiento y Eventos Educativos Desde 2011 No he recibido o he perdido mis entradas Los billetes se env\u00edan autom\u00e1ticamente y deber\u00edan llegar a tu bandeja de entrada en unos minutos tras un pago correcto. Si no los recibes, comprueba primero tu carpeta de correo [&hellip;]","og_url":"https:\/\/lampyrisevents.com\/es\/preguntas-mas-frecuentes\/","og_site_name":"Lampyris-Events","article_modified_time":"2024-07-15T11:32:38+00:00","twitter_card":"summary_large_image","twitter_misc":{"Tiempo de lectura":"3 minutos"},"schema":{"@context":"https:\/\/schema.org","@graph":[{"@type":"WebPage","@id":"https:\/\/lampyrisevents.com\/es\/preguntas-mas-frecuentes\/","url":"https:\/\/lampyrisevents.com\/es\/preguntas-mas-frecuentes\/","name":"Preguntas m\u00e1s frecuentes - Lampyris-Events","isPartOf":{"@id":"https:\/\/lampyrisevents.com\/es\/#website"},"datePublished":"2024-05-30T15:10:43+00:00","dateModified":"2024-07-15T11:32:38+00:00","breadcrumb":{"@id":"https:\/\/lampyrisevents.com\/es\/preguntas-mas-frecuentes\/#breadcrumb"},"inLanguage":"es","potentialAction":[{"@type":"ReadAction","target":["https:\/\/lampyrisevents.com\/es\/preguntas-mas-frecuentes\/"]}]},{"@type":"BreadcrumbList","@id":"https:\/\/lampyrisevents.com\/es\/preguntas-mas-frecuentes\/#breadcrumb","itemListElement":[{"@type":"ListItem","position":1,"name":"Home","item":"https:\/\/lampyrisevents.com\/es\/"},{"@type":"ListItem","position":2,"name":"Preguntas m\u00e1s frecuentes"}]},{"@type":"WebSite","@id":"https:\/\/lampyrisevents.com\/es\/#website","url":"https:\/\/lampyrisevents.com\/es\/","name":"Lampyris-Events","description":"Slogan Lampyris-Events","publisher":{"@id":"https:\/\/lampyrisevents.com\/es\/#organization"},"potentialAction":[{"@type":"SearchAction","target":{"@type":"EntryPoint","urlTemplate":"https:\/\/lampyrisevents.com\/es\/?s={search_term_string}"},"query-input":{"@type":"PropertyValueSpecification","valueRequired":true,"valueName":"search_term_string"}}],"inLanguage":"es"},{"@type":"Organization","@id":"https:\/\/lampyrisevents.com\/es\/#organization","name":"Lampyris-Events","url":"https:\/\/lampyrisevents.com\/es\/","logo":{"@type":"ImageObject","inLanguage":"es","@id":"https:\/\/lampyrisevents.com\/es\/#\/schema\/logo\/image\/","url":"https:\/\/lampyrisevents.com\/wp-content\/uploads\/2024\/06\/logo215.png","contentUrl":"https:\/\/lampyrisevents.com\/wp-content\/uploads\/2024\/06\/logo215.png","width":256,"height":80,"caption":"Lampyris-Events"},"image":{"@id":"https:\/\/lampyrisevents.com\/es\/#\/schema\/logo\/image\/"}}]}},"_links":{"self":[{"href":"https:\/\/lampyrisevents.com\/es\/wp-json\/wp\/v2\/pages\/6017","targetHints":{"allow":["GET"]}}],"collection":[{"href":"https:\/\/lampyrisevents.com\/es\/wp-json\/wp\/v2\/pages"}],"about":[{"href":"https:\/\/lampyrisevents.com\/es\/wp-json\/wp\/v2\/types\/page"}],"author":[{"embeddable":true,"href":"https:\/\/lampyrisevents.com\/es\/wp-json\/wp\/v2\/users\/2"}],"replies":[{"embeddable":true,"href":"https:\/\/lampyrisevents.com\/es\/wp-json\/wp\/v2\/comments?post=6017"}],"version-history":[{"count":1,"href":"https:\/\/lampyrisevents.com\/es\/wp-json\/wp\/v2\/pages\/6017\/revisions"}],"predecessor-version":[{"id":6018,"href":"https:\/\/lampyrisevents.com\/es\/wp-json\/wp\/v2\/pages\/6017\/revisions\/6018"}],"wp:attachment":[{"href":"https:\/\/lampyrisevents.com\/es\/wp-json\/wp\/v2\/media?parent=6017"}],"curies":[{"name":"wp","href":"https:\/\/api.w.org\/{rel}","templated":true}]}}