{"id":5920,"date":"2024-06-21T19:56:26","date_gmt":"2024-06-21T17:56:26","guid":{"rendered":"https:\/\/lampyrisevents.com\/telechargements\/"},"modified":"2024-07-15T11:29:44","modified_gmt":"2024-07-15T09:29:44","slug":"telechargements","status":"publish","type":"page","link":"https:\/\/lampyrisevents.com\/fr\/telechargements\/","title":{"rendered":"T\u00e9l\u00e9chargements"},"content":{"rendered":"\t\t<div data-elementor-type=\"wp-page\" data-elementor-id=\"5920\" class=\"elementor elementor-5920 elementor-2768\" data-elementor-post-type=\"page\">\n\t\t\t\t<div class=\"elementor-element elementor-element-4de68930 e-flex e-con-boxed e-con e-parent\" data-id=\"4de68930\" data-element_type=\"container\" data-e-type=\"container\">\n\t\t\t\t\t<div class=\"e-con-inner\">\n\t\t<div class=\"elementor-element elementor-element-5a71030d e-con-full e-flex e-con e-child\" data-id=\"5a71030d\" data-element_type=\"container\" data-e-type=\"container\">\n\t\t\t\t<div class=\"elementor-element elementor-element-eddce3d elementor-widget elementor-widget-heading\" data-id=\"eddce3d\" data-element_type=\"widget\" data-e-type=\"widget\" data-widget_type=\"heading.default\">\n\t\t\t\t<div class=\"elementor-widget-container\">\n\t\t\t\t\t<h1 class=\"elementor-heading-title elementor-size-default\">T\u00c9L\u00c9CHARGER L'ESPACE<\/h1>\t\t\t\t<\/div>\n\t\t\t\t<\/div>\n\t\t\t\t<div class=\"elementor-element elementor-element-2ae59489 elementor-widget elementor-widget-text-editor\" data-id=\"2ae59489\" data-element_type=\"widget\" data-e-type=\"widget\" data-widget_type=\"text-editor.default\">\n\t\t\t\t<div class=\"elementor-widget-container\">\n\t\t\t\t\t\t\t\t\t<p>Notre plateforme est g\u00e9r\u00e9e par des applications de bureau. Cela signifie qu&rsquo;au lieu d&rsquo;y acc\u00e9der par le biais d&rsquo;un navigateur web, vous t\u00e9l\u00e9chargez et installez un programme directement sur votre ordinateur. Ces applications de bureau fournissent une interface d\u00e9di\u00e9e \u00e0 la gestion de vos \u00e9v\u00e9nements, \u00e0 la vente de billets et \u00e0 d&rsquo;autres activit\u00e9s de la plateforme. Elles offrent des fonctionnalit\u00e9s telles que l&rsquo;acc\u00e8s hors ligne, des performances plus rapides et une s\u00e9curit\u00e9 renforc\u00e9e par rapport aux plateformes bas\u00e9es sur le web. Cette approche permet une exp\u00e9rience utilisateur plus transparente et plus efficace, avec un acc\u00e8s direct aux fonctionnalit\u00e9s de la plateforme. Pour g\u00e9rer efficacement la plateforme de billetterie ArenaSoldOut-TixGear, vous devez avoir install\u00e9 Java.<\/p>\n\t\t\t\t\t\t\t\t<\/div>\n\t\t\t\t<\/div>\n\t\t<div class=\"elementor-element elementor-element-d9d6ec0 e-con-full e-flex e-con e-child\" data-id=\"d9d6ec0\" data-element_type=\"container\" data-e-type=\"container\">\n\t\t<div class=\"elementor-element elementor-element-e6f44e8 e-con-full e-flex e-con e-child\" data-id=\"e6f44e8\" data-element_type=\"container\" data-e-type=\"container\">\n\t\t\t\t<div class=\"elementor-element elementor-element-4acff093 elementor-widget elementor-widget-heading\" data-id=\"4acff093\" data-element_type=\"widget\" data-e-type=\"widget\" data-widget_type=\"heading.default\">\n\t\t\t\t<div class=\"elementor-widget-container\">\n\t\t\t\t\t<h4 class=\"elementor-heading-title elementor-size-default\">ENVIRONNEMENT D'EX\u00c9CUTION JAVA (JRE)<\/h4>\t\t\t\t<\/div>\n\t\t\t\t<\/div>\n\t\t\t\t<\/div>\n\t\t<div class=\"elementor-element elementor-element-4cf45ff e-con-full e-flex e-con e-child\" data-id=\"4cf45ff\" data-element_type=\"container\" data-e-type=\"container\">\n\t\t\t\t<div class=\"elementor-element elementor-element-2c5e7f84 elementor-widget elementor-widget-text-editor\" data-id=\"2c5e7f84\" data-element_type=\"widget\" data-e-type=\"widget\" data-widget_type=\"text-editor.default\">\n\t\t\t\t<div class=\"elementor-widget-container\">\n\t\t\t\t\t\t\t\t\t<p>Vous pouvez t\u00e9l\u00e9charger Java en utilisant ces liens :<\/p>\n\t\t\t\t\t\t\t\t<\/div>\n\t\t\t\t<\/div>\n\t\t\t\t<\/div>\n\t\t<div class=\"elementor-element elementor-element-4d5502f e-con-full e-flex e-con e-child\" data-id=\"4d5502f\" data-element_type=\"container\" data-e-type=\"container\">\n\t\t\t\t<div class=\"elementor-element elementor-element-69e4164 elementor-align-right elementor-mobile-align-center elementor-widget__width-initial elementor-widget elementor-widget-button\" data-id=\"69e4164\" data-element_type=\"widget\" data-e-type=\"widget\" data-widget_type=\"button.default\">\n\t\t\t\t<div class=\"elementor-widget-container\">\n\t\t\t\t\t\t\t\t\t<div class=\"elementor-button-wrapper\">\n\t\t\t\t\t<a class=\"elementor-button elementor-button-link elementor-size-sm\" href=\"https:\/\/tixgear.com\/DA\/jre-8u371-windows-x64.exe\" target=\"_blank\" rel=\"nofollow\">\n\t\t\t\t\t\t<span class=\"elementor-button-content-wrapper\">\n\t\t\t\t\t\t\t\t\t<span class=\"elementor-button-text\">T\u00e9l\u00e9charger JRE pour Windows x64<\/span>\n\t\t\t\t\t<\/span>\n\t\t\t\t\t<\/a>\n\t\t\t\t<\/div>\n\t\t\t\t\t\t\t\t<\/div>\n\t\t\t\t<\/div>\n\t\t\t\t<div class=\"elementor-element elementor-element-7f30af6a elementor-align-right elementor-mobile-align-center elementor-widget__width-initial elementor-widget elementor-widget-button\" data-id=\"7f30af6a\" data-element_type=\"widget\" data-e-type=\"widget\" data-widget_type=\"button.default\">\n\t\t\t\t<div class=\"elementor-widget-container\">\n\t\t\t\t\t\t\t\t\t<div class=\"elementor-button-wrapper\">\n\t\t\t\t\t<a class=\"elementor-button elementor-button-link elementor-size-sm\" href=\"https:\/\/tixgear.com\/DA\/jre-8u371-macosx-x64.dmg\" target=\"_blank\" rel=\"nofollow\">\n\t\t\t\t\t\t<span class=\"elementor-button-content-wrapper\">\n\t\t\t\t\t\t\t\t\t<span class=\"elementor-button-text\">T\u00e9l\u00e9charger JRE pour MacOS x64<\/span>\n\t\t\t\t\t<\/span>\n\t\t\t\t\t<\/a>\n\t\t\t\t<\/div>\n\t\t\t\t\t\t\t\t<\/div>\n\t\t\t\t<\/div>\n\t\t\t\t<\/div>\n\t\t\t\t<\/div>\n\t\t<div class=\"elementor-element elementor-element-5d27703 e-con-full e-flex e-con e-child\" data-id=\"5d27703\" data-element_type=\"container\" data-e-type=\"container\">\n\t\t<div class=\"elementor-element elementor-element-10c38ee e-con-full e-flex e-con e-child\" data-id=\"10c38ee\" data-element_type=\"container\" data-e-type=\"container\">\n\t\t\t\t<div class=\"elementor-element elementor-element-672ba92e elementor-widget elementor-widget-heading\" data-id=\"672ba92e\" data-element_type=\"widget\" data-e-type=\"widget\" data-widget_type=\"heading.default\">\n\t\t\t\t<div class=\"elementor-widget-container\">\n\t\t\t\t\t<h4 class=\"elementor-heading-title elementor-size-default\">\u00c9DITRICE<\/h4>\t\t\t\t<\/div>\n\t\t\t\t<\/div>\n\t\t\t\t<\/div>\n\t\t<div class=\"elementor-element elementor-element-d9b74b2 e-con-full e-flex e-con e-child\" data-id=\"d9b74b2\" data-element_type=\"container\" data-e-type=\"container\">\n\t\t\t\t<div class=\"elementor-element elementor-element-24873eec elementor-widget__width-initial elementor-widget elementor-widget-text-editor\" data-id=\"24873eec\" data-element_type=\"widget\" data-e-type=\"widget\" data-widget_type=\"text-editor.default\">\n\t\t\t\t<div class=\"elementor-widget-container\">\n\t\t\t\t\t\t\t\t\t<p>L&rsquo;\u00e9diteur est destin\u00e9 \u00e0 la cr\u00e9ation d&rsquo;\u00e9v\u00e9nements et \u00e0 l&rsquo;ajout de toutes les informations n\u00e9cessaires \u00e0 la vente de billets dans la base de donn\u00e9es centrale de la plateforme TixGear.<\/p>\n\t\t\t\t\t\t\t\t<\/div>\n\t\t\t\t<\/div>\n\t\t\t\t<\/div>\n\t\t<div class=\"elementor-element elementor-element-22f585d e-con-full e-flex e-con e-child\" data-id=\"22f585d\" data-element_type=\"container\" data-e-type=\"container\">\n\t\t\t\t<div class=\"elementor-element elementor-element-6dae4907 elementor-align-right elementor-mobile-align-center elementor-widget__width-initial elementor-widget elementor-widget-button\" data-id=\"6dae4907\" data-element_type=\"widget\" data-e-type=\"widget\" data-widget_type=\"button.default\">\n\t\t\t\t<div class=\"elementor-widget-container\">\n\t\t\t\t\t\t\t\t\t<div class=\"elementor-button-wrapper\">\n\t\t\t\t\t<a class=\"elementor-button elementor-button-link elementor-size-sm\" href=\"https:\/\/tixgear.com\/DA\/TixEditor.jar?build=7111\" target=\"_blank\" rel=\"nofollow\">\n\t\t\t\t\t\t<span class=\"elementor-button-content-wrapper\">\n\t\t\t\t\t\t\t\t\t<span class=\"elementor-button-text\">T\u00e9l\u00e9charger l'\u00e9diteur<\/span>\n\t\t\t\t\t<\/span>\n\t\t\t\t\t<\/a>\n\t\t\t\t<\/div>\n\t\t\t\t\t\t\t\t<\/div>\n\t\t\t\t<\/div>\n\t\t\t\t<\/div>\n\t\t\t\t<\/div>\n\t\t<div class=\"elementor-element elementor-element-920b323 e-con-full e-flex e-con e-child\" data-id=\"920b323\" data-element_type=\"container\" data-e-type=\"container\">\n\t\t<div class=\"elementor-element elementor-element-8f7b838 e-con-full e-flex e-con e-child\" data-id=\"8f7b838\" data-element_type=\"container\" data-e-type=\"container\">\n\t\t\t\t<div class=\"elementor-element elementor-element-2b60e8e8 elementor-widget elementor-widget-heading\" data-id=\"2b60e8e8\" data-element_type=\"widget\" data-e-type=\"widget\" data-widget_type=\"heading.default\">\n\t\t\t\t<div class=\"elementor-widget-container\">\n\t\t\t\t\t<h4 class=\"elementor-heading-title elementor-size-default\">REPORTER<\/h4>\t\t\t\t<\/div>\n\t\t\t\t<\/div>\n\t\t\t\t<\/div>\n\t\t<div class=\"elementor-element elementor-element-15f9da1 e-con-full e-flex e-con e-child\" data-id=\"15f9da1\" data-element_type=\"container\" data-e-type=\"container\">\n\t\t\t\t<div class=\"elementor-element elementor-element-4bc59b05 elementor-widget__width-initial elementor-widget elementor-widget-text-editor\" data-id=\"4bc59b05\" data-element_type=\"widget\" data-e-type=\"widget\" data-widget_type=\"text-editor.default\">\n\t\t\t\t<div class=\"elementor-widget-container\">\n\t\t\t\t\t\t\t\t\t<p>Reporter est destin\u00e9 \u00e0 la r\u00e9ception et \u00e0 l&rsquo;analyse des donn\u00e9es sur les ventes de billets, \u00e0 la r\u00e9ception de rapports de diff\u00e9rentes formes, au remboursement des billets. L&rsquo;application affiche les donn\u00e9es en temps r\u00e9el.<\/p>\n\t\t\t\t\t\t\t\t<\/div>\n\t\t\t\t<\/div>\n\t\t\t\t<\/div>\n\t\t<div class=\"elementor-element elementor-element-be49c24 e-con-full e-flex e-con e-child\" data-id=\"be49c24\" data-element_type=\"container\" data-e-type=\"container\">\n\t\t\t\t<div class=\"elementor-element elementor-element-13c320e4 elementor-align-right elementor-mobile-align-center elementor-widget elementor-widget-button\" data-id=\"13c320e4\" data-element_type=\"widget\" data-e-type=\"widget\" data-widget_type=\"button.default\">\n\t\t\t\t<div class=\"elementor-widget-container\">\n\t\t\t\t\t\t\t\t\t<div class=\"elementor-button-wrapper\">\n\t\t\t\t\t<a class=\"elementor-button elementor-button-link elementor-size-sm\" href=\"https:\/\/tixgear.com\/DA\/TixReporter.jar?build=7111\" target=\"_blank\" rel=\"nofollow\">\n\t\t\t\t\t\t<span class=\"elementor-button-content-wrapper\">\n\t\t\t\t\t\t\t\t\t<span class=\"elementor-button-text\">T\u00e9l\u00e9charger le rapporteur<\/span>\n\t\t\t\t\t<\/span>\n\t\t\t\t\t<\/a>\n\t\t\t\t<\/div>\n\t\t\t\t\t\t\t\t<\/div>\n\t\t\t\t<\/div>\n\t\t\t\t<\/div>\n\t\t\t\t<\/div>\n\t\t<div class=\"elementor-element elementor-element-428de05 e-con-full e-flex e-con e-child\" data-id=\"428de05\" data-element_type=\"container\" data-e-type=\"container\">\n\t\t<div class=\"elementor-element elementor-element-e8a8919 e-con-full e-flex e-con e-child\" data-id=\"e8a8919\" data-element_type=\"container\" data-e-type=\"container\">\n\t\t\t\t<div class=\"elementor-element elementor-element-24a3d363 elementor-widget elementor-widget-heading\" data-id=\"24a3d363\" data-element_type=\"widget\" data-e-type=\"widget\" data-widget_type=\"heading.default\">\n\t\t\t\t<div class=\"elementor-widget-container\">\n\t\t\t\t\t<h4 class=\"elementor-heading-title elementor-size-default\">DIRECTEUR<\/h4>\t\t\t\t<\/div>\n\t\t\t\t<\/div>\n\t\t\t\t<\/div>\n\t\t<div class=\"elementor-element elementor-element-e0fb089 e-con-full e-flex e-con e-child\" data-id=\"e0fb089\" data-element_type=\"container\" data-e-type=\"container\">\n\t\t\t\t<div class=\"elementor-element elementor-element-65a4f473 elementor-widget elementor-widget-text-editor\" data-id=\"65a4f473\" data-element_type=\"widget\" data-e-type=\"widget\" data-widget_type=\"text-editor.default\">\n\t\t\t\t<div class=\"elementor-widget-container\">\n\t\t\t\t\t\t\t\t\t<p>Manager est con\u00e7u pour g\u00e9rer les identifiants des entreprises et de leurs employ\u00e9s (utilisateurs), pour cr\u00e9er des interfaces et les g\u00e9rer, pour contr\u00f4ler les abonnements aux \u00e9v\u00e9nements, pour configurer les widgets web, pour g\u00e9rer les notifications push et d&rsquo;autres t\u00e2ches, pour mettre en place et g\u00e9rer les ressources de la plateforme.<\/p>\n\t\t\t\t\t\t\t\t<\/div>\n\t\t\t\t<\/div>\n\t\t\t\t<\/div>\n\t\t<div class=\"elementor-element elementor-element-60ad1ed e-con-full e-flex e-con e-child\" data-id=\"60ad1ed\" data-element_type=\"container\" data-e-type=\"container\">\n\t\t\t\t<div class=\"elementor-element elementor-element-196d1a11 elementor-align-right elementor-mobile-align-center elementor-widget elementor-widget-button\" data-id=\"196d1a11\" data-element_type=\"widget\" data-e-type=\"widget\" data-widget_type=\"button.default\">\n\t\t\t\t<div class=\"elementor-widget-container\">\n\t\t\t\t\t\t\t\t\t<div class=\"elementor-button-wrapper\">\n\t\t\t\t\t<a class=\"elementor-button elementor-button-link elementor-size-sm\" href=\"https:\/\/tixgear.com\/DA\/TixManager.jar?build=7111\" target=\"_blank\" rel=\"nofollow\">\n\t\t\t\t\t\t<span class=\"elementor-button-content-wrapper\">\n\t\t\t\t\t\t\t\t\t<span class=\"elementor-button-text\">Gestionnaire de t\u00e9l\u00e9chargement<\/span>\n\t\t\t\t\t<\/span>\n\t\t\t\t\t<\/a>\n\t\t\t\t<\/div>\n\t\t\t\t\t\t\t\t<\/div>\n\t\t\t\t<\/div>\n\t\t\t\t<\/div>\n\t\t\t\t<\/div>\n\t\t<div class=\"elementor-element elementor-element-cf36384 e-con-full e-flex e-con e-child\" data-id=\"cf36384\" data-element_type=\"container\" data-e-type=\"container\">\n\t\t<div class=\"elementor-element elementor-element-6002aeb e-con-full e-flex e-con e-child\" data-id=\"6002aeb\" data-element_type=\"container\" data-e-type=\"container\">\n\t\t\t\t<div class=\"elementor-element elementor-element-2e94a40d elementor-widget elementor-widget-heading\" data-id=\"2e94a40d\" data-element_type=\"widget\" data-e-type=\"widget\" data-widget_type=\"heading.default\">\n\t\t\t\t<div class=\"elementor-widget-container\">\n\t\t\t\t\t<h4 class=\"elementor-heading-title elementor-size-default\">Syst\u00e8me de contr\u00f4le d'acc\u00e8s mobile<\/h4>\t\t\t\t<\/div>\n\t\t\t\t<\/div>\n\t\t\t\t<\/div>\n\t\t<div class=\"elementor-element elementor-element-6bacdd8 e-con-full e-flex e-con e-child\" data-id=\"6bacdd8\" data-element_type=\"container\" data-e-type=\"container\">\n\t\t\t\t<div class=\"elementor-element elementor-element-3c370ded elementor-widget elementor-widget-text-editor\" data-id=\"3c370ded\" data-element_type=\"widget\" data-e-type=\"widget\" data-widget_type=\"text-editor.default\">\n\t\t\t\t<div class=\"elementor-widget-container\">\n\t\t\t\t\t\t\t\t\t<p>Le \u00ab\u00a0Syst\u00e8me de contr\u00f4le d&rsquo;acc\u00e8s mobile\u00a0\u00bb (MACS, installer \u00e0 partir de Google Play) est con\u00e7u pour la validation des billets via la plateforme de billetterie ArenaSoldOut. MACS comprend une application mobile (c\u00f4t\u00e9 client) utilis\u00e9e par les contr\u00f4leurs d&rsquo;entr\u00e9e. MACS fonctionne \u00e0 la fois pour le contr\u00f4le des billets d&rsquo;entr\u00e9e et de sortie, et n\u00e9cessite un appareil Android (version 4.0 ou sup\u00e9rieure) avec une cam\u00e9ra autofocus et un acc\u00e8s \u00e0 Internet pour la communication avec le serveur central d&rsquo;ArenaSoldOut. Le MACS lit les codes QR crypto-prot\u00e9g\u00e9s des billets \u00e9lectroniques mobiles (MET) directement \u00e0 partir de l&rsquo;\u00e9cran de l&rsquo;appareil du visiteur.<\/p>\n\t\t\t\t\t\t\t\t<\/div>\n\t\t\t\t<\/div>\n\t\t\t\t<\/div>\n\t\t<div class=\"elementor-element elementor-element-da5ff1a e-con-full e-flex e-con e-child\" data-id=\"da5ff1a\" data-element_type=\"container\" data-e-type=\"container\">\n\t\t\t\t<div class=\"elementor-element elementor-element-952f3ae elementor-align-right elementor-mobile-align-center elementor-widget elementor-widget-button\" data-id=\"952f3ae\" data-element_type=\"widget\" data-e-type=\"widget\" data-widget_type=\"button.default\">\n\t\t\t\t<div class=\"elementor-widget-container\">\n\t\t\t\t\t\t\t\t\t<div class=\"elementor-button-wrapper\">\n\t\t\t\t\t<a class=\"elementor-button elementor-button-link elementor-size-sm\" href=\"https:\/\/play.google.com\/store\/apps\/details?id=com.arena.mskd=web_share\" target=\"_blank\" rel=\"nofollow\">\n\t\t\t\t\t\t<span class=\"elementor-button-content-wrapper\">\n\t\t\t\t\t\t\t\t\t<span class=\"elementor-button-text\">T\u00e9l\u00e9charger MACS<\/span>\n\t\t\t\t\t<\/span>\n\t\t\t\t\t<\/a>\n\t\t\t\t<\/div>\n\t\t\t\t\t\t\t\t<\/div>\n\t\t\t\t<\/div>\n\t\t\t\t<\/div>\n\t\t\t\t<\/div>\n\t\t<div class=\"elementor-element elementor-element-133c507 e-con-full e-flex e-con e-child\" data-id=\"133c507\" data-element_type=\"container\" data-e-type=\"container\">\n\t\t\t\t<div class=\"elementor-element elementor-element-6d9f4221 elementor-align-right elementor-mobile-align-center elementor-widget elementor-widget-button\" data-id=\"6d9f4221\" data-element_type=\"widget\" data-e-type=\"widget\" data-widget_type=\"button.default\">\n\t\t\t\t<div class=\"elementor-widget-container\">\n\t\t\t\t\t\t\t\t\t<div class=\"elementor-button-wrapper\">\n\t\t\t\t\t<a class=\"elementor-button elementor-button-link elementor-size-sm\" href=\"https:\/\/lampyrisevents.com\/fr\/creer-un-evenement\/\">\n\t\t\t\t\t\t<span class=\"elementor-button-content-wrapper\">\n\t\t\t\t\t\t\t\t\t<span class=\"elementor-button-text\">Retour \u00e0 la cr\u00e9ation d'un \u00e9v\u00e9nement<\/span>\n\t\t\t\t\t<\/span>\n\t\t\t\t\t<\/a>\n\t\t\t\t<\/div>\n\t\t\t\t\t\t\t\t<\/div>\n\t\t\t\t<\/div>\n\t\t\t\t<\/div>\n\t\t\t\t<\/div>\n\t\t\t\t\t<\/div>\n\t\t\t\t<\/div>\n\t\t<div class=\"elementor-element elementor-element-6a5aeb5e e-con-full e-flex e-con e-parent\" data-id=\"6a5aeb5e\" data-element_type=\"container\" data-e-type=\"container\">\n\t\t\t\t<\/div>\n\t\t\t\t<\/div>\n\t\t","protected":false},"excerpt":{"rendered":"<p>T\u00c9L\u00c9CHARGER L&rsquo;ESPACE Notre plateforme est g\u00e9r\u00e9e par des applications de bureau. Cela signifie qu&rsquo;au lieu d&rsquo;y acc\u00e9der par le biais d&rsquo;un navigateur web, vous t\u00e9l\u00e9chargez et installez un programme directement sur votre ordinateur. Ces applications de bureau fournissent une interface d\u00e9di\u00e9e \u00e0 la gestion de vos \u00e9v\u00e9nements, \u00e0 la vente de billets et \u00e0 d&rsquo;autres [&hellip;]<\/p>\n","protected":false},"author":2,"featured_media":0,"parent":0,"menu_order":0,"comment_status":"closed","ping_status":"closed","template":"","meta":{"_acf_changed":false,"footnotes":""},"class_list":["post-5920","page","type-page","status-publish","hentry"],"acf":[],"yoast_head":"<!-- This site is optimized with the Yoast SEO plugin v27.2 - https:\/\/yoast.com\/product\/yoast-seo-wordpress\/ -->\n<title>T\u00e9l\u00e9chargements - Lampyris-Events<\/title>\n<meta name=\"robots\" content=\"noindex, follow, max-snippet:-1, max-image-preview:large, max-video-preview:-1\" \/>\n<meta property=\"og:locale\" content=\"fr_FR\" \/>\n<meta property=\"og:type\" content=\"article\" \/>\n<meta property=\"og:title\" content=\"T\u00e9l\u00e9chargements - Lampyris-Events\" \/>\n<meta property=\"og:description\" content=\"T\u00c9L\u00c9CHARGER L&rsquo;ESPACE Notre plateforme est g\u00e9r\u00e9e par des applications de bureau. Cela signifie qu&rsquo;au lieu d&rsquo;y acc\u00e9der par le biais d&rsquo;un navigateur web, vous t\u00e9l\u00e9chargez et installez un programme directement sur votre ordinateur. Ces applications de bureau fournissent une interface d\u00e9di\u00e9e \u00e0 la gestion de vos \u00e9v\u00e9nements, \u00e0 la vente de billets et \u00e0 d&rsquo;autres [&hellip;]\" \/>\n<meta property=\"og:url\" content=\"https:\/\/lampyrisevents.com\/fr\/telechargements\/\" \/>\n<meta property=\"og:site_name\" content=\"Lampyris-Events\" \/>\n<meta property=\"article:modified_time\" content=\"2024-07-15T09:29:44+00:00\" \/>\n<meta name=\"twitter:card\" content=\"summary_large_image\" \/>\n<meta name=\"twitter:label1\" content=\"Dur\u00e9e de lecture estim\u00e9e\" \/>\n\t<meta name=\"twitter:data1\" content=\"2 minutes\" \/>\n<script type=\"application\/ld+json\" class=\"yoast-schema-graph\">{\"@context\":\"https:\/\/schema.org\",\"@graph\":[{\"@type\":\"WebPage\",\"@id\":\"https:\/\/lampyrisevents.com\/fr\/telechargements\/\",\"url\":\"https:\/\/lampyrisevents.com\/fr\/telechargements\/\",\"name\":\"T\u00e9l\u00e9chargements - Lampyris-Events\",\"isPartOf\":{\"@id\":\"https:\/\/lampyrisevents.com\/fr\/#website\"},\"datePublished\":\"2024-06-21T17:56:26+00:00\",\"dateModified\":\"2024-07-15T09:29:44+00:00\",\"breadcrumb\":{\"@id\":\"https:\/\/lampyrisevents.com\/fr\/telechargements\/#breadcrumb\"},\"inLanguage\":\"fr-FR\",\"potentialAction\":[{\"@type\":\"ReadAction\",\"target\":[\"https:\/\/lampyrisevents.com\/fr\/telechargements\/\"]}]},{\"@type\":\"BreadcrumbList\",\"@id\":\"https:\/\/lampyrisevents.com\/fr\/telechargements\/#breadcrumb\",\"itemListElement\":[{\"@type\":\"ListItem\",\"position\":1,\"name\":\"Home\",\"item\":\"https:\/\/lampyrisevents.com\/fr\/\"},{\"@type\":\"ListItem\",\"position\":2,\"name\":\"T\u00e9l\u00e9chargements\"}]},{\"@type\":\"WebSite\",\"@id\":\"https:\/\/lampyrisevents.com\/fr\/#website\",\"url\":\"https:\/\/lampyrisevents.com\/fr\/\",\"name\":\"Lampyris-Events\",\"description\":\"Slogan Lampyris-Events\",\"publisher\":{\"@id\":\"https:\/\/lampyrisevents.com\/fr\/#organization\"},\"potentialAction\":[{\"@type\":\"SearchAction\",\"target\":{\"@type\":\"EntryPoint\",\"urlTemplate\":\"https:\/\/lampyrisevents.com\/fr\/?s={search_term_string}\"},\"query-input\":{\"@type\":\"PropertyValueSpecification\",\"valueRequired\":true,\"valueName\":\"search_term_string\"}}],\"inLanguage\":\"fr-FR\"},{\"@type\":\"Organization\",\"@id\":\"https:\/\/lampyrisevents.com\/fr\/#organization\",\"name\":\"Lampyris-Events\",\"url\":\"https:\/\/lampyrisevents.com\/fr\/\",\"logo\":{\"@type\":\"ImageObject\",\"inLanguage\":\"fr-FR\",\"@id\":\"https:\/\/lampyrisevents.com\/fr\/#\/schema\/logo\/image\/\",\"url\":\"https:\/\/lampyrisevents.com\/wp-content\/uploads\/2024\/06\/logo215.png\",\"contentUrl\":\"https:\/\/lampyrisevents.com\/wp-content\/uploads\/2024\/06\/logo215.png\",\"width\":256,\"height\":80,\"caption\":\"Lampyris-Events\"},\"image\":{\"@id\":\"https:\/\/lampyrisevents.com\/fr\/#\/schema\/logo\/image\/\"}}]}<\/script>\n<!-- \/ Yoast SEO plugin. -->","yoast_head_json":{"title":"T\u00e9l\u00e9chargements - Lampyris-Events","robots":{"index":"noindex","follow":"follow","max-snippet":"max-snippet:-1","max-image-preview":"max-image-preview:large","max-video-preview":"max-video-preview:-1"},"og_locale":"fr_FR","og_type":"article","og_title":"T\u00e9l\u00e9chargements - Lampyris-Events","og_description":"T\u00c9L\u00c9CHARGER L&rsquo;ESPACE Notre plateforme est g\u00e9r\u00e9e par des applications de bureau. Cela signifie qu&rsquo;au lieu d&rsquo;y acc\u00e9der par le biais d&rsquo;un navigateur web, vous t\u00e9l\u00e9chargez et installez un programme directement sur votre ordinateur. Ces applications de bureau fournissent une interface d\u00e9di\u00e9e \u00e0 la gestion de vos \u00e9v\u00e9nements, \u00e0 la vente de billets et \u00e0 d&rsquo;autres [&hellip;]","og_url":"https:\/\/lampyrisevents.com\/fr\/telechargements\/","og_site_name":"Lampyris-Events","article_modified_time":"2024-07-15T09:29:44+00:00","twitter_card":"summary_large_image","twitter_misc":{"Dur\u00e9e de lecture estim\u00e9e":"2 minutes"},"schema":{"@context":"https:\/\/schema.org","@graph":[{"@type":"WebPage","@id":"https:\/\/lampyrisevents.com\/fr\/telechargements\/","url":"https:\/\/lampyrisevents.com\/fr\/telechargements\/","name":"T\u00e9l\u00e9chargements - Lampyris-Events","isPartOf":{"@id":"https:\/\/lampyrisevents.com\/fr\/#website"},"datePublished":"2024-06-21T17:56:26+00:00","dateModified":"2024-07-15T09:29:44+00:00","breadcrumb":{"@id":"https:\/\/lampyrisevents.com\/fr\/telechargements\/#breadcrumb"},"inLanguage":"fr-FR","potentialAction":[{"@type":"ReadAction","target":["https:\/\/lampyrisevents.com\/fr\/telechargements\/"]}]},{"@type":"BreadcrumbList","@id":"https:\/\/lampyrisevents.com\/fr\/telechargements\/#breadcrumb","itemListElement":[{"@type":"ListItem","position":1,"name":"Home","item":"https:\/\/lampyrisevents.com\/fr\/"},{"@type":"ListItem","position":2,"name":"T\u00e9l\u00e9chargements"}]},{"@type":"WebSite","@id":"https:\/\/lampyrisevents.com\/fr\/#website","url":"https:\/\/lampyrisevents.com\/fr\/","name":"Lampyris-Events","description":"Slogan Lampyris-Events","publisher":{"@id":"https:\/\/lampyrisevents.com\/fr\/#organization"},"potentialAction":[{"@type":"SearchAction","target":{"@type":"EntryPoint","urlTemplate":"https:\/\/lampyrisevents.com\/fr\/?s={search_term_string}"},"query-input":{"@type":"PropertyValueSpecification","valueRequired":true,"valueName":"search_term_string"}}],"inLanguage":"fr-FR"},{"@type":"Organization","@id":"https:\/\/lampyrisevents.com\/fr\/#organization","name":"Lampyris-Events","url":"https:\/\/lampyrisevents.com\/fr\/","logo":{"@type":"ImageObject","inLanguage":"fr-FR","@id":"https:\/\/lampyrisevents.com\/fr\/#\/schema\/logo\/image\/","url":"https:\/\/lampyrisevents.com\/wp-content\/uploads\/2024\/06\/logo215.png","contentUrl":"https:\/\/lampyrisevents.com\/wp-content\/uploads\/2024\/06\/logo215.png","width":256,"height":80,"caption":"Lampyris-Events"},"image":{"@id":"https:\/\/lampyrisevents.com\/fr\/#\/schema\/logo\/image\/"}}]}},"_links":{"self":[{"href":"https:\/\/lampyrisevents.com\/fr\/wp-json\/wp\/v2\/pages\/5920","targetHints":{"allow":["GET"]}}],"collection":[{"href":"https:\/\/lampyrisevents.com\/fr\/wp-json\/wp\/v2\/pages"}],"about":[{"href":"https:\/\/lampyrisevents.com\/fr\/wp-json\/wp\/v2\/types\/page"}],"author":[{"embeddable":true,"href":"https:\/\/lampyrisevents.com\/fr\/wp-json\/wp\/v2\/users\/2"}],"replies":[{"embeddable":true,"href":"https:\/\/lampyrisevents.com\/fr\/wp-json\/wp\/v2\/comments?post=5920"}],"version-history":[{"count":1,"href":"https:\/\/lampyrisevents.com\/fr\/wp-json\/wp\/v2\/pages\/5920\/revisions"}],"predecessor-version":[{"id":5921,"href":"https:\/\/lampyrisevents.com\/fr\/wp-json\/wp\/v2\/pages\/5920\/revisions\/5921"}],"wp:attachment":[{"href":"https:\/\/lampyrisevents.com\/fr\/wp-json\/wp\/v2\/media?parent=5920"}],"curies":[{"name":"wp","href":"https:\/\/api.w.org\/{rel}","templated":true}]}}