{"id":5948,"date":"2024-05-30T18:33:13","date_gmt":"2024-05-30T16:33:13","guid":{"rendered":"https:\/\/lampyrisevents.com\/partenariats\/"},"modified":"2024-07-15T11:39:50","modified_gmt":"2024-07-15T09:39:50","slug":"partenariats","status":"publish","type":"page","link":"https:\/\/lampyrisevents.com\/fr\/partenariats\/","title":{"rendered":"Partenariats"},"content":{"rendered":"\t\t<div data-elementor-type=\"wp-page\" data-elementor-id=\"5948\" class=\"elementor elementor-5948 elementor-184\" data-elementor-post-type=\"page\">\n\t\t\t\t<div class=\"elementor-element elementor-element-e36716b e-flex e-con-boxed e-con e-parent\" data-id=\"e36716b\" data-element_type=\"container\" data-e-type=\"container\">\n\t\t\t\t\t<div class=\"e-con-inner\">\n\t\t\t\t<div class=\"elementor-element elementor-element-05e3d5a elementor-widget elementor-widget-heading\" data-id=\"05e3d5a\" data-element_type=\"widget\" data-e-type=\"widget\" data-widget_type=\"heading.default\">\n\t\t\t\t<div class=\"elementor-widget-container\">\n\t\t\t\t\t<h2 class=\"elementor-heading-title elementor-size-default\">Joignez vos forces \u00e0 celles de Lampyris-Events<\/h2>\t\t\t\t<\/div>\n\t\t\t\t<\/div>\n\t\t\t\t<div class=\"elementor-element elementor-element-000a2c2 elementor-widget elementor-widget-text-editor\" data-id=\"000a2c2\" data-element_type=\"widget\" data-e-type=\"widget\" data-widget_type=\"text-editor.default\">\n\t\t\t\t<div class=\"elementor-widget-container\">\n\t\t\t\t\t\t\t\t\t<p>Chez Lampyris-Events, nous croyons au pouvoir de la collaboration pour cr\u00e9er des exp\u00e9riences inoubliables. En vous associant \u00e0 nous, vous acc\u00e9dez \u00e0 une s\u00e9rie d&rsquo;outils et de ressources innovants con\u00e7us pour am\u00e9liorer votre processus de gestion d&rsquo;\u00e9v\u00e9nements. Que vous soyez organisateur d&rsquo;\u00e9v\u00e9nements, propri\u00e9taire d&rsquo;un lieu ou prestataire de services, notre plateforme vous offre une solution transparente pour am\u00e9liorer vos op\u00e9rations et atteindre un public plus large.<\/p>\n\t\t\t\t\t\t\t\t<\/div>\n\t\t\t\t<\/div>\n\t\t\t\t<div class=\"elementor-element elementor-element-a2698d5 elementor-widget elementor-widget-heading\" data-id=\"a2698d5\" data-element_type=\"widget\" data-e-type=\"widget\" data-widget_type=\"heading.default\">\n\t\t\t\t<div class=\"elementor-widget-container\">\n\t\t\t\t\t<h2 class=\"elementor-heading-title elementor-size-default\">Pourquoi s'associer \u00e0 nous ?<\/h2>\t\t\t\t<\/div>\n\t\t\t\t<\/div>\n\t\t\t\t<div class=\"elementor-element elementor-element-3797397 elementor-widget elementor-widget-text-editor\" data-id=\"3797397\" data-element_type=\"widget\" data-e-type=\"widget\" data-widget_type=\"text-editor.default\">\n\t\t\t\t<div class=\"elementor-widget-container\">\n\t\t\t\t\t\t\t\t\t<p><strong>Une technologie innovante :<\/strong> Notre plateforme de pointe assure une gestion fluide et efficace de l&rsquo;\u00e9v\u00e9nement, de la vente des billets \u00e0 l&rsquo;engagement des participants.<\/p>\n<p><strong>Une assistance compl\u00e8te :<\/strong> Nous fournissons une assistance et des ressources d\u00e9di\u00e9es pour vous aider \u00e0 chaque \u00e9tape, afin que vos \u00e9v\u00e9nements soient couronn\u00e9s de succ\u00e8s et se d\u00e9roulent sans encombre.<\/p>\n<p><strong>Une port\u00e9e \u00e9tendue :<\/strong> Profitez de notre vaste r\u00e9seau de spectateurs et augmentez votre visibilit\u00e9 et vos ventes de billets.<\/p>\n<p><strong>Des solutions personnalisables :<\/strong> Nous adaptons nos services \u00e0 vos besoins sp\u00e9cifiques, qu&rsquo;il s&rsquo;agisse d&rsquo;un petit rassemblement ou d&rsquo;un \u00e9v\u00e9nement de grande envergure.<\/p>\n\t\t\t\t\t\t\t\t<\/div>\n\t\t\t\t<\/div>\n\t\t\t\t<div class=\"elementor-element elementor-element-b9239ac elementor-widget elementor-widget-heading\" data-id=\"b9239ac\" data-element_type=\"widget\" data-e-type=\"widget\" data-widget_type=\"heading.default\">\n\t\t\t\t<div class=\"elementor-widget-container\">\n\t\t\t\t\t<h2 class=\"elementor-heading-title elementor-size-default\">Avantages pour les partenaires<\/h2>\t\t\t\t<\/div>\n\t\t\t\t<\/div>\n\t\t\t\t<div class=\"elementor-element elementor-element-22d9e41 elementor-widget elementor-widget-text-editor\" data-id=\"22d9e41\" data-element_type=\"widget\" data-e-type=\"widget\" data-widget_type=\"text-editor.default\">\n\t\t\t\t<div class=\"elementor-widget-container\">\n\t\t\t\t\t\t\t\t\t<ul>\n<li><strong>Analyse en temps r\u00e9el :<\/strong> Contr\u00f4lez les performances de votre \u00e9v\u00e9nement gr\u00e2ce \u00e0 nos outils d&rsquo;analyse et de reporting avanc\u00e9s.<\/li>\n<li><strong>Assistance marketing :<\/strong> Am\u00e9liorez la promotion de votre \u00e9v\u00e9nement gr\u00e2ce \u00e0 nos strat\u00e9gies et outils de marketing cibl\u00e9s.<\/li>\n<li><strong>Transactions s\u00e9curis\u00e9es :<\/strong> Garantissez un traitement s\u00fbr et fiable des paiements pour vos participants.<\/li>\n<li><strong>Opportunit\u00e9s de collaboration :<\/strong> Entrez en contact avec d&rsquo;autres professionnels du secteur et \u00e9largissez votre r\u00e9seau d&rsquo;affaires.<\/li>\n<\/ul>\n\t\t\t\t\t\t\t\t<\/div>\n\t\t\t\t<\/div>\n\t\t\t\t<div class=\"elementor-element elementor-element-e229cc4 elementor-widget elementor-widget-heading\" data-id=\"e229cc4\" data-element_type=\"widget\" data-e-type=\"widget\" data-widget_type=\"heading.default\">\n\t\t\t\t<div class=\"elementor-widget-container\">\n\t\t\t\t\t<h3 class=\"elementor-heading-title elementor-size-default\"><a href=\"#elementor-action%3Aaction%3Dpopup%3Aopen%26settings%3DeyJpZCI6MjIzMiwidG9nZ2xlIjpmYWxzZX0%3D\">Commencez<\/a><\/h3>\t\t\t\t<\/div>\n\t\t\t\t<\/div>\n\t\t\t\t<div class=\"elementor-element elementor-element-ecb16d0 elementor-widget elementor-widget-text-editor\" data-id=\"ecb16d0\" data-element_type=\"widget\" data-e-type=\"widget\" data-widget_type=\"text-editor.default\">\n\t\t\t\t<div class=\"elementor-widget-container\">\n\t\t\t\t\t\t\t\t\t<p>Pr\u00eat \u00e0 faire passer vos \u00e9v\u00e9nements \u00e0 la vitesse sup\u00e9rieure ? Contactez-nous d\u00e8s aujourd&rsquo;hui pour en savoir plus sur les possibilit\u00e9s de partenariat avec Lampyris-Events. Ensemble, nous pouvons cr\u00e9er des exp\u00e9riences exceptionnelles qui laisseront un impact durable.<\/p>\n<p>Pour plus d&rsquo;informations, contactez notre \u00e9quipe de partenariat \u00e0 l&rsquo;adresse info@lampyrisevents.com. Nous nous r\u00e9jouissons de travailler avec vous !<\/p>\n\t\t\t\t\t\t\t\t<\/div>\n\t\t\t\t<\/div>\n\t\t\t\t\t<\/div>\n\t\t\t\t<\/div>\n\t\t\t\t<\/div>\n\t\t","protected":false},"excerpt":{"rendered":"<p>Joignez vos forces \u00e0 celles de Lampyris-Events Chez Lampyris-Events, nous croyons au pouvoir de la collaboration pour cr\u00e9er des exp\u00e9riences inoubliables. En vous associant \u00e0 nous, vous acc\u00e9dez \u00e0 une s\u00e9rie d&rsquo;outils et de ressources innovants con\u00e7us pour am\u00e9liorer votre processus de gestion d&rsquo;\u00e9v\u00e9nements. Que vous soyez organisateur d&rsquo;\u00e9v\u00e9nements, propri\u00e9taire d&rsquo;un lieu ou prestataire de [&hellip;]<\/p>\n","protected":false},"author":2,"featured_media":0,"parent":0,"menu_order":0,"comment_status":"closed","ping_status":"closed","template":"","meta":{"_acf_changed":false,"footnotes":""},"class_list":["post-5948","page","type-page","status-publish","hentry"],"acf":[],"yoast_head":"<!-- This site is optimized with the Yoast SEO plugin v27.2 - https:\/\/yoast.com\/product\/yoast-seo-wordpress\/ -->\n<title>Partenariats - Lampyris-Events<\/title>\n<meta name=\"robots\" content=\"noindex, follow, max-snippet:-1, max-image-preview:large, max-video-preview:-1\" \/>\n<meta property=\"og:locale\" content=\"fr_FR\" \/>\n<meta property=\"og:type\" content=\"article\" \/>\n<meta property=\"og:title\" content=\"Partenariats - Lampyris-Events\" \/>\n<meta property=\"og:description\" content=\"Joignez vos forces \u00e0 celles de Lampyris-Events Chez Lampyris-Events, nous croyons au pouvoir de la collaboration pour cr\u00e9er des exp\u00e9riences inoubliables. En vous associant \u00e0 nous, vous acc\u00e9dez \u00e0 une s\u00e9rie d&rsquo;outils et de ressources innovants con\u00e7us pour am\u00e9liorer votre processus de gestion d&rsquo;\u00e9v\u00e9nements. Que vous soyez organisateur d&rsquo;\u00e9v\u00e9nements, propri\u00e9taire d&rsquo;un lieu ou prestataire de [&hellip;]\" \/>\n<meta property=\"og:url\" content=\"https:\/\/lampyrisevents.com\/fr\/partenariats\/\" \/>\n<meta property=\"og:site_name\" content=\"Lampyris-Events\" \/>\n<meta property=\"article:modified_time\" content=\"2024-07-15T09:39:50+00:00\" \/>\n<meta name=\"twitter:card\" content=\"summary_large_image\" \/>\n<meta name=\"twitter:label1\" content=\"Dur\u00e9e de lecture estim\u00e9e\" \/>\n\t<meta name=\"twitter:data1\" content=\"2 minutes\" \/>\n<script type=\"application\/ld+json\" class=\"yoast-schema-graph\">{\"@context\":\"https:\/\/schema.org\",\"@graph\":[{\"@type\":\"WebPage\",\"@id\":\"https:\/\/lampyrisevents.com\/fr\/partenariats\/\",\"url\":\"https:\/\/lampyrisevents.com\/fr\/partenariats\/\",\"name\":\"Partenariats - Lampyris-Events\",\"isPartOf\":{\"@id\":\"https:\/\/lampyrisevents.com\/fr\/#website\"},\"datePublished\":\"2024-05-30T16:33:13+00:00\",\"dateModified\":\"2024-07-15T09:39:50+00:00\",\"breadcrumb\":{\"@id\":\"https:\/\/lampyrisevents.com\/fr\/partenariats\/#breadcrumb\"},\"inLanguage\":\"fr-FR\",\"potentialAction\":[{\"@type\":\"ReadAction\",\"target\":[\"https:\/\/lampyrisevents.com\/fr\/partenariats\/\"]}]},{\"@type\":\"BreadcrumbList\",\"@id\":\"https:\/\/lampyrisevents.com\/fr\/partenariats\/#breadcrumb\",\"itemListElement\":[{\"@type\":\"ListItem\",\"position\":1,\"name\":\"Home\",\"item\":\"https:\/\/lampyrisevents.com\/fr\/\"},{\"@type\":\"ListItem\",\"position\":2,\"name\":\"Partenariats\"}]},{\"@type\":\"WebSite\",\"@id\":\"https:\/\/lampyrisevents.com\/fr\/#website\",\"url\":\"https:\/\/lampyrisevents.com\/fr\/\",\"name\":\"Lampyris-Events\",\"description\":\"Slogan Lampyris-Events\",\"publisher\":{\"@id\":\"https:\/\/lampyrisevents.com\/fr\/#organization\"},\"potentialAction\":[{\"@type\":\"SearchAction\",\"target\":{\"@type\":\"EntryPoint\",\"urlTemplate\":\"https:\/\/lampyrisevents.com\/fr\/?s={search_term_string}\"},\"query-input\":{\"@type\":\"PropertyValueSpecification\",\"valueRequired\":true,\"valueName\":\"search_term_string\"}}],\"inLanguage\":\"fr-FR\"},{\"@type\":\"Organization\",\"@id\":\"https:\/\/lampyrisevents.com\/fr\/#organization\",\"name\":\"Lampyris-Events\",\"url\":\"https:\/\/lampyrisevents.com\/fr\/\",\"logo\":{\"@type\":\"ImageObject\",\"inLanguage\":\"fr-FR\",\"@id\":\"https:\/\/lampyrisevents.com\/fr\/#\/schema\/logo\/image\/\",\"url\":\"https:\/\/lampyrisevents.com\/wp-content\/uploads\/2024\/06\/logo215.png\",\"contentUrl\":\"https:\/\/lampyrisevents.com\/wp-content\/uploads\/2024\/06\/logo215.png\",\"width\":256,\"height\":80,\"caption\":\"Lampyris-Events\"},\"image\":{\"@id\":\"https:\/\/lampyrisevents.com\/fr\/#\/schema\/logo\/image\/\"}}]}<\/script>\n<!-- \/ Yoast SEO plugin. -->","yoast_head_json":{"title":"Partenariats - Lampyris-Events","robots":{"index":"noindex","follow":"follow","max-snippet":"max-snippet:-1","max-image-preview":"max-image-preview:large","max-video-preview":"max-video-preview:-1"},"og_locale":"fr_FR","og_type":"article","og_title":"Partenariats - Lampyris-Events","og_description":"Joignez vos forces \u00e0 celles de Lampyris-Events Chez Lampyris-Events, nous croyons au pouvoir de la collaboration pour cr\u00e9er des exp\u00e9riences inoubliables. En vous associant \u00e0 nous, vous acc\u00e9dez \u00e0 une s\u00e9rie d&rsquo;outils et de ressources innovants con\u00e7us pour am\u00e9liorer votre processus de gestion d&rsquo;\u00e9v\u00e9nements. Que vous soyez organisateur d&rsquo;\u00e9v\u00e9nements, propri\u00e9taire d&rsquo;un lieu ou prestataire de [&hellip;]","og_url":"https:\/\/lampyrisevents.com\/fr\/partenariats\/","og_site_name":"Lampyris-Events","article_modified_time":"2024-07-15T09:39:50+00:00","twitter_card":"summary_large_image","twitter_misc":{"Dur\u00e9e de lecture estim\u00e9e":"2 minutes"},"schema":{"@context":"https:\/\/schema.org","@graph":[{"@type":"WebPage","@id":"https:\/\/lampyrisevents.com\/fr\/partenariats\/","url":"https:\/\/lampyrisevents.com\/fr\/partenariats\/","name":"Partenariats - Lampyris-Events","isPartOf":{"@id":"https:\/\/lampyrisevents.com\/fr\/#website"},"datePublished":"2024-05-30T16:33:13+00:00","dateModified":"2024-07-15T09:39:50+00:00","breadcrumb":{"@id":"https:\/\/lampyrisevents.com\/fr\/partenariats\/#breadcrumb"},"inLanguage":"fr-FR","potentialAction":[{"@type":"ReadAction","target":["https:\/\/lampyrisevents.com\/fr\/partenariats\/"]}]},{"@type":"BreadcrumbList","@id":"https:\/\/lampyrisevents.com\/fr\/partenariats\/#breadcrumb","itemListElement":[{"@type":"ListItem","position":1,"name":"Home","item":"https:\/\/lampyrisevents.com\/fr\/"},{"@type":"ListItem","position":2,"name":"Partenariats"}]},{"@type":"WebSite","@id":"https:\/\/lampyrisevents.com\/fr\/#website","url":"https:\/\/lampyrisevents.com\/fr\/","name":"Lampyris-Events","description":"Slogan Lampyris-Events","publisher":{"@id":"https:\/\/lampyrisevents.com\/fr\/#organization"},"potentialAction":[{"@type":"SearchAction","target":{"@type":"EntryPoint","urlTemplate":"https:\/\/lampyrisevents.com\/fr\/?s={search_term_string}"},"query-input":{"@type":"PropertyValueSpecification","valueRequired":true,"valueName":"search_term_string"}}],"inLanguage":"fr-FR"},{"@type":"Organization","@id":"https:\/\/lampyrisevents.com\/fr\/#organization","name":"Lampyris-Events","url":"https:\/\/lampyrisevents.com\/fr\/","logo":{"@type":"ImageObject","inLanguage":"fr-FR","@id":"https:\/\/lampyrisevents.com\/fr\/#\/schema\/logo\/image\/","url":"https:\/\/lampyrisevents.com\/wp-content\/uploads\/2024\/06\/logo215.png","contentUrl":"https:\/\/lampyrisevents.com\/wp-content\/uploads\/2024\/06\/logo215.png","width":256,"height":80,"caption":"Lampyris-Events"},"image":{"@id":"https:\/\/lampyrisevents.com\/fr\/#\/schema\/logo\/image\/"}}]}},"_links":{"self":[{"href":"https:\/\/lampyrisevents.com\/fr\/wp-json\/wp\/v2\/pages\/5948","targetHints":{"allow":["GET"]}}],"collection":[{"href":"https:\/\/lampyrisevents.com\/fr\/wp-json\/wp\/v2\/pages"}],"about":[{"href":"https:\/\/lampyrisevents.com\/fr\/wp-json\/wp\/v2\/types\/page"}],"author":[{"embeddable":true,"href":"https:\/\/lampyrisevents.com\/fr\/wp-json\/wp\/v2\/users\/2"}],"replies":[{"embeddable":true,"href":"https:\/\/lampyrisevents.com\/fr\/wp-json\/wp\/v2\/comments?post=5948"}],"version-history":[{"count":1,"href":"https:\/\/lampyrisevents.com\/fr\/wp-json\/wp\/v2\/pages\/5948\/revisions"}],"predecessor-version":[{"id":5949,"href":"https:\/\/lampyrisevents.com\/fr\/wp-json\/wp\/v2\/pages\/5948\/revisions\/5949"}],"wp:attachment":[{"href":"https:\/\/lampyrisevents.com\/fr\/wp-json\/wp\/v2\/media?parent=5948"}],"curies":[{"name":"wp","href":"https:\/\/api.w.org\/{rel}","templated":true}]}}