{"id":6007,"date":"2024-05-30T17:10:43","date_gmt":"2024-05-30T15:10:43","guid":{"rendered":"https:\/\/lampyrisevents.com\/questions-frequemment-posees\/"},"modified":"2024-07-15T13:28:09","modified_gmt":"2024-07-15T11:28:09","slug":"questions-frequemment-posees","status":"publish","type":"page","link":"https:\/\/lampyrisevents.com\/fr\/questions-frequemment-posees\/","title":{"rendered":"Questions fr\u00e9quemment pos\u00e9es"},"content":{"rendered":"\t\t<div data-elementor-type=\"wp-page\" data-elementor-id=\"6007\" class=\"elementor elementor-6007 elementor-168\" data-elementor-post-type=\"page\">\n\t\t\t\t<div class=\"elementor-element elementor-element-b019f8f e-flex e-con-boxed e-con e-parent\" data-id=\"b019f8f\" data-element_type=\"container\" data-e-type=\"container\">\n\t\t\t\t\t<div class=\"e-con-inner\">\n\t\t\t\t<div class=\"elementor-element elementor-element-beb91f5 elementor-widget elementor-widget-heading\" data-id=\"beb91f5\" data-element_type=\"widget\" data-e-type=\"widget\" data-widget_type=\"heading.default\">\n\t\t\t\t<div class=\"elementor-widget-container\">\n\t\t\t\t\t<h1 class=\"elementor-heading-title elementor-size-default\">FAQ<\/h1>\t\t\t\t<\/div>\n\t\t\t\t<\/div>\n\t\t\t\t<div class=\"elementor-element elementor-element-34f2807 elementor-widget elementor-widget-heading\" data-id=\"34f2807\" data-element_type=\"widget\" data-e-type=\"widget\" data-widget_type=\"heading.default\">\n\t\t\t\t<div class=\"elementor-widget-container\">\n\t\t\t\t\t<h2 class=\"elementor-heading-title elementor-size-default\">Questions fr\u00e9quemment pos\u00e9es<\/h2>\t\t\t\t<\/div>\n\t\t\t\t<\/div>\n\t\t\t\t<div class=\"elementor-element elementor-element-8a957a2 elementor-widget elementor-widget-tp-accordion\" data-id=\"8a957a2\" data-element_type=\"widget\" data-e-type=\"widget\" data-widget_type=\"tp-accordion.default\">\n\t\t\t\t<div class=\"elementor-widget-container\">\n\t\t\t\t\t\r\n\t\t<div class=\"theplus-accordion-wrapper elementor-accordion   \" id=\"accordion69d42d350732d\" data-accordion-id=\"accordion69d42d350732d\" data-connection=\"\" data-accordion-type=\"accordion\" data-heightlight-text    role=\"tablist\" > \r\n\t\t\r\n\t\t\t\t\t\t<div class=\"theplus-accordion-item\"  role=\"tab\">\r\n\t\t\t\t\t<div id=\"elementor-tab-title-1451\" class=\"elementor-tab-title plus-accordion-header active-default text-left \" data-tab=\"1\" aria-controls=\"elementor-tab-content-1451\"\t\t\t\t\t>\r\n\t\t\t\t\t\t\t\t\t\t\t<span class=\"elementor-accordion-icon elementor-accordion-icon-left\" aria-hidden=\"true\"><i class=\"elementor-accordion-icon-closed fa fa-plus\"><\/i><i class=\"elementor-accordion-icon-opened fa fa-minus\"><\/i><\/span>\r\n\t\t\t\t\t\t<span style=\"width:100%\">What is Lampyris<\/span>\t\t\t\t\t\t\t\t\t\t\t<\/div>\r\n\r\n\t\t\t\t\t\t\t\t\t\t\t<div \r\n\t\t\t\t\t\tid=\"elementor-tab-content-1451\" class=\"elementor-tab-content elementor-clearfix plus-accordion-content active-default \" data-tab=\"1\" role=\"tabpanel\" aria-labelledby=\"elementor-tab-title-1451\"\t\t\t\t\t\t> \r\n\t\t\t\t\t\t\t\t\t\t<div class=\"plus-content-editor\" ><p>Soci\u00e9t\u00e9 organisatrice d&rsquo;\u00e9v\u00e9nements \u00e9ducatifs et de divertissement depuis 2011<\/p>\n<\/div>\t\t\t\t\t\r\n\t\t\t\t\t\t<\/div> \r\n\t\t\t\t\t\t\t\t\t\t\r\n\t\t\t\t<\/div> \r\n\t\t\t\t\t\t\t\t<div class=\"theplus-accordion-item\"  role=\"tab\">\r\n\t\t\t\t\t<div id=\"elementor-tab-title-1452\" class=\"elementor-tab-title plus-accordion-header no text-left \" data-tab=\"2\" aria-controls=\"elementor-tab-content-1452\"\t\t\t\t\t>\r\n\t\t\t\t\t\t\t\t\t\t\t<span class=\"elementor-accordion-icon elementor-accordion-icon-left\" aria-hidden=\"true\"><i class=\"elementor-accordion-icon-closed fa fa-plus\"><\/i><i class=\"elementor-accordion-icon-opened fa fa-minus\"><\/i><\/span>\r\n\t\t\t\t\t\t<span style=\"width:100%\">Je n'ai pas re\u00e7u ou j'ai perdu mes billets<\/span>\t\t\t\t\t\t\t\t\t\t\t<\/div>\r\n\r\n\t\t\t\t\t\t\t\t\t\t\t<div \r\n\t\t\t\t\t\tid=\"elementor-tab-content-1452\" class=\"elementor-tab-content elementor-clearfix plus-accordion-content no \" data-tab=\"2\" role=\"tabpanel\" aria-labelledby=\"elementor-tab-title-1452\"\t\t\t\t\t\t> \r\n\t\t\t\t\t\t\t\t\t\t<div class=\"plus-content-editor\" ><p>Les billets sont envoy\u00e9s automatiquement et devraient arriver dans votre bo\u00eete de r\u00e9ception quelques minutes apr\u00e8s un paiement r\u00e9ussi. Si vous ne les recevez pas, v\u00e9rifiez d&rsquo;abord votre dossier de courrier ind\u00e9sirable.<\/p>\n<p>Il se peut que vous ayez mal saisi votre adresse \u00e9lectronique lors de l&rsquo;achat.<\/p>\n<p>Si vous avez pay\u00e9 par virement bancaire, la r\u00e9ception de votre paiement et l&rsquo;envoi du billet peuvent prendre quelques jours.<\/p>\n<p>Si vous avez acc\u00e8s \u00e0 votre compte bancaire, utilisez notre page de r\u00e9cup\u00e9ration de billets.<\/p>\n<p>Vous pouvez \u00e9galement contacter l&rsquo;organisateur de l&rsquo;\u00e9v\u00e9nement ou nous envoyer un courriel \u00e0 support@lampyrisevents.com, en joignant les d\u00e9tails de votre paiement.<\/p>\n<\/div>\t\t\t\t\t\r\n\t\t\t\t\t\t<\/div> \r\n\t\t\t\t\t\t\t\t\t\t\r\n\t\t\t\t<\/div> \r\n\t\t\t\t\t\t\t\t<div class=\"theplus-accordion-item\"  role=\"tab\">\r\n\t\t\t\t\t<div id=\"elementor-tab-title-1453\" class=\"elementor-tab-title plus-accordion-header no text-left \" data-tab=\"3\" aria-controls=\"elementor-tab-content-1453\"\t\t\t\t\t>\r\n\t\t\t\t\t\t\t\t\t\t\t<span class=\"elementor-accordion-icon elementor-accordion-icon-left\" aria-hidden=\"true\"><i class=\"elementor-accordion-icon-closed fa fa-plus\"><\/i><i class=\"elementor-accordion-icon-opened fa fa-minus\"><\/i><\/span>\r\n\t\t\t\t\t\t<span style=\"width:100%\">Mon paiement par carte de cr\u00e9dit a \u00e9chou\u00e9<\/span>\t\t\t\t\t\t\t\t\t\t\t<\/div>\r\n\r\n\t\t\t\t\t\t\t\t\t\t\t<div \r\n\t\t\t\t\t\tid=\"elementor-tab-content-1453\" class=\"elementor-tab-content elementor-clearfix plus-accordion-content no \" data-tab=\"3\" role=\"tabpanel\" aria-labelledby=\"elementor-tab-title-1453\"\t\t\t\t\t\t> \r\n\t\t\t\t\t\t\t\t\t\t<div class=\"plus-content-editor\" ><p>Pourquoi les paiements \u00e9chouent-ils ?<\/p>\n<p>Les \u00e9checs de paiement surviennent g\u00e9n\u00e9ralement lorsque les informations relatives \u00e0 la carte de cr\u00e9dit sont saisies de mani\u00e8re incorrecte ou que la carte est refus\u00e9e. Les refus peuvent \u00eatre motiv\u00e9s par diverses raisons autres que l&rsquo;insuffisance de fonds.<\/p>\n<p>D\u00e9pannage :<\/p>\n<p>&#8211; Assurez-vous que vous avez saisi correctement le num\u00e9ro de la carte, la date d&rsquo;expiration et le CVC.<br \/>&#8211; V\u00e9rifiez que votre carte est toujours valide et qu&rsquo;elle est suffisamment approvisionn\u00e9e.<\/p>\n<p>Nos paiements par carte de cr\u00e9dit utilisent la m\u00e9thode 3D Secure, ce qui signifie que votre banque vous demandera un mot de passe ou un code suppl\u00e9mentaire apr\u00e8s avoir saisi les d\u00e9tails de votre carte. Voir la section suivante sur 3D Secure.<\/p>\n<p>3D Secure<\/p>\n<p>3D Secure est fourni par votre banque, pas par Lampyris. Il s&rsquo;agit d&rsquo;une couche suppl\u00e9mentaire de s\u00e9curit\u00e9 pour les transactions en ligne, commun\u00e9ment appel\u00e9e \u00ab\u00a0Verified by Visa\u00a0\u00bb ou \u00ab\u00a0Mastercard SecureCode\u00a0\u00bb.<\/p>\n<p>Apr\u00e8s avoir introduit les donn\u00e9es de votre carte de paiement sur Lampyris, votre banque affichera un autre \u00e9cran, g\u00e9n\u00e9ralement sous la forme d&rsquo;une fen\u00eatre contextuelle. Saisissez les informations demand\u00e9es et cliquez sur \u00ab\u00a0soumettre\u00a0\u00bb pour authentifier le paiement. Notez qu&rsquo;un mot de passe n&rsquo;est pas toujours demand\u00e9 et que les impl\u00e9mentations de 3D Secure par les banques peuvent varier.<\/p>\n<p>D\u00e9pannage :<\/p>\n<p>&#8211; Si vous ne connaissez pas votre mot de passe ou si vous n&rsquo;avez pas configur\u00e9 3D Secure, suivez les instructions de la fen\u00eatre contextuelle. Si vous ne voyez pas les instructions ou si vous avez des questions, contactez votre banque pour obtenir de l&rsquo;aide.<br \/>&#8211; Il se peut que vous deviez contacter votre banque si vous devez modifier la fa\u00e7on dont elle v\u00e9rifie votre identit\u00e9, par exemple en passant d&rsquo;un mot de passe \u00e0 un code envoy\u00e9 par SMS.<br \/>&#8211; Si l&rsquo;\u00e9tape 3D Secure ou la fen\u00eatre contextuelle n&rsquo;appara\u00eet pas, r\u00e9glez votre navigateur ou votre bloqueur de fen\u00eatres contextuelles pour qu&rsquo;il autorise les fen\u00eatres contextuelles.<br \/>&#8211; Si vous utilisez Internet Explorer 10, essayez d&rsquo;utiliser un navigateur internet plus moderne.<\/p>\n<p>Frais pour d\u00e9faut de paiement<\/p>\n<p>Dans certains cas, votre carte peut \u00eatre d\u00e9bit\u00e9e puis imm\u00e9diatement rembours\u00e9e si votre transaction est bloqu\u00e9e. Cela se traduira par deux lignes sur votre relev\u00e9 de carte de cr\u00e9dit &#8211; un d\u00e9bit suivi d&rsquo;un cr\u00e9dit.<\/p>\n<\/div>\t\t\t\t\t\r\n\t\t\t\t\t\t<\/div> \r\n\t\t\t\t\t\t\t\t\t\t\r\n\t\t\t\t<\/div> \r\n\t\t\t\t\t\t\t\t<div class=\"theplus-accordion-item\"  role=\"tab\">\r\n\t\t\t\t\t<div id=\"elementor-tab-title-1454\" class=\"elementor-tab-title plus-accordion-header no text-left \" data-tab=\"4\" aria-controls=\"elementor-tab-content-1454\"\t\t\t\t\t>\r\n\t\t\t\t\t\t\t\t\t\t\t<span class=\"elementor-accordion-icon elementor-accordion-icon-left\" aria-hidden=\"true\"><i class=\"elementor-accordion-icon-closed fa fa-plus\"><\/i><i class=\"elementor-accordion-icon-opened fa fa-minus\"><\/i><\/span>\r\n\t\t\t\t\t\t<span style=\"width:100%\">J'ai une question concernant mon paiement<\/span>\t\t\t\t\t\t\t\t\t\t\t<\/div>\r\n\r\n\t\t\t\t\t\t\t\t\t\t\t<div \r\n\t\t\t\t\t\tid=\"elementor-tab-content-1454\" class=\"elementor-tab-content elementor-clearfix plus-accordion-content no \" data-tab=\"4\" role=\"tabpanel\" aria-labelledby=\"elementor-tab-title-1454\"\t\t\t\t\t\t> \r\n\t\t\t\t\t\t\t\t\t\t<div class=\"plus-content-editor\" ><p>Envoyez-nous un courriel \u00e0 support@lampyris.com<\/p>\n<\/div>\t\t\t\t\t\r\n\t\t\t\t\t\t<\/div> \r\n\t\t\t\t\t\t\t\t\t\t\r\n\t\t\t\t<\/div> \r\n\t\t\t\t\t\t\t\t<div class=\"theplus-accordion-item\"  role=\"tab\">\r\n\t\t\t\t\t<div id=\"elementor-tab-title-1455\" class=\"elementor-tab-title plus-accordion-header no text-left \" data-tab=\"5\" aria-controls=\"elementor-tab-content-1455\"\t\t\t\t\t>\r\n\t\t\t\t\t\t\t\t\t\t\t<span class=\"elementor-accordion-icon elementor-accordion-icon-left\" aria-hidden=\"true\"><i class=\"elementor-accordion-icon-closed fa fa-plus\"><\/i><i class=\"elementor-accordion-icon-opened fa fa-minus\"><\/i><\/span>\r\n\t\t\t\t\t\t<span style=\"width:100%\">Ai-je droit \u00e0 un remboursement si je n'ai pas particip\u00e9 \u00e0 l'\u00e9v\u00e9nement ?<\/span>\t\t\t\t\t\t\t\t\t\t\t<\/div>\r\n\r\n\t\t\t\t\t\t\t\t\t\t\t<div \r\n\t\t\t\t\t\tid=\"elementor-tab-content-1455\" class=\"elementor-tab-content elementor-clearfix plus-accordion-content no \" data-tab=\"5\" role=\"tabpanel\" aria-labelledby=\"elementor-tab-title-1455\"\t\t\t\t\t\t> \r\n\t\t\t\t\t\t\t\t\t\t<div class=\"plus-content-editor\" ><p>Si l&rsquo;\u00e9v\u00e9nement n&rsquo;a pas \u00e9t\u00e9 report\u00e9 et a eu lieu comme pr\u00e9vu, la l\u00e9gislation de la plupart des pays n&rsquo;oblige pas l&rsquo;organisateur de l&rsquo;\u00e9v\u00e9nement \u00e0 rembourser les billets.<\/p>\n<p>Toutefois, certains organisateurs peuvent avoir des politiques flexibles ou \u00eatre pr\u00eats \u00e0 faire des exceptions. Veuillez contacter directement l&rsquo;organisateur de l&rsquo;\u00e9v\u00e9nement. Vous trouverez leurs coordonn\u00e9es au bas de la page de vente des billets.<\/p>\n<\/div>\t\t\t\t\t\r\n\t\t\t\t\t\t<\/div> \r\n\t\t\t\t\t\t\t\t\t\t\r\n\t\t\t\t<\/div> \r\n\t\t\t\t\r\n\t\t<\/div>  \r\n\t\t\t\t\t\t<\/div>\n\t\t\t\t<\/div>\n\t\t\t\t\t<\/div>\n\t\t\t\t<\/div>\n\t\t\t\t<\/div>\n\t\t","protected":false},"excerpt":{"rendered":"<p>FAQ Questions fr\u00e9quemment pos\u00e9es What is Lampyris Soci\u00e9t\u00e9 organisatrice d&rsquo;\u00e9v\u00e9nements \u00e9ducatifs et de divertissement depuis 2011 Je n&rsquo;ai pas re\u00e7u ou j&rsquo;ai perdu mes billets Les billets sont envoy\u00e9s automatiquement et devraient arriver dans votre bo\u00eete de r\u00e9ception quelques minutes apr\u00e8s un paiement r\u00e9ussi. Si vous ne les recevez pas, v\u00e9rifiez d&rsquo;abord votre dossier de [&hellip;]<\/p>\n","protected":false},"author":2,"featured_media":0,"parent":0,"menu_order":0,"comment_status":"closed","ping_status":"closed","template":"","meta":{"_acf_changed":false,"footnotes":""},"class_list":["post-6007","page","type-page","status-publish","hentry"],"acf":[],"yoast_head":"<!-- This site is optimized with the Yoast SEO plugin v27.2 - https:\/\/yoast.com\/product\/yoast-seo-wordpress\/ -->\n<title>Questions fr\u00e9quemment pos\u00e9es - Lampyris-Events<\/title>\n<meta name=\"robots\" content=\"noindex, follow, max-snippet:-1, max-image-preview:large, max-video-preview:-1\" \/>\n<meta property=\"og:locale\" content=\"fr_FR\" \/>\n<meta property=\"og:type\" content=\"article\" \/>\n<meta property=\"og:title\" content=\"Questions fr\u00e9quemment pos\u00e9es - Lampyris-Events\" \/>\n<meta property=\"og:description\" content=\"FAQ Questions fr\u00e9quemment pos\u00e9es What is Lampyris Soci\u00e9t\u00e9 organisatrice d&rsquo;\u00e9v\u00e9nements \u00e9ducatifs et de divertissement depuis 2011 Je n&rsquo;ai pas re\u00e7u ou j&rsquo;ai perdu mes billets Les billets sont envoy\u00e9s automatiquement et devraient arriver dans votre bo\u00eete de r\u00e9ception quelques minutes apr\u00e8s un paiement r\u00e9ussi. Si vous ne les recevez pas, v\u00e9rifiez d&rsquo;abord votre dossier de [&hellip;]\" \/>\n<meta property=\"og:url\" content=\"https:\/\/lampyrisevents.com\/fr\/questions-frequemment-posees\/\" \/>\n<meta property=\"og:site_name\" content=\"Lampyris-Events\" \/>\n<meta property=\"article:modified_time\" content=\"2024-07-15T11:28:09+00:00\" \/>\n<meta name=\"twitter:card\" content=\"summary_large_image\" \/>\n<meta name=\"twitter:label1\" content=\"Dur\u00e9e de lecture estim\u00e9e\" \/>\n\t<meta name=\"twitter:data1\" content=\"4 minutes\" \/>\n<script type=\"application\/ld+json\" class=\"yoast-schema-graph\">{\"@context\":\"https:\/\/schema.org\",\"@graph\":[{\"@type\":\"WebPage\",\"@id\":\"https:\/\/lampyrisevents.com\/fr\/questions-frequemment-posees\/\",\"url\":\"https:\/\/lampyrisevents.com\/fr\/questions-frequemment-posees\/\",\"name\":\"Questions fr\u00e9quemment pos\u00e9es - Lampyris-Events\",\"isPartOf\":{\"@id\":\"https:\/\/lampyrisevents.com\/fr\/#website\"},\"datePublished\":\"2024-05-30T15:10:43+00:00\",\"dateModified\":\"2024-07-15T11:28:09+00:00\",\"breadcrumb\":{\"@id\":\"https:\/\/lampyrisevents.com\/fr\/questions-frequemment-posees\/#breadcrumb\"},\"inLanguage\":\"fr-FR\",\"potentialAction\":[{\"@type\":\"ReadAction\",\"target\":[\"https:\/\/lampyrisevents.com\/fr\/questions-frequemment-posees\/\"]}]},{\"@type\":\"BreadcrumbList\",\"@id\":\"https:\/\/lampyrisevents.com\/fr\/questions-frequemment-posees\/#breadcrumb\",\"itemListElement\":[{\"@type\":\"ListItem\",\"position\":1,\"name\":\"Home\",\"item\":\"https:\/\/lampyrisevents.com\/fr\/\"},{\"@type\":\"ListItem\",\"position\":2,\"name\":\"Questions fr\u00e9quemment pos\u00e9es\"}]},{\"@type\":\"WebSite\",\"@id\":\"https:\/\/lampyrisevents.com\/fr\/#website\",\"url\":\"https:\/\/lampyrisevents.com\/fr\/\",\"name\":\"Lampyris-Events\",\"description\":\"Slogan Lampyris-Events\",\"publisher\":{\"@id\":\"https:\/\/lampyrisevents.com\/fr\/#organization\"},\"potentialAction\":[{\"@type\":\"SearchAction\",\"target\":{\"@type\":\"EntryPoint\",\"urlTemplate\":\"https:\/\/lampyrisevents.com\/fr\/?s={search_term_string}\"},\"query-input\":{\"@type\":\"PropertyValueSpecification\",\"valueRequired\":true,\"valueName\":\"search_term_string\"}}],\"inLanguage\":\"fr-FR\"},{\"@type\":\"Organization\",\"@id\":\"https:\/\/lampyrisevents.com\/fr\/#organization\",\"name\":\"Lampyris-Events\",\"url\":\"https:\/\/lampyrisevents.com\/fr\/\",\"logo\":{\"@type\":\"ImageObject\",\"inLanguage\":\"fr-FR\",\"@id\":\"https:\/\/lampyrisevents.com\/fr\/#\/schema\/logo\/image\/\",\"url\":\"https:\/\/lampyrisevents.com\/wp-content\/uploads\/2024\/06\/logo215.png\",\"contentUrl\":\"https:\/\/lampyrisevents.com\/wp-content\/uploads\/2024\/06\/logo215.png\",\"width\":256,\"height\":80,\"caption\":\"Lampyris-Events\"},\"image\":{\"@id\":\"https:\/\/lampyrisevents.com\/fr\/#\/schema\/logo\/image\/\"}}]}<\/script>\n<!-- \/ Yoast SEO plugin. -->","yoast_head_json":{"title":"Questions fr\u00e9quemment pos\u00e9es - Lampyris-Events","robots":{"index":"noindex","follow":"follow","max-snippet":"max-snippet:-1","max-image-preview":"max-image-preview:large","max-video-preview":"max-video-preview:-1"},"og_locale":"fr_FR","og_type":"article","og_title":"Questions fr\u00e9quemment pos\u00e9es - Lampyris-Events","og_description":"FAQ Questions fr\u00e9quemment pos\u00e9es What is Lampyris Soci\u00e9t\u00e9 organisatrice d&rsquo;\u00e9v\u00e9nements \u00e9ducatifs et de divertissement depuis 2011 Je n&rsquo;ai pas re\u00e7u ou j&rsquo;ai perdu mes billets Les billets sont envoy\u00e9s automatiquement et devraient arriver dans votre bo\u00eete de r\u00e9ception quelques minutes apr\u00e8s un paiement r\u00e9ussi. Si vous ne les recevez pas, v\u00e9rifiez d&rsquo;abord votre dossier de [&hellip;]","og_url":"https:\/\/lampyrisevents.com\/fr\/questions-frequemment-posees\/","og_site_name":"Lampyris-Events","article_modified_time":"2024-07-15T11:28:09+00:00","twitter_card":"summary_large_image","twitter_misc":{"Dur\u00e9e de lecture estim\u00e9e":"4 minutes"},"schema":{"@context":"https:\/\/schema.org","@graph":[{"@type":"WebPage","@id":"https:\/\/lampyrisevents.com\/fr\/questions-frequemment-posees\/","url":"https:\/\/lampyrisevents.com\/fr\/questions-frequemment-posees\/","name":"Questions fr\u00e9quemment pos\u00e9es - Lampyris-Events","isPartOf":{"@id":"https:\/\/lampyrisevents.com\/fr\/#website"},"datePublished":"2024-05-30T15:10:43+00:00","dateModified":"2024-07-15T11:28:09+00:00","breadcrumb":{"@id":"https:\/\/lampyrisevents.com\/fr\/questions-frequemment-posees\/#breadcrumb"},"inLanguage":"fr-FR","potentialAction":[{"@type":"ReadAction","target":["https:\/\/lampyrisevents.com\/fr\/questions-frequemment-posees\/"]}]},{"@type":"BreadcrumbList","@id":"https:\/\/lampyrisevents.com\/fr\/questions-frequemment-posees\/#breadcrumb","itemListElement":[{"@type":"ListItem","position":1,"name":"Home","item":"https:\/\/lampyrisevents.com\/fr\/"},{"@type":"ListItem","position":2,"name":"Questions fr\u00e9quemment pos\u00e9es"}]},{"@type":"WebSite","@id":"https:\/\/lampyrisevents.com\/fr\/#website","url":"https:\/\/lampyrisevents.com\/fr\/","name":"Lampyris-Events","description":"Slogan Lampyris-Events","publisher":{"@id":"https:\/\/lampyrisevents.com\/fr\/#organization"},"potentialAction":[{"@type":"SearchAction","target":{"@type":"EntryPoint","urlTemplate":"https:\/\/lampyrisevents.com\/fr\/?s={search_term_string}"},"query-input":{"@type":"PropertyValueSpecification","valueRequired":true,"valueName":"search_term_string"}}],"inLanguage":"fr-FR"},{"@type":"Organization","@id":"https:\/\/lampyrisevents.com\/fr\/#organization","name":"Lampyris-Events","url":"https:\/\/lampyrisevents.com\/fr\/","logo":{"@type":"ImageObject","inLanguage":"fr-FR","@id":"https:\/\/lampyrisevents.com\/fr\/#\/schema\/logo\/image\/","url":"https:\/\/lampyrisevents.com\/wp-content\/uploads\/2024\/06\/logo215.png","contentUrl":"https:\/\/lampyrisevents.com\/wp-content\/uploads\/2024\/06\/logo215.png","width":256,"height":80,"caption":"Lampyris-Events"},"image":{"@id":"https:\/\/lampyrisevents.com\/fr\/#\/schema\/logo\/image\/"}}]}},"_links":{"self":[{"href":"https:\/\/lampyrisevents.com\/fr\/wp-json\/wp\/v2\/pages\/6007","targetHints":{"allow":["GET"]}}],"collection":[{"href":"https:\/\/lampyrisevents.com\/fr\/wp-json\/wp\/v2\/pages"}],"about":[{"href":"https:\/\/lampyrisevents.com\/fr\/wp-json\/wp\/v2\/types\/page"}],"author":[{"embeddable":true,"href":"https:\/\/lampyrisevents.com\/fr\/wp-json\/wp\/v2\/users\/2"}],"replies":[{"embeddable":true,"href":"https:\/\/lampyrisevents.com\/fr\/wp-json\/wp\/v2\/comments?post=6007"}],"version-history":[{"count":1,"href":"https:\/\/lampyrisevents.com\/fr\/wp-json\/wp\/v2\/pages\/6007\/revisions"}],"predecessor-version":[{"id":6008,"href":"https:\/\/lampyrisevents.com\/fr\/wp-json\/wp\/v2\/pages\/6007\/revisions\/6008"}],"wp:attachment":[{"href":"https:\/\/lampyrisevents.com\/fr\/wp-json\/wp\/v2\/media?parent=6007"}],"curies":[{"name":"wp","href":"https:\/\/api.w.org\/{rel}","templated":true}]}}