{"id":5912,"date":"2024-06-28T13:01:09","date_gmt":"2024-06-28T11:01:09","guid":{"rendered":"https:\/\/lampyrisevents.com\/polaczenie-ze-stripe\/"},"modified":"2024-07-15T11:25:22","modified_gmt":"2024-07-15T09:25:22","slug":"polaczenie-ze-stripe","status":"publish","type":"page","link":"https:\/\/lampyrisevents.com\/pl\/polaczenie-ze-stripe\/","title":{"rendered":"Po\u0142\u0105czenie ze Stripe"},"content":{"rendered":"\t\t<div data-elementor-type=\"wp-page\" data-elementor-id=\"5912\" class=\"elementor elementor-5912 elementor-2968\" data-elementor-post-type=\"page\">\n\t\t\t\t<div class=\"elementor-element elementor-element-37c6f393 e-flex e-con-boxed e-con e-parent\" data-id=\"37c6f393\" data-element_type=\"container\" data-e-type=\"container\">\n\t\t\t\t\t<div class=\"e-con-inner\">\n\t\t\t\t<div class=\"elementor-element elementor-element-718f8a6b elementor-widget elementor-widget-heading\" data-id=\"718f8a6b\" data-element_type=\"widget\" data-e-type=\"widget\" data-widget_type=\"heading.default\">\n\t\t\t\t<div class=\"elementor-widget-container\">\n\t\t\t\t\t<h2 class=\"elementor-heading-title elementor-size-default\">Jak po\u0142\u0105czy\u0107 konto Stripe z platform\u0105 ArenaSoldOut?<\/h2>\t\t\t\t<\/div>\n\t\t\t\t<\/div>\n\t\t\t\t<div class=\"elementor-element elementor-element-46013c6 elementor-widget elementor-widget-text-editor\" data-id=\"46013c6\" data-element_type=\"widget\" data-e-type=\"widget\" data-widget_type=\"text-editor.default\">\n\t\t\t\t<div class=\"elementor-widget-container\">\n\t\t\t\t\t\t\t\t\t<p>Aby zintegrowa\u0107 Stripe jako bramk\u0119 p\u0142atno\u015bci dla Arenasoldout.com, musisz zaprosi\u0107 specjalist\u0119 technicznego platformy, aby do\u0142\u0105czy\u0142 do Twojego konta Stripe jako programista. Wykonaj nast\u0119puj\u0105ce kroki:<\/p>\n\t\t\t\t\t\t\t\t<\/div>\n\t\t\t\t<\/div>\n\t\t\t\t<div class=\"elementor-element elementor-element-9b3da01 elementor-widget elementor-widget-heading\" data-id=\"9b3da01\" data-element_type=\"widget\" data-e-type=\"widget\" data-widget_type=\"heading.default\">\n\t\t\t\t<div class=\"elementor-widget-container\">\n\t\t\t\t\t<h3 class=\"elementor-heading-title elementor-size-default\">Instrukcje krok po kroku<\/h3>\t\t\t\t<\/div>\n\t\t\t\t<\/div>\n\t\t\t\t<div class=\"elementor-element elementor-element-5a1fe966 elementor-widget elementor-widget-text-editor\" data-id=\"5a1fe966\" data-element_type=\"widget\" data-e-type=\"widget\" data-widget_type=\"text-editor.default\">\n\t\t\t\t<div class=\"elementor-widget-container\">\n\t\t\t\t\t\t\t\t\t<p><strong>Zaloguj si\u0119 do ustawie\u0144 Stripe<\/strong><\/p>\n<ul>\n<li>Uzyskaj dost\u0119p do swojego konta Stripe i przejd\u017a do pulpitu nawigacyjnego.<\/li>\n<li>Kliknij ikon\u0119 ko\u0142a z\u0119batego lub opcj\u0119 &#8222;Ustawienia&#8221; w lewym dolnym rogu pulpitu nawigacyjnego.<\/li>\n<\/ul>\n\t\t\t\t\t\t\t\t<\/div>\n\t\t\t\t<\/div>\n\t\t\t\t<div class=\"elementor-element elementor-element-4da45dcd elementor-widget elementor-widget-image\" data-id=\"4da45dcd\" data-element_type=\"widget\" data-e-type=\"widget\" data-widget_type=\"image.default\">\n\t\t\t\t<div class=\"elementor-widget-container\">\n\t\t\t\t\t\t\t\t\t\t\t\t\t\t\t<img fetchpriority=\"high\" decoding=\"async\" width=\"800\" height=\"354\" src=\"https:\/\/lampyrisevents.com\/wp-content\/uploads\/2024\/06\/settings-\u2013-arenasoldout-\u2013-stripe-google-chrome-1024x453.jpg\" class=\"attachment-large size-large wp-image-2985\" alt=\"\" srcset=\"https:\/\/lampyrisevents.com\/wp-content\/uploads\/2024\/06\/settings-\u2013-arenasoldout-\u2013-stripe-google-chrome-1024x453.jpg 1024w, https:\/\/lampyrisevents.com\/wp-content\/uploads\/2024\/06\/settings-\u2013-arenasoldout-\u2013-stripe-google-chrome-300x133.jpg 300w, https:\/\/lampyrisevents.com\/wp-content\/uploads\/2024\/06\/settings-\u2013-arenasoldout-\u2013-stripe-google-chrome-768x339.jpg 768w, https:\/\/lampyrisevents.com\/wp-content\/uploads\/2024\/06\/settings-\u2013-arenasoldout-\u2013-stripe-google-chrome-1536x679.jpg 1536w, https:\/\/lampyrisevents.com\/wp-content\/uploads\/2024\/06\/settings-\u2013-arenasoldout-\u2013-stripe-google-chrome-600x265.jpg 600w, https:\/\/lampyrisevents.com\/wp-content\/uploads\/2024\/06\/settings-\u2013-arenasoldout-\u2013-stripe-google-chrome.jpg 1604w\" sizes=\"(max-width: 800px) 100vw, 800px\" \/>\t\t\t\t\t\t\t\t\t\t\t\t\t\t\t<\/div>\n\t\t\t\t<\/div>\n\t\t\t\t<div class=\"elementor-element elementor-element-227c7546 elementor-widget elementor-widget-text-editor\" data-id=\"227c7546\" data-element_type=\"widget\" data-e-type=\"widget\" data-widget_type=\"text-editor.default\">\n\t\t\t\t<div class=\"elementor-widget-container\">\n\t\t\t\t\t\t\t\t\t<p><strong>Wybierz menu &#8222;Zesp\u00f3\u0142<\/strong><\/p>\n<ul>\n<li>W menu ustawie\u0144 znajd\u017a i wybierz opcj\u0119 &#8222;Zesp\u00f3\u0142&#8221;.<\/li>\n<li>Spowoduje to przej\u015bcie do strony zarz\u0105dzania zespo\u0142em, na kt\u00f3rej mo\u017cna zarz\u0105dza\u0107 u\u017cytkownikami i ich rolami.<\/li>\n<\/ul>\n\t\t\t\t\t\t\t\t<\/div>\n\t\t\t\t<\/div>\n\t\t\t\t<div class=\"elementor-element elementor-element-6c2723e elementor-widget elementor-widget-image\" data-id=\"6c2723e\" data-element_type=\"widget\" data-e-type=\"widget\" data-widget_type=\"image.default\">\n\t\t\t\t<div class=\"elementor-widget-container\">\n\t\t\t\t\t\t\t\t\t\t\t\t\t\t\t<img decoding=\"async\" width=\"800\" height=\"352\" src=\"https:\/\/lampyrisevents.com\/wp-content\/uploads\/2024\/06\/team-\u2013-arenasoldout-\u2013-stripe-google-chrome-1024x450.jpg\" class=\"attachment-large size-large wp-image-3011\" alt=\"\" srcset=\"https:\/\/lampyrisevents.com\/wp-content\/uploads\/2024\/06\/team-\u2013-arenasoldout-\u2013-stripe-google-chrome-1024x450.jpg 1024w, https:\/\/lampyrisevents.com\/wp-content\/uploads\/2024\/06\/team-\u2013-arenasoldout-\u2013-stripe-google-chrome-300x132.jpg 300w, https:\/\/lampyrisevents.com\/wp-content\/uploads\/2024\/06\/team-\u2013-arenasoldout-\u2013-stripe-google-chrome-768x338.jpg 768w, https:\/\/lampyrisevents.com\/wp-content\/uploads\/2024\/06\/team-\u2013-arenasoldout-\u2013-stripe-google-chrome-1536x676.jpg 1536w, https:\/\/lampyrisevents.com\/wp-content\/uploads\/2024\/06\/team-\u2013-arenasoldout-\u2013-stripe-google-chrome-600x264.jpg 600w, https:\/\/lampyrisevents.com\/wp-content\/uploads\/2024\/06\/team-\u2013-arenasoldout-\u2013-stripe-google-chrome.jpg 1623w\" sizes=\"(max-width: 800px) 100vw, 800px\" \/>\t\t\t\t\t\t\t\t\t\t\t\t\t\t\t<\/div>\n\t\t\t\t<\/div>\n\t\t\t\t<div class=\"elementor-element elementor-element-77011b1c elementor-widget elementor-widget-text-editor\" data-id=\"77011b1c\" data-element_type=\"widget\" data-e-type=\"widget\" data-widget_type=\"text-editor.default\">\n\t\t\t\t<div class=\"elementor-widget-container\">\n\t\t\t\t\t\t\t\t\t<p><strong>Dodaj cz\u0142onka zespo\u0142u jako programist\u0119<\/strong><\/p>\n<ul>\n<li>\n<p>Na stronie zarz\u0105dzania zespo\u0142em kliknij przycisk &#8222;Dodaj cz\u0142onka&#8221;.<\/p>\n<\/li>\n<li>\n<p>Wprowad\u017a nast\u0119puj\u0105ce dane:<\/p>\n<ul>\n<li><strong>Email:<\/strong> <a rel=\"noreferrer\">ava@abhteam.com<\/a><\/li>\n<li><strong>Rola:<\/strong> Deweloper<\/li>\n<\/ul>\n<\/li>\n<li>\n<p>Rola programisty pozwala zaproszonej osobie zarz\u0105dza\u0107 kluczami API i ustawieniami integracji, co jest niezb\u0119dne do skonfigurowania Stripe jako bramki p\u0142atno\u015bci.<\/p>\n<\/li>\n<\/ul>\n\t\t\t\t\t\t\t\t<\/div>\n\t\t\t\t<\/div>\n\t\t\t\t<div class=\"elementor-element elementor-element-aac9022 elementor-widget elementor-widget-image\" data-id=\"aac9022\" data-element_type=\"widget\" data-e-type=\"widget\" data-widget_type=\"image.default\">\n\t\t\t\t<div class=\"elementor-widget-container\">\n\t\t\t\t\t\t\t\t\t\t\t\t\t\t\t<img decoding=\"async\" width=\"800\" height=\"434\" src=\"https:\/\/lampyrisevents.com\/wp-content\/uploads\/2024\/06\/team-\u2013-arenasoldout-\u2013-stripe-invite-google-chrome-1024x556.jpg\" class=\"attachment-large size-large wp-image-3037\" alt=\"\" srcset=\"https:\/\/lampyrisevents.com\/wp-content\/uploads\/2024\/06\/team-\u2013-arenasoldout-\u2013-stripe-invite-google-chrome-1024x556.jpg 1024w, https:\/\/lampyrisevents.com\/wp-content\/uploads\/2024\/06\/team-\u2013-arenasoldout-\u2013-stripe-invite-google-chrome-300x163.jpg 300w, https:\/\/lampyrisevents.com\/wp-content\/uploads\/2024\/06\/team-\u2013-arenasoldout-\u2013-stripe-invite-google-chrome-768x417.jpg 768w, https:\/\/lampyrisevents.com\/wp-content\/uploads\/2024\/06\/team-\u2013-arenasoldout-\u2013-stripe-invite-google-chrome-1536x833.jpg 1536w, https:\/\/lampyrisevents.com\/wp-content\/uploads\/2024\/06\/team-\u2013-arenasoldout-\u2013-stripe-invite-google-chrome-600x326.jpg 600w, https:\/\/lampyrisevents.com\/wp-content\/uploads\/2024\/06\/team-\u2013-arenasoldout-\u2013-stripe-invite-google-chrome.jpg 1561w\" sizes=\"(max-width: 800px) 100vw, 800px\" \/>\t\t\t\t\t\t\t\t\t\t\t\t\t\t\t<\/div>\n\t\t\t\t<\/div>\n\t\t\t\t<div class=\"elementor-element elementor-element-34515f19 elementor-widget elementor-widget-text-editor\" data-id=\"34515f19\" data-element_type=\"widget\" data-e-type=\"widget\" data-widget_type=\"text-editor.default\">\n\t\t\t\t<div class=\"elementor-widget-container\">\n\t\t\t\t\t\t\t\t\t<p><strong>Wy\u015blij zaproszenie<\/strong><\/p>\n<ul>\n<li>Po wype\u0142nieniu wymaganych danych wy\u015blij zaproszenie.<\/li>\n<li>Andrei Andreev otrzyma wiadomo\u015b\u0107 e-mail z instrukcjami do\u0142\u0105czenia do konta Stripe.<\/li>\n<\/ul>\n\t\t\t\t\t\t\t\t<\/div>\n\t\t\t\t<\/div>\n\t\t\t\t<div class=\"elementor-element elementor-element-fa3e200 elementor-widget elementor-widget-text-editor\" data-id=\"fa3e200\" data-element_type=\"widget\" data-e-type=\"widget\" data-widget_type=\"text-editor.default\">\n\t\t\t\t<div class=\"elementor-widget-container\">\n\t\t\t\t\t\t\t\t\t<p><strong>Wy\u015blij zaproszenie<\/strong><\/p>\n<ul>\n<li>Po wype\u0142nieniu wymaganych danych wy\u015blij zaproszenie.<\/li>\n<li>Andrei Andreev otrzyma wiadomo\u015b\u0107 e-mail z instrukcjami do\u0142\u0105czenia do konta Stripe.<\/li>\n<\/ul>\n\t\t\t\t\t\t\t\t<\/div>\n\t\t\t\t<\/div>\n\t\t\t\t<div class=\"elementor-element elementor-element-5715ada9 elementor-widget elementor-widget-text-editor\" data-id=\"5715ada9\" data-element_type=\"widget\" data-e-type=\"widget\" data-widget_type=\"text-editor.default\">\n\t\t\t\t<div class=\"elementor-widget-container\">\n\t\t\t\t\t\t\t\t\t<h3>Wyja\u015bnienie roli dewelopera<\/h3>\n<p>Rola programisty w Stripe jest kluczowa dla zarz\u0105dzania technicznymi aspektami integracji, w tym kluczami API i webhookami. Zapraszaj\u0105c Andreia Andreeva jako programist\u0119, zapewniasz, \u017ce ma on niezb\u0119dne uprawnienia do konfigurowania i konfigurowania Stripe w celu p\u0142ynnego przetwarzania p\u0142atno\u015bci na Twoim koncie Stripe. Osoba na tym stanowisku nie ma dost\u0119pu do poufnych informacji finansowych, ale mo\u017ce obs\u0142ugiwa\u0107 wszystkie wymagania techniczne potrzebne do integracji.<\/p>\n\t\t\t\t\t\t\t\t<\/div>\n\t\t\t\t<\/div>\n\t\t\t\t\t<\/div>\n\t\t\t\t<\/div>\n\t\t\t\t<\/div>\n\t\t","protected":false},"excerpt":{"rendered":"<p>Jak po\u0142\u0105czy\u0107 konto Stripe z platform\u0105 ArenaSoldOut? Aby zintegrowa\u0107 Stripe jako bramk\u0119 p\u0142atno\u015bci dla Arenasoldout.com, musisz zaprosi\u0107 specjalist\u0119 technicznego platformy, aby do\u0142\u0105czy\u0142 do Twojego konta Stripe jako programista. Wykonaj nast\u0119puj\u0105ce kroki: Instrukcje krok po kroku Zaloguj si\u0119 do ustawie\u0144 Stripe Uzyskaj dost\u0119p do swojego konta Stripe i przejd\u017a do pulpitu nawigacyjnego. Kliknij ikon\u0119 ko\u0142a z\u0119batego [&hellip;]<\/p>\n","protected":false},"author":2,"featured_media":0,"parent":0,"menu_order":0,"comment_status":"closed","ping_status":"closed","template":"","meta":{"_acf_changed":false,"footnotes":""},"class_list":["post-5912","page","type-page","status-publish","hentry"],"acf":[],"yoast_head":"<!-- This site is optimized with the Yoast SEO plugin v27.2 - https:\/\/yoast.com\/product\/yoast-seo-wordpress\/ -->\n<title>Po\u0142\u0105czenie ze Stripe - Lampyris-Events<\/title>\n<meta name=\"robots\" content=\"noindex, follow, max-snippet:-1, max-image-preview:large, max-video-preview:-1\" \/>\n<meta property=\"og:locale\" content=\"pl_PL\" \/>\n<meta property=\"og:type\" content=\"article\" \/>\n<meta property=\"og:title\" content=\"Po\u0142\u0105czenie ze Stripe - Lampyris-Events\" \/>\n<meta property=\"og:description\" content=\"Jak po\u0142\u0105czy\u0107 konto Stripe z platform\u0105 ArenaSoldOut? Aby zintegrowa\u0107 Stripe jako bramk\u0119 p\u0142atno\u015bci dla Arenasoldout.com, musisz zaprosi\u0107 specjalist\u0119 technicznego platformy, aby do\u0142\u0105czy\u0142 do Twojego konta Stripe jako programista. Wykonaj nast\u0119puj\u0105ce kroki: Instrukcje krok po kroku Zaloguj si\u0119 do ustawie\u0144 Stripe Uzyskaj dost\u0119p do swojego konta Stripe i przejd\u017a do pulpitu nawigacyjnego. Kliknij ikon\u0119 ko\u0142a z\u0119batego [&hellip;]\" \/>\n<meta property=\"og:url\" content=\"https:\/\/lampyrisevents.com\/pl\/polaczenie-ze-stripe\/\" \/>\n<meta property=\"og:site_name\" content=\"Lampyris-Events\" \/>\n<meta property=\"article:modified_time\" content=\"2024-07-15T09:25:22+00:00\" \/>\n<meta name=\"twitter:card\" content=\"summary_large_image\" \/>\n<meta name=\"twitter:label1\" content=\"Szacowany czas czytania\" \/>\n\t<meta name=\"twitter:data1\" content=\"1 minuta\" \/>\n<script type=\"application\/ld+json\" class=\"yoast-schema-graph\">{\"@context\":\"https:\/\/schema.org\",\"@graph\":[{\"@type\":\"WebPage\",\"@id\":\"https:\/\/lampyrisevents.com\/pl\/polaczenie-ze-stripe\/\",\"url\":\"https:\/\/lampyrisevents.com\/pl\/polaczenie-ze-stripe\/\",\"name\":\"Po\u0142\u0105czenie ze Stripe - Lampyris-Events\",\"isPartOf\":{\"@id\":\"https:\/\/lampyrisevents.com\/pl\/#website\"},\"datePublished\":\"2024-06-28T11:01:09+00:00\",\"dateModified\":\"2024-07-15T09:25:22+00:00\",\"breadcrumb\":{\"@id\":\"https:\/\/lampyrisevents.com\/pl\/polaczenie-ze-stripe\/#breadcrumb\"},\"inLanguage\":\"pl-PL\",\"potentialAction\":[{\"@type\":\"ReadAction\",\"target\":[\"https:\/\/lampyrisevents.com\/pl\/polaczenie-ze-stripe\/\"]}]},{\"@type\":\"BreadcrumbList\",\"@id\":\"https:\/\/lampyrisevents.com\/pl\/polaczenie-ze-stripe\/#breadcrumb\",\"itemListElement\":[{\"@type\":\"ListItem\",\"position\":1,\"name\":\"Home\",\"item\":\"https:\/\/lampyrisevents.com\/pl\/\"},{\"@type\":\"ListItem\",\"position\":2,\"name\":\"Po\u0142\u0105czenie ze Stripe\"}]},{\"@type\":\"WebSite\",\"@id\":\"https:\/\/lampyrisevents.com\/pl\/#website\",\"url\":\"https:\/\/lampyrisevents.com\/pl\/\",\"name\":\"Lampyris-Events\",\"description\":\"Slogan Lampyris-Events\",\"publisher\":{\"@id\":\"https:\/\/lampyrisevents.com\/pl\/#organization\"},\"potentialAction\":[{\"@type\":\"SearchAction\",\"target\":{\"@type\":\"EntryPoint\",\"urlTemplate\":\"https:\/\/lampyrisevents.com\/pl\/?s={search_term_string}\"},\"query-input\":{\"@type\":\"PropertyValueSpecification\",\"valueRequired\":true,\"valueName\":\"search_term_string\"}}],\"inLanguage\":\"pl-PL\"},{\"@type\":\"Organization\",\"@id\":\"https:\/\/lampyrisevents.com\/pl\/#organization\",\"name\":\"Lampyris-Events\",\"url\":\"https:\/\/lampyrisevents.com\/pl\/\",\"logo\":{\"@type\":\"ImageObject\",\"inLanguage\":\"pl-PL\",\"@id\":\"https:\/\/lampyrisevents.com\/pl\/#\/schema\/logo\/image\/\",\"url\":\"https:\/\/lampyrisevents.com\/wp-content\/uploads\/2024\/06\/logo215.png\",\"contentUrl\":\"https:\/\/lampyrisevents.com\/wp-content\/uploads\/2024\/06\/logo215.png\",\"width\":256,\"height\":80,\"caption\":\"Lampyris-Events\"},\"image\":{\"@id\":\"https:\/\/lampyrisevents.com\/pl\/#\/schema\/logo\/image\/\"}}]}<\/script>\n<!-- \/ Yoast SEO plugin. -->","yoast_head_json":{"title":"Po\u0142\u0105czenie ze Stripe - Lampyris-Events","robots":{"index":"noindex","follow":"follow","max-snippet":"max-snippet:-1","max-image-preview":"max-image-preview:large","max-video-preview":"max-video-preview:-1"},"og_locale":"pl_PL","og_type":"article","og_title":"Po\u0142\u0105czenie ze Stripe - Lampyris-Events","og_description":"Jak po\u0142\u0105czy\u0107 konto Stripe z platform\u0105 ArenaSoldOut? Aby zintegrowa\u0107 Stripe jako bramk\u0119 p\u0142atno\u015bci dla Arenasoldout.com, musisz zaprosi\u0107 specjalist\u0119 technicznego platformy, aby do\u0142\u0105czy\u0142 do Twojego konta Stripe jako programista. Wykonaj nast\u0119puj\u0105ce kroki: Instrukcje krok po kroku Zaloguj si\u0119 do ustawie\u0144 Stripe Uzyskaj dost\u0119p do swojego konta Stripe i przejd\u017a do pulpitu nawigacyjnego. Kliknij ikon\u0119 ko\u0142a z\u0119batego [&hellip;]","og_url":"https:\/\/lampyrisevents.com\/pl\/polaczenie-ze-stripe\/","og_site_name":"Lampyris-Events","article_modified_time":"2024-07-15T09:25:22+00:00","twitter_card":"summary_large_image","twitter_misc":{"Szacowany czas czytania":"1 minuta"},"schema":{"@context":"https:\/\/schema.org","@graph":[{"@type":"WebPage","@id":"https:\/\/lampyrisevents.com\/pl\/polaczenie-ze-stripe\/","url":"https:\/\/lampyrisevents.com\/pl\/polaczenie-ze-stripe\/","name":"Po\u0142\u0105czenie ze Stripe - Lampyris-Events","isPartOf":{"@id":"https:\/\/lampyrisevents.com\/pl\/#website"},"datePublished":"2024-06-28T11:01:09+00:00","dateModified":"2024-07-15T09:25:22+00:00","breadcrumb":{"@id":"https:\/\/lampyrisevents.com\/pl\/polaczenie-ze-stripe\/#breadcrumb"},"inLanguage":"pl-PL","potentialAction":[{"@type":"ReadAction","target":["https:\/\/lampyrisevents.com\/pl\/polaczenie-ze-stripe\/"]}]},{"@type":"BreadcrumbList","@id":"https:\/\/lampyrisevents.com\/pl\/polaczenie-ze-stripe\/#breadcrumb","itemListElement":[{"@type":"ListItem","position":1,"name":"Home","item":"https:\/\/lampyrisevents.com\/pl\/"},{"@type":"ListItem","position":2,"name":"Po\u0142\u0105czenie ze Stripe"}]},{"@type":"WebSite","@id":"https:\/\/lampyrisevents.com\/pl\/#website","url":"https:\/\/lampyrisevents.com\/pl\/","name":"Lampyris-Events","description":"Slogan Lampyris-Events","publisher":{"@id":"https:\/\/lampyrisevents.com\/pl\/#organization"},"potentialAction":[{"@type":"SearchAction","target":{"@type":"EntryPoint","urlTemplate":"https:\/\/lampyrisevents.com\/pl\/?s={search_term_string}"},"query-input":{"@type":"PropertyValueSpecification","valueRequired":true,"valueName":"search_term_string"}}],"inLanguage":"pl-PL"},{"@type":"Organization","@id":"https:\/\/lampyrisevents.com\/pl\/#organization","name":"Lampyris-Events","url":"https:\/\/lampyrisevents.com\/pl\/","logo":{"@type":"ImageObject","inLanguage":"pl-PL","@id":"https:\/\/lampyrisevents.com\/pl\/#\/schema\/logo\/image\/","url":"https:\/\/lampyrisevents.com\/wp-content\/uploads\/2024\/06\/logo215.png","contentUrl":"https:\/\/lampyrisevents.com\/wp-content\/uploads\/2024\/06\/logo215.png","width":256,"height":80,"caption":"Lampyris-Events"},"image":{"@id":"https:\/\/lampyrisevents.com\/pl\/#\/schema\/logo\/image\/"}}]}},"_links":{"self":[{"href":"https:\/\/lampyrisevents.com\/pl\/wp-json\/wp\/v2\/pages\/5912","targetHints":{"allow":["GET"]}}],"collection":[{"href":"https:\/\/lampyrisevents.com\/pl\/wp-json\/wp\/v2\/pages"}],"about":[{"href":"https:\/\/lampyrisevents.com\/pl\/wp-json\/wp\/v2\/types\/page"}],"author":[{"embeddable":true,"href":"https:\/\/lampyrisevents.com\/pl\/wp-json\/wp\/v2\/users\/2"}],"replies":[{"embeddable":true,"href":"https:\/\/lampyrisevents.com\/pl\/wp-json\/wp\/v2\/comments?post=5912"}],"version-history":[{"count":1,"href":"https:\/\/lampyrisevents.com\/pl\/wp-json\/wp\/v2\/pages\/5912\/revisions"}],"predecessor-version":[{"id":5913,"href":"https:\/\/lampyrisevents.com\/pl\/wp-json\/wp\/v2\/pages\/5912\/revisions\/5913"}],"wp:attachment":[{"href":"https:\/\/lampyrisevents.com\/pl\/wp-json\/wp\/v2\/media?parent=5912"}],"curies":[{"name":"wp","href":"https:\/\/api.w.org\/{rel}","templated":true}]}}