{"id":5926,"date":"2024-06-21T19:56:26","date_gmt":"2024-06-21T17:56:26","guid":{"rendered":"https:\/\/lampyrisevents.com\/pliki-do-pobrania\/"},"modified":"2024-07-15T11:31:44","modified_gmt":"2024-07-15T09:31:44","slug":"pliki-do-pobrania","status":"publish","type":"page","link":"https:\/\/lampyrisevents.com\/pl\/pliki-do-pobrania\/","title":{"rendered":"Pliki do pobrania"},"content":{"rendered":"\t\t<div data-elementor-type=\"wp-page\" data-elementor-id=\"5926\" class=\"elementor elementor-5926 elementor-2768\" data-elementor-post-type=\"page\">\n\t\t\t\t<div class=\"elementor-element elementor-element-4de68930 e-flex e-con-boxed e-con e-parent\" data-id=\"4de68930\" data-element_type=\"container\" data-e-type=\"container\">\n\t\t\t\t\t<div class=\"e-con-inner\">\n\t\t<div class=\"elementor-element elementor-element-5a71030d e-con-full e-flex e-con e-child\" data-id=\"5a71030d\" data-element_type=\"container\" data-e-type=\"container\">\n\t\t\t\t<div class=\"elementor-element elementor-element-eddce3d elementor-widget elementor-widget-heading\" data-id=\"eddce3d\" data-element_type=\"widget\" data-e-type=\"widget\" data-widget_type=\"heading.default\">\n\t\t\t\t<div class=\"elementor-widget-container\">\n\t\t\t\t\t<h1 class=\"elementor-heading-title elementor-size-default\">OBSZAR POBIERANIA<\/h1>\t\t\t\t<\/div>\n\t\t\t\t<\/div>\n\t\t\t\t<div class=\"elementor-element elementor-element-2ae59489 elementor-widget elementor-widget-text-editor\" data-id=\"2ae59489\" data-element_type=\"widget\" data-e-type=\"widget\" data-widget_type=\"text-editor.default\">\n\t\t\t\t<div class=\"elementor-widget-container\">\n\t\t\t\t\t\t\t\t\t<p>Nasza platforma jest zarz\u0105dzana przez aplikacje desktopowe. Oznacza to, \u017ce zamiast uzyskiwa\u0107 dost\u0119p za po\u015brednictwem przegl\u0105darki internetowej, pobierasz i instalujesz program bezpo\u015brednio na swoim komputerze. Te aplikacje desktopowe zapewniaj\u0105 dedykowany interfejs do zarz\u0105dzania wydarzeniami, sprzeda\u017c\u0105 bilet\u00f3w i innymi dzia\u0142aniami na platformie. Oferuj\u0105 one takie funkcje jak dost\u0119p offline, szybsze dzia\u0142anie i wi\u0119ksze bezpiecze\u0144stwo w por\u00f3wnaniu do platform internetowych. Takie podej\u015bcie pozwala na bardziej p\u0142ynne i wydajne do\u015bwiadczenie u\u017cytkownika, z bezpo\u015brednim dost\u0119pem do funkcjonalno\u015bci platformy. Aby skutecznie zarz\u0105dza\u0107 platform\u0105 biletow\u0105 ArenaSoldOut-TixGear, musisz mie\u0107 zainstalowan\u0105 Jav\u0119.<\/p>\n\t\t\t\t\t\t\t\t<\/div>\n\t\t\t\t<\/div>\n\t\t<div class=\"elementor-element elementor-element-d9d6ec0 e-con-full e-flex e-con e-child\" data-id=\"d9d6ec0\" data-element_type=\"container\" data-e-type=\"container\">\n\t\t<div class=\"elementor-element elementor-element-e6f44e8 e-con-full e-flex e-con e-child\" data-id=\"e6f44e8\" data-element_type=\"container\" data-e-type=\"container\">\n\t\t\t\t<div class=\"elementor-element elementor-element-4acff093 elementor-widget elementor-widget-heading\" data-id=\"4acff093\" data-element_type=\"widget\" data-e-type=\"widget\" data-widget_type=\"heading.default\">\n\t\t\t\t<div class=\"elementor-widget-container\">\n\t\t\t\t\t<h4 class=\"elementor-heading-title elementor-size-default\">\u015aRODOWISKO URUCHOMIENIOWE JAVA (JRE)<\/h4>\t\t\t\t<\/div>\n\t\t\t\t<\/div>\n\t\t\t\t<\/div>\n\t\t<div class=\"elementor-element elementor-element-4cf45ff e-con-full e-flex e-con e-child\" data-id=\"4cf45ff\" data-element_type=\"container\" data-e-type=\"container\">\n\t\t\t\t<div class=\"elementor-element elementor-element-2c5e7f84 elementor-widget elementor-widget-text-editor\" data-id=\"2c5e7f84\" data-element_type=\"widget\" data-e-type=\"widget\" data-widget_type=\"text-editor.default\">\n\t\t\t\t<div class=\"elementor-widget-container\">\n\t\t\t\t\t\t\t\t\t<p>Aplikacj\u0119 Java mo\u017cna pobra\u0107, korzystaj\u0105c z poni\u017cszych link\u00f3w:<\/p>\n\t\t\t\t\t\t\t\t<\/div>\n\t\t\t\t<\/div>\n\t\t\t\t<\/div>\n\t\t<div class=\"elementor-element elementor-element-4d5502f e-con-full e-flex e-con e-child\" data-id=\"4d5502f\" data-element_type=\"container\" data-e-type=\"container\">\n\t\t\t\t<div class=\"elementor-element elementor-element-69e4164 elementor-align-right elementor-mobile-align-center elementor-widget__width-initial elementor-widget elementor-widget-button\" data-id=\"69e4164\" data-element_type=\"widget\" data-e-type=\"widget\" data-widget_type=\"button.default\">\n\t\t\t\t<div class=\"elementor-widget-container\">\n\t\t\t\t\t\t\t\t\t<div class=\"elementor-button-wrapper\">\n\t\t\t\t\t<a class=\"elementor-button elementor-button-link elementor-size-sm\" href=\"https:\/\/tixgear.com\/DA\/jre-8u371-windows-x64.exe\" target=\"_blank\" rel=\"nofollow\">\n\t\t\t\t\t\t<span class=\"elementor-button-content-wrapper\">\n\t\t\t\t\t\t\t\t\t<span class=\"elementor-button-text\">Pobierz JRE dla Windows x64<\/span>\n\t\t\t\t\t<\/span>\n\t\t\t\t\t<\/a>\n\t\t\t\t<\/div>\n\t\t\t\t\t\t\t\t<\/div>\n\t\t\t\t<\/div>\n\t\t\t\t<div class=\"elementor-element elementor-element-7f30af6a elementor-align-right elementor-mobile-align-center elementor-widget__width-initial elementor-widget elementor-widget-button\" data-id=\"7f30af6a\" data-element_type=\"widget\" data-e-type=\"widget\" data-widget_type=\"button.default\">\n\t\t\t\t<div class=\"elementor-widget-container\">\n\t\t\t\t\t\t\t\t\t<div class=\"elementor-button-wrapper\">\n\t\t\t\t\t<a class=\"elementor-button elementor-button-link elementor-size-sm\" href=\"https:\/\/tixgear.com\/DA\/jre-8u371-macosx-x64.dmg\" target=\"_blank\" rel=\"nofollow\">\n\t\t\t\t\t\t<span class=\"elementor-button-content-wrapper\">\n\t\t\t\t\t\t\t\t\t<span class=\"elementor-button-text\">Pobierz JRE dla MacOS x64<\/span>\n\t\t\t\t\t<\/span>\n\t\t\t\t\t<\/a>\n\t\t\t\t<\/div>\n\t\t\t\t\t\t\t\t<\/div>\n\t\t\t\t<\/div>\n\t\t\t\t<\/div>\n\t\t\t\t<\/div>\n\t\t<div class=\"elementor-element elementor-element-5d27703 e-con-full e-flex e-con e-child\" data-id=\"5d27703\" data-element_type=\"container\" data-e-type=\"container\">\n\t\t<div class=\"elementor-element elementor-element-10c38ee e-con-full e-flex e-con e-child\" data-id=\"10c38ee\" data-element_type=\"container\" data-e-type=\"container\">\n\t\t\t\t<div class=\"elementor-element elementor-element-672ba92e elementor-widget elementor-widget-heading\" data-id=\"672ba92e\" data-element_type=\"widget\" data-e-type=\"widget\" data-widget_type=\"heading.default\">\n\t\t\t\t<div class=\"elementor-widget-container\">\n\t\t\t\t\t<h4 class=\"elementor-heading-title elementor-size-default\">EDYTOR<\/h4>\t\t\t\t<\/div>\n\t\t\t\t<\/div>\n\t\t\t\t<\/div>\n\t\t<div class=\"elementor-element elementor-element-d9b74b2 e-con-full e-flex e-con e-child\" data-id=\"d9b74b2\" data-element_type=\"container\" data-e-type=\"container\">\n\t\t\t\t<div class=\"elementor-element elementor-element-24873eec elementor-widget__width-initial elementor-widget elementor-widget-text-editor\" data-id=\"24873eec\" data-element_type=\"widget\" data-e-type=\"widget\" data-widget_type=\"text-editor.default\">\n\t\t\t\t<div class=\"elementor-widget-container\">\n\t\t\t\t\t\t\t\t\t<p>Edytor jest przeznaczony do tworzenia wydarze\u0144 i dodawania wszystkich informacji niezb\u0119dnych do sprzeda\u017cy bilet\u00f3w do centralnej bazy danych platformy TixGear.<\/p>\n\t\t\t\t\t\t\t\t<\/div>\n\t\t\t\t<\/div>\n\t\t\t\t<\/div>\n\t\t<div class=\"elementor-element elementor-element-22f585d e-con-full e-flex e-con e-child\" data-id=\"22f585d\" data-element_type=\"container\" data-e-type=\"container\">\n\t\t\t\t<div class=\"elementor-element elementor-element-6dae4907 elementor-align-right elementor-mobile-align-center elementor-widget__width-initial elementor-widget elementor-widget-button\" data-id=\"6dae4907\" data-element_type=\"widget\" data-e-type=\"widget\" data-widget_type=\"button.default\">\n\t\t\t\t<div class=\"elementor-widget-container\">\n\t\t\t\t\t\t\t\t\t<div class=\"elementor-button-wrapper\">\n\t\t\t\t\t<a class=\"elementor-button elementor-button-link elementor-size-sm\" href=\"https:\/\/tixgear.com\/DA\/TixEditor.jar?build=7111\" target=\"_blank\" rel=\"nofollow\">\n\t\t\t\t\t\t<span class=\"elementor-button-content-wrapper\">\n\t\t\t\t\t\t\t\t\t<span class=\"elementor-button-text\">Pobierz Edytor<\/span>\n\t\t\t\t\t<\/span>\n\t\t\t\t\t<\/a>\n\t\t\t\t<\/div>\n\t\t\t\t\t\t\t\t<\/div>\n\t\t\t\t<\/div>\n\t\t\t\t<\/div>\n\t\t\t\t<\/div>\n\t\t<div class=\"elementor-element elementor-element-920b323 e-con-full e-flex e-con e-child\" data-id=\"920b323\" data-element_type=\"container\" data-e-type=\"container\">\n\t\t<div class=\"elementor-element elementor-element-8f7b838 e-con-full e-flex e-con e-child\" data-id=\"8f7b838\" data-element_type=\"container\" data-e-type=\"container\">\n\t\t\t\t<div class=\"elementor-element elementor-element-2b60e8e8 elementor-widget elementor-widget-heading\" data-id=\"2b60e8e8\" data-element_type=\"widget\" data-e-type=\"widget\" data-widget_type=\"heading.default\">\n\t\t\t\t<div class=\"elementor-widget-container\">\n\t\t\t\t\t<h4 class=\"elementor-heading-title elementor-size-default\">REPORTER<\/h4>\t\t\t\t<\/div>\n\t\t\t\t<\/div>\n\t\t\t\t<\/div>\n\t\t<div class=\"elementor-element elementor-element-15f9da1 e-con-full e-flex e-con e-child\" data-id=\"15f9da1\" data-element_type=\"container\" data-e-type=\"container\">\n\t\t\t\t<div class=\"elementor-element elementor-element-4bc59b05 elementor-widget__width-initial elementor-widget elementor-widget-text-editor\" data-id=\"4bc59b05\" data-element_type=\"widget\" data-e-type=\"widget\" data-widget_type=\"text-editor.default\">\n\t\t\t\t<div class=\"elementor-widget-container\">\n\t\t\t\t\t\t\t\t\t<p>Reporter jest przeznaczony do odbierania i analizowania danych dotycz\u0105cych sprzeda\u017cy bilet\u00f3w, odbierania raport\u00f3w o r\u00f3\u017cnych formach, zwrotu bilet\u00f3w. Aplikacja wy\u015bwietla dane w czasie rzeczywistym.<\/p>\n\t\t\t\t\t\t\t\t<\/div>\n\t\t\t\t<\/div>\n\t\t\t\t<\/div>\n\t\t<div class=\"elementor-element elementor-element-be49c24 e-con-full e-flex e-con e-child\" data-id=\"be49c24\" data-element_type=\"container\" data-e-type=\"container\">\n\t\t\t\t<div class=\"elementor-element elementor-element-13c320e4 elementor-align-right elementor-mobile-align-center elementor-widget elementor-widget-button\" data-id=\"13c320e4\" data-element_type=\"widget\" data-e-type=\"widget\" data-widget_type=\"button.default\">\n\t\t\t\t<div class=\"elementor-widget-container\">\n\t\t\t\t\t\t\t\t\t<div class=\"elementor-button-wrapper\">\n\t\t\t\t\t<a class=\"elementor-button elementor-button-link elementor-size-sm\" href=\"https:\/\/tixgear.com\/DA\/TixReporter.jar?build=7111\" target=\"_blank\" rel=\"nofollow\">\n\t\t\t\t\t\t<span class=\"elementor-button-content-wrapper\">\n\t\t\t\t\t\t\t\t\t<span class=\"elementor-button-text\">Download Reporter<\/span>\n\t\t\t\t\t<\/span>\n\t\t\t\t\t<\/a>\n\t\t\t\t<\/div>\n\t\t\t\t\t\t\t\t<\/div>\n\t\t\t\t<\/div>\n\t\t\t\t<\/div>\n\t\t\t\t<\/div>\n\t\t<div class=\"elementor-element elementor-element-428de05 e-con-full e-flex e-con e-child\" data-id=\"428de05\" data-element_type=\"container\" data-e-type=\"container\">\n\t\t<div class=\"elementor-element elementor-element-e8a8919 e-con-full e-flex e-con e-child\" data-id=\"e8a8919\" data-element_type=\"container\" data-e-type=\"container\">\n\t\t\t\t<div class=\"elementor-element elementor-element-24a3d363 elementor-widget elementor-widget-heading\" data-id=\"24a3d363\" data-element_type=\"widget\" data-e-type=\"widget\" data-widget_type=\"heading.default\">\n\t\t\t\t<div class=\"elementor-widget-container\">\n\t\t\t\t\t<h4 class=\"elementor-heading-title elementor-size-default\">MANAGER<\/h4>\t\t\t\t<\/div>\n\t\t\t\t<\/div>\n\t\t\t\t<\/div>\n\t\t<div class=\"elementor-element elementor-element-e0fb089 e-con-full e-flex e-con e-child\" data-id=\"e0fb089\" data-element_type=\"container\" data-e-type=\"container\">\n\t\t\t\t<div class=\"elementor-element elementor-element-65a4f473 elementor-widget elementor-widget-text-editor\" data-id=\"65a4f473\" data-element_type=\"widget\" data-e-type=\"widget\" data-widget_type=\"text-editor.default\">\n\t\t\t\t<div class=\"elementor-widget-container\">\n\t\t\t\t\t\t\t\t\t<p>Manager jest przeznaczony do zarz\u0105dzania danymi uwierzytelniaj\u0105cymi firm i ich pracownik\u00f3w (u\u017cytkownik\u00f3w), do tworzenia interfejs\u00f3w i zarz\u0105dzania nimi, do kontrolowania subskrypcji wydarze\u0144, konfigurowania wid\u017cet\u00f3w internetowych, zarz\u0105dzania powiadomieniami push i innymi zadaniami, do konfigurowania i zarz\u0105dzania zasobami platformy.<\/p>\n\t\t\t\t\t\t\t\t<\/div>\n\t\t\t\t<\/div>\n\t\t\t\t<\/div>\n\t\t<div class=\"elementor-element elementor-element-60ad1ed e-con-full e-flex e-con e-child\" data-id=\"60ad1ed\" data-element_type=\"container\" data-e-type=\"container\">\n\t\t\t\t<div class=\"elementor-element elementor-element-196d1a11 elementor-align-right elementor-mobile-align-center elementor-widget elementor-widget-button\" data-id=\"196d1a11\" data-element_type=\"widget\" data-e-type=\"widget\" data-widget_type=\"button.default\">\n\t\t\t\t<div class=\"elementor-widget-container\">\n\t\t\t\t\t\t\t\t\t<div class=\"elementor-button-wrapper\">\n\t\t\t\t\t<a class=\"elementor-button elementor-button-link elementor-size-sm\" href=\"https:\/\/tixgear.com\/DA\/TixManager.jar?build=7111\" target=\"_blank\" rel=\"nofollow\">\n\t\t\t\t\t\t<span class=\"elementor-button-content-wrapper\">\n\t\t\t\t\t\t\t\t\t<span class=\"elementor-button-text\">Mened\u017cer pobierania<\/span>\n\t\t\t\t\t<\/span>\n\t\t\t\t\t<\/a>\n\t\t\t\t<\/div>\n\t\t\t\t\t\t\t\t<\/div>\n\t\t\t\t<\/div>\n\t\t\t\t<\/div>\n\t\t\t\t<\/div>\n\t\t<div class=\"elementor-element elementor-element-cf36384 e-con-full e-flex e-con e-child\" data-id=\"cf36384\" data-element_type=\"container\" data-e-type=\"container\">\n\t\t<div class=\"elementor-element elementor-element-6002aeb e-con-full e-flex e-con e-child\" data-id=\"6002aeb\" data-element_type=\"container\" data-e-type=\"container\">\n\t\t\t\t<div class=\"elementor-element elementor-element-2e94a40d elementor-widget elementor-widget-heading\" data-id=\"2e94a40d\" data-element_type=\"widget\" data-e-type=\"widget\" data-widget_type=\"heading.default\">\n\t\t\t\t<div class=\"elementor-widget-container\">\n\t\t\t\t\t<h4 class=\"elementor-heading-title elementor-size-default\">Mobilny system kontroli dost\u0119pu<\/h4>\t\t\t\t<\/div>\n\t\t\t\t<\/div>\n\t\t\t\t<\/div>\n\t\t<div class=\"elementor-element elementor-element-6bacdd8 e-con-full e-flex e-con e-child\" data-id=\"6bacdd8\" data-element_type=\"container\" data-e-type=\"container\">\n\t\t\t\t<div class=\"elementor-element elementor-element-3c370ded elementor-widget elementor-widget-text-editor\" data-id=\"3c370ded\" data-element_type=\"widget\" data-e-type=\"widget\" data-widget_type=\"text-editor.default\">\n\t\t\t\t<div class=\"elementor-widget-container\">\n\t\t\t\t\t\t\t\t\t<p>&#8222;Mobilny system kontroli dost\u0119pu&#8221; (MACS, zainstaluj z Google Play) jest przeznaczony do walidacji bilet\u00f3w za po\u015brednictwem platformy biletowej ArenaSoldOut. MACS sk\u0142ada si\u0119 z aplikacji mobilnej u\u017cywanej przez kontroler\u00f3w wej\u015b\u0107. MACS dzia\u0142a zar\u00f3wno w przypadku kontroli bilet\u00f3w wst\u0119pu, jak i wyj\u015bcia, wymagaj\u0105c urz\u0105dzenia z systemem Android (wersja 4.0 lub nowsza) z kamer\u0105 z autofokusem i dost\u0119pem do Internetu w celu komunikacji z centralnym serwerem ArenaSoldOut. MACS odczytuje zabezpieczone kryptograficznie kody QR Mobilnych Bilet\u00f3w Elektronicznych (MET) bezpo\u015brednio z ekranu urz\u0105dzenia odwiedzaj\u0105cego.<\/p>\n\t\t\t\t\t\t\t\t<\/div>\n\t\t\t\t<\/div>\n\t\t\t\t<\/div>\n\t\t<div class=\"elementor-element elementor-element-da5ff1a e-con-full e-flex e-con e-child\" data-id=\"da5ff1a\" data-element_type=\"container\" data-e-type=\"container\">\n\t\t\t\t<div class=\"elementor-element elementor-element-952f3ae elementor-align-right elementor-mobile-align-center elementor-widget elementor-widget-button\" data-id=\"952f3ae\" data-element_type=\"widget\" data-e-type=\"widget\" data-widget_type=\"button.default\">\n\t\t\t\t<div class=\"elementor-widget-container\">\n\t\t\t\t\t\t\t\t\t<div class=\"elementor-button-wrapper\">\n\t\t\t\t\t<a class=\"elementor-button elementor-button-link elementor-size-sm\" href=\"https:\/\/play.google.com\/store\/apps\/details?id=com.arena.mskd=web_share\" target=\"_blank\" rel=\"nofollow\">\n\t\t\t\t\t\t<span class=\"elementor-button-content-wrapper\">\n\t\t\t\t\t\t\t\t\t<span class=\"elementor-button-text\">Pobierz MACS<\/span>\n\t\t\t\t\t<\/span>\n\t\t\t\t\t<\/a>\n\t\t\t\t<\/div>\n\t\t\t\t\t\t\t\t<\/div>\n\t\t\t\t<\/div>\n\t\t\t\t<\/div>\n\t\t\t\t<\/div>\n\t\t<div class=\"elementor-element elementor-element-133c507 e-con-full e-flex e-con e-child\" data-id=\"133c507\" data-element_type=\"container\" data-e-type=\"container\">\n\t\t\t\t<div class=\"elementor-element elementor-element-6d9f4221 elementor-align-right elementor-mobile-align-center elementor-widget elementor-widget-button\" data-id=\"6d9f4221\" data-element_type=\"widget\" data-e-type=\"widget\" data-widget_type=\"button.default\">\n\t\t\t\t<div class=\"elementor-widget-container\">\n\t\t\t\t\t\t\t\t\t<div class=\"elementor-button-wrapper\">\n\t\t\t\t\t<a class=\"elementor-button elementor-button-link elementor-size-sm\" href=\"https:\/\/lampyrisevents.com\/pl\/utworz-zdarzenie\/\">\n\t\t\t\t\t\t<span class=\"elementor-button-content-wrapper\">\n\t\t\t\t\t\t\t\t\t<span class=\"elementor-button-text\">Powr\u00f3t do tworzenia wydarzenia<\/span>\n\t\t\t\t\t<\/span>\n\t\t\t\t\t<\/a>\n\t\t\t\t<\/div>\n\t\t\t\t\t\t\t\t<\/div>\n\t\t\t\t<\/div>\n\t\t\t\t<\/div>\n\t\t\t\t<\/div>\n\t\t\t\t\t<\/div>\n\t\t\t\t<\/div>\n\t\t<div class=\"elementor-element elementor-element-6a5aeb5e e-con-full e-flex e-con e-parent\" data-id=\"6a5aeb5e\" data-element_type=\"container\" data-e-type=\"container\">\n\t\t\t\t<\/div>\n\t\t\t\t<\/div>\n\t\t","protected":false},"excerpt":{"rendered":"<p>OBSZAR POBIERANIA Nasza platforma jest zarz\u0105dzana przez aplikacje desktopowe. Oznacza to, \u017ce zamiast uzyskiwa\u0107 dost\u0119p za po\u015brednictwem przegl\u0105darki internetowej, pobierasz i instalujesz program bezpo\u015brednio na swoim komputerze. Te aplikacje desktopowe zapewniaj\u0105 dedykowany interfejs do zarz\u0105dzania wydarzeniami, sprzeda\u017c\u0105 bilet\u00f3w i innymi dzia\u0142aniami na platformie. Oferuj\u0105 one takie funkcje jak dost\u0119p offline, szybsze dzia\u0142anie i wi\u0119ksze bezpiecze\u0144stwo [&hellip;]<\/p>\n","protected":false},"author":2,"featured_media":0,"parent":0,"menu_order":0,"comment_status":"closed","ping_status":"closed","template":"","meta":{"_acf_changed":false,"footnotes":""},"class_list":["post-5926","page","type-page","status-publish","hentry"],"acf":[],"yoast_head":"<!-- This site is optimized with the Yoast SEO plugin v27.2 - https:\/\/yoast.com\/product\/yoast-seo-wordpress\/ -->\n<title>Pliki do pobrania - Lampyris-Events<\/title>\n<meta name=\"robots\" content=\"noindex, follow, max-snippet:-1, max-image-preview:large, max-video-preview:-1\" \/>\n<meta property=\"og:locale\" content=\"pl_PL\" \/>\n<meta property=\"og:type\" content=\"article\" \/>\n<meta property=\"og:title\" content=\"Pliki do pobrania - Lampyris-Events\" \/>\n<meta property=\"og:description\" content=\"OBSZAR POBIERANIA Nasza platforma jest zarz\u0105dzana przez aplikacje desktopowe. Oznacza to, \u017ce zamiast uzyskiwa\u0107 dost\u0119p za po\u015brednictwem przegl\u0105darki internetowej, pobierasz i instalujesz program bezpo\u015brednio na swoim komputerze. Te aplikacje desktopowe zapewniaj\u0105 dedykowany interfejs do zarz\u0105dzania wydarzeniami, sprzeda\u017c\u0105 bilet\u00f3w i innymi dzia\u0142aniami na platformie. Oferuj\u0105 one takie funkcje jak dost\u0119p offline, szybsze dzia\u0142anie i wi\u0119ksze bezpiecze\u0144stwo [&hellip;]\" \/>\n<meta property=\"og:url\" content=\"https:\/\/lampyrisevents.com\/pl\/pliki-do-pobrania\/\" \/>\n<meta property=\"og:site_name\" content=\"Lampyris-Events\" \/>\n<meta property=\"article:modified_time\" content=\"2024-07-15T09:31:44+00:00\" \/>\n<meta name=\"twitter:card\" content=\"summary_large_image\" \/>\n<meta name=\"twitter:label1\" content=\"Szacowany czas czytania\" \/>\n\t<meta name=\"twitter:data1\" content=\"2 minuty\" \/>\n<script type=\"application\/ld+json\" class=\"yoast-schema-graph\">{\"@context\":\"https:\/\/schema.org\",\"@graph\":[{\"@type\":\"WebPage\",\"@id\":\"https:\/\/lampyrisevents.com\/pl\/pliki-do-pobrania\/\",\"url\":\"https:\/\/lampyrisevents.com\/pl\/pliki-do-pobrania\/\",\"name\":\"Pliki do pobrania - Lampyris-Events\",\"isPartOf\":{\"@id\":\"https:\/\/lampyrisevents.com\/pl\/#website\"},\"datePublished\":\"2024-06-21T17:56:26+00:00\",\"dateModified\":\"2024-07-15T09:31:44+00:00\",\"breadcrumb\":{\"@id\":\"https:\/\/lampyrisevents.com\/pl\/pliki-do-pobrania\/#breadcrumb\"},\"inLanguage\":\"pl-PL\",\"potentialAction\":[{\"@type\":\"ReadAction\",\"target\":[\"https:\/\/lampyrisevents.com\/pl\/pliki-do-pobrania\/\"]}]},{\"@type\":\"BreadcrumbList\",\"@id\":\"https:\/\/lampyrisevents.com\/pl\/pliki-do-pobrania\/#breadcrumb\",\"itemListElement\":[{\"@type\":\"ListItem\",\"position\":1,\"name\":\"Home\",\"item\":\"https:\/\/lampyrisevents.com\/pl\/\"},{\"@type\":\"ListItem\",\"position\":2,\"name\":\"Pliki do pobrania\"}]},{\"@type\":\"WebSite\",\"@id\":\"https:\/\/lampyrisevents.com\/pl\/#website\",\"url\":\"https:\/\/lampyrisevents.com\/pl\/\",\"name\":\"Lampyris-Events\",\"description\":\"Slogan Lampyris-Events\",\"publisher\":{\"@id\":\"https:\/\/lampyrisevents.com\/pl\/#organization\"},\"potentialAction\":[{\"@type\":\"SearchAction\",\"target\":{\"@type\":\"EntryPoint\",\"urlTemplate\":\"https:\/\/lampyrisevents.com\/pl\/?s={search_term_string}\"},\"query-input\":{\"@type\":\"PropertyValueSpecification\",\"valueRequired\":true,\"valueName\":\"search_term_string\"}}],\"inLanguage\":\"pl-PL\"},{\"@type\":\"Organization\",\"@id\":\"https:\/\/lampyrisevents.com\/pl\/#organization\",\"name\":\"Lampyris-Events\",\"url\":\"https:\/\/lampyrisevents.com\/pl\/\",\"logo\":{\"@type\":\"ImageObject\",\"inLanguage\":\"pl-PL\",\"@id\":\"https:\/\/lampyrisevents.com\/pl\/#\/schema\/logo\/image\/\",\"url\":\"https:\/\/lampyrisevents.com\/wp-content\/uploads\/2024\/06\/logo215.png\",\"contentUrl\":\"https:\/\/lampyrisevents.com\/wp-content\/uploads\/2024\/06\/logo215.png\",\"width\":256,\"height\":80,\"caption\":\"Lampyris-Events\"},\"image\":{\"@id\":\"https:\/\/lampyrisevents.com\/pl\/#\/schema\/logo\/image\/\"}}]}<\/script>\n<!-- \/ Yoast SEO plugin. -->","yoast_head_json":{"title":"Pliki do pobrania - Lampyris-Events","robots":{"index":"noindex","follow":"follow","max-snippet":"max-snippet:-1","max-image-preview":"max-image-preview:large","max-video-preview":"max-video-preview:-1"},"og_locale":"pl_PL","og_type":"article","og_title":"Pliki do pobrania - Lampyris-Events","og_description":"OBSZAR POBIERANIA Nasza platforma jest zarz\u0105dzana przez aplikacje desktopowe. Oznacza to, \u017ce zamiast uzyskiwa\u0107 dost\u0119p za po\u015brednictwem przegl\u0105darki internetowej, pobierasz i instalujesz program bezpo\u015brednio na swoim komputerze. Te aplikacje desktopowe zapewniaj\u0105 dedykowany interfejs do zarz\u0105dzania wydarzeniami, sprzeda\u017c\u0105 bilet\u00f3w i innymi dzia\u0142aniami na platformie. Oferuj\u0105 one takie funkcje jak dost\u0119p offline, szybsze dzia\u0142anie i wi\u0119ksze bezpiecze\u0144stwo [&hellip;]","og_url":"https:\/\/lampyrisevents.com\/pl\/pliki-do-pobrania\/","og_site_name":"Lampyris-Events","article_modified_time":"2024-07-15T09:31:44+00:00","twitter_card":"summary_large_image","twitter_misc":{"Szacowany czas czytania":"2 minuty"},"schema":{"@context":"https:\/\/schema.org","@graph":[{"@type":"WebPage","@id":"https:\/\/lampyrisevents.com\/pl\/pliki-do-pobrania\/","url":"https:\/\/lampyrisevents.com\/pl\/pliki-do-pobrania\/","name":"Pliki do pobrania - Lampyris-Events","isPartOf":{"@id":"https:\/\/lampyrisevents.com\/pl\/#website"},"datePublished":"2024-06-21T17:56:26+00:00","dateModified":"2024-07-15T09:31:44+00:00","breadcrumb":{"@id":"https:\/\/lampyrisevents.com\/pl\/pliki-do-pobrania\/#breadcrumb"},"inLanguage":"pl-PL","potentialAction":[{"@type":"ReadAction","target":["https:\/\/lampyrisevents.com\/pl\/pliki-do-pobrania\/"]}]},{"@type":"BreadcrumbList","@id":"https:\/\/lampyrisevents.com\/pl\/pliki-do-pobrania\/#breadcrumb","itemListElement":[{"@type":"ListItem","position":1,"name":"Home","item":"https:\/\/lampyrisevents.com\/pl\/"},{"@type":"ListItem","position":2,"name":"Pliki do pobrania"}]},{"@type":"WebSite","@id":"https:\/\/lampyrisevents.com\/pl\/#website","url":"https:\/\/lampyrisevents.com\/pl\/","name":"Lampyris-Events","description":"Slogan Lampyris-Events","publisher":{"@id":"https:\/\/lampyrisevents.com\/pl\/#organization"},"potentialAction":[{"@type":"SearchAction","target":{"@type":"EntryPoint","urlTemplate":"https:\/\/lampyrisevents.com\/pl\/?s={search_term_string}"},"query-input":{"@type":"PropertyValueSpecification","valueRequired":true,"valueName":"search_term_string"}}],"inLanguage":"pl-PL"},{"@type":"Organization","@id":"https:\/\/lampyrisevents.com\/pl\/#organization","name":"Lampyris-Events","url":"https:\/\/lampyrisevents.com\/pl\/","logo":{"@type":"ImageObject","inLanguage":"pl-PL","@id":"https:\/\/lampyrisevents.com\/pl\/#\/schema\/logo\/image\/","url":"https:\/\/lampyrisevents.com\/wp-content\/uploads\/2024\/06\/logo215.png","contentUrl":"https:\/\/lampyrisevents.com\/wp-content\/uploads\/2024\/06\/logo215.png","width":256,"height":80,"caption":"Lampyris-Events"},"image":{"@id":"https:\/\/lampyrisevents.com\/pl\/#\/schema\/logo\/image\/"}}]}},"_links":{"self":[{"href":"https:\/\/lampyrisevents.com\/pl\/wp-json\/wp\/v2\/pages\/5926","targetHints":{"allow":["GET"]}}],"collection":[{"href":"https:\/\/lampyrisevents.com\/pl\/wp-json\/wp\/v2\/pages"}],"about":[{"href":"https:\/\/lampyrisevents.com\/pl\/wp-json\/wp\/v2\/types\/page"}],"author":[{"embeddable":true,"href":"https:\/\/lampyrisevents.com\/pl\/wp-json\/wp\/v2\/users\/2"}],"replies":[{"embeddable":true,"href":"https:\/\/lampyrisevents.com\/pl\/wp-json\/wp\/v2\/comments?post=5926"}],"version-history":[{"count":1,"href":"https:\/\/lampyrisevents.com\/pl\/wp-json\/wp\/v2\/pages\/5926\/revisions"}],"predecessor-version":[{"id":5927,"href":"https:\/\/lampyrisevents.com\/pl\/wp-json\/wp\/v2\/pages\/5926\/revisions\/5927"}],"wp:attachment":[{"href":"https:\/\/lampyrisevents.com\/pl\/wp-json\/wp\/v2\/media?parent=5926"}],"curies":[{"name":"wp","href":"https:\/\/api.w.org\/{rel}","templated":true}]}}