{"id":5954,"date":"2024-05-30T18:33:13","date_gmt":"2024-05-30T16:33:13","guid":{"rendered":"https:\/\/lampyrisevents.com\/partnerstwa\/"},"modified":"2024-07-15T11:43:04","modified_gmt":"2024-07-15T09:43:04","slug":"partnerstwa","status":"publish","type":"page","link":"https:\/\/lampyrisevents.com\/pl\/partnerstwa\/","title":{"rendered":"Partnerstwa"},"content":{"rendered":"\t\t<div data-elementor-type=\"wp-page\" data-elementor-id=\"5954\" class=\"elementor elementor-5954 elementor-184\" data-elementor-post-type=\"page\">\n\t\t\t\t<div class=\"elementor-element elementor-element-e36716b e-flex e-con-boxed e-con e-parent\" data-id=\"e36716b\" data-element_type=\"container\" data-e-type=\"container\">\n\t\t\t\t\t<div class=\"e-con-inner\">\n\t\t\t\t<div class=\"elementor-element elementor-element-05e3d5a elementor-widget elementor-widget-heading\" data-id=\"05e3d5a\" data-element_type=\"widget\" data-e-type=\"widget\" data-widget_type=\"heading.default\">\n\t\t\t\t<div class=\"elementor-widget-container\">\n\t\t\t\t\t<h2 class=\"elementor-heading-title elementor-size-default\">Po\u0142\u0105cz si\u0142y z Lampyris-Events<\/h2>\t\t\t\t<\/div>\n\t\t\t\t<\/div>\n\t\t\t\t<div class=\"elementor-element elementor-element-000a2c2 elementor-widget elementor-widget-text-editor\" data-id=\"000a2c2\" data-element_type=\"widget\" data-e-type=\"widget\" data-widget_type=\"text-editor.default\">\n\t\t\t\t<div class=\"elementor-widget-container\">\n\t\t\t\t\t\t\t\t\t<p>W Lampyris-Events wierzymy w si\u0142\u0119 wsp\u00f3\u0142pracy w tworzeniu niezapomnianych wra\u017ce\u0144. Wsp\u00f3\u0142pracuj\u0105c z nami, zyskujesz dost\u0119p do zestawu innowacyjnych narz\u0119dzi i zasob\u00f3w zaprojektowanych w celu usprawnienia procesu zarz\u0105dzania wydarzeniami. Niezale\u017cnie od tego, czy jeste\u015b organizatorem wydarze\u0144, w\u0142a\u015bcicielem obiektu czy dostawc\u0105 us\u0142ug, nasza platforma oferuje p\u0142ynne rozwi\u0105zanie, kt\u00f3re usprawni Twoje dzia\u0142ania i dotrze do szerszej publiczno\u015bci.<\/p>\n\t\t\t\t\t\t\t\t<\/div>\n\t\t\t\t<\/div>\n\t\t\t\t<div class=\"elementor-element elementor-element-a2698d5 elementor-widget elementor-widget-heading\" data-id=\"a2698d5\" data-element_type=\"widget\" data-e-type=\"widget\" data-widget_type=\"heading.default\">\n\t\t\t\t<div class=\"elementor-widget-container\">\n\t\t\t\t\t<h2 class=\"elementor-heading-title elementor-size-default\">Dlaczego warto z nami wsp\u00f3\u0142pracowa\u0107?<\/h2>\t\t\t\t<\/div>\n\t\t\t\t<\/div>\n\t\t\t\t<div class=\"elementor-element elementor-element-3797397 elementor-widget elementor-widget-text-editor\" data-id=\"3797397\" data-element_type=\"widget\" data-e-type=\"widget\" data-widget_type=\"text-editor.default\">\n\t\t\t\t<div class=\"elementor-widget-container\">\n\t\t\t\t\t\t\t\t\t<p><strong>Innowacyjna technologia:<\/strong> Nasza najnowocze\u015bniejsza platforma zapewnia p\u0142ynne i wydajne zarz\u0105dzanie wydarzeniami, od sprzeda\u017cy bilet\u00f3w po zaanga\u017cowanie uczestnik\u00f3w.<\/p>\n<p><strong>Kompleksowe wsparcie:<\/strong> Zapewniamy dedykowane wsparcie i zasoby, aby pom\u00f3c Ci na ka\u017cdym kroku, zapewniaj\u0105c udane i bezproblemowe wydarzenia.<\/p>\n<p><strong>Szeroki zasi\u0119g:<\/strong> Skorzystaj z naszej rozleg\u0142ej sieci uczestnik\u00f3w wydarze\u0144 i zwi\u0119ksz swoj\u0105 widoczno\u015b\u0107 oraz sprzeda\u017c bilet\u00f3w.<\/p>\n<p><strong>Indywidualne rozwi\u0105zania:<\/strong> Dostosuj nasze us\u0142ugi do swoich konkretnych potrzeb, niezale\u017cnie od tego, czy organizujesz ma\u0142e spotkanie, czy wydarzenie na du\u017c\u0105 skal\u0119.<\/p>\n\t\t\t\t\t\t\t\t<\/div>\n\t\t\t\t<\/div>\n\t\t\t\t<div class=\"elementor-element elementor-element-b9239ac elementor-widget elementor-widget-heading\" data-id=\"b9239ac\" data-element_type=\"widget\" data-e-type=\"widget\" data-widget_type=\"heading.default\">\n\t\t\t\t<div class=\"elementor-widget-container\">\n\t\t\t\t\t<h2 class=\"elementor-heading-title elementor-size-default\">Korzy\u015bci dla partner\u00f3w<\/h2>\t\t\t\t<\/div>\n\t\t\t\t<\/div>\n\t\t\t\t<div class=\"elementor-element elementor-element-22d9e41 elementor-widget elementor-widget-text-editor\" data-id=\"22d9e41\" data-element_type=\"widget\" data-e-type=\"widget\" data-widget_type=\"text-editor.default\">\n\t\t\t\t<div class=\"elementor-widget-container\">\n\t\t\t\t\t\t\t\t\t<ul>\n<li><strong>Analityka w czasie rzeczywistym:<\/strong> Monitoruj wydajno\u015b\u0107 wydarzenia dzi\u0119ki naszym zaawansowanym narz\u0119dziom analitycznym i raportuj\u0105cym.<\/li>\n<li><strong>Pomoc marketingowa:<\/strong> Zwi\u0119ksz promocj\u0119 swojego wydarzenia dzi\u0119ki naszym ukierunkowanym strategiom i narz\u0119dziom marketingowym.<\/li>\n<li><strong>Bezpieczne transakcje:<\/strong> Zapewnij uczestnikom bezpieczne i niezawodne przetwarzanie p\u0142atno\u015bci.<\/li>\n<li><strong>Mo\u017cliwo\u015bci wsp\u00f3\u0142pracy:<\/strong> Nawi\u0105\u017c kontakt z innymi profesjonalistami z bran\u017cy i rozbuduj swoj\u0105 sie\u0107 kontakt\u00f3w biznesowych.<\/li>\n<\/ul>\n\t\t\t\t\t\t\t\t<\/div>\n\t\t\t\t<\/div>\n\t\t\t\t<div class=\"elementor-element elementor-element-e229cc4 elementor-widget elementor-widget-heading\" data-id=\"e229cc4\" data-element_type=\"widget\" data-e-type=\"widget\" data-widget_type=\"heading.default\">\n\t\t\t\t<div class=\"elementor-widget-container\">\n\t\t\t\t\t<h3 class=\"elementor-heading-title elementor-size-default\"><a href=\"#elementor-action%3Aaction%3Dpopup%3Aopen%26settings%3DeyJpZCI6MjIzMiwidG9nZ2xlIjpmYWxzZX0%3D\">Rozpocznij<\/a><\/h3>\t\t\t\t<\/div>\n\t\t\t\t<\/div>\n\t\t\t\t<div class=\"elementor-element elementor-element-ecb16d0 elementor-widget elementor-widget-text-editor\" data-id=\"ecb16d0\" data-element_type=\"widget\" data-e-type=\"widget\" data-widget_type=\"text-editor.default\">\n\t\t\t\t<div class=\"elementor-widget-container\">\n\t\t\t\t\t\t\t\t\t<p>Chcesz przenie\u015b\u0107 swoje wydarzenia na wy\u017cszy poziom? Skontaktuj si\u0119 z nami ju\u017c dzi\u015b, aby dowiedzie\u0107 si\u0119 wi\u0119cej o mo\u017cliwo\u015bciach wsp\u00f3\u0142pracy z Lampyris-Events. Razem mo\u017cemy tworzy\u0107 wyj\u0105tkowe do\u015bwiadczenia, kt\u00f3re pozostawiaj\u0105 trwa\u0142y wp\u0142yw.<\/p>\n<p>Aby uzyska\u0107 wi\u0119cej informacji, skontaktuj si\u0119 z naszym zespo\u0142em partnerskim pod adresem info@lampyrisevents.com. Zapraszamy do wsp\u00f3\u0142pracy!<\/p>\n\t\t\t\t\t\t\t\t<\/div>\n\t\t\t\t<\/div>\n\t\t\t\t\t<\/div>\n\t\t\t\t<\/div>\n\t\t\t\t<\/div>\n\t\t","protected":false},"excerpt":{"rendered":"<p>Po\u0142\u0105cz si\u0142y z Lampyris-Events W Lampyris-Events wierzymy w si\u0142\u0119 wsp\u00f3\u0142pracy w tworzeniu niezapomnianych wra\u017ce\u0144. Wsp\u00f3\u0142pracuj\u0105c z nami, zyskujesz dost\u0119p do zestawu innowacyjnych narz\u0119dzi i zasob\u00f3w zaprojektowanych w celu usprawnienia procesu zarz\u0105dzania wydarzeniami. Niezale\u017cnie od tego, czy jeste\u015b organizatorem wydarze\u0144, w\u0142a\u015bcicielem obiektu czy dostawc\u0105 us\u0142ug, nasza platforma oferuje p\u0142ynne rozwi\u0105zanie, kt\u00f3re usprawni Twoje dzia\u0142ania i dotrze [&hellip;]<\/p>\n","protected":false},"author":2,"featured_media":0,"parent":0,"menu_order":0,"comment_status":"closed","ping_status":"closed","template":"","meta":{"_acf_changed":false,"footnotes":""},"class_list":["post-5954","page","type-page","status-publish","hentry"],"acf":[],"yoast_head":"<!-- This site is optimized with the Yoast SEO plugin v27.2 - https:\/\/yoast.com\/product\/yoast-seo-wordpress\/ -->\n<title>Partnerstwa - Lampyris-Events<\/title>\n<meta name=\"robots\" content=\"noindex, follow, max-snippet:-1, max-image-preview:large, max-video-preview:-1\" \/>\n<meta property=\"og:locale\" content=\"pl_PL\" \/>\n<meta property=\"og:type\" content=\"article\" \/>\n<meta property=\"og:title\" content=\"Partnerstwa - Lampyris-Events\" \/>\n<meta property=\"og:description\" content=\"Po\u0142\u0105cz si\u0142y z Lampyris-Events W Lampyris-Events wierzymy w si\u0142\u0119 wsp\u00f3\u0142pracy w tworzeniu niezapomnianych wra\u017ce\u0144. Wsp\u00f3\u0142pracuj\u0105c z nami, zyskujesz dost\u0119p do zestawu innowacyjnych narz\u0119dzi i zasob\u00f3w zaprojektowanych w celu usprawnienia procesu zarz\u0105dzania wydarzeniami. Niezale\u017cnie od tego, czy jeste\u015b organizatorem wydarze\u0144, w\u0142a\u015bcicielem obiektu czy dostawc\u0105 us\u0142ug, nasza platforma oferuje p\u0142ynne rozwi\u0105zanie, kt\u00f3re usprawni Twoje dzia\u0142ania i dotrze [&hellip;]\" \/>\n<meta property=\"og:url\" content=\"https:\/\/lampyrisevents.com\/pl\/partnerstwa\/\" \/>\n<meta property=\"og:site_name\" content=\"Lampyris-Events\" \/>\n<meta property=\"article:modified_time\" content=\"2024-07-15T09:43:04+00:00\" \/>\n<meta name=\"twitter:card\" content=\"summary_large_image\" \/>\n<meta name=\"twitter:label1\" content=\"Szacowany czas czytania\" \/>\n\t<meta name=\"twitter:data1\" content=\"2 minuty\" \/>\n<script type=\"application\/ld+json\" class=\"yoast-schema-graph\">{\"@context\":\"https:\/\/schema.org\",\"@graph\":[{\"@type\":\"WebPage\",\"@id\":\"https:\/\/lampyrisevents.com\/pl\/partnerstwa\/\",\"url\":\"https:\/\/lampyrisevents.com\/pl\/partnerstwa\/\",\"name\":\"Partnerstwa - Lampyris-Events\",\"isPartOf\":{\"@id\":\"https:\/\/lampyrisevents.com\/pl\/#website\"},\"datePublished\":\"2024-05-30T16:33:13+00:00\",\"dateModified\":\"2024-07-15T09:43:04+00:00\",\"breadcrumb\":{\"@id\":\"https:\/\/lampyrisevents.com\/pl\/partnerstwa\/#breadcrumb\"},\"inLanguage\":\"pl-PL\",\"potentialAction\":[{\"@type\":\"ReadAction\",\"target\":[\"https:\/\/lampyrisevents.com\/pl\/partnerstwa\/\"]}]},{\"@type\":\"BreadcrumbList\",\"@id\":\"https:\/\/lampyrisevents.com\/pl\/partnerstwa\/#breadcrumb\",\"itemListElement\":[{\"@type\":\"ListItem\",\"position\":1,\"name\":\"Home\",\"item\":\"https:\/\/lampyrisevents.com\/pl\/\"},{\"@type\":\"ListItem\",\"position\":2,\"name\":\"Partnerstwa\"}]},{\"@type\":\"WebSite\",\"@id\":\"https:\/\/lampyrisevents.com\/pl\/#website\",\"url\":\"https:\/\/lampyrisevents.com\/pl\/\",\"name\":\"Lampyris-Events\",\"description\":\"Slogan Lampyris-Events\",\"publisher\":{\"@id\":\"https:\/\/lampyrisevents.com\/pl\/#organization\"},\"potentialAction\":[{\"@type\":\"SearchAction\",\"target\":{\"@type\":\"EntryPoint\",\"urlTemplate\":\"https:\/\/lampyrisevents.com\/pl\/?s={search_term_string}\"},\"query-input\":{\"@type\":\"PropertyValueSpecification\",\"valueRequired\":true,\"valueName\":\"search_term_string\"}}],\"inLanguage\":\"pl-PL\"},{\"@type\":\"Organization\",\"@id\":\"https:\/\/lampyrisevents.com\/pl\/#organization\",\"name\":\"Lampyris-Events\",\"url\":\"https:\/\/lampyrisevents.com\/pl\/\",\"logo\":{\"@type\":\"ImageObject\",\"inLanguage\":\"pl-PL\",\"@id\":\"https:\/\/lampyrisevents.com\/pl\/#\/schema\/logo\/image\/\",\"url\":\"https:\/\/lampyrisevents.com\/wp-content\/uploads\/2024\/06\/logo215.png\",\"contentUrl\":\"https:\/\/lampyrisevents.com\/wp-content\/uploads\/2024\/06\/logo215.png\",\"width\":256,\"height\":80,\"caption\":\"Lampyris-Events\"},\"image\":{\"@id\":\"https:\/\/lampyrisevents.com\/pl\/#\/schema\/logo\/image\/\"}}]}<\/script>\n<!-- \/ Yoast SEO plugin. -->","yoast_head_json":{"title":"Partnerstwa - Lampyris-Events","robots":{"index":"noindex","follow":"follow","max-snippet":"max-snippet:-1","max-image-preview":"max-image-preview:large","max-video-preview":"max-video-preview:-1"},"og_locale":"pl_PL","og_type":"article","og_title":"Partnerstwa - Lampyris-Events","og_description":"Po\u0142\u0105cz si\u0142y z Lampyris-Events W Lampyris-Events wierzymy w si\u0142\u0119 wsp\u00f3\u0142pracy w tworzeniu niezapomnianych wra\u017ce\u0144. Wsp\u00f3\u0142pracuj\u0105c z nami, zyskujesz dost\u0119p do zestawu innowacyjnych narz\u0119dzi i zasob\u00f3w zaprojektowanych w celu usprawnienia procesu zarz\u0105dzania wydarzeniami. Niezale\u017cnie od tego, czy jeste\u015b organizatorem wydarze\u0144, w\u0142a\u015bcicielem obiektu czy dostawc\u0105 us\u0142ug, nasza platforma oferuje p\u0142ynne rozwi\u0105zanie, kt\u00f3re usprawni Twoje dzia\u0142ania i dotrze [&hellip;]","og_url":"https:\/\/lampyrisevents.com\/pl\/partnerstwa\/","og_site_name":"Lampyris-Events","article_modified_time":"2024-07-15T09:43:04+00:00","twitter_card":"summary_large_image","twitter_misc":{"Szacowany czas czytania":"2 minuty"},"schema":{"@context":"https:\/\/schema.org","@graph":[{"@type":"WebPage","@id":"https:\/\/lampyrisevents.com\/pl\/partnerstwa\/","url":"https:\/\/lampyrisevents.com\/pl\/partnerstwa\/","name":"Partnerstwa - Lampyris-Events","isPartOf":{"@id":"https:\/\/lampyrisevents.com\/pl\/#website"},"datePublished":"2024-05-30T16:33:13+00:00","dateModified":"2024-07-15T09:43:04+00:00","breadcrumb":{"@id":"https:\/\/lampyrisevents.com\/pl\/partnerstwa\/#breadcrumb"},"inLanguage":"pl-PL","potentialAction":[{"@type":"ReadAction","target":["https:\/\/lampyrisevents.com\/pl\/partnerstwa\/"]}]},{"@type":"BreadcrumbList","@id":"https:\/\/lampyrisevents.com\/pl\/partnerstwa\/#breadcrumb","itemListElement":[{"@type":"ListItem","position":1,"name":"Home","item":"https:\/\/lampyrisevents.com\/pl\/"},{"@type":"ListItem","position":2,"name":"Partnerstwa"}]},{"@type":"WebSite","@id":"https:\/\/lampyrisevents.com\/pl\/#website","url":"https:\/\/lampyrisevents.com\/pl\/","name":"Lampyris-Events","description":"Slogan Lampyris-Events","publisher":{"@id":"https:\/\/lampyrisevents.com\/pl\/#organization"},"potentialAction":[{"@type":"SearchAction","target":{"@type":"EntryPoint","urlTemplate":"https:\/\/lampyrisevents.com\/pl\/?s={search_term_string}"},"query-input":{"@type":"PropertyValueSpecification","valueRequired":true,"valueName":"search_term_string"}}],"inLanguage":"pl-PL"},{"@type":"Organization","@id":"https:\/\/lampyrisevents.com\/pl\/#organization","name":"Lampyris-Events","url":"https:\/\/lampyrisevents.com\/pl\/","logo":{"@type":"ImageObject","inLanguage":"pl-PL","@id":"https:\/\/lampyrisevents.com\/pl\/#\/schema\/logo\/image\/","url":"https:\/\/lampyrisevents.com\/wp-content\/uploads\/2024\/06\/logo215.png","contentUrl":"https:\/\/lampyrisevents.com\/wp-content\/uploads\/2024\/06\/logo215.png","width":256,"height":80,"caption":"Lampyris-Events"},"image":{"@id":"https:\/\/lampyrisevents.com\/pl\/#\/schema\/logo\/image\/"}}]}},"_links":{"self":[{"href":"https:\/\/lampyrisevents.com\/pl\/wp-json\/wp\/v2\/pages\/5954","targetHints":{"allow":["GET"]}}],"collection":[{"href":"https:\/\/lampyrisevents.com\/pl\/wp-json\/wp\/v2\/pages"}],"about":[{"href":"https:\/\/lampyrisevents.com\/pl\/wp-json\/wp\/v2\/types\/page"}],"author":[{"embeddable":true,"href":"https:\/\/lampyrisevents.com\/pl\/wp-json\/wp\/v2\/users\/2"}],"replies":[{"embeddable":true,"href":"https:\/\/lampyrisevents.com\/pl\/wp-json\/wp\/v2\/comments?post=5954"}],"version-history":[{"count":1,"href":"https:\/\/lampyrisevents.com\/pl\/wp-json\/wp\/v2\/pages\/5954\/revisions"}],"predecessor-version":[{"id":5955,"href":"https:\/\/lampyrisevents.com\/pl\/wp-json\/wp\/v2\/pages\/5954\/revisions\/5955"}],"wp:attachment":[{"href":"https:\/\/lampyrisevents.com\/pl\/wp-json\/wp\/v2\/media?parent=5954"}],"curies":[{"name":"wp","href":"https:\/\/api.w.org\/{rel}","templated":true}]}}