{"id":6013,"date":"2024-05-30T17:10:43","date_gmt":"2024-05-30T15:10:43","guid":{"rendered":"https:\/\/lampyrisevents.com\/czesto-zadawane-pytania\/"},"modified":"2024-07-15T13:30:52","modified_gmt":"2024-07-15T11:30:52","slug":"czesto-zadawane-pytania","status":"publish","type":"page","link":"https:\/\/lampyrisevents.com\/pl\/czesto-zadawane-pytania\/","title":{"rendered":"Cz\u0119sto zadawane pytania"},"content":{"rendered":"\t\t<div data-elementor-type=\"wp-page\" data-elementor-id=\"6013\" class=\"elementor elementor-6013 elementor-168\" data-elementor-post-type=\"page\">\n\t\t\t\t<div class=\"elementor-element elementor-element-b019f8f e-flex e-con-boxed e-con e-parent\" data-id=\"b019f8f\" data-element_type=\"container\" data-e-type=\"container\">\n\t\t\t\t\t<div class=\"e-con-inner\">\n\t\t\t\t<div class=\"elementor-element elementor-element-beb91f5 elementor-widget elementor-widget-heading\" data-id=\"beb91f5\" data-element_type=\"widget\" data-e-type=\"widget\" data-widget_type=\"heading.default\">\n\t\t\t\t<div class=\"elementor-widget-container\">\n\t\t\t\t\t<h1 class=\"elementor-heading-title elementor-size-default\">FAQ<\/h1>\t\t\t\t<\/div>\n\t\t\t\t<\/div>\n\t\t\t\t<div class=\"elementor-element elementor-element-34f2807 elementor-widget elementor-widget-heading\" data-id=\"34f2807\" data-element_type=\"widget\" data-e-type=\"widget\" data-widget_type=\"heading.default\">\n\t\t\t\t<div class=\"elementor-widget-container\">\n\t\t\t\t\t<h2 class=\"elementor-heading-title elementor-size-default\">Cz\u0119sto zadawane pytania<\/h2>\t\t\t\t<\/div>\n\t\t\t\t<\/div>\n\t\t\t\t<div class=\"elementor-element elementor-element-8a957a2 elementor-widget elementor-widget-tp-accordion\" data-id=\"8a957a2\" data-element_type=\"widget\" data-e-type=\"widget\" data-widget_type=\"tp-accordion.default\">\n\t\t\t\t<div class=\"elementor-widget-container\">\n\t\t\t\t\t\r\n\t\t<div class=\"theplus-accordion-wrapper elementor-accordion   \" id=\"accordion69d4129f9951c\" data-accordion-id=\"accordion69d4129f9951c\" data-connection=\"\" data-accordion-type=\"accordion\" data-heightlight-text    role=\"tablist\" > \r\n\t\t\r\n\t\t\t\t\t\t<div class=\"theplus-accordion-item\"  role=\"tab\">\r\n\t\t\t\t\t<div id=\"elementor-tab-title-1451\" class=\"elementor-tab-title plus-accordion-header active-default text-left \" data-tab=\"1\" aria-controls=\"elementor-tab-content-1451\"\t\t\t\t\t>\r\n\t\t\t\t\t\t\t\t\t\t\t<span class=\"elementor-accordion-icon elementor-accordion-icon-left\" aria-hidden=\"true\"><i class=\"elementor-accordion-icon-closed fa fa-plus\"><\/i><i class=\"elementor-accordion-icon-opened fa fa-minus\"><\/i><\/span>\r\n\t\t\t\t\t\t<span style=\"width:100%\">Czym jest Lampyris<\/span>\t\t\t\t\t\t\t\t\t\t\t<\/div>\r\n\r\n\t\t\t\t\t\t\t\t\t\t\t<div \r\n\t\t\t\t\t\tid=\"elementor-tab-content-1451\" class=\"elementor-tab-content elementor-clearfix plus-accordion-content active-default \" data-tab=\"1\" role=\"tabpanel\" aria-labelledby=\"elementor-tab-title-1451\"\t\t\t\t\t\t> \r\n\t\t\t\t\t\t\t\t\t\t<div class=\"plus-content-editor\" ><p>Firma organizuj\u0105ca wydarzenia rozrywkowe i edukacyjne od 2011 roku<\/p>\n<\/div>\t\t\t\t\t\r\n\t\t\t\t\t\t<\/div> \r\n\t\t\t\t\t\t\t\t\t\t\r\n\t\t\t\t<\/div> \r\n\t\t\t\t\t\t\t\t<div class=\"theplus-accordion-item\"  role=\"tab\">\r\n\t\t\t\t\t<div id=\"elementor-tab-title-1452\" class=\"elementor-tab-title plus-accordion-header no text-left \" data-tab=\"2\" aria-controls=\"elementor-tab-content-1452\"\t\t\t\t\t>\r\n\t\t\t\t\t\t\t\t\t\t\t<span class=\"elementor-accordion-icon elementor-accordion-icon-left\" aria-hidden=\"true\"><i class=\"elementor-accordion-icon-closed fa fa-plus\"><\/i><i class=\"elementor-accordion-icon-opened fa fa-minus\"><\/i><\/span>\r\n\t\t\t\t\t\t<span style=\"width:100%\">Nie otrzyma\u0142em lub zgubi\u0142em bilety<\/span>\t\t\t\t\t\t\t\t\t\t\t<\/div>\r\n\r\n\t\t\t\t\t\t\t\t\t\t\t<div \r\n\t\t\t\t\t\tid=\"elementor-tab-content-1452\" class=\"elementor-tab-content elementor-clearfix plus-accordion-content no \" data-tab=\"2\" role=\"tabpanel\" aria-labelledby=\"elementor-tab-title-1452\"\t\t\t\t\t\t> \r\n\t\t\t\t\t\t\t\t\t\t<div class=\"plus-content-editor\" ><p>Bilety s\u0105 wysy\u0142ane automatycznie i powinny pojawi\u0107 si\u0119 w skrzynce odbiorczej w ci\u0105gu kilku minut od pomy\u015blnego dokonania p\u0142atno\u015bci. Je\u015bli ich nie otrzymasz, sprawd\u017a najpierw folder spamu.<\/p>\n<p>Podczas dokonywania zakupu m\u00f3g\u0142 zosta\u0107 b\u0142\u0119dnie wpisany adres e-mail.<\/p>\n<p>W przypadku p\u0142atno\u015bci zwyk\u0142ym przelewem bankowym otrzymanie p\u0142atno\u015bci i wys\u0142anie biletu mo\u017ce potrwa\u0107 kilka dni.<\/p>\n<p>Je\u015bli masz dost\u0119p do swojego konta bankowego, skorzystaj z naszej strony odzyskiwania \u015brodk\u00f3w.<\/p>\n<p>Mo\u017cna r\u00f3wnie\u017c skontaktowa\u0107 si\u0119 z organizatorem wydarzenia lub wys\u0142a\u0107 do nas wiadomo\u015b\u0107 e-mail na adres support@lampyrisevents.com, za\u0142\u0105czaj\u0105c dane dotycz\u0105ce p\u0142atno\u015bci.<\/p>\n<\/div>\t\t\t\t\t\r\n\t\t\t\t\t\t<\/div> \r\n\t\t\t\t\t\t\t\t\t\t\r\n\t\t\t\t<\/div> \r\n\t\t\t\t\t\t\t\t<div class=\"theplus-accordion-item\"  role=\"tab\">\r\n\t\t\t\t\t<div id=\"elementor-tab-title-1453\" class=\"elementor-tab-title plus-accordion-header no text-left \" data-tab=\"3\" aria-controls=\"elementor-tab-content-1453\"\t\t\t\t\t>\r\n\t\t\t\t\t\t\t\t\t\t\t<span class=\"elementor-accordion-icon elementor-accordion-icon-left\" aria-hidden=\"true\"><i class=\"elementor-accordion-icon-closed fa fa-plus\"><\/i><i class=\"elementor-accordion-icon-opened fa fa-minus\"><\/i><\/span>\r\n\t\t\t\t\t\t<span style=\"width:100%\">P\u0142atno\u015b\u0107 kart\u0105 kredytow\u0105 nie powiod\u0142a si\u0119<\/span>\t\t\t\t\t\t\t\t\t\t\t<\/div>\r\n\r\n\t\t\t\t\t\t\t\t\t\t\t<div \r\n\t\t\t\t\t\tid=\"elementor-tab-content-1453\" class=\"elementor-tab-content elementor-clearfix plus-accordion-content no \" data-tab=\"3\" role=\"tabpanel\" aria-labelledby=\"elementor-tab-title-1453\"\t\t\t\t\t\t> \r\n\t\t\t\t\t\t\t\t\t\t<div class=\"plus-content-editor\" ><p>Dlaczego p\u0142atno\u015bci zawodz\u0105<\/p>\n<p>Nieudane p\u0142atno\u015bci zazwyczaj maj\u0105 miejsce, gdy informacje o karcie kredytowej zostan\u0105 wprowadzone nieprawid\u0142owo lub karta zostanie odrzucona. Odrzucenie mo\u017ce nast\u0105pi\u0107 z r\u00f3\u017cnych powod\u00f3w, innych ni\u017c niewystarczaj\u0105ce \u015brodki.<\/p>\n<p>Rozwi\u0105zywanie problem\u00f3w:<\/p>\n<p>&#8211; Upewnij si\u0119, \u017ce numer karty, data wa\u017cno\u015bci i kod CVC zosta\u0142y wprowadzone poprawnie.<br \/>&#8211; Upewnij si\u0119, \u017ce Twoja karta jest nadal wa\u017cna i posiada wystarczaj\u0105ce \u015brodki.<\/p>\n<p>Nasze p\u0142atno\u015bci kart\u0105 kredytow\u0105 wykorzystuj\u0105 metod\u0119 3D Secure, co oznacza, \u017ce bank poprosi o dodatkowe has\u0142o lub kod po wprowadzeniu danych karty. Zobacz nast\u0119pn\u0105 sekcj\u0119 dotycz\u0105c\u0105 3D Secure.<\/p>\n<p>3D Secure<\/p>\n<p>3D Secure jest dostarczany przez bank, a nie Lampyris. Jest to dodatkowa warstwa zabezpiecze\u0144 dla transakcji online, powszechnie znana jako &#8222;Verified by Visa&#8221; lub &#8222;Mastercard SecureCode&#8221;.<\/p>\n<p>Po wprowadzeniu danych karty p\u0142atniczej na stronie Lampyris, bank za\u0142aduje kolejny ekran, zwykle w formie wyskakuj\u0105cego okienka. Wprowad\u017a wymagane informacje i kliknij &#8222;Prze\u015blij&#8221;, aby uwierzytelni\u0107 p\u0142atno\u015b\u0107. Nale\u017cy pami\u0119ta\u0107, \u017ce has\u0142o nie zawsze jest wymagane, a implementacje 3D Secure w bankach mog\u0105 si\u0119 r\u00f3\u017cni\u0107.<\/p>\n<p>Rozwi\u0105zywanie problem\u00f3w:<\/p>\n<p>&#8211; Je\u015bli nie znasz has\u0142a lub nie skonfigurowa\u0142e\u015b zabezpieczenia 3D Secure, post\u0119puj zgodnie z instrukcjami wy\u015bwietlanymi w wyskakuj\u0105cym okienku. Je\u015bli nie widzisz instrukcji lub masz pytania, skontaktuj si\u0119 z bankiem w celu uzyskania pomocy.<br \/>&#8211; Konieczne mo\u017ce by\u0107 skontaktowanie si\u0119 z bankiem, je\u015bli konieczna b\u0119dzie zmiana sposobu weryfikacji to\u017csamo\u015bci, np. zmiana has\u0142a na kod wysy\u0142any SMS-em.<br \/>&#8211; Je\u015bli krok lub wyskakuj\u0105ce okienko 3D Secure nie pojawi\u0142o si\u0119, ustaw przegl\u0105dark\u0119 lub blokad\u0119 wyskakuj\u0105cych okienek tak, aby zezwala\u0142y na wyskakuj\u0105ce okienka.<br \/>&#8211; Je\u015bli korzystasz z Internet Explorer 10, spr\u00f3buj u\u017cy\u0107 nowszej przegl\u0105darki internetowej.<\/p>\n<p>Op\u0142aty za nieudane p\u0142atno\u015bci<\/p>\n<p>W niekt\u00f3rych przypadkach karta u\u017cytkownika mo\u017ce zosta\u0107 obci\u0105\u017cona, a nast\u0119pnie natychmiast zwr\u00f3cona, je\u015bli transakcja zostanie zablokowana. B\u0119dzie to widoczne jako dwie pozycje na wyci\u0105gu z karty kredytowej &#8211; obci\u0105\u017cenie, a nast\u0119pnie uznanie.<\/p>\n<\/div>\t\t\t\t\t\r\n\t\t\t\t\t\t<\/div> \r\n\t\t\t\t\t\t\t\t\t\t\r\n\t\t\t\t<\/div> \r\n\t\t\t\t\t\t\t\t<div class=\"theplus-accordion-item\"  role=\"tab\">\r\n\t\t\t\t\t<div id=\"elementor-tab-title-1454\" class=\"elementor-tab-title plus-accordion-header no text-left \" data-tab=\"4\" aria-controls=\"elementor-tab-content-1454\"\t\t\t\t\t>\r\n\t\t\t\t\t\t\t\t\t\t\t<span class=\"elementor-accordion-icon elementor-accordion-icon-left\" aria-hidden=\"true\"><i class=\"elementor-accordion-icon-closed fa fa-plus\"><\/i><i class=\"elementor-accordion-icon-opened fa fa-minus\"><\/i><\/span>\r\n\t\t\t\t\t\t<span style=\"width:100%\">Mam pytanie dotycz\u0105ce p\u0142atno\u015bci<\/span>\t\t\t\t\t\t\t\t\t\t\t<\/div>\r\n\r\n\t\t\t\t\t\t\t\t\t\t\t<div \r\n\t\t\t\t\t\tid=\"elementor-tab-content-1454\" class=\"elementor-tab-content elementor-clearfix plus-accordion-content no \" data-tab=\"4\" role=\"tabpanel\" aria-labelledby=\"elementor-tab-title-1454\"\t\t\t\t\t\t> \r\n\t\t\t\t\t\t\t\t\t\t<div class=\"plus-content-editor\" ><p>Wy\u015blij nam wiadomo\u015b\u0107 e-mail na adres support@lampyris.com<\/p>\n<\/div>\t\t\t\t\t\r\n\t\t\t\t\t\t<\/div> \r\n\t\t\t\t\t\t\t\t\t\t\r\n\t\t\t\t<\/div> \r\n\t\t\t\t\t\t\t\t<div class=\"theplus-accordion-item\"  role=\"tab\">\r\n\t\t\t\t\t<div id=\"elementor-tab-title-1455\" class=\"elementor-tab-title plus-accordion-header no text-left \" data-tab=\"5\" aria-controls=\"elementor-tab-content-1455\"\t\t\t\t\t>\r\n\t\t\t\t\t\t\t\t\t\t\t<span class=\"elementor-accordion-icon elementor-accordion-icon-left\" aria-hidden=\"true\"><i class=\"elementor-accordion-icon-closed fa fa-plus\"><\/i><i class=\"elementor-accordion-icon-opened fa fa-minus\"><\/i><\/span>\r\n\t\t\t\t\t\t<span style=\"width:100%\">Czy przys\u0142uguje mi zwrot pieni\u0119dzy, je\u015bli nie uczestniczy\u0142em w wydarzeniu?<\/span>\t\t\t\t\t\t\t\t\t\t\t<\/div>\r\n\r\n\t\t\t\t\t\t\t\t\t\t\t<div \r\n\t\t\t\t\t\tid=\"elementor-tab-content-1455\" class=\"elementor-tab-content elementor-clearfix plus-accordion-content no \" data-tab=\"5\" role=\"tabpanel\" aria-labelledby=\"elementor-tab-title-1455\"\t\t\t\t\t\t> \r\n\t\t\t\t\t\t\t\t\t\t<div class=\"plus-content-editor\" ><p>Je\u015bli wydarzenie nie zosta\u0142o prze\u0142o\u017cone i odby\u0142o si\u0119 zgodnie z planem, prawo wi\u0119kszo\u015bci kraj\u00f3w nie wymaga od organizatora wydarzenia zwrotu pieni\u0119dzy za bilety.<\/p>\n<p>Jednak niekt\u00f3rzy organizatorzy mog\u0105 mie\u0107 elastyczn\u0105 polityk\u0119 lub by\u0107 sk\u0142onni do robienia wyj\u0105tk\u00f3w. Prosimy o bezpo\u015bredni kontakt z organizatorem wydarzenia. Ich dane kontaktowe mo\u017cna znale\u017a\u0107 w stopce strony sprzeda\u017cy bilet\u00f3w.<\/p>\n<\/div>\t\t\t\t\t\r\n\t\t\t\t\t\t<\/div> \r\n\t\t\t\t\t\t\t\t\t\t\r\n\t\t\t\t<\/div> \r\n\t\t\t\t\r\n\t\t<\/div>  \r\n\t\t\t\t\t\t<\/div>\n\t\t\t\t<\/div>\n\t\t\t\t\t<\/div>\n\t\t\t\t<\/div>\n\t\t\t\t<\/div>\n\t\t","protected":false},"excerpt":{"rendered":"<p>FAQ Cz\u0119sto zadawane pytania Czym jest Lampyris Firma organizuj\u0105ca wydarzenia rozrywkowe i edukacyjne od 2011 roku Nie otrzyma\u0142em lub zgubi\u0142em bilety Bilety s\u0105 wysy\u0142ane automatycznie i powinny pojawi\u0107 si\u0119 w skrzynce odbiorczej w ci\u0105gu kilku minut od pomy\u015blnego dokonania p\u0142atno\u015bci. Je\u015bli ich nie otrzymasz, sprawd\u017a najpierw folder spamu. Podczas dokonywania zakupu m\u00f3g\u0142 zosta\u0107 b\u0142\u0119dnie wpisany [&hellip;]<\/p>\n","protected":false},"author":2,"featured_media":0,"parent":0,"menu_order":0,"comment_status":"closed","ping_status":"closed","template":"","meta":{"_acf_changed":false,"footnotes":""},"class_list":["post-6013","page","type-page","status-publish","hentry"],"acf":[],"yoast_head":"<!-- This site is optimized with the Yoast SEO plugin v27.2 - https:\/\/yoast.com\/product\/yoast-seo-wordpress\/ -->\n<title>Cz\u0119sto zadawane pytania - Lampyris-Events<\/title>\n<meta name=\"robots\" content=\"noindex, follow, max-snippet:-1, max-image-preview:large, max-video-preview:-1\" \/>\n<meta property=\"og:locale\" content=\"pl_PL\" \/>\n<meta property=\"og:type\" content=\"article\" \/>\n<meta property=\"og:title\" content=\"Cz\u0119sto zadawane pytania - Lampyris-Events\" \/>\n<meta property=\"og:description\" content=\"FAQ Cz\u0119sto zadawane pytania Czym jest Lampyris Firma organizuj\u0105ca wydarzenia rozrywkowe i edukacyjne od 2011 roku Nie otrzyma\u0142em lub zgubi\u0142em bilety Bilety s\u0105 wysy\u0142ane automatycznie i powinny pojawi\u0107 si\u0119 w skrzynce odbiorczej w ci\u0105gu kilku minut od pomy\u015blnego dokonania p\u0142atno\u015bci. Je\u015bli ich nie otrzymasz, sprawd\u017a najpierw folder spamu. Podczas dokonywania zakupu m\u00f3g\u0142 zosta\u0107 b\u0142\u0119dnie wpisany [&hellip;]\" \/>\n<meta property=\"og:url\" content=\"https:\/\/lampyrisevents.com\/pl\/czesto-zadawane-pytania\/\" \/>\n<meta property=\"og:site_name\" content=\"Lampyris-Events\" \/>\n<meta property=\"article:modified_time\" content=\"2024-07-15T11:30:52+00:00\" \/>\n<meta name=\"twitter:card\" content=\"summary_large_image\" \/>\n<meta name=\"twitter:label1\" content=\"Szacowany czas czytania\" \/>\n\t<meta name=\"twitter:data1\" content=\"3 minuty\" \/>\n<script type=\"application\/ld+json\" class=\"yoast-schema-graph\">{\"@context\":\"https:\/\/schema.org\",\"@graph\":[{\"@type\":\"WebPage\",\"@id\":\"https:\/\/lampyrisevents.com\/pl\/czesto-zadawane-pytania\/\",\"url\":\"https:\/\/lampyrisevents.com\/pl\/czesto-zadawane-pytania\/\",\"name\":\"Cz\u0119sto zadawane pytania - Lampyris-Events\",\"isPartOf\":{\"@id\":\"https:\/\/lampyrisevents.com\/pl\/#website\"},\"datePublished\":\"2024-05-30T15:10:43+00:00\",\"dateModified\":\"2024-07-15T11:30:52+00:00\",\"breadcrumb\":{\"@id\":\"https:\/\/lampyrisevents.com\/pl\/czesto-zadawane-pytania\/#breadcrumb\"},\"inLanguage\":\"pl-PL\",\"potentialAction\":[{\"@type\":\"ReadAction\",\"target\":[\"https:\/\/lampyrisevents.com\/pl\/czesto-zadawane-pytania\/\"]}]},{\"@type\":\"BreadcrumbList\",\"@id\":\"https:\/\/lampyrisevents.com\/pl\/czesto-zadawane-pytania\/#breadcrumb\",\"itemListElement\":[{\"@type\":\"ListItem\",\"position\":1,\"name\":\"Home\",\"item\":\"https:\/\/lampyrisevents.com\/pl\/\"},{\"@type\":\"ListItem\",\"position\":2,\"name\":\"Cz\u0119sto zadawane pytania\"}]},{\"@type\":\"WebSite\",\"@id\":\"https:\/\/lampyrisevents.com\/pl\/#website\",\"url\":\"https:\/\/lampyrisevents.com\/pl\/\",\"name\":\"Lampyris-Events\",\"description\":\"Slogan Lampyris-Events\",\"publisher\":{\"@id\":\"https:\/\/lampyrisevents.com\/pl\/#organization\"},\"potentialAction\":[{\"@type\":\"SearchAction\",\"target\":{\"@type\":\"EntryPoint\",\"urlTemplate\":\"https:\/\/lampyrisevents.com\/pl\/?s={search_term_string}\"},\"query-input\":{\"@type\":\"PropertyValueSpecification\",\"valueRequired\":true,\"valueName\":\"search_term_string\"}}],\"inLanguage\":\"pl-PL\"},{\"@type\":\"Organization\",\"@id\":\"https:\/\/lampyrisevents.com\/pl\/#organization\",\"name\":\"Lampyris-Events\",\"url\":\"https:\/\/lampyrisevents.com\/pl\/\",\"logo\":{\"@type\":\"ImageObject\",\"inLanguage\":\"pl-PL\",\"@id\":\"https:\/\/lampyrisevents.com\/pl\/#\/schema\/logo\/image\/\",\"url\":\"https:\/\/lampyrisevents.com\/wp-content\/uploads\/2024\/06\/logo215.png\",\"contentUrl\":\"https:\/\/lampyrisevents.com\/wp-content\/uploads\/2024\/06\/logo215.png\",\"width\":256,\"height\":80,\"caption\":\"Lampyris-Events\"},\"image\":{\"@id\":\"https:\/\/lampyrisevents.com\/pl\/#\/schema\/logo\/image\/\"}}]}<\/script>\n<!-- \/ Yoast SEO plugin. -->","yoast_head_json":{"title":"Cz\u0119sto zadawane pytania - Lampyris-Events","robots":{"index":"noindex","follow":"follow","max-snippet":"max-snippet:-1","max-image-preview":"max-image-preview:large","max-video-preview":"max-video-preview:-1"},"og_locale":"pl_PL","og_type":"article","og_title":"Cz\u0119sto zadawane pytania - Lampyris-Events","og_description":"FAQ Cz\u0119sto zadawane pytania Czym jest Lampyris Firma organizuj\u0105ca wydarzenia rozrywkowe i edukacyjne od 2011 roku Nie otrzyma\u0142em lub zgubi\u0142em bilety Bilety s\u0105 wysy\u0142ane automatycznie i powinny pojawi\u0107 si\u0119 w skrzynce odbiorczej w ci\u0105gu kilku minut od pomy\u015blnego dokonania p\u0142atno\u015bci. Je\u015bli ich nie otrzymasz, sprawd\u017a najpierw folder spamu. Podczas dokonywania zakupu m\u00f3g\u0142 zosta\u0107 b\u0142\u0119dnie wpisany [&hellip;]","og_url":"https:\/\/lampyrisevents.com\/pl\/czesto-zadawane-pytania\/","og_site_name":"Lampyris-Events","article_modified_time":"2024-07-15T11:30:52+00:00","twitter_card":"summary_large_image","twitter_misc":{"Szacowany czas czytania":"3 minuty"},"schema":{"@context":"https:\/\/schema.org","@graph":[{"@type":"WebPage","@id":"https:\/\/lampyrisevents.com\/pl\/czesto-zadawane-pytania\/","url":"https:\/\/lampyrisevents.com\/pl\/czesto-zadawane-pytania\/","name":"Cz\u0119sto zadawane pytania - Lampyris-Events","isPartOf":{"@id":"https:\/\/lampyrisevents.com\/pl\/#website"},"datePublished":"2024-05-30T15:10:43+00:00","dateModified":"2024-07-15T11:30:52+00:00","breadcrumb":{"@id":"https:\/\/lampyrisevents.com\/pl\/czesto-zadawane-pytania\/#breadcrumb"},"inLanguage":"pl-PL","potentialAction":[{"@type":"ReadAction","target":["https:\/\/lampyrisevents.com\/pl\/czesto-zadawane-pytania\/"]}]},{"@type":"BreadcrumbList","@id":"https:\/\/lampyrisevents.com\/pl\/czesto-zadawane-pytania\/#breadcrumb","itemListElement":[{"@type":"ListItem","position":1,"name":"Home","item":"https:\/\/lampyrisevents.com\/pl\/"},{"@type":"ListItem","position":2,"name":"Cz\u0119sto zadawane pytania"}]},{"@type":"WebSite","@id":"https:\/\/lampyrisevents.com\/pl\/#website","url":"https:\/\/lampyrisevents.com\/pl\/","name":"Lampyris-Events","description":"Slogan Lampyris-Events","publisher":{"@id":"https:\/\/lampyrisevents.com\/pl\/#organization"},"potentialAction":[{"@type":"SearchAction","target":{"@type":"EntryPoint","urlTemplate":"https:\/\/lampyrisevents.com\/pl\/?s={search_term_string}"},"query-input":{"@type":"PropertyValueSpecification","valueRequired":true,"valueName":"search_term_string"}}],"inLanguage":"pl-PL"},{"@type":"Organization","@id":"https:\/\/lampyrisevents.com\/pl\/#organization","name":"Lampyris-Events","url":"https:\/\/lampyrisevents.com\/pl\/","logo":{"@type":"ImageObject","inLanguage":"pl-PL","@id":"https:\/\/lampyrisevents.com\/pl\/#\/schema\/logo\/image\/","url":"https:\/\/lampyrisevents.com\/wp-content\/uploads\/2024\/06\/logo215.png","contentUrl":"https:\/\/lampyrisevents.com\/wp-content\/uploads\/2024\/06\/logo215.png","width":256,"height":80,"caption":"Lampyris-Events"},"image":{"@id":"https:\/\/lampyrisevents.com\/pl\/#\/schema\/logo\/image\/"}}]}},"_links":{"self":[{"href":"https:\/\/lampyrisevents.com\/pl\/wp-json\/wp\/v2\/pages\/6013","targetHints":{"allow":["GET"]}}],"collection":[{"href":"https:\/\/lampyrisevents.com\/pl\/wp-json\/wp\/v2\/pages"}],"about":[{"href":"https:\/\/lampyrisevents.com\/pl\/wp-json\/wp\/v2\/types\/page"}],"author":[{"embeddable":true,"href":"https:\/\/lampyrisevents.com\/pl\/wp-json\/wp\/v2\/users\/2"}],"replies":[{"embeddable":true,"href":"https:\/\/lampyrisevents.com\/pl\/wp-json\/wp\/v2\/comments?post=6013"}],"version-history":[{"count":1,"href":"https:\/\/lampyrisevents.com\/pl\/wp-json\/wp\/v2\/pages\/6013\/revisions"}],"predecessor-version":[{"id":6014,"href":"https:\/\/lampyrisevents.com\/pl\/wp-json\/wp\/v2\/pages\/6013\/revisions\/6014"}],"wp:attachment":[{"href":"https:\/\/lampyrisevents.com\/pl\/wp-json\/wp\/v2\/media?parent=6013"}],"curies":[{"name":"wp","href":"https:\/\/api.w.org\/{rel}","templated":true}]}}